{"id":98528,"date":"2022-01-07T11:14:10","date_gmt":"2022-01-07T11:14:10","guid":{"rendered":"https:\/\/xometry.eu\/electronics-industry\/"},"modified":"2024-09-13T16:32:22","modified_gmt":"2024-09-13T14:32:22","slug":"elektronikindustri","status":"publish","type":"page","link":"https:\/\/xometry.eu\/sv\/elektronikindustri\/","title":{"rendered":"Electronics Industry"},"content":{"rendered":"","protected":false},"excerpt":{"rendered":"","protected":false},"author":10,"featured_media":0,"parent":0,"menu_order":0,"comment_status":"closed","ping_status":"closed","template":"","meta":{"_acf_changed":false,"inline_featured_image":false,"footnotes":""},"class_list":["post-98528","page","type-page","status-publish","hentry"],"acf":[],"yoast_head":"<!-- This site is optimized with the Yoast SEO Premium plugin v20.5 (Yoast SEO v27.1.1) - https:\/\/yoast.com\/product\/yoast-seo-premium-wordpress\/ -->\n<title>Producera mekaniska delar f\u00f6r elektronikindustrin | Xometry Europe<\/title>\n<meta name=\"description\" content=\"Xometry erbjuder 4 tillverkningsprocesser och \u00f6ver 70 material f\u00f6r att producera mekaniska delar on-demand f\u00f6r elektronikindustrin.\" \/>\n<meta name=\"robots\" content=\"index, follow, max-snippet:-1, max-image-preview:large, max-video-preview:-1\" \/>\n<link rel=\"canonical\" href=\"https:\/\/xometry.eu\/sv\/elektronikindustri\/\" \/>\n<meta property=\"og:locale\" content=\"sv_SE\" \/>\n<meta property=\"og:type\" content=\"article\" \/>\n<meta property=\"og:title\" content=\"Electronics Industry\" \/>\n<meta property=\"og:description\" content=\"Xometry erbjuder 4 tillverkningsprocesser och \u00f6ver 70 material f\u00f6r att producera mekaniska delar on-demand f\u00f6r elektronikindustrin.\" \/>\n<meta property=\"og:url\" content=\"https:\/\/xometry.eu\/sv\/elektronikindustri\/\" \/>\n<meta property=\"og:site_name\" content=\"Xometry Europe\" \/>\n<meta property=\"article:modified_time\" content=\"2024-09-13T14:32:22+00:00\" \/>\n<meta name=\"twitter:card\" content=\"summary_large_image\" \/>\n<script type=\"application\/ld+json\" class=\"yoast-schema-graph\">{\"@context\":\"https:\/\/schema.org\",\"@graph\":[{\"@type\":\"WebPage\",\"@id\":\"https:\/\/xometry.eu\/sv\/elektronikindustri\/\",\"url\":\"https:\/\/xometry.eu\/sv\/elektronikindustri\/\",\"name\":\"Producera mekaniska delar f\u00f6r elektronikindustrin | Xometry Europe\",\"isPartOf\":{\"@id\":\"https:\/\/xometry.eu\/sv\/#website\"},\"datePublished\":\"2022-01-07T11:14:10+00:00\",\"dateModified\":\"2024-09-13T14:32:22+00:00\",\"description\":\"Xometry erbjuder 4 tillverkningsprocesser och \u00f6ver 70 material f\u00f6r att producera mekaniska delar on-demand f\u00f6r elektronikindustrin.\",\"breadcrumb\":{\"@id\":\"https:\/\/xometry.eu\/sv\/elektronikindustri\/#breadcrumb\"},\"inLanguage\":\"sv-SE\",\"potentialAction\":[{\"@type\":\"ReadAction\",\"target\":[\"https:\/\/xometry.eu\/sv\/elektronikindustri\/\"]}]},{\"@type\":\"BreadcrumbList\",\"@id\":\"https:\/\/xometry.eu\/sv\/elektronikindustri\/#breadcrumb\",\"itemListElement\":[{\"@type\":\"ListItem\",\"position\":1,\"name\":\"Home\",\"item\":\"https:\/\/xometry.eu\/sv\/\"},{\"@type\":\"ListItem\",\"position\":2,\"name\":\"Electronics Industry\"}]},{\"@type\":\"WebSite\",\"@id\":\"https:\/\/xometry.eu\/sv\/#website\",\"url\":\"https:\/\/xometry.eu\/sv\/\",\"name\":\"Xometry Europe\",\"description\":\"\",\"publisher\":{\"@id\":\"https:\/\/xometry.eu\/sv\/#organization\"},\"potentialAction\":[{\"@type\":\"SearchAction\",\"target\":{\"@type\":\"EntryPoint\",\"urlTemplate\":\"https:\/\/xometry.eu\/sv\/?s={search_term_string}\"},\"query-input\":{\"@type\":\"PropertyValueSpecification\",\"valueRequired\":true,\"valueName\":\"search_term_string\"}}],\"inLanguage\":\"sv-SE\"}]}<\/script>\n<!-- \/ Yoast SEO Premium plugin. -->","yoast_head_json":{"title":"Producera mekaniska delar f\u00f6r elektronikindustrin | Xometry Europe","description":"Xometry erbjuder 4 tillverkningsprocesser och \u00f6ver 70 material f\u00f6r att producera mekaniska delar on-demand f\u00f6r elektronikindustrin.","robots":{"index":"index","follow":"follow","max-snippet":"max-snippet:-1","max-image-preview":"max-image-preview:large","max-video-preview":"max-video-preview:-1"},"canonical":"https:\/\/xometry.eu\/sv\/elektronikindustri\/","og_locale":"sv_SE","og_type":"article","og_title":"Electronics Industry","og_description":"Xometry erbjuder 4 tillverkningsprocesser och \u00f6ver 70 material f\u00f6r att producera mekaniska delar on-demand f\u00f6r elektronikindustrin.","og_url":"https:\/\/xometry.eu\/sv\/elektronikindustri\/","og_site_name":"Xometry Europe","article_modified_time":"2024-09-13T14:32:22+00:00","twitter_card":"summary_large_image","schema":{"@context":"https:\/\/schema.org","@graph":[{"@type":"WebPage","@id":"https:\/\/xometry.eu\/sv\/elektronikindustri\/","url":"https:\/\/xometry.eu\/sv\/elektronikindustri\/","name":"Producera mekaniska delar f\u00f6r elektronikindustrin | Xometry Europe","isPartOf":{"@id":"https:\/\/xometry.eu\/sv\/#website"},"datePublished":"2022-01-07T11:14:10+00:00","dateModified":"2024-09-13T14:32:22+00:00","description":"Xometry erbjuder 4 tillverkningsprocesser och \u00f6ver 70 material f\u00f6r att producera mekaniska delar on-demand f\u00f6r elektronikindustrin.","breadcrumb":{"@id":"https:\/\/xometry.eu\/sv\/elektronikindustri\/#breadcrumb"},"inLanguage":"sv-SE","potentialAction":[{"@type":"ReadAction","target":["https:\/\/xometry.eu\/sv\/elektronikindustri\/"]}]},{"@type":"BreadcrumbList","@id":"https:\/\/xometry.eu\/sv\/elektronikindustri\/#breadcrumb","itemListElement":[{"@type":"ListItem","position":1,"name":"Home","item":"https:\/\/xometry.eu\/sv\/"},{"@type":"ListItem","position":2,"name":"Electronics Industry"}]},{"@type":"WebSite","@id":"https:\/\/xometry.eu\/sv\/#website","url":"https:\/\/xometry.eu\/sv\/","name":"Xometry Europe","description":"","publisher":{"@id":"https:\/\/xometry.eu\/sv\/#organization"},"potentialAction":[{"@type":"SearchAction","target":{"@type":"EntryPoint","urlTemplate":"https:\/\/xometry.eu\/sv\/?s={search_term_string}"},"query-input":{"@type":"PropertyValueSpecification","valueRequired":true,"valueName":"search_term_string"}}],"inLanguage":"sv-SE"}]}},"_links":{"self":[{"href":"https:\/\/xometry.eu\/sv\/wp-json\/wp\/v2\/pages\/98528","targetHints":{"allow":["GET"]}}],"collection":[{"href":"https:\/\/xometry.eu\/sv\/wp-json\/wp\/v2\/pages"}],"about":[{"href":"https:\/\/xometry.eu\/sv\/wp-json\/wp\/v2\/types\/page"}],"author":[{"embeddable":true,"href":"https:\/\/xometry.eu\/sv\/wp-json\/wp\/v2\/users\/10"}],"replies":[{"embeddable":true,"href":"https:\/\/xometry.eu\/sv\/wp-json\/wp\/v2\/comments?post=98528"}],"version-history":[{"count":1,"href":"https:\/\/xometry.eu\/sv\/wp-json\/wp\/v2\/pages\/98528\/revisions"}],"predecessor-version":[{"id":144073,"href":"https:\/\/xometry.eu\/sv\/wp-json\/wp\/v2\/pages\/98528\/revisions\/144073"}],"wp:attachment":[{"href":"https:\/\/xometry.eu\/sv\/wp-json\/wp\/v2\/media?parent=98528"}],"curies":[{"name":"wp","href":"https:\/\/api.w.org\/{rel}","templated":true}]}}