{"id":98524,"date":"2022-09-08T15:41:57","date_gmt":"2022-09-08T13:41:57","guid":{"rendered":"https:\/\/xometry.eu\/machine-building-industry\/"},"modified":"2024-09-13T16:38:21","modified_gmt":"2024-09-13T14:38:21","slug":"maskinindustri","status":"publish","type":"page","link":"https:\/\/xometry.eu\/sv\/maskinindustri\/","title":{"rendered":"Machine Building Industry"},"content":{"rendered":"","protected":false},"excerpt":{"rendered":"","protected":false},"author":10,"featured_media":0,"parent":0,"menu_order":0,"comment_status":"closed","ping_status":"closed","template":"","meta":{"_acf_changed":false,"inline_featured_image":false,"footnotes":""},"class_list":["post-98524","page","type-page","status-publish","hentry"],"acf":[],"yoast_head":"<!-- This site is optimized with the Yoast SEO Premium plugin v20.5 (Yoast SEO v27.1.1) - https:\/\/yoast.com\/product\/yoast-seo-premium-wordpress\/ -->\n<title>Prototyper och produktionsdelar f\u00f6r maskinindustrin | Xometry<\/title>\n<meta name=\"description\" content=\"Xometrys l\u00f6sningar hj\u00e4lper maskinindustrin att bygga en flexibel leveranskedja och dynamiskt skala tillverkningskapacitet.\" \/>\n<meta name=\"robots\" content=\"index, follow, max-snippet:-1, max-image-preview:large, max-video-preview:-1\" \/>\n<link rel=\"canonical\" href=\"https:\/\/xometry.eu\/sv\/maskinindustri\/\" \/>\n<meta property=\"og:locale\" content=\"sv_SE\" \/>\n<meta property=\"og:type\" content=\"article\" \/>\n<meta property=\"og:title\" content=\"Machine Building Industry\" \/>\n<meta property=\"og:description\" content=\"Xometrys l\u00f6sningar hj\u00e4lper maskinindustrin att bygga en flexibel leveranskedja och dynamiskt skala tillverkningskapacitet.\" \/>\n<meta property=\"og:url\" content=\"https:\/\/xometry.eu\/sv\/maskinindustri\/\" \/>\n<meta property=\"og:site_name\" content=\"Xometry Europe\" \/>\n<meta property=\"article:modified_time\" content=\"2024-09-13T14:38:21+00:00\" \/>\n<meta name=\"twitter:card\" content=\"summary_large_image\" \/>\n<script type=\"application\/ld+json\" class=\"yoast-schema-graph\">{\"@context\":\"https:\/\/schema.org\",\"@graph\":[{\"@type\":\"WebPage\",\"@id\":\"https:\/\/xometry.eu\/sv\/maskinindustri\/\",\"url\":\"https:\/\/xometry.eu\/sv\/maskinindustri\/\",\"name\":\"Prototyper och produktionsdelar f\u00f6r maskinindustrin | Xometry\",\"isPartOf\":{\"@id\":\"https:\/\/xometry.eu\/sv\/#website\"},\"datePublished\":\"2022-09-08T13:41:57+00:00\",\"dateModified\":\"2024-09-13T14:38:21+00:00\",\"description\":\"Xometrys l\u00f6sningar hj\u00e4lper maskinindustrin att bygga en flexibel leveranskedja och dynamiskt skala tillverkningskapacitet.\",\"breadcrumb\":{\"@id\":\"https:\/\/xometry.eu\/sv\/maskinindustri\/#breadcrumb\"},\"inLanguage\":\"sv-SE\",\"potentialAction\":[{\"@type\":\"ReadAction\",\"target\":[\"https:\/\/xometry.eu\/sv\/maskinindustri\/\"]}]},{\"@type\":\"BreadcrumbList\",\"@id\":\"https:\/\/xometry.eu\/sv\/maskinindustri\/#breadcrumb\",\"itemListElement\":[{\"@type\":\"ListItem\",\"position\":1,\"name\":\"Home\",\"item\":\"https:\/\/xometry.eu\/sv\/\"},{\"@type\":\"ListItem\",\"position\":2,\"name\":\"Machine Building Industry\"}]},{\"@type\":\"WebSite\",\"@id\":\"https:\/\/xometry.eu\/sv\/#website\",\"url\":\"https:\/\/xometry.eu\/sv\/\",\"name\":\"Xometry Europe\",\"description\":\"\",\"publisher\":{\"@id\":\"https:\/\/xometry.eu\/sv\/#organization\"},\"potentialAction\":[{\"@type\":\"SearchAction\",\"target\":{\"@type\":\"EntryPoint\",\"urlTemplate\":\"https:\/\/xometry.eu\/sv\/?s={search_term_string}\"},\"query-input\":{\"@type\":\"PropertyValueSpecification\",\"valueRequired\":true,\"valueName\":\"search_term_string\"}}],\"inLanguage\":\"sv-SE\"}]}<\/script>\n<!-- \/ Yoast SEO Premium plugin. -->","yoast_head_json":{"title":"Prototyper och produktionsdelar f\u00f6r maskinindustrin | Xometry","description":"Xometrys l\u00f6sningar hj\u00e4lper maskinindustrin att bygga en flexibel leveranskedja och dynamiskt skala tillverkningskapacitet.","robots":{"index":"index","follow":"follow","max-snippet":"max-snippet:-1","max-image-preview":"max-image-preview:large","max-video-preview":"max-video-preview:-1"},"canonical":"https:\/\/xometry.eu\/sv\/maskinindustri\/","og_locale":"sv_SE","og_type":"article","og_title":"Machine Building Industry","og_description":"Xometrys l\u00f6sningar hj\u00e4lper maskinindustrin att bygga en flexibel leveranskedja och dynamiskt skala tillverkningskapacitet.","og_url":"https:\/\/xometry.eu\/sv\/maskinindustri\/","og_site_name":"Xometry Europe","article_modified_time":"2024-09-13T14:38:21+00:00","twitter_card":"summary_large_image","schema":{"@context":"https:\/\/schema.org","@graph":[{"@type":"WebPage","@id":"https:\/\/xometry.eu\/sv\/maskinindustri\/","url":"https:\/\/xometry.eu\/sv\/maskinindustri\/","name":"Prototyper och produktionsdelar f\u00f6r maskinindustrin | Xometry","isPartOf":{"@id":"https:\/\/xometry.eu\/sv\/#website"},"datePublished":"2022-09-08T13:41:57+00:00","dateModified":"2024-09-13T14:38:21+00:00","description":"Xometrys l\u00f6sningar hj\u00e4lper maskinindustrin att bygga en flexibel leveranskedja och dynamiskt skala tillverkningskapacitet.","breadcrumb":{"@id":"https:\/\/xometry.eu\/sv\/maskinindustri\/#breadcrumb"},"inLanguage":"sv-SE","potentialAction":[{"@type":"ReadAction","target":["https:\/\/xometry.eu\/sv\/maskinindustri\/"]}]},{"@type":"BreadcrumbList","@id":"https:\/\/xometry.eu\/sv\/maskinindustri\/#breadcrumb","itemListElement":[{"@type":"ListItem","position":1,"name":"Home","item":"https:\/\/xometry.eu\/sv\/"},{"@type":"ListItem","position":2,"name":"Machine Building Industry"}]},{"@type":"WebSite","@id":"https:\/\/xometry.eu\/sv\/#website","url":"https:\/\/xometry.eu\/sv\/","name":"Xometry Europe","description":"","publisher":{"@id":"https:\/\/xometry.eu\/sv\/#organization"},"potentialAction":[{"@type":"SearchAction","target":{"@type":"EntryPoint","urlTemplate":"https:\/\/xometry.eu\/sv\/?s={search_term_string}"},"query-input":{"@type":"PropertyValueSpecification","valueRequired":true,"valueName":"search_term_string"}}],"inLanguage":"sv-SE"}]}},"_links":{"self":[{"href":"https:\/\/xometry.eu\/sv\/wp-json\/wp\/v2\/pages\/98524","targetHints":{"allow":["GET"]}}],"collection":[{"href":"https:\/\/xometry.eu\/sv\/wp-json\/wp\/v2\/pages"}],"about":[{"href":"https:\/\/xometry.eu\/sv\/wp-json\/wp\/v2\/types\/page"}],"author":[{"embeddable":true,"href":"https:\/\/xometry.eu\/sv\/wp-json\/wp\/v2\/users\/10"}],"replies":[{"embeddable":true,"href":"https:\/\/xometry.eu\/sv\/wp-json\/wp\/v2\/comments?post=98524"}],"version-history":[{"count":1,"href":"https:\/\/xometry.eu\/sv\/wp-json\/wp\/v2\/pages\/98524\/revisions"}],"predecessor-version":[{"id":144096,"href":"https:\/\/xometry.eu\/sv\/wp-json\/wp\/v2\/pages\/98524\/revisions\/144096"}],"wp:attachment":[{"href":"https:\/\/xometry.eu\/sv\/wp-json\/wp\/v2\/media?parent=98524"}],"curies":[{"name":"wp","href":"https:\/\/api.w.org\/{rel}","templated":true}]}}