{"id":98488,"date":"2023-02-08T18:38:06","date_gmt":"2023-02-08T16:38:06","guid":{"rendered":"https:\/\/xometry.eu\/engineering-industry\/"},"modified":"2024-09-13T16:34:55","modified_gmt":"2024-09-13T14:34:55","slug":"verkstadsindustri","status":"publish","type":"page","link":"https:\/\/xometry.eu\/sv\/verkstadsindustri\/","title":{"rendered":"Engineering Industry"},"content":{"rendered":"","protected":false},"excerpt":{"rendered":"","protected":false},"author":10,"featured_media":0,"parent":0,"menu_order":0,"comment_status":"closed","ping_status":"closed","template":"","meta":{"_acf_changed":false,"inline_featured_image":false,"footnotes":""},"class_list":["post-98488","page","type-page","status-publish","hentry"],"acf":[],"yoast_head":"<!-- This site is optimized with the Yoast SEO Premium plugin v20.5 (Yoast SEO v27.1.1) - https:\/\/yoast.com\/product\/yoast-seo-premium-wordpress\/ -->\n<title>Prototyper och produktionsdelar f\u00f6r verkstadsindustrin | Xometry<\/title>\n<meta name=\"description\" content=\"Innovera snabbare med omedelbar \u00e5tkomst till Xometrys stora tillverkningsresurser, n\u00e4tverk och expertis inom verkstadsindustrin.\" \/>\n<meta name=\"robots\" content=\"index, follow, max-snippet:-1, max-image-preview:large, max-video-preview:-1\" \/>\n<link rel=\"canonical\" href=\"https:\/\/xometry.eu\/sv\/verkstadsindustri\/\" \/>\n<meta property=\"og:locale\" content=\"sv_SE\" \/>\n<meta property=\"og:type\" content=\"article\" \/>\n<meta property=\"og:title\" content=\"Engineering Industry\" \/>\n<meta property=\"og:description\" content=\"Innovera snabbare med omedelbar \u00e5tkomst till Xometrys stora tillverkningsresurser, n\u00e4tverk och expertis inom verkstadsindustrin.\" \/>\n<meta property=\"og:url\" content=\"https:\/\/xometry.eu\/sv\/verkstadsindustri\/\" \/>\n<meta property=\"og:site_name\" content=\"Xometry Europe\" \/>\n<meta property=\"article:modified_time\" content=\"2024-09-13T14:34:55+00:00\" \/>\n<meta name=\"twitter:card\" content=\"summary_large_image\" \/>\n<script type=\"application\/ld+json\" class=\"yoast-schema-graph\">{\"@context\":\"https:\/\/schema.org\",\"@graph\":[{\"@type\":\"WebPage\",\"@id\":\"https:\/\/xometry.eu\/sv\/verkstadsindustri\/\",\"url\":\"https:\/\/xometry.eu\/sv\/verkstadsindustri\/\",\"name\":\"Prototyper och produktionsdelar f\u00f6r verkstadsindustrin | Xometry\",\"isPartOf\":{\"@id\":\"https:\/\/xometry.eu\/sv\/#website\"},\"datePublished\":\"2023-02-08T16:38:06+00:00\",\"dateModified\":\"2024-09-13T14:34:55+00:00\",\"description\":\"Innovera snabbare med omedelbar \u00e5tkomst till Xometrys stora tillverkningsresurser, n\u00e4tverk och expertis inom verkstadsindustrin.\",\"breadcrumb\":{\"@id\":\"https:\/\/xometry.eu\/sv\/verkstadsindustri\/#breadcrumb\"},\"inLanguage\":\"sv-SE\",\"potentialAction\":[{\"@type\":\"ReadAction\",\"target\":[\"https:\/\/xometry.eu\/sv\/verkstadsindustri\/\"]}]},{\"@type\":\"BreadcrumbList\",\"@id\":\"https:\/\/xometry.eu\/sv\/verkstadsindustri\/#breadcrumb\",\"itemListElement\":[{\"@type\":\"ListItem\",\"position\":1,\"name\":\"Home\",\"item\":\"https:\/\/xometry.eu\/sv\/\"},{\"@type\":\"ListItem\",\"position\":2,\"name\":\"Engineering Industry\"}]},{\"@type\":\"WebSite\",\"@id\":\"https:\/\/xometry.eu\/sv\/#website\",\"url\":\"https:\/\/xometry.eu\/sv\/\",\"name\":\"Xometry Europe\",\"description\":\"\",\"publisher\":{\"@id\":\"https:\/\/xometry.eu\/sv\/#organization\"},\"potentialAction\":[{\"@type\":\"SearchAction\",\"target\":{\"@type\":\"EntryPoint\",\"urlTemplate\":\"https:\/\/xometry.eu\/sv\/?s={search_term_string}\"},\"query-input\":{\"@type\":\"PropertyValueSpecification\",\"valueRequired\":true,\"valueName\":\"search_term_string\"}}],\"inLanguage\":\"sv-SE\"}]}<\/script>\n<!-- \/ Yoast SEO Premium plugin. -->","yoast_head_json":{"title":"Prototyper och produktionsdelar f\u00f6r verkstadsindustrin | Xometry","description":"Innovera snabbare med omedelbar \u00e5tkomst till Xometrys stora tillverkningsresurser, n\u00e4tverk och expertis inom verkstadsindustrin.","robots":{"index":"index","follow":"follow","max-snippet":"max-snippet:-1","max-image-preview":"max-image-preview:large","max-video-preview":"max-video-preview:-1"},"canonical":"https:\/\/xometry.eu\/sv\/verkstadsindustri\/","og_locale":"sv_SE","og_type":"article","og_title":"Engineering Industry","og_description":"Innovera snabbare med omedelbar \u00e5tkomst till Xometrys stora tillverkningsresurser, n\u00e4tverk och expertis inom verkstadsindustrin.","og_url":"https:\/\/xometry.eu\/sv\/verkstadsindustri\/","og_site_name":"Xometry Europe","article_modified_time":"2024-09-13T14:34:55+00:00","twitter_card":"summary_large_image","schema":{"@context":"https:\/\/schema.org","@graph":[{"@type":"WebPage","@id":"https:\/\/xometry.eu\/sv\/verkstadsindustri\/","url":"https:\/\/xometry.eu\/sv\/verkstadsindustri\/","name":"Prototyper och produktionsdelar f\u00f6r verkstadsindustrin | Xometry","isPartOf":{"@id":"https:\/\/xometry.eu\/sv\/#website"},"datePublished":"2023-02-08T16:38:06+00:00","dateModified":"2024-09-13T14:34:55+00:00","description":"Innovera snabbare med omedelbar \u00e5tkomst till Xometrys stora tillverkningsresurser, n\u00e4tverk och expertis inom verkstadsindustrin.","breadcrumb":{"@id":"https:\/\/xometry.eu\/sv\/verkstadsindustri\/#breadcrumb"},"inLanguage":"sv-SE","potentialAction":[{"@type":"ReadAction","target":["https:\/\/xometry.eu\/sv\/verkstadsindustri\/"]}]},{"@type":"BreadcrumbList","@id":"https:\/\/xometry.eu\/sv\/verkstadsindustri\/#breadcrumb","itemListElement":[{"@type":"ListItem","position":1,"name":"Home","item":"https:\/\/xometry.eu\/sv\/"},{"@type":"ListItem","position":2,"name":"Engineering Industry"}]},{"@type":"WebSite","@id":"https:\/\/xometry.eu\/sv\/#website","url":"https:\/\/xometry.eu\/sv\/","name":"Xometry Europe","description":"","publisher":{"@id":"https:\/\/xometry.eu\/sv\/#organization"},"potentialAction":[{"@type":"SearchAction","target":{"@type":"EntryPoint","urlTemplate":"https:\/\/xometry.eu\/sv\/?s={search_term_string}"},"query-input":{"@type":"PropertyValueSpecification","valueRequired":true,"valueName":"search_term_string"}}],"inLanguage":"sv-SE"}]}},"_links":{"self":[{"href":"https:\/\/xometry.eu\/sv\/wp-json\/wp\/v2\/pages\/98488","targetHints":{"allow":["GET"]}}],"collection":[{"href":"https:\/\/xometry.eu\/sv\/wp-json\/wp\/v2\/pages"}],"about":[{"href":"https:\/\/xometry.eu\/sv\/wp-json\/wp\/v2\/types\/page"}],"author":[{"embeddable":true,"href":"https:\/\/xometry.eu\/sv\/wp-json\/wp\/v2\/users\/10"}],"replies":[{"embeddable":true,"href":"https:\/\/xometry.eu\/sv\/wp-json\/wp\/v2\/comments?post=98488"}],"version-history":[{"count":1,"href":"https:\/\/xometry.eu\/sv\/wp-json\/wp\/v2\/pages\/98488\/revisions"}],"predecessor-version":[{"id":144081,"href":"https:\/\/xometry.eu\/sv\/wp-json\/wp\/v2\/pages\/98488\/revisions\/144081"}],"wp:attachment":[{"href":"https:\/\/xometry.eu\/sv\/wp-json\/wp\/v2\/media?parent=98488"}],"curies":[{"name":"wp","href":"https:\/\/api.w.org\/{rel}","templated":true}]}}