{"id":80221,"date":"2022-11-18T15:19:46","date_gmt":"2022-11-18T13:19:46","guid":{"rendered":"https:\/\/xometry.eu\/compression-moulding\/"},"modified":"2026-02-03T14:00:02","modified_gmt":"2026-02-03T12:00:02","slug":"formpressning-tjanster","status":"publish","type":"page","link":"https:\/\/xometry.eu\/sv\/formpressning-tjanster\/","title":{"rendered":"Formpressning tj\u00e4nster"},"content":{"rendered":"","protected":false},"excerpt":{"rendered":"","protected":false},"author":10,"featured_media":134660,"parent":0,"menu_order":0,"comment_status":"closed","ping_status":"closed","template":"","meta":{"_acf_changed":false,"inline_featured_image":false,"footnotes":""},"class_list":["post-80221","page","type-page","status-publish","has-post-thumbnail","hentry"],"acf":[],"yoast_head":"<!-- This site is optimized with the Yoast SEO Premium plugin v20.5 (Yoast SEO v27.1.1) - https:\/\/yoast.com\/product\/yoast-seo-premium-wordpress\/ -->\n<title>Formpressning tj\u00e4nster i silikon | Xometry Europe<\/title>\n<meta name=\"description\" content=\"Anpassade formpressningstj\u00e4nster f\u00f6r silikondelar. Xometrys n\u00e4tverk med gjutleverant\u00f6rer \u00e4r ledare inom prototyp- och l\u00e5gvolymsproduktion\" \/>\n<meta name=\"robots\" content=\"index, follow, max-snippet:-1, max-image-preview:large, max-video-preview:-1\" \/>\n<link rel=\"canonical\" href=\"https:\/\/xometry.eu\/sv\/formpressning-tjanster\/\" \/>\n<meta property=\"og:locale\" content=\"sv_SE\" \/>\n<meta property=\"og:type\" content=\"article\" \/>\n<meta property=\"og:title\" content=\"Formpressning tj\u00e4nster\" \/>\n<meta property=\"og:description\" content=\"Anpassade formpressningstj\u00e4nster f\u00f6r silikondelar. Xometrys n\u00e4tverk med gjutleverant\u00f6rer \u00e4r ledare inom prototyp- och l\u00e5gvolymsproduktion\" \/>\n<meta property=\"og:url\" content=\"https:\/\/xometry.eu\/sv\/formpressning-tjanster\/\" \/>\n<meta property=\"og:site_name\" content=\"Xometry Europe\" \/>\n<meta property=\"article:modified_time\" content=\"2026-02-03T12:00:02+00:00\" \/>\n<meta property=\"og:image\" content=\"http:\/\/xometry.eu\/wp-content\/uploads\/2023\/02\/EN-Compression-Moulding-service-page-1440x738.jpg\" \/>\n<meta name=\"twitter:card\" content=\"summary_large_image\" \/>\n<script type=\"application\/ld+json\" class=\"yoast-schema-graph\">{\"@context\":\"https:\/\/schema.org\",\"@graph\":[{\"@type\":\"WebPage\",\"@id\":\"https:\/\/xometry.eu\/sv\/formpressning-tjanster\/\",\"url\":\"https:\/\/xometry.eu\/sv\/formpressning-tjanster\/\",\"name\":\"Formpressning tj\u00e4nster i silikon | Xometry Europe\",\"isPartOf\":{\"@id\":\"https:\/\/xometry.eu\/sv\/#website\"},\"primaryImageOfPage\":{\"@id\":\"https:\/\/xometry.eu\/sv\/formpressning-tjanster\/#primaryimage\"},\"image\":{\"@id\":\"https:\/\/xometry.eu\/sv\/formpressning-tjanster\/#primaryimage\"},\"thumbnailUrl\":\"https:\/\/xometry.eu\/wp-content\/uploads\/2024\/02\/SV-Compression-Moulding-service-page.jpg\",\"datePublished\":\"2022-11-18T13:19:46+00:00\",\"dateModified\":\"2026-02-03T12:00:02+00:00\",\"description\":\"Anpassade formpressningstj\u00e4nster f\u00f6r silikondelar. Xometrys n\u00e4tverk med gjutleverant\u00f6rer \u00e4r ledare inom prototyp- och l\u00e5gvolymsproduktion\",\"breadcrumb\":{\"@id\":\"https:\/\/xometry.eu\/sv\/formpressning-tjanster\/#breadcrumb\"},\"inLanguage\":\"sv-SE\",\"potentialAction\":[{\"@type\":\"ReadAction\",\"target\":[\"https:\/\/xometry.eu\/sv\/formpressning-tjanster\/\"]}]},{\"@type\":\"ImageObject\",\"inLanguage\":\"sv-SE\",\"@id\":\"https:\/\/xometry.eu\/sv\/formpressning-tjanster\/#primaryimage\",\"url\":\"https:\/\/xometry.eu\/wp-content\/uploads\/2024\/02\/SV-Compression-Moulding-service-page.jpg\",\"contentUrl\":\"https:\/\/xometry.eu\/wp-content\/uploads\/2024\/02\/SV-Compression-Moulding-service-page.jpg\",\"width\":2400,\"height\":1230},{\"@type\":\"BreadcrumbList\",\"@id\":\"https:\/\/xometry.eu\/sv\/formpressning-tjanster\/#breadcrumb\",\"itemListElement\":[{\"@type\":\"ListItem\",\"position\":1,\"name\":\"Home\",\"item\":\"https:\/\/xometry.eu\/sv\/\"},{\"@type\":\"ListItem\",\"position\":2,\"name\":\"Formpressning tj\u00e4nster\"}]},{\"@type\":\"WebSite\",\"@id\":\"https:\/\/xometry.eu\/sv\/#website\",\"url\":\"https:\/\/xometry.eu\/sv\/\",\"name\":\"Xometry Europe\",\"description\":\"\",\"publisher\":{\"@id\":\"https:\/\/xometry.eu\/sv\/#organization\"},\"potentialAction\":[{\"@type\":\"SearchAction\",\"target\":{\"@type\":\"EntryPoint\",\"urlTemplate\":\"https:\/\/xometry.eu\/sv\/?s={search_term_string}\"},\"query-input\":{\"@type\":\"PropertyValueSpecification\",\"valueRequired\":true,\"valueName\":\"search_term_string\"}}],\"inLanguage\":\"sv-SE\"}]}<\/script>\n<!-- \/ Yoast SEO Premium plugin. -->","yoast_head_json":{"title":"Formpressning tj\u00e4nster i silikon | Xometry Europe","description":"Anpassade formpressningstj\u00e4nster f\u00f6r silikondelar. Xometrys n\u00e4tverk med gjutleverant\u00f6rer \u00e4r ledare inom prototyp- och l\u00e5gvolymsproduktion","robots":{"index":"index","follow":"follow","max-snippet":"max-snippet:-1","max-image-preview":"max-image-preview:large","max-video-preview":"max-video-preview:-1"},"canonical":"https:\/\/xometry.eu\/sv\/formpressning-tjanster\/","og_locale":"sv_SE","og_type":"article","og_title":"Formpressning tj\u00e4nster","og_description":"Anpassade formpressningstj\u00e4nster f\u00f6r silikondelar. Xometrys n\u00e4tverk med gjutleverant\u00f6rer \u00e4r ledare inom prototyp- och l\u00e5gvolymsproduktion","og_url":"https:\/\/xometry.eu\/sv\/formpressning-tjanster\/","og_site_name":"Xometry Europe","article_modified_time":"2026-02-03T12:00:02+00:00","og_image":[{"url":"http:\/\/xometry.eu\/wp-content\/uploads\/2023\/02\/EN-Compression-Moulding-service-page-1440x738.jpg","type":"","width":"","height":""}],"twitter_card":"summary_large_image","schema":{"@context":"https:\/\/schema.org","@graph":[{"@type":"WebPage","@id":"https:\/\/xometry.eu\/sv\/formpressning-tjanster\/","url":"https:\/\/xometry.eu\/sv\/formpressning-tjanster\/","name":"Formpressning tj\u00e4nster i silikon | Xometry Europe","isPartOf":{"@id":"https:\/\/xometry.eu\/sv\/#website"},"primaryImageOfPage":{"@id":"https:\/\/xometry.eu\/sv\/formpressning-tjanster\/#primaryimage"},"image":{"@id":"https:\/\/xometry.eu\/sv\/formpressning-tjanster\/#primaryimage"},"thumbnailUrl":"https:\/\/xometry.eu\/wp-content\/uploads\/2024\/02\/SV-Compression-Moulding-service-page.jpg","datePublished":"2022-11-18T13:19:46+00:00","dateModified":"2026-02-03T12:00:02+00:00","description":"Anpassade formpressningstj\u00e4nster f\u00f6r silikondelar. Xometrys n\u00e4tverk med gjutleverant\u00f6rer \u00e4r ledare inom prototyp- och l\u00e5gvolymsproduktion","breadcrumb":{"@id":"https:\/\/xometry.eu\/sv\/formpressning-tjanster\/#breadcrumb"},"inLanguage":"sv-SE","potentialAction":[{"@type":"ReadAction","target":["https:\/\/xometry.eu\/sv\/formpressning-tjanster\/"]}]},{"@type":"ImageObject","inLanguage":"sv-SE","@id":"https:\/\/xometry.eu\/sv\/formpressning-tjanster\/#primaryimage","url":"https:\/\/xometry.eu\/wp-content\/uploads\/2024\/02\/SV-Compression-Moulding-service-page.jpg","contentUrl":"https:\/\/xometry.eu\/wp-content\/uploads\/2024\/02\/SV-Compression-Moulding-service-page.jpg","width":2400,"height":1230},{"@type":"BreadcrumbList","@id":"https:\/\/xometry.eu\/sv\/formpressning-tjanster\/#breadcrumb","itemListElement":[{"@type":"ListItem","position":1,"name":"Home","item":"https:\/\/xometry.eu\/sv\/"},{"@type":"ListItem","position":2,"name":"Formpressning tj\u00e4nster"}]},{"@type":"WebSite","@id":"https:\/\/xometry.eu\/sv\/#website","url":"https:\/\/xometry.eu\/sv\/","name":"Xometry Europe","description":"","publisher":{"@id":"https:\/\/xometry.eu\/sv\/#organization"},"potentialAction":[{"@type":"SearchAction","target":{"@type":"EntryPoint","urlTemplate":"https:\/\/xometry.eu\/sv\/?s={search_term_string}"},"query-input":{"@type":"PropertyValueSpecification","valueRequired":true,"valueName":"search_term_string"}}],"inLanguage":"sv-SE"}]}},"_links":{"self":[{"href":"https:\/\/xometry.eu\/sv\/wp-json\/wp\/v2\/pages\/80221","targetHints":{"allow":["GET"]}}],"collection":[{"href":"https:\/\/xometry.eu\/sv\/wp-json\/wp\/v2\/pages"}],"about":[{"href":"https:\/\/xometry.eu\/sv\/wp-json\/wp\/v2\/types\/page"}],"author":[{"embeddable":true,"href":"https:\/\/xometry.eu\/sv\/wp-json\/wp\/v2\/users\/10"}],"replies":[{"embeddable":true,"href":"https:\/\/xometry.eu\/sv\/wp-json\/wp\/v2\/comments?post=80221"}],"version-history":[{"count":3,"href":"https:\/\/xometry.eu\/sv\/wp-json\/wp\/v2\/pages\/80221\/revisions"}],"predecessor-version":[{"id":169683,"href":"https:\/\/xometry.eu\/sv\/wp-json\/wp\/v2\/pages\/80221\/revisions\/169683"}],"wp:featuredmedia":[{"embeddable":true,"href":"https:\/\/xometry.eu\/sv\/wp-json\/wp\/v2\/media\/134660"}],"wp:attachment":[{"href":"https:\/\/xometry.eu\/sv\/wp-json\/wp\/v2\/media?parent=80221"}],"curies":[{"name":"wp","href":"https:\/\/api.w.org\/{rel}","templated":true}]}}