{"id":77089,"date":"2020-04-21T08:17:11","date_gmt":"2020-04-21T08:17:11","guid":{"rendered":"https:\/\/xometry.eu\/landing\/"},"modified":"2026-03-13T18:41:13","modified_gmt":"2026-03-13T16:41:13","slug":"landing","status":"publish","type":"page","link":"https:\/\/xometry.eu\/sv\/","title":{"rendered":"Homepage"},"content":{"rendered":"\n<script type=\"application\/ld+json\" class=\"schemantra\">{\n  \"@context\": \"https:\/\/schema.org\",\n  \"@type\": \"Organization\",\n  \"@id\": \"Xometry Europe\",\n  \"address\": \"Ada-Lovelace-Str. 9, 85521 Ottobrunn, Germany\",\n  \"award\": \"ISO 9001:2015\",\n  \"description\": \"Xometrys (NASDAQ: XMTR) AI-drivna marknadsplats och upps\u00e4ttning av molnbaserade tj\u00e4nster digitaliserar tillverkningsindustrin i snabb takt. Xometry tillhandah\u00e5ller tillverkare med de viktiga resurser som de beh\u00f6ver f\u00f6r att f\u00e5 deras verksamheter att v\u00e4xa och g\u00f6ra det enkelt f\u00f6r k\u00f6pare att f\u00e5 \u00e5tkomst till globala tillverkningsresurser och skapa starka leveranskedjor.\",\n  \"email\": \"info@xometry.eu\",\n  \"legalName\": \"Xometry Europe GmbH\",\n  \"logo\": \"https:\/\/xometry.eu\/wp-content\/uploads\/2021\/12\/Logomark_Xometry_Blue-1.svg\",\n  \"name\": \"Xometry Europe\",\n  \"sameAs\": \"[https:\/\/www.facebook.com\/xometryeurope,https:\/\/www.linkedin.com\/company\/xometry-europe\/,https:\/\/www.youtube.com\/@xometry-europe,https:\/\/twitter.com\/XometryEU]\",\n  \"slogan\": \"Where Big Ideas are Built\",\n  \"telephone\": \"+49 89-3803-4818\",\n  \"url\": \"https:\/\/xometry.eu\/sv\/\",\n  \"vatID\": \"DE318027181\",\n  \"parentOrganization\": {\n    \"@context\": \"https:\/\/schema.org\",\n    \"@type\": \"Organization\",\n    \"@id\": \"Xometry\",\n    \"address\": \"6116 Executive Blvd, Ste. 800, North Bethesda, MD, 20852, United States of America\",\n    \"award\": \"[ITAR-registered,ISO 9001:2015,ISO 13485:2016,AS9100D]\",\n    \"description\": \"Xometry's (NASDAQ: XMTR) AI-powered marketplace, popular Thomasnet industrial sourcing platform and suite of cloud-based services are rapidly digitizing the $2.4 trillion manufacturing industry. Xometry provides manufacturers the critical resources they need to grow their business and makes it easy for buyers to access global manufacturing capacity and create locally resilient supply chains. The Xometry Instant Quoting Engine\u00ae leverages millions of pieces of data to quickly and effectively analyze complex parts in real-time, match buyers with the right suppliers globally and provide accurate pricing and lead times. Through its extensible marketplace, Xometry continuously scales its offerings, delivering an ever-expanding menu of manufacturing capabilities. Learn more at www.xometry.com or follow @xometry.\",\n    \"email\": \"support@xometry.com\",\n    \"legalName\": \"Xometry, Inc.\",\n    \"logo\": \"https:\/\/www.xometry.com\/condensed-wbib-logo.svg\",\n    \"name\": \"Xometry\",\n    \"sameAs\": \"[https:\/\/www.facebook.com\/xometry\/,https:\/\/www.linkedin.com\/company\/xometry,https:\/\/www.youtube.com\/@XometryHQ,https:\/\/twitter.com\/Xometry]\",\n    \"slogan\": \"Where Big Ideas are Built\",\n    \"telephone\": \"+1-800-983-1959\",\n    \"url\": \"https:\/\/www.xometry.com\"\n  }\n}<\/script>\n","protected":false},"excerpt":{"rendered":"","protected":false},"author":1,"featured_media":134172,"parent":0,"menu_order":0,"comment_status":"closed","ping_status":"closed","template":"","meta":{"_acf_changed":false,"inline_featured_image":false,"footnotes":""},"class_list":["post-77089","page","type-page","status-publish","has-post-thumbnail","hentry"],"acf":[],"yoast_head":"<!-- This site is optimized with the Yoast SEO Premium plugin v20.5 (Yoast SEO v27.3) - https:\/\/yoast.com\/product\/yoast-seo-premium-wordpress\/ -->\n<title>Xometry Europe - tillverkningstj\u00e4nster: CNC, metallpl\u00e5t, 3D printing<\/title>\n<meta name=\"description\" content=\"Xometry Europe erbjuder CNC-bearbetning, 3D printing, pl\u00e5ttillverkning och formsprutningstj\u00e4nster online. Ladda upp dina filer f\u00f6r en offert!\" \/>\n<meta name=\"robots\" content=\"index, follow, max-snippet:-1, max-image-preview:large, max-video-preview:-1\" \/>\n<link rel=\"canonical\" href=\"https:\/\/xometry.eu\/sv\/\" \/>\n<meta property=\"og:locale\" content=\"sv_SE\" \/>\n<meta property=\"og:type\" content=\"article\" \/>\n<meta property=\"og:title\" content=\"Xometry Europe \u2013 Manufacturing Services: CNC, Sheet Metal, 3D Printing, Injection Moulding\" \/>\n<meta property=\"og:description\" content=\"Xometry Europe offers CNC Machining, 3D Printing, Sheet Metal and Injection Moulding services online. Upload your files for an instant quote!\" \/>\n<meta property=\"og:url\" content=\"https:\/\/xometry.eu\/sv\/\" \/>\n<meta property=\"og:site_name\" content=\"Xometry Europe\" \/>\n<meta property=\"article:modified_time\" content=\"2026-03-13T16:41:13+00:00\" \/>\n<meta property=\"og:image\" content=\"https:\/\/xometry.eu\/wp-content\/uploads\/2021\/07\/xometry-europe.jpg\" \/>\n\t<meta property=\"og:image:width\" content=\"1200\" \/>\n\t<meta property=\"og:image:height\" content=\"630\" \/>\n\t<meta property=\"og:image:type\" content=\"image\/jpeg\" \/>\n<meta name=\"twitter:card\" content=\"summary_large_image\" \/>\n<meta name=\"twitter:title\" content=\"Homepage\" \/>\n<meta name=\"twitter:label1\" content=\"Ber\u00e4knad l\u00e4stid\" \/>\n\t<meta name=\"twitter:data1\" content=\"2 minuter\" \/>\n<script type=\"application\/ld+json\" class=\"yoast-schema-graph\">{\"@context\":\"https:\\\/\\\/schema.org\",\"@graph\":[{\"@type\":\"WebPage\",\"@id\":\"https:\\\/\\\/xometry.eu\\\/sv\\\/\",\"url\":\"https:\\\/\\\/xometry.eu\\\/sv\\\/\",\"name\":\"Xometry Europe - tillverkningstj\u00e4nster: CNC, metallpl\u00e5t, 3D printing\",\"isPartOf\":{\"@id\":\"https:\\\/\\\/xometry.eu\\\/sv\\\/#website\"},\"primaryImageOfPage\":{\"@id\":\"https:\\\/\\\/xometry.eu\\\/sv\\\/#primaryimage\"},\"image\":{\"@id\":\"https:\\\/\\\/xometry.eu\\\/sv\\\/#primaryimage\"},\"thumbnailUrl\":\"https:\\\/\\\/xometry.eu\\\/wp-content\\\/uploads\\\/2024\\\/02\\\/SV-Homepage-service-page.jpg\",\"datePublished\":\"2020-04-21T08:17:11+00:00\",\"dateModified\":\"2026-03-13T16:41:13+00:00\",\"description\":\"Xometry Europe erbjuder CNC-bearbetning, 3D printing, pl\u00e5ttillverkning och formsprutningstj\u00e4nster online. Ladda upp dina filer f\u00f6r en offert!\",\"breadcrumb\":{\"@id\":\"https:\\\/\\\/xometry.eu\\\/sv\\\/#breadcrumb\"},\"inLanguage\":\"sv-SE\",\"potentialAction\":[{\"@type\":\"ReadAction\",\"target\":[\"https:\\\/\\\/xometry.eu\\\/sv\\\/\"]}]},{\"@type\":\"ImageObject\",\"inLanguage\":\"sv-SE\",\"@id\":\"https:\\\/\\\/xometry.eu\\\/sv\\\/#primaryimage\",\"url\":\"https:\\\/\\\/xometry.eu\\\/wp-content\\\/uploads\\\/2024\\\/02\\\/SV-Homepage-service-page.jpg\",\"contentUrl\":\"https:\\\/\\\/xometry.eu\\\/wp-content\\\/uploads\\\/2024\\\/02\\\/SV-Homepage-service-page.jpg\",\"width\":2400,\"height\":1230},{\"@type\":\"BreadcrumbList\",\"@id\":\"https:\\\/\\\/xometry.eu\\\/sv\\\/#breadcrumb\",\"itemListElement\":[{\"@type\":\"ListItem\",\"position\":1,\"name\":\"Home\",\"item\":\"https:\\\/\\\/xometry.eu\\\/sv\\\/\"},{\"@type\":\"ListItem\",\"position\":2,\"name\":\"Homepage\"}]},{\"@type\":\"WebSite\",\"@id\":\"https:\\\/\\\/xometry.eu\\\/sv\\\/#website\",\"url\":\"https:\\\/\\\/xometry.eu\\\/sv\\\/\",\"name\":\"Xometry Europe\",\"description\":\"\",\"publisher\":{\"@id\":\"https:\\\/\\\/xometry.eu\\\/sv\\\/#organization\"},\"potentialAction\":[{\"@type\":\"SearchAction\",\"target\":{\"@type\":\"EntryPoint\",\"urlTemplate\":\"https:\\\/\\\/xometry.eu\\\/sv\\\/?s={search_term_string}\"},\"query-input\":{\"@type\":\"PropertyValueSpecification\",\"valueRequired\":true,\"valueName\":\"search_term_string\"}}],\"inLanguage\":\"sv-SE\"}]}<\/script>\n<!-- \/ Yoast SEO Premium plugin. -->","yoast_head_json":{"title":"Xometry Europe - tillverkningstj\u00e4nster: CNC, metallpl\u00e5t, 3D printing","description":"Xometry Europe erbjuder CNC-bearbetning, 3D printing, pl\u00e5ttillverkning och formsprutningstj\u00e4nster online. Ladda upp dina filer f\u00f6r en offert!","robots":{"index":"index","follow":"follow","max-snippet":"max-snippet:-1","max-image-preview":"max-image-preview:large","max-video-preview":"max-video-preview:-1"},"canonical":"https:\/\/xometry.eu\/sv\/","og_locale":"sv_SE","og_type":"article","og_title":"Xometry Europe \u2013 Manufacturing Services: CNC, Sheet Metal, 3D Printing, Injection Moulding","og_description":"Xometry Europe offers CNC Machining, 3D Printing, Sheet Metal and Injection Moulding services online. Upload your files for an instant quote!","og_url":"https:\/\/xometry.eu\/sv\/","og_site_name":"Xometry Europe","article_modified_time":"2026-03-13T16:41:13+00:00","og_image":[{"width":1200,"height":630,"url":"https:\/\/xometry.eu\/wp-content\/uploads\/2021\/07\/xometry-europe.jpg","type":"image\/jpeg"}],"twitter_card":"summary_large_image","twitter_title":"Homepage","twitter_misc":{"Ber\u00e4knad l\u00e4stid":"2 minuter"},"schema":{"@context":"https:\/\/schema.org","@graph":[{"@type":"WebPage","@id":"https:\/\/xometry.eu\/sv\/","url":"https:\/\/xometry.eu\/sv\/","name":"Xometry Europe - tillverkningstj\u00e4nster: CNC, metallpl\u00e5t, 3D printing","isPartOf":{"@id":"https:\/\/xometry.eu\/sv\/#website"},"primaryImageOfPage":{"@id":"https:\/\/xometry.eu\/sv\/#primaryimage"},"image":{"@id":"https:\/\/xometry.eu\/sv\/#primaryimage"},"thumbnailUrl":"https:\/\/xometry.eu\/wp-content\/uploads\/2024\/02\/SV-Homepage-service-page.jpg","datePublished":"2020-04-21T08:17:11+00:00","dateModified":"2026-03-13T16:41:13+00:00","description":"Xometry Europe erbjuder CNC-bearbetning, 3D printing, pl\u00e5ttillverkning och formsprutningstj\u00e4nster online. Ladda upp dina filer f\u00f6r en offert!","breadcrumb":{"@id":"https:\/\/xometry.eu\/sv\/#breadcrumb"},"inLanguage":"sv-SE","potentialAction":[{"@type":"ReadAction","target":["https:\/\/xometry.eu\/sv\/"]}]},{"@type":"ImageObject","inLanguage":"sv-SE","@id":"https:\/\/xometry.eu\/sv\/#primaryimage","url":"https:\/\/xometry.eu\/wp-content\/uploads\/2024\/02\/SV-Homepage-service-page.jpg","contentUrl":"https:\/\/xometry.eu\/wp-content\/uploads\/2024\/02\/SV-Homepage-service-page.jpg","width":2400,"height":1230},{"@type":"BreadcrumbList","@id":"https:\/\/xometry.eu\/sv\/#breadcrumb","itemListElement":[{"@type":"ListItem","position":1,"name":"Home","item":"https:\/\/xometry.eu\/sv\/"},{"@type":"ListItem","position":2,"name":"Homepage"}]},{"@type":"WebSite","@id":"https:\/\/xometry.eu\/sv\/#website","url":"https:\/\/xometry.eu\/sv\/","name":"Xometry Europe","description":"","publisher":{"@id":"https:\/\/xometry.eu\/sv\/#organization"},"potentialAction":[{"@type":"SearchAction","target":{"@type":"EntryPoint","urlTemplate":"https:\/\/xometry.eu\/sv\/?s={search_term_string}"},"query-input":{"@type":"PropertyValueSpecification","valueRequired":true,"valueName":"search_term_string"}}],"inLanguage":"sv-SE"}]}},"_links":{"self":[{"href":"https:\/\/xometry.eu\/sv\/wp-json\/wp\/v2\/pages\/77089","targetHints":{"allow":["GET"]}}],"collection":[{"href":"https:\/\/xometry.eu\/sv\/wp-json\/wp\/v2\/pages"}],"about":[{"href":"https:\/\/xometry.eu\/sv\/wp-json\/wp\/v2\/types\/page"}],"author":[{"embeddable":true,"href":"https:\/\/xometry.eu\/sv\/wp-json\/wp\/v2\/users\/1"}],"replies":[{"embeddable":true,"href":"https:\/\/xometry.eu\/sv\/wp-json\/wp\/v2\/comments?post=77089"}],"version-history":[{"count":0,"href":"https:\/\/xometry.eu\/sv\/wp-json\/wp\/v2\/pages\/77089\/revisions"}],"wp:featuredmedia":[{"embeddable":true,"href":"https:\/\/xometry.eu\/sv\/wp-json\/wp\/v2\/media\/134172"}],"wp:attachment":[{"href":"https:\/\/xometry.eu\/sv\/wp-json\/wp\/v2\/media?parent=77089"}],"curies":[{"name":"wp","href":"https:\/\/api.w.org\/{rel}","templated":true}]}}