{"id":77064,"date":"2020-05-25T06:55:23","date_gmt":"2020-05-25T06:55:23","guid":{"rendered":"https:\/\/xometry.eu\/policy\/"},"modified":"2023-07-20T18:24:12","modified_gmt":"2023-07-20T16:24:12","slug":"dataskyddspolicy","status":"publish","type":"page","link":"https:\/\/xometry.eu\/sv\/dataskyddspolicy\/","title":{"rendered":"Dataskyddspolicy"},"content":{"rendered":"<p>Den ansvariga parten enligt det som avses i 3 \u00a7 paragraf. 7 och 4 paragraf. 3 i den federala dataskyddslagen [Bundesdatenschutzgesetz] \u00e4r Xometry Europe GmbH, representerat av dess verkst\u00e4llande direkt\u00f6rer, Albert Belousov och Dmitry Kafidov, Ada-Lovelace-Str. 9, 85521 Ottobrunn, Tyskland.<\/p>\n<p>Vi samlar in och sparar data som tas emot av v\u00e5ra kunder och leverant\u00f6rer. Den h\u00e4r datan best\u00e5r av personlig data fr\u00e5n kunder och\/eller data fr\u00e5n ett f\u00f6retag som vi har en aff\u00e4rsrelation till. Det kan \u00e4ven inkludera anv\u00e4ndardata som IP-adresser.<\/p>\n<p><span style=\"font-weight: 400;\">Den h\u00e4r datan anv\u00e4nds f\u00f6r att hj\u00e4lpa oss att fullg\u00f6ra ordrar som tas emot fr\u00e5n kunder f\u00f6r att gynna dem. Det \u00e4r n\u00f6dv\u00e4ndigt att data fr\u00e5n kunder delas med f\u00f6retag som fullg\u00f6r ordrar f\u00f6r v\u00e5r r\u00e4kning. Det innefattar s\u00e4rskilt \u00f6verf\u00f6ring av ritningar och\/eller konstruktionsdiagram, samt objektbeskrivningar.<\/span><\/p>\n<p><span style=\"font-weight: 400;\">F\u00f6r annat \u00e4n fullg\u00f6rande av ordrar anv\u00e4nder vi \u00e4ven kunddata i samband med att vi anlitar tredje parter f\u00f6r uppgifter som att leverera paket, behandla betalningar, etc. I den m\u00e5n s\u00e5dana tredje parter tar emot personuppgifter fr\u00e5n kunder och\/eller andra f\u00f6retag f\u00e5r denna information inte spridas vidare.<\/span><\/p>\n<p><span style=\"font-weight: 400;\">Kunden och\/eller f\u00f6retaget har r\u00e4tt att n\u00e4r som helst ta emot information om dess data som lagras i v\u00e5ra system, utan n\u00e5gon specifik anledning och utan kostnad. Kunder och\/eller f\u00f6retaget kan n\u00e4r som helst kr\u00e4va att datan som samlas in av oss blockeras, korrigeras eller raderas. Samtycket som vi f\u00e5r f\u00f6r att samla in eller anv\u00e4nda data kan n\u00e4r som helst \u00e5terkallas genom att kontakta den ansvariga parten, utan n\u00e5gon specifik anledning.<\/span><\/p>\n<p><span style=\"font-weight: 400;\">Vi har vidtagit omfattande tekniska och operativa s\u00e4kerhets\u00e5tg\u00e4rder f\u00f6r att skydda din personliga data som vi lagrar och skyddar mot obeh\u00f6rig \u00e5tkomst och missanv\u00e4ndning. V\u00e5ra s\u00e4kerhetsrutiner f\u00f6r att skydda mot skada, radering och obeh\u00f6rig \u00e5tkomst utv\u00e4rderas och uppdateras regelbundet i enlighet med den senaste tekniken.<\/span><\/p>\n<p><span style=\"font-weight: 400;\">Vi sparar avtalstexten och skickar orderinformationen till dig via email. Regler och villkor kan l\u00e4sas n\u00e4r som helst p\u00e5 www.xometry.eu\/se\/villkor.<\/span><\/p>\n<p><span style=\"font-weight: 400;\">Den h\u00e4r webbplatsen inneh\u00e5ller l\u00e4nkar till externa webbplatser. Om du klickar p\u00e5 de h\u00e4r l\u00e4nkarna kommer IP-adressen generellt sett visas i \u00e5tkomstloggarna hos dessa webbplatser. Det h\u00e4r dataskyddsavtalet \u00e4r endast giltig f\u00f6r den h\u00e4r webbplatsen och inte f\u00f6r webbplatser som tillh\u00f6r tredje parter.<\/span><\/p>\n<p><span style=\"font-weight: 400;\">En kaka (cookie) \u00e4r en datafil som lagras p\u00e5 anv\u00e4ndarens dator och den samlar in information om anv\u00e4ndaren. Den h\u00e4r webbplatsen kan anv\u00e4nda session ID kakor och best\u00e4ndiga kakor. Vad g\u00e4ller session ID kakor st\u00e4ngs och raderas cookie-filen n\u00e4r du st\u00e4nger din webbl\u00e4sare eller loggar ut. En best\u00e4ndig kaka \u00e4r en liten textfil som lagras p\u00e5 din dators h\u00e5rddisk under en l\u00e4ngre period. Din webbl\u00e4sares hj\u00e4lpfil inneh\u00e5ller information och instruktioner f\u00f6r att ta bort best\u00e4ndiga kakor.<\/span><\/p>\n<h2><span style=\"font-weight: 400;\">Google Analytics<\/span><\/h2>\n<p><span style=\"font-weight: 400;\">Den h\u00e4r webbplatsen anv\u00e4nder Google Analytics, vilket \u00e4r en webbanalystj\u00e4nst fr\u00e5n Google, Inc. (Google). Google Analytics anv\u00e4nder kakor i form av textfiler som placeras ut p\u00e5 din dator f\u00f6r att hj\u00e4lpa webbplatsen att analysera hur anv\u00e4ndare anv\u00e4nder hemsidan. Informationen som genereras av cookie-filen om din anv\u00e4ndning av webbplatsen (inklusive din IP-adress) kommer \u00f6verf\u00f6ras och lagras av Google p\u00e5 servrar i USA. Ifall IP-anonymisering aktiveras kommer Google korta av\/anonymisera den sista delen av IP-adressen f\u00f6r medlemsl\u00e4nder i den Europeiska unionen, samt f\u00f6r andra parter inom avtalet som ing\u00e5r i det Europeiska ekonomiska samarbetsomr\u00e5det. Endast i undantagsfall kommer hela IP-adressen skickas till och f\u00f6rkortas av Google-servrar i USA. P\u00e5 uppdrag av webbplatsleverant\u00f6ren kommer Google anv\u00e4nda den h\u00e4r informationen i syfte att utv\u00e4rdera din anv\u00e4ndning av webbplatsen, sammanst\u00e4lla rapporter \u00f6ver webbplatsaktiviteten f\u00f6r webbplatsoperat\u00f6rer och tillhandah\u00e5lla andra tj\u00e4nster som \u00e4r kopplade till webbplatsaktivitet och internetanv\u00e4ndning f\u00f6r webbplatsleverant\u00f6ren. Google kommer inte associera din IP-adress med n\u00e5gon annan data som Google sparar. Du kan avb\u00f6ja anv\u00e4ndningen av kakor genom att v\u00e4lja l\u00e4mpliga inst\u00e4llningar i din webbl\u00e4sare. Men observera att om du g\u00f6r det kanske du inte kan anv\u00e4nda hela den h\u00e4r webbplatsens funktionalitet. Dessutom kan du f\u00f6rhindra Googles insamling och dataanv\u00e4ndning (kakor och IP-adress) genom att ladda ner och installera webbl\u00e4sartill\u00e4ggen som finns tillg\u00e4ngligt under https:\/\/tools.google.com\/dlpage\/gaoptout?hl=en-GB.<\/span><\/p>\n<p><span style=\"font-weight: 400;\">Mer information om reglerna och villkoren f\u00f6r anv\u00e4ndning och datasekretess kan finns p\u00e5 http:\/\/www.google.com\/analytics\/terms\/gb.html. Observera att Google Analytics-koden p\u00e5 den h\u00e4r webbplatsen kompletteras med gat._anonymizeIp(); f\u00f6r att s\u00e4kerst\u00e4lla en anonymiserad insamling av IP-adresser (s\u00e5 kallad IP-maskering). K\u00e4lla (http:\/\/www.datenschutzbeauftragter-info.de)<\/span><\/p>\n<h2><span style=\"font-weight: 400;\">Amplitude<\/span><\/h2>\n<p><span style=\"font-weight: 400;\">En specifik del av den h\u00e4r webbplatsen (&#8221;Partnersomr\u00e5de&#8221;-sektionen) anv\u00e4nder Amplitude-webbanalys som tillhandah\u00e5lls av Amplitude, Inc, 501 2nd Street, Suite 100, San Francisco, CA 94107, USA (h\u00e4danefter kallad \u201cAmplitude\u201d).<\/span><\/p>\n<p><span style=\"font-weight: 400;\">Amplitude anv\u00e4nder \u201ccookies\u201d, sm\u00e5 textfiler som placeras i anv\u00e4ndares datorer f\u00f6r att analysera anv\u00e4ndaraktivitet. Information samlas endast in i \u201cPartnersomr\u00e5det\u201d d\u00e4r alla anv\u00e4ndare auktoriseras med deras inloggning och l\u00f6senord. S\u00e5 din identitet (f\u00f6retagsnamn, anv\u00e4ndarnamn och mailadress) lagras tillsammans med din aktivitet i \u201cPartnersomr\u00e5det\u201d-sektionen f\u00f6r webbplatsen f\u00f6r att utv\u00e4rdera anv\u00e4ndarupplevelsen och f\u00f6r att f\u00f6rb\u00e4ttra v\u00e5r webbplats prestanda.<\/span><\/p>\n<p><span style=\"font-weight: 400;\">Information om din anv\u00e4ndning av den h\u00e4r webbplatsen som samlas in av kakor kommer att \u00f6verf\u00f6ras till Amplitude och lagras p\u00e5 Amplitudes servrar i EU och USA. Amplitude behandlar den h\u00e4r informationen f\u00f6r att sammanst\u00e4lla rapporter till oss om v\u00e5r webbplatsdrift och f\u00f6r att tillhandah\u00e5lla andra tj\u00e4nster. Amplitude behandlar den h\u00e4r informationen enligt reglerna och villkoren f\u00f6r Amplitudes tj\u00e4nst.<\/span><\/p>\n<p><span style=\"font-weight: 400;\">Ingen annan del av v\u00e5r webbplats f\u00f6rutom Partnersomr\u00e5det samlar in n\u00e5gon data med Amplitudes tj\u00e4nst. Genom att anv\u00e4nda Partnersomr\u00e5det samtycker du till att Amplitude kan behandla din data p\u00e5 ovann\u00e4mnda s\u00e4tt och f\u00f6r ovann\u00e4mnda syften.<\/span><\/p>\n<h2><span style=\"font-weight: 400;\">Lead Forensics<\/span><\/h2>\n\n\n<p>Vi anv\u00e4nder en kaka fr\u00e5n tredje part som heter _lfuuid. Cookie-filen accepteras eller avb\u00f6js i samtyckesf\u00e4ltet som visas f\u00f6rsta g\u00e5ngen du bes\u00f6ker v\u00e5r webbplats. Cookie-filen g\u00f6r att v\u00e5r webbplats kan sp\u00e5ra bes\u00f6ksbeteende p\u00e5 de webbplatser som cookie-filen \u00e4r installerad p\u00e5. Sp\u00e5rning sker anonymt tills en anv\u00e4ndare identifierar sig genom att skicka in ett formul\u00e4r. Cookie-filen \u00e4r best\u00e4ndig i 10 \u00e5r innan den g\u00e5r ut.<\/p>\n","protected":false},"excerpt":{"rendered":"<p>Den ansvariga parten enligt det som avses i 3 \u00a7 paragraf. 7 och 4 paragraf. 3 i den federala dataskyddslagen [Bundesdatenschutzgesetz] \u00e4r Xometry Europe GmbH, representerat av dess verkst\u00e4llande direkt\u00f6rer, Albert Belousov och Dmitry Kafidov, Ada-Lovelace-Str. 9, 85521 Ottobrunn, Tyskland. Vi samlar in och sparar data som tas emot av v\u00e5ra kunder och leverant\u00f6rer. Den [&hellip;]<\/p>\n","protected":false},"author":1,"featured_media":56507,"parent":0,"menu_order":0,"comment_status":"closed","ping_status":"closed","template":"template-custom.php","meta":{"_acf_changed":false,"inline_featured_image":false,"footnotes":""},"class_list":["post-77064","page","type-page","status-publish","has-post-thumbnail","hentry"],"acf":[],"yoast_head":"<!-- This site is optimized with the Yoast SEO Premium plugin v20.5 (Yoast SEO v27.3) - https:\/\/yoast.com\/product\/yoast-seo-premium-wordpress\/ -->\n<title>Dataskyddspolicy | Xometry Europe<\/title>\n<meta name=\"description\" content=\"Vi samlar in och sparar data som tas emot fr\u00e5n v\u00e5ra kunder och leverant\u00f6rer via Google Analytics, Yandex Metric, Amplitude och Lead Forensics.\" \/>\n<meta name=\"robots\" content=\"index, follow, max-snippet:-1, max-image-preview:large, max-video-preview:-1\" \/>\n<link rel=\"canonical\" href=\"https:\/\/xometry.eu\/sv\/dataskyddspolicy\/\" \/>\n<meta property=\"og:locale\" content=\"sv_SE\" \/>\n<meta property=\"og:type\" content=\"article\" \/>\n<meta property=\"og:title\" content=\"Dataskyddspolicy\" \/>\n<meta property=\"og:description\" content=\"Vi samlar in och sparar data som tas emot fr\u00e5n v\u00e5ra kunder och leverant\u00f6rer via Google Analytics, Yandex Metric, Amplitude och Lead Forensics.\" \/>\n<meta property=\"og:url\" content=\"https:\/\/xometry.eu\/sv\/dataskyddspolicy\/\" \/>\n<meta property=\"og:site_name\" content=\"Xometry Europe\" \/>\n<meta property=\"article:modified_time\" content=\"2023-07-20T16:24:12+00:00\" \/>\n<meta property=\"og:image\" content=\"https:\/\/xometry.eu\/wp-content\/uploads\/2020\/05\/homepage-header.png\" \/>\n\t<meta property=\"og:image:width\" content=\"2880\" \/>\n\t<meta property=\"og:image:height\" content=\"1230\" \/>\n\t<meta property=\"og:image:type\" content=\"image\/png\" \/>\n<meta name=\"twitter:card\" content=\"summary_large_image\" \/>\n<meta name=\"twitter:label1\" content=\"Ber\u00e4knad l\u00e4stid\" \/>\n\t<meta name=\"twitter:data1\" content=\"5 minuter\" \/>\n<script type=\"application\/ld+json\" class=\"yoast-schema-graph\">{\"@context\":\"https:\\\/\\\/schema.org\",\"@graph\":[{\"@type\":\"WebPage\",\"@id\":\"https:\\\/\\\/xometry.eu\\\/sv\\\/dataskyddspolicy\\\/\",\"url\":\"https:\\\/\\\/xometry.eu\\\/sv\\\/dataskyddspolicy\\\/\",\"name\":\"Dataskyddspolicy | Xometry Europe\",\"isPartOf\":{\"@id\":\"https:\\\/\\\/xometry.eu\\\/sv\\\/#website\"},\"primaryImageOfPage\":{\"@id\":\"https:\\\/\\\/xometry.eu\\\/sv\\\/dataskyddspolicy\\\/#primaryimage\"},\"image\":{\"@id\":\"https:\\\/\\\/xometry.eu\\\/sv\\\/dataskyddspolicy\\\/#primaryimage\"},\"thumbnailUrl\":\"https:\\\/\\\/xometry.eu\\\/wp-content\\\/uploads\\\/2020\\\/05\\\/homepage-header.png\",\"datePublished\":\"2020-05-25T06:55:23+00:00\",\"dateModified\":\"2023-07-20T16:24:12+00:00\",\"description\":\"Vi samlar in och sparar data som tas emot fr\u00e5n v\u00e5ra kunder och leverant\u00f6rer via Google Analytics, Yandex Metric, Amplitude och Lead Forensics.\",\"breadcrumb\":{\"@id\":\"https:\\\/\\\/xometry.eu\\\/sv\\\/dataskyddspolicy\\\/#breadcrumb\"},\"inLanguage\":\"sv-SE\",\"potentialAction\":[{\"@type\":\"ReadAction\",\"target\":[\"https:\\\/\\\/xometry.eu\\\/sv\\\/dataskyddspolicy\\\/\"]}]},{\"@type\":\"ImageObject\",\"inLanguage\":\"sv-SE\",\"@id\":\"https:\\\/\\\/xometry.eu\\\/sv\\\/dataskyddspolicy\\\/#primaryimage\",\"url\":\"https:\\\/\\\/xometry.eu\\\/wp-content\\\/uploads\\\/2020\\\/05\\\/homepage-header.png\",\"contentUrl\":\"https:\\\/\\\/xometry.eu\\\/wp-content\\\/uploads\\\/2020\\\/05\\\/homepage-header.png\",\"width\":2880,\"height\":1230,\"caption\":\"engineer examining a metal part\"},{\"@type\":\"BreadcrumbList\",\"@id\":\"https:\\\/\\\/xometry.eu\\\/sv\\\/dataskyddspolicy\\\/#breadcrumb\",\"itemListElement\":[{\"@type\":\"ListItem\",\"position\":1,\"name\":\"Home\",\"item\":\"https:\\\/\\\/xometry.eu\\\/sv\\\/\"},{\"@type\":\"ListItem\",\"position\":2,\"name\":\"Dataskyddspolicy\"}]},{\"@type\":\"WebSite\",\"@id\":\"https:\\\/\\\/xometry.eu\\\/sv\\\/#website\",\"url\":\"https:\\\/\\\/xometry.eu\\\/sv\\\/\",\"name\":\"Xometry Europe\",\"description\":\"\",\"publisher\":{\"@id\":\"https:\\\/\\\/xometry.eu\\\/sv\\\/#organization\"},\"potentialAction\":[{\"@type\":\"SearchAction\",\"target\":{\"@type\":\"EntryPoint\",\"urlTemplate\":\"https:\\\/\\\/xometry.eu\\\/sv\\\/?s={search_term_string}\"},\"query-input\":{\"@type\":\"PropertyValueSpecification\",\"valueRequired\":true,\"valueName\":\"search_term_string\"}}],\"inLanguage\":\"sv-SE\"}]}<\/script>\n<!-- \/ Yoast SEO Premium plugin. -->","yoast_head_json":{"title":"Dataskyddspolicy | Xometry Europe","description":"Vi samlar in och sparar data som tas emot fr\u00e5n v\u00e5ra kunder och leverant\u00f6rer via Google Analytics, Yandex Metric, Amplitude och Lead Forensics.","robots":{"index":"index","follow":"follow","max-snippet":"max-snippet:-1","max-image-preview":"max-image-preview:large","max-video-preview":"max-video-preview:-1"},"canonical":"https:\/\/xometry.eu\/sv\/dataskyddspolicy\/","og_locale":"sv_SE","og_type":"article","og_title":"Dataskyddspolicy","og_description":"Vi samlar in och sparar data som tas emot fr\u00e5n v\u00e5ra kunder och leverant\u00f6rer via Google Analytics, Yandex Metric, Amplitude och Lead Forensics.","og_url":"https:\/\/xometry.eu\/sv\/dataskyddspolicy\/","og_site_name":"Xometry Europe","article_modified_time":"2023-07-20T16:24:12+00:00","og_image":[{"width":2880,"height":1230,"url":"https:\/\/xometry.eu\/wp-content\/uploads\/2020\/05\/homepage-header.png","type":"image\/png"}],"twitter_card":"summary_large_image","twitter_misc":{"Ber\u00e4knad l\u00e4stid":"5 minuter"},"schema":{"@context":"https:\/\/schema.org","@graph":[{"@type":"WebPage","@id":"https:\/\/xometry.eu\/sv\/dataskyddspolicy\/","url":"https:\/\/xometry.eu\/sv\/dataskyddspolicy\/","name":"Dataskyddspolicy | Xometry Europe","isPartOf":{"@id":"https:\/\/xometry.eu\/sv\/#website"},"primaryImageOfPage":{"@id":"https:\/\/xometry.eu\/sv\/dataskyddspolicy\/#primaryimage"},"image":{"@id":"https:\/\/xometry.eu\/sv\/dataskyddspolicy\/#primaryimage"},"thumbnailUrl":"https:\/\/xometry.eu\/wp-content\/uploads\/2020\/05\/homepage-header.png","datePublished":"2020-05-25T06:55:23+00:00","dateModified":"2023-07-20T16:24:12+00:00","description":"Vi samlar in och sparar data som tas emot fr\u00e5n v\u00e5ra kunder och leverant\u00f6rer via Google Analytics, Yandex Metric, Amplitude och Lead Forensics.","breadcrumb":{"@id":"https:\/\/xometry.eu\/sv\/dataskyddspolicy\/#breadcrumb"},"inLanguage":"sv-SE","potentialAction":[{"@type":"ReadAction","target":["https:\/\/xometry.eu\/sv\/dataskyddspolicy\/"]}]},{"@type":"ImageObject","inLanguage":"sv-SE","@id":"https:\/\/xometry.eu\/sv\/dataskyddspolicy\/#primaryimage","url":"https:\/\/xometry.eu\/wp-content\/uploads\/2020\/05\/homepage-header.png","contentUrl":"https:\/\/xometry.eu\/wp-content\/uploads\/2020\/05\/homepage-header.png","width":2880,"height":1230,"caption":"engineer examining a metal part"},{"@type":"BreadcrumbList","@id":"https:\/\/xometry.eu\/sv\/dataskyddspolicy\/#breadcrumb","itemListElement":[{"@type":"ListItem","position":1,"name":"Home","item":"https:\/\/xometry.eu\/sv\/"},{"@type":"ListItem","position":2,"name":"Dataskyddspolicy"}]},{"@type":"WebSite","@id":"https:\/\/xometry.eu\/sv\/#website","url":"https:\/\/xometry.eu\/sv\/","name":"Xometry Europe","description":"","publisher":{"@id":"https:\/\/xometry.eu\/sv\/#organization"},"potentialAction":[{"@type":"SearchAction","target":{"@type":"EntryPoint","urlTemplate":"https:\/\/xometry.eu\/sv\/?s={search_term_string}"},"query-input":{"@type":"PropertyValueSpecification","valueRequired":true,"valueName":"search_term_string"}}],"inLanguage":"sv-SE"}]}},"_links":{"self":[{"href":"https:\/\/xometry.eu\/sv\/wp-json\/wp\/v2\/pages\/77064","targetHints":{"allow":["GET"]}}],"collection":[{"href":"https:\/\/xometry.eu\/sv\/wp-json\/wp\/v2\/pages"}],"about":[{"href":"https:\/\/xometry.eu\/sv\/wp-json\/wp\/v2\/types\/page"}],"author":[{"embeddable":true,"href":"https:\/\/xometry.eu\/sv\/wp-json\/wp\/v2\/users\/1"}],"replies":[{"embeddable":true,"href":"https:\/\/xometry.eu\/sv\/wp-json\/wp\/v2\/comments?post=77064"}],"version-history":[{"count":0,"href":"https:\/\/xometry.eu\/sv\/wp-json\/wp\/v2\/pages\/77064\/revisions"}],"wp:featuredmedia":[{"embeddable":true,"href":"https:\/\/xometry.eu\/sv\/wp-json\/wp\/v2\/media\/56507"}],"wp:attachment":[{"href":"https:\/\/xometry.eu\/sv\/wp-json\/wp\/v2\/media?parent=77064"}],"curies":[{"name":"wp","href":"https:\/\/api.w.org\/{rel}","templated":true}]}}