{"id":76868,"date":"2020-06-06T14:30:18","date_gmt":"2020-06-06T14:30:18","guid":{"rendered":"https:\/\/xometry.eu\/contacts\/"},"modified":"2026-01-08T11:02:55","modified_gmt":"2026-01-08T09:02:55","slug":"kontakter","status":"publish","type":"page","link":"https:\/\/xometry.eu\/sv\/kontakter\/","title":{"rendered":"Kontakt &#038; Impressum"},"content":{"rendered":"","protected":false},"excerpt":{"rendered":"","protected":false},"author":2,"featured_media":0,"parent":0,"menu_order":0,"comment_status":"closed","ping_status":"closed","template":"","meta":{"_acf_changed":false,"inline_featured_image":false,"footnotes":""},"class_list":["post-76868","page","type-page","status-publish","hentry"],"acf":[],"yoast_head":"<!-- This site is optimized with the Yoast SEO Premium plugin v20.5 (Yoast SEO v27.1.1) - https:\/\/yoast.com\/product\/yoast-seo-premium-wordpress\/ -->\n<title>Kontakta oss f\u00f6r att f\u00e5 en omedelbar offert | Xometry Europe<\/title>\n<meta name=\"description\" content=\"Kontakta oss via email eller telefon f\u00f6r att f\u00e5 en omedelbar offert f\u00f6r dina delar: CNC-bearbetning, 3D printing, formsprutning, metallpl\u00e5t.\" \/>\n<meta name=\"robots\" content=\"index, follow, max-snippet:-1, max-image-preview:large, max-video-preview:-1\" \/>\n<link rel=\"canonical\" href=\"https:\/\/xometry.eu\/sv\/kontakter\/\" \/>\n<meta property=\"og:locale\" content=\"sv_SE\" \/>\n<meta property=\"og:type\" content=\"article\" \/>\n<meta property=\"og:title\" content=\"Kontakt &amp; Impressum\" \/>\n<meta property=\"og:description\" content=\"Kontakta oss via email eller telefon f\u00f6r att f\u00e5 en omedelbar offert f\u00f6r dina delar: CNC-bearbetning, 3D printing, formsprutning, metallpl\u00e5t.\" \/>\n<meta property=\"og:url\" content=\"https:\/\/xometry.eu\/sv\/kontakter\/\" \/>\n<meta property=\"og:site_name\" content=\"Xometry Europe\" \/>\n<meta property=\"article:modified_time\" content=\"2026-01-08T09:02:55+00:00\" \/>\n<meta name=\"twitter:card\" content=\"summary_large_image\" \/>\n<script type=\"application\/ld+json\" class=\"yoast-schema-graph\">{\"@context\":\"https:\/\/schema.org\",\"@graph\":[{\"@type\":\"WebPage\",\"@id\":\"https:\/\/xometry.eu\/sv\/kontakter\/\",\"url\":\"https:\/\/xometry.eu\/sv\/kontakter\/\",\"name\":\"Kontakta oss f\u00f6r att f\u00e5 en omedelbar offert | Xometry Europe\",\"isPartOf\":{\"@id\":\"https:\/\/xometry.eu\/sv\/#website\"},\"datePublished\":\"2020-06-06T14:30:18+00:00\",\"dateModified\":\"2026-01-08T09:02:55+00:00\",\"description\":\"Kontakta oss via email eller telefon f\u00f6r att f\u00e5 en omedelbar offert f\u00f6r dina delar: CNC-bearbetning, 3D printing, formsprutning, metallpl\u00e5t.\",\"breadcrumb\":{\"@id\":\"https:\/\/xometry.eu\/sv\/kontakter\/#breadcrumb\"},\"inLanguage\":\"sv-SE\",\"potentialAction\":[{\"@type\":\"ReadAction\",\"target\":[\"https:\/\/xometry.eu\/sv\/kontakter\/\"]}]},{\"@type\":\"BreadcrumbList\",\"@id\":\"https:\/\/xometry.eu\/sv\/kontakter\/#breadcrumb\",\"itemListElement\":[{\"@type\":\"ListItem\",\"position\":1,\"name\":\"Home\",\"item\":\"https:\/\/xometry.eu\/sv\/\"},{\"@type\":\"ListItem\",\"position\":2,\"name\":\"Kontakt &#038; Impressum\"}]},{\"@type\":\"WebSite\",\"@id\":\"https:\/\/xometry.eu\/sv\/#website\",\"url\":\"https:\/\/xometry.eu\/sv\/\",\"name\":\"Xometry Europe\",\"description\":\"\",\"publisher\":{\"@id\":\"https:\/\/xometry.eu\/sv\/#organization\"},\"potentialAction\":[{\"@type\":\"SearchAction\",\"target\":{\"@type\":\"EntryPoint\",\"urlTemplate\":\"https:\/\/xometry.eu\/sv\/?s={search_term_string}\"},\"query-input\":{\"@type\":\"PropertyValueSpecification\",\"valueRequired\":true,\"valueName\":\"search_term_string\"}}],\"inLanguage\":\"sv-SE\"}]}<\/script>\n<!-- \/ Yoast SEO Premium plugin. -->","yoast_head_json":{"title":"Kontakta oss f\u00f6r att f\u00e5 en omedelbar offert | Xometry Europe","description":"Kontakta oss via email eller telefon f\u00f6r att f\u00e5 en omedelbar offert f\u00f6r dina delar: CNC-bearbetning, 3D printing, formsprutning, metallpl\u00e5t.","robots":{"index":"index","follow":"follow","max-snippet":"max-snippet:-1","max-image-preview":"max-image-preview:large","max-video-preview":"max-video-preview:-1"},"canonical":"https:\/\/xometry.eu\/sv\/kontakter\/","og_locale":"sv_SE","og_type":"article","og_title":"Kontakt & Impressum","og_description":"Kontakta oss via email eller telefon f\u00f6r att f\u00e5 en omedelbar offert f\u00f6r dina delar: CNC-bearbetning, 3D printing, formsprutning, metallpl\u00e5t.","og_url":"https:\/\/xometry.eu\/sv\/kontakter\/","og_site_name":"Xometry Europe","article_modified_time":"2026-01-08T09:02:55+00:00","twitter_card":"summary_large_image","schema":{"@context":"https:\/\/schema.org","@graph":[{"@type":"WebPage","@id":"https:\/\/xometry.eu\/sv\/kontakter\/","url":"https:\/\/xometry.eu\/sv\/kontakter\/","name":"Kontakta oss f\u00f6r att f\u00e5 en omedelbar offert | Xometry Europe","isPartOf":{"@id":"https:\/\/xometry.eu\/sv\/#website"},"datePublished":"2020-06-06T14:30:18+00:00","dateModified":"2026-01-08T09:02:55+00:00","description":"Kontakta oss via email eller telefon f\u00f6r att f\u00e5 en omedelbar offert f\u00f6r dina delar: CNC-bearbetning, 3D printing, formsprutning, metallpl\u00e5t.","breadcrumb":{"@id":"https:\/\/xometry.eu\/sv\/kontakter\/#breadcrumb"},"inLanguage":"sv-SE","potentialAction":[{"@type":"ReadAction","target":["https:\/\/xometry.eu\/sv\/kontakter\/"]}]},{"@type":"BreadcrumbList","@id":"https:\/\/xometry.eu\/sv\/kontakter\/#breadcrumb","itemListElement":[{"@type":"ListItem","position":1,"name":"Home","item":"https:\/\/xometry.eu\/sv\/"},{"@type":"ListItem","position":2,"name":"Kontakt &#038; Impressum"}]},{"@type":"WebSite","@id":"https:\/\/xometry.eu\/sv\/#website","url":"https:\/\/xometry.eu\/sv\/","name":"Xometry Europe","description":"","publisher":{"@id":"https:\/\/xometry.eu\/sv\/#organization"},"potentialAction":[{"@type":"SearchAction","target":{"@type":"EntryPoint","urlTemplate":"https:\/\/xometry.eu\/sv\/?s={search_term_string}"},"query-input":{"@type":"PropertyValueSpecification","valueRequired":true,"valueName":"search_term_string"}}],"inLanguage":"sv-SE"}]}},"_links":{"self":[{"href":"https:\/\/xometry.eu\/sv\/wp-json\/wp\/v2\/pages\/76868","targetHints":{"allow":["GET"]}}],"collection":[{"href":"https:\/\/xometry.eu\/sv\/wp-json\/wp\/v2\/pages"}],"about":[{"href":"https:\/\/xometry.eu\/sv\/wp-json\/wp\/v2\/types\/page"}],"author":[{"embeddable":true,"href":"https:\/\/xometry.eu\/sv\/wp-json\/wp\/v2\/users\/2"}],"replies":[{"embeddable":true,"href":"https:\/\/xometry.eu\/sv\/wp-json\/wp\/v2\/comments?post=76868"}],"version-history":[{"count":5,"href":"https:\/\/xometry.eu\/sv\/wp-json\/wp\/v2\/pages\/76868\/revisions"}],"predecessor-version":[{"id":167280,"href":"https:\/\/xometry.eu\/sv\/wp-json\/wp\/v2\/pages\/76868\/revisions\/167280"}],"wp:attachment":[{"href":"https:\/\/xometry.eu\/sv\/wp-json\/wp\/v2\/media?parent=76868"}],"curies":[{"name":"wp","href":"https:\/\/api.w.org\/{rel}","templated":true}]}}