{"id":76851,"date":"2022-10-07T14:39:39","date_gmt":"2022-10-07T12:39:39","guid":{"rendered":"https:\/\/xometry.eu\/vacuum-casting\/"},"modified":"2026-02-04T12:46:37","modified_gmt":"2026-02-04T10:46:37","slug":"vakuumgjutning","status":"publish","type":"page","link":"https:\/\/xometry.eu\/sv\/vakuumgjutning\/","title":{"rendered":"Vakuumgjutning"},"content":{"rendered":"","protected":false},"excerpt":{"rendered":"","protected":false},"author":10,"featured_media":134638,"parent":0,"menu_order":0,"comment_status":"closed","ping_status":"closed","template":"","meta":{"_acf_changed":false,"inline_featured_image":false,"footnotes":""},"class_list":["post-76851","page","type-page","status-publish","has-post-thumbnail","hentry"],"acf":[],"yoast_head":"<!-- This site is optimized with the Yoast SEO Premium plugin v20.5 (Yoast SEO v27.3) - https:\/\/yoast.com\/product\/yoast-seo-premium-wordpress\/ -->\n<title>Vakuumgjutning tj\u00e4nster | Xometry Europe<\/title>\n<meta name=\"description\" content=\"Xometry erbjuder tj\u00e4nster f\u00f6r vakuumgjutning, en process som resulterar i kostnadseffektivt uretangjutna delar av produktionskvalitet.\" \/>\n<meta name=\"robots\" content=\"index, follow, max-snippet:-1, max-image-preview:large, max-video-preview:-1\" \/>\n<link rel=\"canonical\" href=\"https:\/\/xometry.eu\/sv\/vakuumgjutning\/\" \/>\n<meta property=\"og:locale\" content=\"sv_SE\" \/>\n<meta property=\"og:type\" content=\"article\" \/>\n<meta property=\"og:title\" content=\"Vakuumgjutning\" \/>\n<meta property=\"og:description\" content=\"Xometry erbjuder tj\u00e4nster f\u00f6r vakuumgjutning, en process som resulterar i kostnadseffektivt uretangjutna delar av produktionskvalitet.\" \/>\n<meta property=\"og:url\" content=\"https:\/\/xometry.eu\/sv\/vakuumgjutning\/\" \/>\n<meta property=\"og:site_name\" content=\"Xometry Europe\" \/>\n<meta property=\"article:modified_time\" content=\"2026-02-04T10:46:37+00:00\" \/>\n<meta property=\"og:image\" content=\"http:\/\/xometry.eu\/wp-content\/uploads\/2023\/02\/EN-Vacuum-Casting-service-page-1440x738.jpg\" \/>\n<meta name=\"twitter:card\" content=\"summary_large_image\" \/>\n<script type=\"application\/ld+json\" class=\"yoast-schema-graph\">{\"@context\":\"https:\\\/\\\/schema.org\",\"@graph\":[{\"@type\":\"WebPage\",\"@id\":\"https:\\\/\\\/xometry.eu\\\/sv\\\/vakuumgjutning\\\/\",\"url\":\"https:\\\/\\\/xometry.eu\\\/sv\\\/vakuumgjutning\\\/\",\"name\":\"Vakuumgjutning tj\u00e4nster | Xometry Europe\",\"isPartOf\":{\"@id\":\"https:\\\/\\\/xometry.eu\\\/sv\\\/#website\"},\"primaryImageOfPage\":{\"@id\":\"https:\\\/\\\/xometry.eu\\\/sv\\\/vakuumgjutning\\\/#primaryimage\"},\"image\":{\"@id\":\"https:\\\/\\\/xometry.eu\\\/sv\\\/vakuumgjutning\\\/#primaryimage\"},\"thumbnailUrl\":\"https:\\\/\\\/xometry.eu\\\/wp-content\\\/uploads\\\/2024\\\/02\\\/SV-Vacuum-Casting-service-page.jpg\",\"datePublished\":\"2022-10-07T12:39:39+00:00\",\"dateModified\":\"2026-02-04T10:46:37+00:00\",\"description\":\"Xometry erbjuder tj\u00e4nster f\u00f6r vakuumgjutning, en process som resulterar i kostnadseffektivt uretangjutna delar av produktionskvalitet.\",\"breadcrumb\":{\"@id\":\"https:\\\/\\\/xometry.eu\\\/sv\\\/vakuumgjutning\\\/#breadcrumb\"},\"inLanguage\":\"sv-SE\",\"potentialAction\":[{\"@type\":\"ReadAction\",\"target\":[\"https:\\\/\\\/xometry.eu\\\/sv\\\/vakuumgjutning\\\/\"]}]},{\"@type\":\"ImageObject\",\"inLanguage\":\"sv-SE\",\"@id\":\"https:\\\/\\\/xometry.eu\\\/sv\\\/vakuumgjutning\\\/#primaryimage\",\"url\":\"https:\\\/\\\/xometry.eu\\\/wp-content\\\/uploads\\\/2024\\\/02\\\/SV-Vacuum-Casting-service-page.jpg\",\"contentUrl\":\"https:\\\/\\\/xometry.eu\\\/wp-content\\\/uploads\\\/2024\\\/02\\\/SV-Vacuum-Casting-service-page.jpg\",\"width\":2400,\"height\":1230},{\"@type\":\"BreadcrumbList\",\"@id\":\"https:\\\/\\\/xometry.eu\\\/sv\\\/vakuumgjutning\\\/#breadcrumb\",\"itemListElement\":[{\"@type\":\"ListItem\",\"position\":1,\"name\":\"Home\",\"item\":\"https:\\\/\\\/xometry.eu\\\/sv\\\/\"},{\"@type\":\"ListItem\",\"position\":2,\"name\":\"Vakuumgjutning\"}]},{\"@type\":\"WebSite\",\"@id\":\"https:\\\/\\\/xometry.eu\\\/sv\\\/#website\",\"url\":\"https:\\\/\\\/xometry.eu\\\/sv\\\/\",\"name\":\"Xometry Europe\",\"description\":\"\",\"publisher\":{\"@id\":\"https:\\\/\\\/xometry.eu\\\/sv\\\/#organization\"},\"potentialAction\":[{\"@type\":\"SearchAction\",\"target\":{\"@type\":\"EntryPoint\",\"urlTemplate\":\"https:\\\/\\\/xometry.eu\\\/sv\\\/?s={search_term_string}\"},\"query-input\":{\"@type\":\"PropertyValueSpecification\",\"valueRequired\":true,\"valueName\":\"search_term_string\"}}],\"inLanguage\":\"sv-SE\"}]}<\/script>\n<!-- \/ Yoast SEO Premium plugin. -->","yoast_head_json":{"title":"Vakuumgjutning tj\u00e4nster | Xometry Europe","description":"Xometry erbjuder tj\u00e4nster f\u00f6r vakuumgjutning, en process som resulterar i kostnadseffektivt uretangjutna delar av produktionskvalitet.","robots":{"index":"index","follow":"follow","max-snippet":"max-snippet:-1","max-image-preview":"max-image-preview:large","max-video-preview":"max-video-preview:-1"},"canonical":"https:\/\/xometry.eu\/sv\/vakuumgjutning\/","og_locale":"sv_SE","og_type":"article","og_title":"Vakuumgjutning","og_description":"Xometry erbjuder tj\u00e4nster f\u00f6r vakuumgjutning, en process som resulterar i kostnadseffektivt uretangjutna delar av produktionskvalitet.","og_url":"https:\/\/xometry.eu\/sv\/vakuumgjutning\/","og_site_name":"Xometry Europe","article_modified_time":"2026-02-04T10:46:37+00:00","og_image":[{"url":"http:\/\/xometry.eu\/wp-content\/uploads\/2023\/02\/EN-Vacuum-Casting-service-page-1440x738.jpg","type":"","width":"","height":""}],"twitter_card":"summary_large_image","schema":{"@context":"https:\/\/schema.org","@graph":[{"@type":"WebPage","@id":"https:\/\/xometry.eu\/sv\/vakuumgjutning\/","url":"https:\/\/xometry.eu\/sv\/vakuumgjutning\/","name":"Vakuumgjutning tj\u00e4nster | Xometry Europe","isPartOf":{"@id":"https:\/\/xometry.eu\/sv\/#website"},"primaryImageOfPage":{"@id":"https:\/\/xometry.eu\/sv\/vakuumgjutning\/#primaryimage"},"image":{"@id":"https:\/\/xometry.eu\/sv\/vakuumgjutning\/#primaryimage"},"thumbnailUrl":"https:\/\/xometry.eu\/wp-content\/uploads\/2024\/02\/SV-Vacuum-Casting-service-page.jpg","datePublished":"2022-10-07T12:39:39+00:00","dateModified":"2026-02-04T10:46:37+00:00","description":"Xometry erbjuder tj\u00e4nster f\u00f6r vakuumgjutning, en process som resulterar i kostnadseffektivt uretangjutna delar av produktionskvalitet.","breadcrumb":{"@id":"https:\/\/xometry.eu\/sv\/vakuumgjutning\/#breadcrumb"},"inLanguage":"sv-SE","potentialAction":[{"@type":"ReadAction","target":["https:\/\/xometry.eu\/sv\/vakuumgjutning\/"]}]},{"@type":"ImageObject","inLanguage":"sv-SE","@id":"https:\/\/xometry.eu\/sv\/vakuumgjutning\/#primaryimage","url":"https:\/\/xometry.eu\/wp-content\/uploads\/2024\/02\/SV-Vacuum-Casting-service-page.jpg","contentUrl":"https:\/\/xometry.eu\/wp-content\/uploads\/2024\/02\/SV-Vacuum-Casting-service-page.jpg","width":2400,"height":1230},{"@type":"BreadcrumbList","@id":"https:\/\/xometry.eu\/sv\/vakuumgjutning\/#breadcrumb","itemListElement":[{"@type":"ListItem","position":1,"name":"Home","item":"https:\/\/xometry.eu\/sv\/"},{"@type":"ListItem","position":2,"name":"Vakuumgjutning"}]},{"@type":"WebSite","@id":"https:\/\/xometry.eu\/sv\/#website","url":"https:\/\/xometry.eu\/sv\/","name":"Xometry Europe","description":"","publisher":{"@id":"https:\/\/xometry.eu\/sv\/#organization"},"potentialAction":[{"@type":"SearchAction","target":{"@type":"EntryPoint","urlTemplate":"https:\/\/xometry.eu\/sv\/?s={search_term_string}"},"query-input":{"@type":"PropertyValueSpecification","valueRequired":true,"valueName":"search_term_string"}}],"inLanguage":"sv-SE"}]}},"_links":{"self":[{"href":"https:\/\/xometry.eu\/sv\/wp-json\/wp\/v2\/pages\/76851","targetHints":{"allow":["GET"]}}],"collection":[{"href":"https:\/\/xometry.eu\/sv\/wp-json\/wp\/v2\/pages"}],"about":[{"href":"https:\/\/xometry.eu\/sv\/wp-json\/wp\/v2\/types\/page"}],"author":[{"embeddable":true,"href":"https:\/\/xometry.eu\/sv\/wp-json\/wp\/v2\/users\/10"}],"replies":[{"embeddable":true,"href":"https:\/\/xometry.eu\/sv\/wp-json\/wp\/v2\/comments?post=76851"}],"version-history":[{"count":0,"href":"https:\/\/xometry.eu\/sv\/wp-json\/wp\/v2\/pages\/76851\/revisions"}],"wp:featuredmedia":[{"embeddable":true,"href":"https:\/\/xometry.eu\/sv\/wp-json\/wp\/v2\/media\/134638"}],"wp:attachment":[{"href":"https:\/\/xometry.eu\/sv\/wp-json\/wp\/v2\/media?parent=76851"}],"curies":[{"name":"wp","href":"https:\/\/api.w.org\/{rel}","templated":true}]}}