{"id":76825,"date":"2021-04-30T09:47:55","date_gmt":"2021-04-30T09:47:55","guid":{"rendered":"https:\/\/xometry.eu\/polyjet-3d-printing\/"},"modified":"2026-02-05T16:08:59","modified_gmt":"2026-02-05T14:08:59","slug":"polyjet","status":"publish","type":"page","link":"https:\/\/xometry.eu\/sv\/polyjet\/","title":{"rendered":"Polyjet"},"content":{"rendered":"","protected":false},"excerpt":{"rendered":"","protected":false},"author":10,"featured_media":134594,"parent":0,"menu_order":0,"comment_status":"closed","ping_status":"closed","template":"","meta":{"_acf_changed":false,"inline_featured_image":false,"footnotes":""},"class_list":["post-76825","page","type-page","status-publish","has-post-thumbnail","hentry"],"acf":[],"yoast_head":"<!-- This site is optimized with the Yoast SEO Premium plugin v20.5 (Yoast SEO v27.1.1) - https:\/\/yoast.com\/product\/yoast-seo-premium-wordpress\/ -->\n<title>Polyjet 3D printing-tj\u00e4nster online | Xometry Europe<\/title>\n<meta name=\"description\" content=\"F\u00f6rstklassiga polyjet 3D printing-tj\u00e4nster: prototyper och serier med delar av fotopolymerer. Ladda upp dina 3D-modeller och f\u00e5 en offert!\" \/>\n<meta name=\"robots\" content=\"index, follow, max-snippet:-1, max-image-preview:large, max-video-preview:-1\" \/>\n<link rel=\"canonical\" href=\"https:\/\/xometry.eu\/sv\/polyjet\/\" \/>\n<meta property=\"og:locale\" content=\"sv_SE\" \/>\n<meta property=\"og:type\" content=\"article\" \/>\n<meta property=\"og:title\" content=\"Polyjet\" \/>\n<meta property=\"og:description\" content=\"F\u00f6rstklassiga polyjet 3D printing-tj\u00e4nster: prototyper och serier med delar av fotopolymerer. Ladda upp dina 3D-modeller och f\u00e5 en offert!\" \/>\n<meta property=\"og:url\" content=\"https:\/\/xometry.eu\/sv\/polyjet\/\" \/>\n<meta property=\"og:site_name\" content=\"Xometry Europe\" \/>\n<meta property=\"article:modified_time\" content=\"2026-02-05T14:08:59+00:00\" \/>\n<meta property=\"og:image\" content=\"https:\/\/xometry.eu\/wp-content\/uploads\/2024\/02\/SV-Polyjet-service-page.jpg\" \/>\n\t<meta property=\"og:image:width\" content=\"2400\" \/>\n\t<meta property=\"og:image:height\" content=\"1230\" \/>\n\t<meta property=\"og:image:type\" content=\"image\/jpeg\" \/>\n<meta name=\"twitter:card\" content=\"summary_large_image\" \/>\n<script type=\"application\/ld+json\" class=\"yoast-schema-graph\">{\"@context\":\"https:\/\/schema.org\",\"@graph\":[{\"@type\":\"WebPage\",\"@id\":\"https:\/\/xometry.eu\/sv\/polyjet\/\",\"url\":\"https:\/\/xometry.eu\/sv\/polyjet\/\",\"name\":\"Polyjet 3D printing-tj\u00e4nster online | Xometry Europe\",\"isPartOf\":{\"@id\":\"https:\/\/xometry.eu\/sv\/#website\"},\"primaryImageOfPage\":{\"@id\":\"https:\/\/xometry.eu\/sv\/polyjet\/#primaryimage\"},\"image\":{\"@id\":\"https:\/\/xometry.eu\/sv\/polyjet\/#primaryimage\"},\"thumbnailUrl\":\"https:\/\/xometry.eu\/wp-content\/uploads\/2024\/02\/SV-Polyjet-service-page.jpg\",\"datePublished\":\"2021-04-30T09:47:55+00:00\",\"dateModified\":\"2026-02-05T14:08:59+00:00\",\"description\":\"F\u00f6rstklassiga polyjet 3D printing-tj\u00e4nster: prototyper och serier med delar av fotopolymerer. Ladda upp dina 3D-modeller och f\u00e5 en offert!\",\"breadcrumb\":{\"@id\":\"https:\/\/xometry.eu\/sv\/polyjet\/#breadcrumb\"},\"inLanguage\":\"sv-SE\",\"potentialAction\":[{\"@type\":\"ReadAction\",\"target\":[\"https:\/\/xometry.eu\/sv\/polyjet\/\"]}]},{\"@type\":\"ImageObject\",\"inLanguage\":\"sv-SE\",\"@id\":\"https:\/\/xometry.eu\/sv\/polyjet\/#primaryimage\",\"url\":\"https:\/\/xometry.eu\/wp-content\/uploads\/2024\/02\/SV-Polyjet-service-page.jpg\",\"contentUrl\":\"https:\/\/xometry.eu\/wp-content\/uploads\/2024\/02\/SV-Polyjet-service-page.jpg\",\"width\":2400,\"height\":1230},{\"@type\":\"BreadcrumbList\",\"@id\":\"https:\/\/xometry.eu\/sv\/polyjet\/#breadcrumb\",\"itemListElement\":[{\"@type\":\"ListItem\",\"position\":1,\"name\":\"Home\",\"item\":\"https:\/\/xometry.eu\/sv\/\"},{\"@type\":\"ListItem\",\"position\":2,\"name\":\"Polyjet\"}]},{\"@type\":\"WebSite\",\"@id\":\"https:\/\/xometry.eu\/sv\/#website\",\"url\":\"https:\/\/xometry.eu\/sv\/\",\"name\":\"Xometry Europe\",\"description\":\"\",\"publisher\":{\"@id\":\"https:\/\/xometry.eu\/sv\/#organization\"},\"potentialAction\":[{\"@type\":\"SearchAction\",\"target\":{\"@type\":\"EntryPoint\",\"urlTemplate\":\"https:\/\/xometry.eu\/sv\/?s={search_term_string}\"},\"query-input\":{\"@type\":\"PropertyValueSpecification\",\"valueRequired\":true,\"valueName\":\"search_term_string\"}}],\"inLanguage\":\"sv-SE\"}]}<\/script>\n<!-- \/ Yoast SEO Premium plugin. -->","yoast_head_json":{"title":"Polyjet 3D printing-tj\u00e4nster online | Xometry Europe","description":"F\u00f6rstklassiga polyjet 3D printing-tj\u00e4nster: prototyper och serier med delar av fotopolymerer. Ladda upp dina 3D-modeller och f\u00e5 en offert!","robots":{"index":"index","follow":"follow","max-snippet":"max-snippet:-1","max-image-preview":"max-image-preview:large","max-video-preview":"max-video-preview:-1"},"canonical":"https:\/\/xometry.eu\/sv\/polyjet\/","og_locale":"sv_SE","og_type":"article","og_title":"Polyjet","og_description":"F\u00f6rstklassiga polyjet 3D printing-tj\u00e4nster: prototyper och serier med delar av fotopolymerer. Ladda upp dina 3D-modeller och f\u00e5 en offert!","og_url":"https:\/\/xometry.eu\/sv\/polyjet\/","og_site_name":"Xometry Europe","article_modified_time":"2026-02-05T14:08:59+00:00","og_image":[{"width":2400,"height":1230,"url":"https:\/\/xometry.eu\/wp-content\/uploads\/2024\/02\/SV-Polyjet-service-page.jpg","type":"image\/jpeg"}],"twitter_card":"summary_large_image","schema":{"@context":"https:\/\/schema.org","@graph":[{"@type":"WebPage","@id":"https:\/\/xometry.eu\/sv\/polyjet\/","url":"https:\/\/xometry.eu\/sv\/polyjet\/","name":"Polyjet 3D printing-tj\u00e4nster online | Xometry Europe","isPartOf":{"@id":"https:\/\/xometry.eu\/sv\/#website"},"primaryImageOfPage":{"@id":"https:\/\/xometry.eu\/sv\/polyjet\/#primaryimage"},"image":{"@id":"https:\/\/xometry.eu\/sv\/polyjet\/#primaryimage"},"thumbnailUrl":"https:\/\/xometry.eu\/wp-content\/uploads\/2024\/02\/SV-Polyjet-service-page.jpg","datePublished":"2021-04-30T09:47:55+00:00","dateModified":"2026-02-05T14:08:59+00:00","description":"F\u00f6rstklassiga polyjet 3D printing-tj\u00e4nster: prototyper och serier med delar av fotopolymerer. Ladda upp dina 3D-modeller och f\u00e5 en offert!","breadcrumb":{"@id":"https:\/\/xometry.eu\/sv\/polyjet\/#breadcrumb"},"inLanguage":"sv-SE","potentialAction":[{"@type":"ReadAction","target":["https:\/\/xometry.eu\/sv\/polyjet\/"]}]},{"@type":"ImageObject","inLanguage":"sv-SE","@id":"https:\/\/xometry.eu\/sv\/polyjet\/#primaryimage","url":"https:\/\/xometry.eu\/wp-content\/uploads\/2024\/02\/SV-Polyjet-service-page.jpg","contentUrl":"https:\/\/xometry.eu\/wp-content\/uploads\/2024\/02\/SV-Polyjet-service-page.jpg","width":2400,"height":1230},{"@type":"BreadcrumbList","@id":"https:\/\/xometry.eu\/sv\/polyjet\/#breadcrumb","itemListElement":[{"@type":"ListItem","position":1,"name":"Home","item":"https:\/\/xometry.eu\/sv\/"},{"@type":"ListItem","position":2,"name":"Polyjet"}]},{"@type":"WebSite","@id":"https:\/\/xometry.eu\/sv\/#website","url":"https:\/\/xometry.eu\/sv\/","name":"Xometry Europe","description":"","publisher":{"@id":"https:\/\/xometry.eu\/sv\/#organization"},"potentialAction":[{"@type":"SearchAction","target":{"@type":"EntryPoint","urlTemplate":"https:\/\/xometry.eu\/sv\/?s={search_term_string}"},"query-input":{"@type":"PropertyValueSpecification","valueRequired":true,"valueName":"search_term_string"}}],"inLanguage":"sv-SE"}]}},"_links":{"self":[{"href":"https:\/\/xometry.eu\/sv\/wp-json\/wp\/v2\/pages\/76825","targetHints":{"allow":["GET"]}}],"collection":[{"href":"https:\/\/xometry.eu\/sv\/wp-json\/wp\/v2\/pages"}],"about":[{"href":"https:\/\/xometry.eu\/sv\/wp-json\/wp\/v2\/types\/page"}],"author":[{"embeddable":true,"href":"https:\/\/xometry.eu\/sv\/wp-json\/wp\/v2\/users\/10"}],"replies":[{"embeddable":true,"href":"https:\/\/xometry.eu\/sv\/wp-json\/wp\/v2\/comments?post=76825"}],"version-history":[{"count":2,"href":"https:\/\/xometry.eu\/sv\/wp-json\/wp\/v2\/pages\/76825\/revisions"}],"predecessor-version":[{"id":170011,"href":"https:\/\/xometry.eu\/sv\/wp-json\/wp\/v2\/pages\/76825\/revisions\/170011"}],"wp:featuredmedia":[{"embeddable":true,"href":"https:\/\/xometry.eu\/sv\/wp-json\/wp\/v2\/media\/134594"}],"wp:attachment":[{"href":"https:\/\/xometry.eu\/sv\/wp-json\/wp\/v2\/media?parent=76825"}],"curies":[{"name":"wp","href":"https:\/\/api.w.org\/{rel}","templated":true}]}}