{"id":76786,"date":"2020-06-18T14:18:22","date_gmt":"2020-06-18T14:18:22","guid":{"rendered":"https:\/\/xometry.eu\/fdm-3d-printing\/"},"modified":"2026-02-05T14:13:08","modified_gmt":"2026-02-05T12:13:08","slug":"fused-deposition-modeling-fdm","status":"publish","type":"page","link":"https:\/\/xometry.eu\/sv\/fused-deposition-modeling-fdm\/","title":{"rendered":"Fused deposition modeling (FDM)"},"content":{"rendered":"","protected":false},"excerpt":{"rendered":"","protected":false},"author":2,"featured_media":134484,"parent":0,"menu_order":0,"comment_status":"closed","ping_status":"closed","template":"","meta":{"_acf_changed":false,"inline_featured_image":false,"footnotes":""},"class_list":["post-76786","page","type-page","status-publish","has-post-thumbnail","hentry"],"acf":[],"yoast_head":"<!-- This site is optimized with the Yoast SEO Premium plugin v20.5 (Yoast SEO v27.3) - https:\/\/yoast.com\/product\/yoast-seo-premium-wordpress\/ -->\n<title>FDM 3D printing-tj\u00e4nster online | Xometry Europe<\/title>\n<meta name=\"description\" content=\"F\u00f6rstklassiga FDM 3D printing-tj\u00e4nster: prototyper och serier med delar. Ladda upp dina 3D-modeller och f\u00e5 en offert omedelbart!\" \/>\n<meta name=\"robots\" content=\"index, follow, max-snippet:-1, max-image-preview:large, max-video-preview:-1\" \/>\n<link rel=\"canonical\" href=\"https:\/\/xometry.eu\/sv\/fused-deposition-modeling-fdm\/\" \/>\n<meta property=\"og:locale\" content=\"sv_SE\" \/>\n<meta property=\"og:type\" content=\"article\" \/>\n<meta property=\"og:title\" content=\"Fused deposition modeling (FDM)\" \/>\n<meta property=\"og:description\" content=\"F\u00f6rstklassiga FDM 3D printing-tj\u00e4nster: prototyper och serier med delar. Ladda upp dina 3D-modeller och f\u00e5 en offert omedelbart!\" \/>\n<meta property=\"og:url\" content=\"https:\/\/xometry.eu\/sv\/fused-deposition-modeling-fdm\/\" \/>\n<meta property=\"og:site_name\" content=\"Xometry Europe\" \/>\n<meta property=\"article:modified_time\" content=\"2026-02-05T12:13:08+00:00\" \/>\n<meta property=\"og:image\" content=\"https:\/\/xometry.eu\/wp-content\/uploads\/2020\/08\/fdm-3d-printing-services.jpg\" \/>\n\t<meta property=\"og:image:width\" content=\"1200\" \/>\n\t<meta property=\"og:image:height\" content=\"630\" \/>\n\t<meta property=\"og:image:type\" content=\"image\/jpeg\" \/>\n<meta name=\"twitter:card\" content=\"summary_large_image\" \/>\n<meta name=\"twitter:image\" content=\"https:\/\/xometry.eu\/wp-content\/uploads\/2020\/08\/fdm-3d-printing-services.jpg\" \/>\n<script type=\"application\/ld+json\" class=\"yoast-schema-graph\">{\"@context\":\"https:\\\/\\\/schema.org\",\"@graph\":[{\"@type\":\"WebPage\",\"@id\":\"https:\\\/\\\/xometry.eu\\\/sv\\\/fused-deposition-modeling-fdm\\\/\",\"url\":\"https:\\\/\\\/xometry.eu\\\/sv\\\/fused-deposition-modeling-fdm\\\/\",\"name\":\"FDM 3D printing-tj\u00e4nster online | Xometry Europe\",\"isPartOf\":{\"@id\":\"https:\\\/\\\/xometry.eu\\\/sv\\\/#website\"},\"primaryImageOfPage\":{\"@id\":\"https:\\\/\\\/xometry.eu\\\/sv\\\/fused-deposition-modeling-fdm\\\/#primaryimage\"},\"image\":{\"@id\":\"https:\\\/\\\/xometry.eu\\\/sv\\\/fused-deposition-modeling-fdm\\\/#primaryimage\"},\"thumbnailUrl\":\"https:\\\/\\\/xometry.eu\\\/wp-content\\\/uploads\\\/2024\\\/02\\\/SV-FDM-service-page.jpg\",\"datePublished\":\"2020-06-18T14:18:22+00:00\",\"dateModified\":\"2026-02-05T12:13:08+00:00\",\"description\":\"F\u00f6rstklassiga FDM 3D printing-tj\u00e4nster: prototyper och serier med delar. Ladda upp dina 3D-modeller och f\u00e5 en offert omedelbart!\",\"breadcrumb\":{\"@id\":\"https:\\\/\\\/xometry.eu\\\/sv\\\/fused-deposition-modeling-fdm\\\/#breadcrumb\"},\"inLanguage\":\"sv-SE\",\"potentialAction\":[{\"@type\":\"ReadAction\",\"target\":[\"https:\\\/\\\/xometry.eu\\\/sv\\\/fused-deposition-modeling-fdm\\\/\"]}]},{\"@type\":\"ImageObject\",\"inLanguage\":\"sv-SE\",\"@id\":\"https:\\\/\\\/xometry.eu\\\/sv\\\/fused-deposition-modeling-fdm\\\/#primaryimage\",\"url\":\"https:\\\/\\\/xometry.eu\\\/wp-content\\\/uploads\\\/2024\\\/02\\\/SV-FDM-service-page.jpg\",\"contentUrl\":\"https:\\\/\\\/xometry.eu\\\/wp-content\\\/uploads\\\/2024\\\/02\\\/SV-FDM-service-page.jpg\",\"width\":2400,\"height\":1229},{\"@type\":\"BreadcrumbList\",\"@id\":\"https:\\\/\\\/xometry.eu\\\/sv\\\/fused-deposition-modeling-fdm\\\/#breadcrumb\",\"itemListElement\":[{\"@type\":\"ListItem\",\"position\":1,\"name\":\"Home\",\"item\":\"https:\\\/\\\/xometry.eu\\\/sv\\\/\"},{\"@type\":\"ListItem\",\"position\":2,\"name\":\"Fused deposition modeling (FDM)\"}]},{\"@type\":\"WebSite\",\"@id\":\"https:\\\/\\\/xometry.eu\\\/sv\\\/#website\",\"url\":\"https:\\\/\\\/xometry.eu\\\/sv\\\/\",\"name\":\"Xometry Europe\",\"description\":\"\",\"publisher\":{\"@id\":\"https:\\\/\\\/xometry.eu\\\/sv\\\/#organization\"},\"potentialAction\":[{\"@type\":\"SearchAction\",\"target\":{\"@type\":\"EntryPoint\",\"urlTemplate\":\"https:\\\/\\\/xometry.eu\\\/sv\\\/?s={search_term_string}\"},\"query-input\":{\"@type\":\"PropertyValueSpecification\",\"valueRequired\":true,\"valueName\":\"search_term_string\"}}],\"inLanguage\":\"sv-SE\"}]}<\/script>\n<!-- \/ Yoast SEO Premium plugin. -->","yoast_head_json":{"title":"FDM 3D printing-tj\u00e4nster online | Xometry Europe","description":"F\u00f6rstklassiga FDM 3D printing-tj\u00e4nster: prototyper och serier med delar. Ladda upp dina 3D-modeller och f\u00e5 en offert omedelbart!","robots":{"index":"index","follow":"follow","max-snippet":"max-snippet:-1","max-image-preview":"max-image-preview:large","max-video-preview":"max-video-preview:-1"},"canonical":"https:\/\/xometry.eu\/sv\/fused-deposition-modeling-fdm\/","og_locale":"sv_SE","og_type":"article","og_title":"Fused deposition modeling (FDM)","og_description":"F\u00f6rstklassiga FDM 3D printing-tj\u00e4nster: prototyper och serier med delar. Ladda upp dina 3D-modeller och f\u00e5 en offert omedelbart!","og_url":"https:\/\/xometry.eu\/sv\/fused-deposition-modeling-fdm\/","og_site_name":"Xometry Europe","article_modified_time":"2026-02-05T12:13:08+00:00","og_image":[{"width":1200,"height":630,"url":"https:\/\/xometry.eu\/wp-content\/uploads\/2020\/08\/fdm-3d-printing-services.jpg","type":"image\/jpeg"}],"twitter_card":"summary_large_image","twitter_image":"https:\/\/xometry.eu\/wp-content\/uploads\/2020\/08\/fdm-3d-printing-services.jpg","schema":{"@context":"https:\/\/schema.org","@graph":[{"@type":"WebPage","@id":"https:\/\/xometry.eu\/sv\/fused-deposition-modeling-fdm\/","url":"https:\/\/xometry.eu\/sv\/fused-deposition-modeling-fdm\/","name":"FDM 3D printing-tj\u00e4nster online | Xometry Europe","isPartOf":{"@id":"https:\/\/xometry.eu\/sv\/#website"},"primaryImageOfPage":{"@id":"https:\/\/xometry.eu\/sv\/fused-deposition-modeling-fdm\/#primaryimage"},"image":{"@id":"https:\/\/xometry.eu\/sv\/fused-deposition-modeling-fdm\/#primaryimage"},"thumbnailUrl":"https:\/\/xometry.eu\/wp-content\/uploads\/2024\/02\/SV-FDM-service-page.jpg","datePublished":"2020-06-18T14:18:22+00:00","dateModified":"2026-02-05T12:13:08+00:00","description":"F\u00f6rstklassiga FDM 3D printing-tj\u00e4nster: prototyper och serier med delar. Ladda upp dina 3D-modeller och f\u00e5 en offert omedelbart!","breadcrumb":{"@id":"https:\/\/xometry.eu\/sv\/fused-deposition-modeling-fdm\/#breadcrumb"},"inLanguage":"sv-SE","potentialAction":[{"@type":"ReadAction","target":["https:\/\/xometry.eu\/sv\/fused-deposition-modeling-fdm\/"]}]},{"@type":"ImageObject","inLanguage":"sv-SE","@id":"https:\/\/xometry.eu\/sv\/fused-deposition-modeling-fdm\/#primaryimage","url":"https:\/\/xometry.eu\/wp-content\/uploads\/2024\/02\/SV-FDM-service-page.jpg","contentUrl":"https:\/\/xometry.eu\/wp-content\/uploads\/2024\/02\/SV-FDM-service-page.jpg","width":2400,"height":1229},{"@type":"BreadcrumbList","@id":"https:\/\/xometry.eu\/sv\/fused-deposition-modeling-fdm\/#breadcrumb","itemListElement":[{"@type":"ListItem","position":1,"name":"Home","item":"https:\/\/xometry.eu\/sv\/"},{"@type":"ListItem","position":2,"name":"Fused deposition modeling (FDM)"}]},{"@type":"WebSite","@id":"https:\/\/xometry.eu\/sv\/#website","url":"https:\/\/xometry.eu\/sv\/","name":"Xometry Europe","description":"","publisher":{"@id":"https:\/\/xometry.eu\/sv\/#organization"},"potentialAction":[{"@type":"SearchAction","target":{"@type":"EntryPoint","urlTemplate":"https:\/\/xometry.eu\/sv\/?s={search_term_string}"},"query-input":{"@type":"PropertyValueSpecification","valueRequired":true,"valueName":"search_term_string"}}],"inLanguage":"sv-SE"}]}},"_links":{"self":[{"href":"https:\/\/xometry.eu\/sv\/wp-json\/wp\/v2\/pages\/76786","targetHints":{"allow":["GET"]}}],"collection":[{"href":"https:\/\/xometry.eu\/sv\/wp-json\/wp\/v2\/pages"}],"about":[{"href":"https:\/\/xometry.eu\/sv\/wp-json\/wp\/v2\/types\/page"}],"author":[{"embeddable":true,"href":"https:\/\/xometry.eu\/sv\/wp-json\/wp\/v2\/users\/2"}],"replies":[{"embeddable":true,"href":"https:\/\/xometry.eu\/sv\/wp-json\/wp\/v2\/comments?post=76786"}],"version-history":[{"count":0,"href":"https:\/\/xometry.eu\/sv\/wp-json\/wp\/v2\/pages\/76786\/revisions"}],"wp:featuredmedia":[{"embeddable":true,"href":"https:\/\/xometry.eu\/sv\/wp-json\/wp\/v2\/media\/134484"}],"wp:attachment":[{"href":"https:\/\/xometry.eu\/sv\/wp-json\/wp\/v2\/media?parent=76786"}],"curies":[{"name":"wp","href":"https:\/\/api.w.org\/{rel}","templated":true}]}}