{"id":76748,"date":"2020-05-15T09:16:54","date_gmt":"2020-05-15T09:16:54","guid":{"rendered":"https:\/\/xometry.eu\/plasma-cutting\/"},"modified":"2026-02-05T15:43:52","modified_gmt":"2026-02-05T13:43:52","slug":"plasmaskarning","status":"publish","type":"page","link":"https:\/\/xometry.eu\/sv\/plasmaskarning\/","title":{"rendered":"Plasmask\u00e4rning"},"content":{"rendered":"","protected":false},"excerpt":{"rendered":"","protected":false},"author":1,"featured_media":134396,"parent":0,"menu_order":0,"comment_status":"closed","ping_status":"closed","template":"","meta":{"_acf_changed":false,"inline_featured_image":false,"footnotes":""},"class_list":["post-76748","page","type-page","status-publish","has-post-thumbnail","hentry"],"acf":[],"yoast_head":"<!-- This site is optimized with the Yoast SEO Premium plugin v20.5 (Yoast SEO v27.1.1) - https:\/\/yoast.com\/product\/yoast-seo-premium-wordpress\/ -->\n<title>Plasmask\u00e4rning tj\u00e4nster | Best\u00e4ll delar online | Xometry Europe<\/title>\n<meta name=\"description\" content=\"Vi tillhandah\u00e5ller tj\u00e4nster f\u00f6r plasmask\u00e4rning, f\u00f6r produktion av b\u00e5de seriedelar och prototyper av aluminium, st\u00e5l och kopparlegeringar.\" \/>\n<meta name=\"robots\" content=\"index, follow, max-snippet:-1, max-image-preview:large, max-video-preview:-1\" \/>\n<link rel=\"canonical\" href=\"https:\/\/xometry.eu\/sv\/plasmaskarning\/\" \/>\n<meta property=\"og:locale\" content=\"sv_SE\" \/>\n<meta property=\"og:type\" content=\"article\" \/>\n<meta property=\"og:title\" content=\"Plasmask\u00e4rning\" \/>\n<meta property=\"og:description\" content=\"Vi tillhandah\u00e5ller tj\u00e4nster f\u00f6r plasmask\u00e4rning, f\u00f6r produktion av b\u00e5de seriedelar och prototyper av aluminium, st\u00e5l och kopparlegeringar.\" \/>\n<meta property=\"og:url\" content=\"https:\/\/xometry.eu\/sv\/plasmaskarning\/\" \/>\n<meta property=\"og:site_name\" content=\"Xometry Europe\" \/>\n<meta property=\"article:modified_time\" content=\"2026-02-05T13:43:52+00:00\" \/>\n<meta property=\"og:image\" content=\"https:\/\/xometry.eu\/wp-content\/uploads\/2020\/08\/plasma-cutting-sheet-metal-services-\u043a\u043e\u043f\u0438\u044f.jpg\" \/>\n\t<meta property=\"og:image:width\" content=\"1200\" \/>\n\t<meta property=\"og:image:height\" content=\"630\" \/>\n\t<meta property=\"og:image:type\" content=\"image\/jpeg\" \/>\n<meta name=\"twitter:card\" content=\"summary_large_image\" \/>\n<meta name=\"twitter:image\" content=\"https:\/\/xometry.eu\/wp-content\/uploads\/2020\/08\/plasma-cutting-sheet-metal-services-\u043a\u043e\u043f\u0438\u044f.jpg\" \/>\n<script type=\"application\/ld+json\" class=\"yoast-schema-graph\">{\"@context\":\"https:\/\/schema.org\",\"@graph\":[{\"@type\":\"WebPage\",\"@id\":\"https:\/\/xometry.eu\/sv\/plasmaskarning\/\",\"url\":\"https:\/\/xometry.eu\/sv\/plasmaskarning\/\",\"name\":\"Plasmask\u00e4rning tj\u00e4nster | Best\u00e4ll delar online | Xometry Europe\",\"isPartOf\":{\"@id\":\"https:\/\/xometry.eu\/sv\/#website\"},\"primaryImageOfPage\":{\"@id\":\"https:\/\/xometry.eu\/sv\/plasmaskarning\/#primaryimage\"},\"image\":{\"@id\":\"https:\/\/xometry.eu\/sv\/plasmaskarning\/#primaryimage\"},\"thumbnailUrl\":\"https:\/\/xometry.eu\/wp-content\/uploads\/2024\/02\/SV-Plasma-cutting-service-page.jpg\",\"datePublished\":\"2020-05-15T09:16:54+00:00\",\"dateModified\":\"2026-02-05T13:43:52+00:00\",\"description\":\"Vi tillhandah\u00e5ller tj\u00e4nster f\u00f6r plasmask\u00e4rning, f\u00f6r produktion av b\u00e5de seriedelar och prototyper av aluminium, st\u00e5l och kopparlegeringar.\",\"breadcrumb\":{\"@id\":\"https:\/\/xometry.eu\/sv\/plasmaskarning\/#breadcrumb\"},\"inLanguage\":\"sv-SE\",\"potentialAction\":[{\"@type\":\"ReadAction\",\"target\":[\"https:\/\/xometry.eu\/sv\/plasmaskarning\/\"]}]},{\"@type\":\"ImageObject\",\"inLanguage\":\"sv-SE\",\"@id\":\"https:\/\/xometry.eu\/sv\/plasmaskarning\/#primaryimage\",\"url\":\"https:\/\/xometry.eu\/wp-content\/uploads\/2024\/02\/SV-Plasma-cutting-service-page.jpg\",\"contentUrl\":\"https:\/\/xometry.eu\/wp-content\/uploads\/2024\/02\/SV-Plasma-cutting-service-page.jpg\",\"width\":2400,\"height\":1230},{\"@type\":\"BreadcrumbList\",\"@id\":\"https:\/\/xometry.eu\/sv\/plasmaskarning\/#breadcrumb\",\"itemListElement\":[{\"@type\":\"ListItem\",\"position\":1,\"name\":\"Home\",\"item\":\"https:\/\/xometry.eu\/sv\/\"},{\"@type\":\"ListItem\",\"position\":2,\"name\":\"Plasmask\u00e4rning\"}]},{\"@type\":\"WebSite\",\"@id\":\"https:\/\/xometry.eu\/sv\/#website\",\"url\":\"https:\/\/xometry.eu\/sv\/\",\"name\":\"Xometry Europe\",\"description\":\"\",\"publisher\":{\"@id\":\"https:\/\/xometry.eu\/sv\/#organization\"},\"potentialAction\":[{\"@type\":\"SearchAction\",\"target\":{\"@type\":\"EntryPoint\",\"urlTemplate\":\"https:\/\/xometry.eu\/sv\/?s={search_term_string}\"},\"query-input\":{\"@type\":\"PropertyValueSpecification\",\"valueRequired\":true,\"valueName\":\"search_term_string\"}}],\"inLanguage\":\"sv-SE\"}]}<\/script>\n<!-- \/ Yoast SEO Premium plugin. -->","yoast_head_json":{"title":"Plasmask\u00e4rning tj\u00e4nster | Best\u00e4ll delar online | Xometry Europe","description":"Vi tillhandah\u00e5ller tj\u00e4nster f\u00f6r plasmask\u00e4rning, f\u00f6r produktion av b\u00e5de seriedelar och prototyper av aluminium, st\u00e5l och kopparlegeringar.","robots":{"index":"index","follow":"follow","max-snippet":"max-snippet:-1","max-image-preview":"max-image-preview:large","max-video-preview":"max-video-preview:-1"},"canonical":"https:\/\/xometry.eu\/sv\/plasmaskarning\/","og_locale":"sv_SE","og_type":"article","og_title":"Plasmask\u00e4rning","og_description":"Vi tillhandah\u00e5ller tj\u00e4nster f\u00f6r plasmask\u00e4rning, f\u00f6r produktion av b\u00e5de seriedelar och prototyper av aluminium, st\u00e5l och kopparlegeringar.","og_url":"https:\/\/xometry.eu\/sv\/plasmaskarning\/","og_site_name":"Xometry Europe","article_modified_time":"2026-02-05T13:43:52+00:00","og_image":[{"width":1200,"height":630,"url":"https:\/\/xometry.eu\/wp-content\/uploads\/2020\/08\/plasma-cutting-sheet-metal-services-\u043a\u043e\u043f\u0438\u044f.jpg","type":"image\/jpeg"}],"twitter_card":"summary_large_image","twitter_image":"https:\/\/xometry.eu\/wp-content\/uploads\/2020\/08\/plasma-cutting-sheet-metal-services-\u043a\u043e\u043f\u0438\u044f.jpg","schema":{"@context":"https:\/\/schema.org","@graph":[{"@type":"WebPage","@id":"https:\/\/xometry.eu\/sv\/plasmaskarning\/","url":"https:\/\/xometry.eu\/sv\/plasmaskarning\/","name":"Plasmask\u00e4rning tj\u00e4nster | Best\u00e4ll delar online | Xometry Europe","isPartOf":{"@id":"https:\/\/xometry.eu\/sv\/#website"},"primaryImageOfPage":{"@id":"https:\/\/xometry.eu\/sv\/plasmaskarning\/#primaryimage"},"image":{"@id":"https:\/\/xometry.eu\/sv\/plasmaskarning\/#primaryimage"},"thumbnailUrl":"https:\/\/xometry.eu\/wp-content\/uploads\/2024\/02\/SV-Plasma-cutting-service-page.jpg","datePublished":"2020-05-15T09:16:54+00:00","dateModified":"2026-02-05T13:43:52+00:00","description":"Vi tillhandah\u00e5ller tj\u00e4nster f\u00f6r plasmask\u00e4rning, f\u00f6r produktion av b\u00e5de seriedelar och prototyper av aluminium, st\u00e5l och kopparlegeringar.","breadcrumb":{"@id":"https:\/\/xometry.eu\/sv\/plasmaskarning\/#breadcrumb"},"inLanguage":"sv-SE","potentialAction":[{"@type":"ReadAction","target":["https:\/\/xometry.eu\/sv\/plasmaskarning\/"]}]},{"@type":"ImageObject","inLanguage":"sv-SE","@id":"https:\/\/xometry.eu\/sv\/plasmaskarning\/#primaryimage","url":"https:\/\/xometry.eu\/wp-content\/uploads\/2024\/02\/SV-Plasma-cutting-service-page.jpg","contentUrl":"https:\/\/xometry.eu\/wp-content\/uploads\/2024\/02\/SV-Plasma-cutting-service-page.jpg","width":2400,"height":1230},{"@type":"BreadcrumbList","@id":"https:\/\/xometry.eu\/sv\/plasmaskarning\/#breadcrumb","itemListElement":[{"@type":"ListItem","position":1,"name":"Home","item":"https:\/\/xometry.eu\/sv\/"},{"@type":"ListItem","position":2,"name":"Plasmask\u00e4rning"}]},{"@type":"WebSite","@id":"https:\/\/xometry.eu\/sv\/#website","url":"https:\/\/xometry.eu\/sv\/","name":"Xometry Europe","description":"","publisher":{"@id":"https:\/\/xometry.eu\/sv\/#organization"},"potentialAction":[{"@type":"SearchAction","target":{"@type":"EntryPoint","urlTemplate":"https:\/\/xometry.eu\/sv\/?s={search_term_string}"},"query-input":{"@type":"PropertyValueSpecification","valueRequired":true,"valueName":"search_term_string"}}],"inLanguage":"sv-SE"}]}},"_links":{"self":[{"href":"https:\/\/xometry.eu\/sv\/wp-json\/wp\/v2\/pages\/76748","targetHints":{"allow":["GET"]}}],"collection":[{"href":"https:\/\/xometry.eu\/sv\/wp-json\/wp\/v2\/pages"}],"about":[{"href":"https:\/\/xometry.eu\/sv\/wp-json\/wp\/v2\/types\/page"}],"author":[{"embeddable":true,"href":"https:\/\/xometry.eu\/sv\/wp-json\/wp\/v2\/users\/1"}],"replies":[{"embeddable":true,"href":"https:\/\/xometry.eu\/sv\/wp-json\/wp\/v2\/comments?post=76748"}],"version-history":[{"count":4,"href":"https:\/\/xometry.eu\/sv\/wp-json\/wp\/v2\/pages\/76748\/revisions"}],"predecessor-version":[{"id":169994,"href":"https:\/\/xometry.eu\/sv\/wp-json\/wp\/v2\/pages\/76748\/revisions\/169994"}],"wp:featuredmedia":[{"embeddable":true,"href":"https:\/\/xometry.eu\/sv\/wp-json\/wp\/v2\/media\/134396"}],"wp:attachment":[{"href":"https:\/\/xometry.eu\/sv\/wp-json\/wp\/v2\/media?parent=76748"}],"curies":[{"name":"wp","href":"https:\/\/api.w.org\/{rel}","templated":true}]}}