{"id":167115,"date":"2025-11-20T14:58:59","date_gmt":"2025-11-20T12:58:59","guid":{"rendered":"https:\/\/xometry.eu\/black-friday\/"},"modified":"2025-11-23T19:25:44","modified_gmt":"2025-11-23T17:25:44","slug":"black-friday","status":"publish","type":"page","link":"https:\/\/xometry.eu\/sv\/black-friday\/","title":{"rendered":"Black Friday"},"content":{"rendered":"<section class=\"hero  light blue-10 printing-3d-page\" >\r\n        <img decoding=\"async\" src=\"https:\/\/xometry.eu\/wp-content\/uploads\/2025\/11\/black-friday-left.png\" alt=\"Black Friday:  15% rabatt p\u00e5 dina delar  \" class=\"hero__left-image\" \/>\r\n            <img decoding=\"async\" src=\"https:\/\/xometry.eu\/wp-content\/uploads\/2025\/11\/black-friday-right.png\" alt=\"Black Friday:  15% rabatt p\u00e5 dina delar  \" class=\"hero__right-image\" \/>\r\n        <div class=\"hero__container section container\" style=\"padding-bottom: px;\">\r\n        <div class=\"hero__title-wrapper\">\r\n            <h1 class=\"title title--01\">Black Friday: <strong> 15% rabatt p\u00e5 dina delar <\/strong> <\/h1>\r\n            <div><p>F\u00e5 en offert, till\u00e4mpa koden och spara 15% p\u00e5 dina delar till och med 30 november*. Dessutom donerar vi 2% av ditt orderv\u00e4rde till Healthy Seas, f\u00f6r att hj\u00e4lpa deras uppdrag att st\u00e4da upp v\u00e5ra hav fr\u00e5n plaster och marint skr\u00e4p.<\/p>\n<\/div>\r\n                    <\/div>\r\n        <div class=\"hero__cards-list\">\r\n              \r\n    <a href=\"https:\/\/get.xometry.eu\/?locale=sv\" class=\"hero__cards-item card \">\r\n        <h3 class=\"title title--03\"><\/h3>\r\n        <div class=\"hero__cards-item-text \"><p>Kampanjkod: <b data-stringify-type=\"bold\">FRIDAY2025\u00a0<\/b><\/p>\n<\/div>\r\n        <span class=\"btn btn--primary btn_wide\">H\u00e4mta offert nu<\/span>\r\n            <\/a>\r\n        <\/div>\r\n            <\/div>\r\n<\/section>\n\n\r\n<section class=\"faq light light-to-dark-gradient\"  id=\"codes-terms\">\r\n    <div class=\"faq__container section container\">\r\n        <div class=\"faq__wrapper\">\r\n            <h2 class=\"title title--02\">Hur fungerar <strong> Black Friday? <\/strong><\/h2>\r\n            <div class=\"faq__list\">\r\n                                                                                                    <div class=\"faq__item  \">\r\n                            <div class=\"faq__item-question title title--04\">\r\n                                Steg f\u00f6r att aktivera rabatten                                <svg\r\n                                    xmlns=\"http:\/\/www.w3.org\/2000\/svg\"\r\n                                    width=\"28\"\r\n                                    height=\"28\"\r\n                                    viewBox=\"0 0 28 28\"\r\n                                    fill=\"none\"\r\n                                    class=\"toggle-icon\"\r\n                                >\r\n                                    <g class=\"plus\">\r\n                                    <path\r\n                                        d=\"M19.0313 13.125H14.875V8.96875C14.875 8.84844 14.7766 8.75 14.6563 8.75H13.3438C13.2234 8.75 13.125 8.84844 13.125 8.96875V13.125H8.96875C8.84844 13.125 8.75 13.2234 8.75 13.3438V14.6563C8.75 14.7766 8.84844 14.875 8.96875 14.875H13.125V19.0313C13.125 19.1516 13.2234 19.25 13.3438 19.25H14.6563C14.7766 19.25 14.875 19.1516 14.875 19.0313V14.875H19.0313C19.1516 14.875 19.25 14.7766 19.25 14.6563V13.3438C19.25 13.2234 19.1516 13.125 19.0313 13.125Z\"\r\n                                    \/>\r\n                                    <path\r\n                                        d=\"M14 1.75C7.23516 1.75 1.75 7.23516 1.75 14C1.75 20.7648 7.23516 26.25 14 26.25C20.7648 26.25 26.25 20.7648 26.25 14C26.25 7.23516 20.7648 1.75 14 1.75ZM14 24.1719C8.38359 24.1719 3.82813 19.6164 3.82813 14C3.82813 8.38359 8.38359 3.82813 14 3.82813C19.6164 3.82813 24.1719 8.38359 24.1719 14C24.1719 19.6164 19.6164 24.1719 14 24.1719Z\"\r\n                                    \/>\r\n                                    <\/g>\r\n                                    <g class=\"minus\">\r\n                                    <path\r\n                                        d=\"M19.0313 13.125H8.96875C8.84844 13.125 8.75 13.2234 8.75 13.3438V14.6563C8.75 14.7766 8.84844 14.875 8.96875 14.875H19.0313C19.1516 14.875 19.25 14.7766 19.25 14.6563V13.3438C19.25 13.2234 19.1516 13.125 19.0313 13.125Z\"\r\n                                    \/>\r\n                                    <path\r\n                                        d=\"M14 1.75C7.23516 1.75 1.75 7.23516 1.75 14C1.75 20.7648 7.23516 26.25 14 26.25C20.7648 26.25 26.25 20.7648 26.25 14C26.25 7.23516 20.7648 1.75 14 1.75ZM14 24.1719C8.38359 24.1719 3.82813 19.6164 3.82813 14C3.82813 8.38359 8.38359 3.82813 14 3.82813C19.6164 3.82813 24.1719 8.38359 24.1719 14C24.1719 19.6164 19.6164 24.1719 14 24.1719Z\"\r\n                                    \/>\r\n                                    <\/g>\r\n                                <\/svg>\r\n                            <\/div>\r\n                            <div class=\"faq__item-answer-wrapper\">\r\n                                <div class=\"faq__item-answer\">\r\n                                    <p><span data-sheets-root=\"1\">1. F\u00e5 en offert genom att anv\u00e4nda <strong>Xometrys Omedelbara<\/strong> offertverktyg (g\u00e4ller inte f\u00f6r ordrar och anpassade RFQs med utvalda leverant\u00f6rer)*.<\/p>\n<p>2. Ange kampanjkoden FRIDAY2025 i kassan senast den 30 november.<\/p>\n<p>3. F\u00e5 15% rabatt p\u00e5 dina delar.<\/p>\n<p>4. Xometry donerar 2% av ditt rabatterade orderv\u00e4rde till Healthy Seas huvudm\u00e5l: st\u00e4da upp, utbilda och f\u00f6rebygga.<\/span><\/p>\n                                <\/div>\r\n                            <\/div>\r\n                        <\/div>\r\n                                                                    <div class=\"faq__item  \">\r\n                            <div class=\"faq__item-question title title--04\">\r\n                                Healthy Seas p\u00e5verkan                                <svg\r\n                                    xmlns=\"http:\/\/www.w3.org\/2000\/svg\"\r\n                                    width=\"28\"\r\n                                    height=\"28\"\r\n                                    viewBox=\"0 0 28 28\"\r\n                                    fill=\"none\"\r\n                                    class=\"toggle-icon\"\r\n                                >\r\n                                    <g class=\"plus\">\r\n                                    <path\r\n                                        d=\"M19.0313 13.125H14.875V8.96875C14.875 8.84844 14.7766 8.75 14.6563 8.75H13.3438C13.2234 8.75 13.125 8.84844 13.125 8.96875V13.125H8.96875C8.84844 13.125 8.75 13.2234 8.75 13.3438V14.6563C8.75 14.7766 8.84844 14.875 8.96875 14.875H13.125V19.0313C13.125 19.1516 13.2234 19.25 13.3438 19.25H14.6563C14.7766 19.25 14.875 19.1516 14.875 19.0313V14.875H19.0313C19.1516 14.875 19.25 14.7766 19.25 14.6563V13.3438C19.25 13.2234 19.1516 13.125 19.0313 13.125Z\"\r\n                                    \/>\r\n                                    <path\r\n                                        d=\"M14 1.75C7.23516 1.75 1.75 7.23516 1.75 14C1.75 20.7648 7.23516 26.25 14 26.25C20.7648 26.25 26.25 20.7648 26.25 14C26.25 7.23516 20.7648 1.75 14 1.75ZM14 24.1719C8.38359 24.1719 3.82813 19.6164 3.82813 14C3.82813 8.38359 8.38359 3.82813 14 3.82813C19.6164 3.82813 24.1719 8.38359 24.1719 14C24.1719 19.6164 19.6164 24.1719 14 24.1719Z\"\r\n                                    \/>\r\n                                    <\/g>\r\n                                    <g class=\"minus\">\r\n                                    <path\r\n                                        d=\"M19.0313 13.125H8.96875C8.84844 13.125 8.75 13.2234 8.75 13.3438V14.6563C8.75 14.7766 8.84844 14.875 8.96875 14.875H19.0313C19.1516 14.875 19.25 14.7766 19.25 14.6563V13.3438C19.25 13.2234 19.1516 13.125 19.0313 13.125Z\"\r\n                                    \/>\r\n                                    <path\r\n                                        d=\"M14 1.75C7.23516 1.75 1.75 7.23516 1.75 14C1.75 20.7648 7.23516 26.25 14 26.25C20.7648 26.25 26.25 20.7648 26.25 14C26.25 7.23516 20.7648 1.75 14 1.75ZM14 24.1719C8.38359 24.1719 3.82813 19.6164 3.82813 14C3.82813 8.38359 8.38359 3.82813 14 3.82813C19.6164 3.82813 24.1719 8.38359 24.1719 14C24.1719 19.6164 19.6164 24.1719 14 24.1719Z\"\r\n                                    \/>\r\n                                    <\/g>\r\n                                <\/svg>\r\n                            <\/div>\r\n                            <div class=\"faq__item-answer-wrapper\">\r\n                                <div class=\"faq__item-answer\">\r\n                                    <ul>\n<li>1228+ ton marint skr\u00e4p har st\u00e4dats bort sedan 2013.<\/li>\n<li>Verksamma i: Nordsj\u00f6n, Medelhavet, Adriatiska havet, \u00d6stersj\u00f6n, R\u00f6da havet, Stilla havet och Atlanten.<\/li>\n<li>3 grundpelare: uppst\u00e4dning, utbildning, f\u00f6rebyggande.<\/li>\n<\/ul>\n<p><img decoding=\"async\" class=\"alignnone wp-image-166957\" src=\"https:\/\/xometry.eu\/wp-content\/uploads\/2025\/11\/01_H_Standard_Regular-480x206.png\" alt=\"\" width=\"217\" height=\"93\" srcset=\"https:\/\/xometry.eu\/wp-content\/uploads\/2025\/11\/01_H_Standard_Regular-480x206.png 480w, https:\/\/xometry.eu\/wp-content\/uploads\/2025\/11\/01_H_Standard_Regular-1440x618.png 1440w, https:\/\/xometry.eu\/wp-content\/uploads\/2025\/11\/01_H_Standard_Regular-768x330.png 768w\" sizes=\"(max-width: 217px) 100vw, 217px\" \/><\/p>\n<p>&nbsp;<\/p>\n                                <\/div>\r\n                            <\/div>\r\n                        <\/div>\r\n                                                                    <div class=\"faq__item  \">\r\n                            <div class=\"faq__item-question title title--04\">\r\n                                Regler och villkor                                <svg\r\n                                    xmlns=\"http:\/\/www.w3.org\/2000\/svg\"\r\n                                    width=\"28\"\r\n                                    height=\"28\"\r\n                                    viewBox=\"0 0 28 28\"\r\n                                    fill=\"none\"\r\n                                    class=\"toggle-icon\"\r\n                                >\r\n                                    <g class=\"plus\">\r\n                                    <path\r\n                                        d=\"M19.0313 13.125H14.875V8.96875C14.875 8.84844 14.7766 8.75 14.6563 8.75H13.3438C13.2234 8.75 13.125 8.84844 13.125 8.96875V13.125H8.96875C8.84844 13.125 8.75 13.2234 8.75 13.3438V14.6563C8.75 14.7766 8.84844 14.875 8.96875 14.875H13.125V19.0313C13.125 19.1516 13.2234 19.25 13.3438 19.25H14.6563C14.7766 19.25 14.875 19.1516 14.875 19.0313V14.875H19.0313C19.1516 14.875 19.25 14.7766 19.25 14.6563V13.3438C19.25 13.2234 19.1516 13.125 19.0313 13.125Z\"\r\n                                    \/>\r\n                                    <path\r\n                                        d=\"M14 1.75C7.23516 1.75 1.75 7.23516 1.75 14C1.75 20.7648 7.23516 26.25 14 26.25C20.7648 26.25 26.25 20.7648 26.25 14C26.25 7.23516 20.7648 1.75 14 1.75ZM14 24.1719C8.38359 24.1719 3.82813 19.6164 3.82813 14C3.82813 8.38359 8.38359 3.82813 14 3.82813C19.6164 3.82813 24.1719 8.38359 24.1719 14C24.1719 19.6164 19.6164 24.1719 14 24.1719Z\"\r\n                                    \/>\r\n                                    <\/g>\r\n                                    <g class=\"minus\">\r\n                                    <path\r\n                                        d=\"M19.0313 13.125H8.96875C8.84844 13.125 8.75 13.2234 8.75 13.3438V14.6563C8.75 14.7766 8.84844 14.875 8.96875 14.875H19.0313C19.1516 14.875 19.25 14.7766 19.25 14.6563V13.3438C19.25 13.2234 19.1516 13.125 19.0313 13.125Z\"\r\n                                    \/>\r\n                                    <path\r\n                                        d=\"M14 1.75C7.23516 1.75 1.75 7.23516 1.75 14C1.75 20.7648 7.23516 26.25 14 26.25C20.7648 26.25 26.25 20.7648 26.25 14C26.25 7.23516 20.7648 1.75 14 1.75ZM14 24.1719C8.38359 24.1719 3.82813 19.6164 3.82813 14C3.82813 8.38359 8.38359 3.82813 14 3.82813C19.6164 3.82813 24.1719 8.38359 24.1719 14C24.1719 19.6164 19.6164 24.1719 14 24.1719Z\"\r\n                                    \/>\r\n                                    <\/g>\r\n                                <\/svg>\r\n                            <\/div>\r\n                            <div class=\"faq__item-answer-wrapper\">\r\n                                <div class=\"faq__item-answer\">\r\n                                    <p><span data-sheets-root=\"1\">* Koden<strong> FRIDAY2025<\/strong> g\u00e4ller till kl. 23.59, 30.11.2025 (CET). Det h\u00e4r erbjudandet g\u00e4ller endast f\u00f6r omedelbara och manuella offerter som tillhandah\u00e5lls av Xometry. Det g\u00e4ller inte f\u00f6r andra offert- eller ordertyper, inklusive riktprisordrar eller offerter genom RFQs hos utvalda leverant\u00f6rer och kan inte kombineras med andra erbjudanden eller rabatter. De extra 2% som doneras till HealthySeas.org ber\u00e4knas baserat p\u00e5 det rabatterade v\u00e4rdet f\u00f6r alla ordrar d\u00e4r koden FRIDAY2025 l\u00f6stes in.<\/span><\/p>\n                                <\/div>\r\n                            <\/div>\r\n                        <\/div>\r\n                                                <\/div>\r\n        <\/div>\r\n            <\/div>\r\n<\/section>\n\n\r\n<section class=\"final-cta dark dark-blue-100\" >\r\n    <div class=\"final-cta__container section container\">\r\n        <h2 class=\"title title--02\">Spara 15% hela den h\u00e4r veckan<\/h2>\r\n        <div class=\"hero__cards-list\">\r\n              \r\n    <a href=\"https:\/\/get.xometry.eu\/?locale=sv\" class=\"hero__cards-item card \">\r\n        <h3 class=\"title title--03\"><\/h3>\r\n        <div class=\"hero__cards-item-text \"><p>Anv\u00e4nd kampanjkoden <strong>FRIDAY2025<\/strong>.<\/p>\n<p><span data-sheets-root=\"1\">Spara p\u00e5 dina delar och st\u00f6tta renare hav.<\/span><\/p>\n<\/div>\r\n        <span class=\"btn btn--primary \">Best\u00e4ll med 15% rabatt<\/span>\r\n            <\/a>\r\n        <\/div>\r\n        <div class=\"final-cta__footer-list\">\r\n                                            <\/div>\r\n    <\/div>\r\n<\/section>","protected":false},"excerpt":{"rendered":"","protected":false},"author":14,"featured_media":0,"parent":0,"menu_order":0,"comment_status":"closed","ping_status":"closed","template":"template-new-style.php","meta":{"_acf_changed":false,"inline_featured_image":false,"footnotes":""},"class_list":["post-167115","page","type-page","status-publish","hentry"],"acf":[],"yoast_head":"<!-- This site is optimized with the Yoast SEO Premium plugin v20.5 (Yoast SEO v27.3) - https:\/\/yoast.com\/product\/yoast-seo-premium-wordpress\/ -->\n<title>Black Friday | Xometry Europe<\/title>\n<meta name=\"robots\" content=\"index, follow, max-snippet:-1, max-image-preview:large, max-video-preview:-1\" \/>\n<link rel=\"canonical\" href=\"https:\/\/xometry.eu\/sv\/black-friday\/\" \/>\n<meta property=\"og:locale\" content=\"sv_SE\" \/>\n<meta property=\"og:type\" content=\"article\" \/>\n<meta property=\"og:title\" content=\"Black Friday\" \/>\n<meta property=\"og:url\" content=\"https:\/\/xometry.eu\/sv\/black-friday\/\" \/>\n<meta property=\"og:site_name\" content=\"Xometry Europe\" \/>\n<meta property=\"article:modified_time\" content=\"2025-11-23T17:25:44+00:00\" \/>\n<meta name=\"twitter:card\" content=\"summary_large_image\" \/>\n<script type=\"application\/ld+json\" class=\"yoast-schema-graph\">{\"@context\":\"https:\\\/\\\/schema.org\",\"@graph\":[{\"@type\":\"WebPage\",\"@id\":\"https:\\\/\\\/xometry.eu\\\/sv\\\/black-friday\\\/\",\"url\":\"https:\\\/\\\/xometry.eu\\\/sv\\\/black-friday\\\/\",\"name\":\"Black Friday | Xometry Europe\",\"isPartOf\":{\"@id\":\"https:\\\/\\\/xometry.eu\\\/sv\\\/#website\"},\"datePublished\":\"2025-11-20T12:58:59+00:00\",\"dateModified\":\"2025-11-23T17:25:44+00:00\",\"breadcrumb\":{\"@id\":\"https:\\\/\\\/xometry.eu\\\/sv\\\/black-friday\\\/#breadcrumb\"},\"inLanguage\":\"sv-SE\",\"potentialAction\":[{\"@type\":\"ReadAction\",\"target\":[\"https:\\\/\\\/xometry.eu\\\/sv\\\/black-friday\\\/\"]}]},{\"@type\":\"BreadcrumbList\",\"@id\":\"https:\\\/\\\/xometry.eu\\\/sv\\\/black-friday\\\/#breadcrumb\",\"itemListElement\":[{\"@type\":\"ListItem\",\"position\":1,\"name\":\"Home\",\"item\":\"https:\\\/\\\/xometry.eu\\\/sv\\\/\"},{\"@type\":\"ListItem\",\"position\":2,\"name\":\"Black Friday\"}]},{\"@type\":\"WebSite\",\"@id\":\"https:\\\/\\\/xometry.eu\\\/sv\\\/#website\",\"url\":\"https:\\\/\\\/xometry.eu\\\/sv\\\/\",\"name\":\"Xometry Europe\",\"description\":\"\",\"publisher\":{\"@id\":\"https:\\\/\\\/xometry.eu\\\/sv\\\/#organization\"},\"potentialAction\":[{\"@type\":\"SearchAction\",\"target\":{\"@type\":\"EntryPoint\",\"urlTemplate\":\"https:\\\/\\\/xometry.eu\\\/sv\\\/?s={search_term_string}\"},\"query-input\":{\"@type\":\"PropertyValueSpecification\",\"valueRequired\":true,\"valueName\":\"search_term_string\"}}],\"inLanguage\":\"sv-SE\"}]}<\/script>\n<!-- \/ Yoast SEO Premium plugin. -->","yoast_head_json":{"title":"Black Friday | Xometry Europe","robots":{"index":"index","follow":"follow","max-snippet":"max-snippet:-1","max-image-preview":"max-image-preview:large","max-video-preview":"max-video-preview:-1"},"canonical":"https:\/\/xometry.eu\/sv\/black-friday\/","og_locale":"sv_SE","og_type":"article","og_title":"Black Friday","og_url":"https:\/\/xometry.eu\/sv\/black-friday\/","og_site_name":"Xometry Europe","article_modified_time":"2025-11-23T17:25:44+00:00","twitter_card":"summary_large_image","schema":{"@context":"https:\/\/schema.org","@graph":[{"@type":"WebPage","@id":"https:\/\/xometry.eu\/sv\/black-friday\/","url":"https:\/\/xometry.eu\/sv\/black-friday\/","name":"Black Friday | Xometry Europe","isPartOf":{"@id":"https:\/\/xometry.eu\/sv\/#website"},"datePublished":"2025-11-20T12:58:59+00:00","dateModified":"2025-11-23T17:25:44+00:00","breadcrumb":{"@id":"https:\/\/xometry.eu\/sv\/black-friday\/#breadcrumb"},"inLanguage":"sv-SE","potentialAction":[{"@type":"ReadAction","target":["https:\/\/xometry.eu\/sv\/black-friday\/"]}]},{"@type":"BreadcrumbList","@id":"https:\/\/xometry.eu\/sv\/black-friday\/#breadcrumb","itemListElement":[{"@type":"ListItem","position":1,"name":"Home","item":"https:\/\/xometry.eu\/sv\/"},{"@type":"ListItem","position":2,"name":"Black Friday"}]},{"@type":"WebSite","@id":"https:\/\/xometry.eu\/sv\/#website","url":"https:\/\/xometry.eu\/sv\/","name":"Xometry Europe","description":"","publisher":{"@id":"https:\/\/xometry.eu\/sv\/#organization"},"potentialAction":[{"@type":"SearchAction","target":{"@type":"EntryPoint","urlTemplate":"https:\/\/xometry.eu\/sv\/?s={search_term_string}"},"query-input":{"@type":"PropertyValueSpecification","valueRequired":true,"valueName":"search_term_string"}}],"inLanguage":"sv-SE"}]}},"_links":{"self":[{"href":"https:\/\/xometry.eu\/sv\/wp-json\/wp\/v2\/pages\/167115","targetHints":{"allow":["GET"]}}],"collection":[{"href":"https:\/\/xometry.eu\/sv\/wp-json\/wp\/v2\/pages"}],"about":[{"href":"https:\/\/xometry.eu\/sv\/wp-json\/wp\/v2\/types\/page"}],"author":[{"embeddable":true,"href":"https:\/\/xometry.eu\/sv\/wp-json\/wp\/v2\/users\/14"}],"replies":[{"embeddable":true,"href":"https:\/\/xometry.eu\/sv\/wp-json\/wp\/v2\/comments?post=167115"}],"version-history":[{"count":0,"href":"https:\/\/xometry.eu\/sv\/wp-json\/wp\/v2\/pages\/167115\/revisions"}],"wp:attachment":[{"href":"https:\/\/xometry.eu\/sv\/wp-json\/wp\/v2\/media?parent=167115"}],"curies":[{"name":"wp","href":"https:\/\/api.w.org\/{rel}","templated":true}]}}