{"id":162727,"date":"2025-09-05T18:01:02","date_gmt":"2025-09-05T16:01:02","guid":{"rendered":"https:\/\/xometry.eu\/back-to-business\/"},"modified":"2025-09-09T14:55:33","modified_gmt":"2025-09-09T12:55:33","slug":"back-to-business","status":"publish","type":"page","link":"https:\/\/xometry.eu\/sv\/back-to-business\/","title":{"rendered":"Back to Business"},"content":{"rendered":"<section class=\"hero  light light-to-dark-gradient printing-3d-page\" >\r\n        <img decoding=\"async\" src=\"https:\/\/xometry.eu\/wp-content\/uploads\/2025\/09\/back-to-business-cover-left-2-scaled.png\" alt=\" Back to Business:  H\u00e4mta din rabatt\" class=\"hero__left-image\" \/>\r\n            <img decoding=\"async\" src=\"https:\/\/xometry.eu\/wp-content\/uploads\/2025\/09\/back-to-business-cover-right-3-scaled.png\" alt=\" Back to Business:  H\u00e4mta din rabatt\" class=\"hero__right-image\" \/>\r\n        <div class=\"hero__container section container\" style=\"padding-bottom: 0px;\">\r\n        <div class=\"hero__title-wrapper\">\r\n            <h1 class=\"title title--01\"><strong> Back to Business:<\/strong> <br> H\u00e4mta din rabatt<\/h1>\r\n            <div><p><span style=\"font-weight: 400;\">Starta h\u00f6stens aff\u00e4rer starkt med Xometrys rabatter \u2013 framtagna f\u00f6r att g\u00f6ra det enklare och mer kostnadseffektivt att lansera id\u00e9er och skala produktion.<\/span><\/p>\n<p><span style=\"font-weight: 400;\">\u00a0<\/span><\/p>\n<p><span style=\"font-weight: 400;\">Till\u00e4mpa din rabatt idag \u2013 alla erbjudanden g\u00e4ller till den 23 september.<\/span><\/p>\n<\/div>\r\n                    <\/div>\r\n        <div class=\"hero__cards-list\">\r\n                    <\/div>\r\n            <\/div>\r\n<\/section>\n\n <section class=\"steps-comparison light   dark-to-light-gradient\">\r\n    <div class=\"steps-comparison__container section container\">\r\n                    <div class=\"steps__list three-cards\">\r\n                                    <div class=\"steps__card card\">\r\n                                                    <img decoding=\"async\" class=\"steps__card-image\" src=\"https:\/\/xometry.eu\/wp-content\/uploads\/2025\/09\/back-to-business-12.png\" alt=\"3D-utskrift \u2013 Ordrar\" \/>\r\n                                                <div class=\"steps__card-main\">\r\n                            <h4 class=\"title title--04\">3D-utskrift \u2013 Ordrar<\/h4>\r\n                            <div><p><span style=\"font-weight: 400;\">F\u00e5 <\/span><b>12%<\/b><span style=\"font-weight: 400;\"> rabatt p\u00e5 ditt n\u00e4sta tillverkningsprojekt med avancerad 3D-utskriftsteknik.<\/span><\/p>\n<p>&nbsp;<\/p>\n<p><b>G\u00e4ller f\u00f6r:<\/b><\/p>\n<p><span style=\"font-weight: 400;\">Selektiv lasersintring (SLS), Multi Jet Fusion (MJF), direkt metallasersintring (DMLS)<\/span><\/p>\n<p>&nbsp;<\/p>\n<hr \/>\n<p>&nbsp;<\/p>\n<p><strong>Kod: <span style=\"color: #0e6aed;\">BTB12PRINT<\/span><\/strong><\/p>\n<p>&nbsp;<\/p>\n<p><span style=\"color: #0e6aed;\"><b data-stringify-type=\"bold\"><a class=\"c-link\" style=\"color: #0e6aed;\" href=\"#codes-terms\" rel=\"noopener noreferrer\" data-stringify-link=\"https:\/\/xometry.eu\/en\/?page_id=162028#codes-terms\" data-sk=\"tooltip_parent\" aria-describedby=\"sk-tooltip-2276\">Alla villkor<\/a><\/b><\/span><\/p>\n<\/div>\r\n                        <\/div>\r\n                    <\/div>\r\n                                    <div class=\"steps__card card\">\r\n                                                    <img decoding=\"async\" class=\"steps__card-image\" src=\"https:\/\/xometry.eu\/wp-content\/uploads\/2025\/09\/back-to-business-15.png\" alt=\"Storskaliga tillverkningsprojekt\" \/>\r\n                                                <div class=\"steps__card-main\">\r\n                            <h4 class=\"title title--04\">Storskaliga tillverkningsprojekt<\/h4>\r\n                            <div><p><span style=\"font-weight: 400;\">Spara <\/span><b>15%<\/b><span style=\"font-weight: 400;\"> n\u00e4r du placerar ordrar \u00f6ver 3 000 \u20ac.<\/span><\/p>\n<p>&nbsp;<\/p>\n<p><b>G\u00e4ller f\u00f6r:<\/b><\/p>\n<p><span style=\"font-weight: 400;\">CNC-bearbetning, pl\u00e5ttillverkning, formsprutning, vakuumgjutning<\/span><\/p>\n<p>&nbsp;<\/p>\n<hr \/>\n<p>&nbsp;<\/p>\n<p><strong>Kod: <span style=\"color: #0e6aed;\">BTB15SCALE<\/span><span style=\"color: #0e6aed;\"><br aria-hidden=\"true\" \/><\/span><\/strong><\/p>\n<p>&nbsp;<\/p>\n<p><span style=\"color: #0e6aed;\"><b data-stringify-type=\"bold\"><a class=\"c-link\" style=\"color: #0e6aed;\" href=\"#codes-terms\" rel=\"noopener noreferrer\" data-stringify-link=\"https:\/\/xometry.eu\/en\/?page_id=162028#codes-terms\" data-sk=\"tooltip_parent\" aria-describedby=\"sk-tooltip-2276\">Alla villkor<\/a><\/b><\/span><\/p>\n<\/div>\r\n                        <\/div>\r\n                    <\/div>\r\n                                    <div class=\"steps__card card\">\r\n                                                    <img decoding=\"async\" class=\"steps__card-image\" src=\"https:\/\/xometry.eu\/wp-content\/uploads\/2025\/09\/back-to-business-20.png\" alt=\"F\u00f6rsta ordern med Xometry\" \/>\r\n                                                <div class=\"steps__card-main\">\r\n                            <h4 class=\"title title--04\">F\u00f6rsta ordern med Xometry<\/h4>\r\n                            <div><p><span style=\"font-weight: 400;\">F\u00e5 <\/span><b>20%<\/b><span style=\"font-weight: 400;\"> rabatt p\u00e5 din f\u00f6rsta order eller dela rabatten med en kollega som inte har best\u00e4llt \u00e4nnu.<\/span><\/p>\n<p>&nbsp;<\/p>\n<p><b>G\u00e4ller f\u00f6r:<\/b><\/p>\n<p><span style=\"font-weight: 400;\">Alla f\u00f6rsta ordrar med Xometrys tillverkningstekniker<\/span><\/p>\n<p>&nbsp;<\/p>\n<p>&nbsp;<\/p>\n<hr \/>\n<p>&nbsp;<\/p>\n<p><strong>Kod: <span style=\"color: #0e6aed;\">BTB20FIRST<br \/>\n<\/span><\/strong><\/p>\n<p>&nbsp;<\/p>\n<p><span style=\"color: #0e6aed;\"><b data-stringify-type=\"bold\"><a class=\"c-link\" style=\"color: #0e6aed;\" href=\"#codes-terms\" rel=\"noopener noreferrer\" data-stringify-link=\"https:\/\/xometry.eu\/en\/?page_id=162028#codes-terms\" data-sk=\"tooltip_parent\" aria-describedby=\"sk-tooltip-2276\">Alla villkor<\/a><\/b><\/span><\/p>\n<p>&nbsp;<\/p>\n<\/div>\r\n                        <\/div>\r\n                    <\/div>\r\n                            <\/div>\r\n                <div class=\"comparison__list\">\r\n                    <\/div>\r\n    <\/div>\r\n<\/section>\n\n\n<div class=\"wp-block-buttons is-content-justification-center is-layout-flex wp-container-core-buttons-is-layout-16018d1d wp-block-buttons-is-layout-flex\">\n<div class=\"wp-block-button has-custom-width wp-block-button__width-25 is-style-fill\"><a class=\"wp-block-button__link has-white-color has-text-color has-background has-link-color wp-element-button\" href=\"https:\/\/get.xometry.eu\/?locale=sv\" style=\"border-radius:4px;background-color:#0e6aed\"><strong>F\u00e5 en offert nu<\/strong><\/a><\/div>\n<\/div>\n\n\n\r\n<section class=\"faq light light-to-dark-gradient\"  id=\"codes-terms\">\r\n    <div class=\"faq__container section container\">\r\n        <div class=\"faq__wrapper\">\r\n            <h2 class=\"title title--02\">Hur fungerar<strong> rabattkoder?<\/strong><\/h2>\r\n            <div class=\"faq__list\">\r\n                                                                                                    <div class=\"faq__item  \">\r\n                            <div class=\"faq__item-question title title--04\">\r\n                                Kod: BTB12PRINT                                <svg\r\n                                    xmlns=\"http:\/\/www.w3.org\/2000\/svg\"\r\n                                    width=\"28\"\r\n                                    height=\"28\"\r\n                                    viewBox=\"0 0 28 28\"\r\n                                    fill=\"none\"\r\n                                    class=\"toggle-icon\"\r\n                                >\r\n                                    <g class=\"plus\">\r\n                                    <path\r\n                                        d=\"M19.0313 13.125H14.875V8.96875C14.875 8.84844 14.7766 8.75 14.6563 8.75H13.3438C13.2234 8.75 13.125 8.84844 13.125 8.96875V13.125H8.96875C8.84844 13.125 8.75 13.2234 8.75 13.3438V14.6563C8.75 14.7766 8.84844 14.875 8.96875 14.875H13.125V19.0313C13.125 19.1516 13.2234 19.25 13.3438 19.25H14.6563C14.7766 19.25 14.875 19.1516 14.875 19.0313V14.875H19.0313C19.1516 14.875 19.25 14.7766 19.25 14.6563V13.3438C19.25 13.2234 19.1516 13.125 19.0313 13.125Z\"\r\n                                    \/>\r\n                                    <path\r\n                                        d=\"M14 1.75C7.23516 1.75 1.75 7.23516 1.75 14C1.75 20.7648 7.23516 26.25 14 26.25C20.7648 26.25 26.25 20.7648 26.25 14C26.25 7.23516 20.7648 1.75 14 1.75ZM14 24.1719C8.38359 24.1719 3.82813 19.6164 3.82813 14C3.82813 8.38359 8.38359 3.82813 14 3.82813C19.6164 3.82813 24.1719 8.38359 24.1719 14C24.1719 19.6164 19.6164 24.1719 14 24.1719Z\"\r\n                                    \/>\r\n                                    <\/g>\r\n                                    <g class=\"minus\">\r\n                                    <path\r\n                                        d=\"M19.0313 13.125H8.96875C8.84844 13.125 8.75 13.2234 8.75 13.3438V14.6563C8.75 14.7766 8.84844 14.875 8.96875 14.875H19.0313C19.1516 14.875 19.25 14.7766 19.25 14.6563V13.3438C19.25 13.2234 19.1516 13.125 19.0313 13.125Z\"\r\n                                    \/>\r\n                                    <path\r\n                                        d=\"M14 1.75C7.23516 1.75 1.75 7.23516 1.75 14C1.75 20.7648 7.23516 26.25 14 26.25C20.7648 26.25 26.25 20.7648 26.25 14C26.25 7.23516 20.7648 1.75 14 1.75ZM14 24.1719C8.38359 24.1719 3.82813 19.6164 3.82813 14C3.82813 8.38359 8.38359 3.82813 14 3.82813C19.6164 3.82813 24.1719 8.38359 24.1719 14C24.1719 19.6164 19.6164 24.1719 14 24.1719Z\"\r\n                                    \/>\r\n                                    <\/g>\r\n                                <\/svg>\r\n                            <\/div>\r\n                            <div class=\"faq__item-answer-wrapper\">\r\n                                <div class=\"faq__item-answer\">\r\n                                    <ul>\n<li style=\"font-weight: 400;\" aria-level=\"1\"><span style=\"font-weight: 400;\">G\u00e4ller endast f\u00f6r ordrar med SLS, MJF eller DMLS 3D-utskrivna delar.\u00a0<\/span><\/li>\n<li style=\"font-weight: 400;\" aria-level=\"1\"><span style=\"font-weight: 400;\">G\u00e4ller endast f\u00f6r omedelbart offererade ordrar genom Xometrys omedelbara offertverktyg\u00ae f\u00f6re kl. 23.59 CEST den 23 september 2025. Koden \u00e4r giltig en g\u00e5ng och kan inte kombineras med andra koder eller erbjudanden.<\/span><\/li>\n<\/ul>\n                                <\/div>\r\n                            <\/div>\r\n                        <\/div>\r\n                                                                    <div class=\"faq__item  \">\r\n                            <div class=\"faq__item-question title title--04\">\r\n                                Kod: BTB15SCALE                                <svg\r\n                                    xmlns=\"http:\/\/www.w3.org\/2000\/svg\"\r\n                                    width=\"28\"\r\n                                    height=\"28\"\r\n                                    viewBox=\"0 0 28 28\"\r\n                                    fill=\"none\"\r\n                                    class=\"toggle-icon\"\r\n                                >\r\n                                    <g class=\"plus\">\r\n                                    <path\r\n                                        d=\"M19.0313 13.125H14.875V8.96875C14.875 8.84844 14.7766 8.75 14.6563 8.75H13.3438C13.2234 8.75 13.125 8.84844 13.125 8.96875V13.125H8.96875C8.84844 13.125 8.75 13.2234 8.75 13.3438V14.6563C8.75 14.7766 8.84844 14.875 8.96875 14.875H13.125V19.0313C13.125 19.1516 13.2234 19.25 13.3438 19.25H14.6563C14.7766 19.25 14.875 19.1516 14.875 19.0313V14.875H19.0313C19.1516 14.875 19.25 14.7766 19.25 14.6563V13.3438C19.25 13.2234 19.1516 13.125 19.0313 13.125Z\"\r\n                                    \/>\r\n                                    <path\r\n                                        d=\"M14 1.75C7.23516 1.75 1.75 7.23516 1.75 14C1.75 20.7648 7.23516 26.25 14 26.25C20.7648 26.25 26.25 20.7648 26.25 14C26.25 7.23516 20.7648 1.75 14 1.75ZM14 24.1719C8.38359 24.1719 3.82813 19.6164 3.82813 14C3.82813 8.38359 8.38359 3.82813 14 3.82813C19.6164 3.82813 24.1719 8.38359 24.1719 14C24.1719 19.6164 19.6164 24.1719 14 24.1719Z\"\r\n                                    \/>\r\n                                    <\/g>\r\n                                    <g class=\"minus\">\r\n                                    <path\r\n                                        d=\"M19.0313 13.125H8.96875C8.84844 13.125 8.75 13.2234 8.75 13.3438V14.6563C8.75 14.7766 8.84844 14.875 8.96875 14.875H19.0313C19.1516 14.875 19.25 14.7766 19.25 14.6563V13.3438C19.25 13.2234 19.1516 13.125 19.0313 13.125Z\"\r\n                                    \/>\r\n                                    <path\r\n                                        d=\"M14 1.75C7.23516 1.75 1.75 7.23516 1.75 14C1.75 20.7648 7.23516 26.25 14 26.25C20.7648 26.25 26.25 20.7648 26.25 14C26.25 7.23516 20.7648 1.75 14 1.75ZM14 24.1719C8.38359 24.1719 3.82813 19.6164 3.82813 14C3.82813 8.38359 8.38359 3.82813 14 3.82813C19.6164 3.82813 24.1719 8.38359 24.1719 14C24.1719 19.6164 19.6164 24.1719 14 24.1719Z\"\r\n                                    \/>\r\n                                    <\/g>\r\n                                <\/svg>\r\n                            <\/div>\r\n                            <div class=\"faq__item-answer-wrapper\">\r\n                                <div class=\"faq__item-answer\">\r\n                                    <ul>\n<li style=\"font-weight: 400;\" aria-level=\"1\"><span style=\"font-weight: 400;\">G\u00e4ller f\u00f6r ordrar \u00f6ver 3 000 \u20ac och endast f\u00f6r CNC-bearbetning, pl\u00e5ttillverkning, formsprutning och vakuumgjutna delar.\u00a0<\/span><\/li>\n<li style=\"font-weight: 400;\" aria-level=\"1\"><span style=\"font-weight: 400;\">G\u00e4ller endast f\u00f6r omedelbart offererade ordrar genom Xometrys omedelbara offertverktyg\u00ae f\u00f6re kl. 23.59 CEST den 23 september 2025. Koden \u00e4r giltig en g\u00e5ng och kan inte kombineras med andra koder eller erbjudanden.<\/span><\/li>\n<li><\/li>\n<\/ul>\n                                <\/div>\r\n                            <\/div>\r\n                        <\/div>\r\n                                                                    <div class=\"faq__item  \">\r\n                            <div class=\"faq__item-question title title--04\">\r\n                                Kod: BTB20FIRST                                <svg\r\n                                    xmlns=\"http:\/\/www.w3.org\/2000\/svg\"\r\n                                    width=\"28\"\r\n                                    height=\"28\"\r\n                                    viewBox=\"0 0 28 28\"\r\n                                    fill=\"none\"\r\n                                    class=\"toggle-icon\"\r\n                                >\r\n                                    <g class=\"plus\">\r\n                                    <path\r\n                                        d=\"M19.0313 13.125H14.875V8.96875C14.875 8.84844 14.7766 8.75 14.6563 8.75H13.3438C13.2234 8.75 13.125 8.84844 13.125 8.96875V13.125H8.96875C8.84844 13.125 8.75 13.2234 8.75 13.3438V14.6563C8.75 14.7766 8.84844 14.875 8.96875 14.875H13.125V19.0313C13.125 19.1516 13.2234 19.25 13.3438 19.25H14.6563C14.7766 19.25 14.875 19.1516 14.875 19.0313V14.875H19.0313C19.1516 14.875 19.25 14.7766 19.25 14.6563V13.3438C19.25 13.2234 19.1516 13.125 19.0313 13.125Z\"\r\n                                    \/>\r\n                                    <path\r\n                                        d=\"M14 1.75C7.23516 1.75 1.75 7.23516 1.75 14C1.75 20.7648 7.23516 26.25 14 26.25C20.7648 26.25 26.25 20.7648 26.25 14C26.25 7.23516 20.7648 1.75 14 1.75ZM14 24.1719C8.38359 24.1719 3.82813 19.6164 3.82813 14C3.82813 8.38359 8.38359 3.82813 14 3.82813C19.6164 3.82813 24.1719 8.38359 24.1719 14C24.1719 19.6164 19.6164 24.1719 14 24.1719Z\"\r\n                                    \/>\r\n                                    <\/g>\r\n                                    <g class=\"minus\">\r\n                                    <path\r\n                                        d=\"M19.0313 13.125H8.96875C8.84844 13.125 8.75 13.2234 8.75 13.3438V14.6563C8.75 14.7766 8.84844 14.875 8.96875 14.875H19.0313C19.1516 14.875 19.25 14.7766 19.25 14.6563V13.3438C19.25 13.2234 19.1516 13.125 19.0313 13.125Z\"\r\n                                    \/>\r\n                                    <path\r\n                                        d=\"M14 1.75C7.23516 1.75 1.75 7.23516 1.75 14C1.75 20.7648 7.23516 26.25 14 26.25C20.7648 26.25 26.25 20.7648 26.25 14C26.25 7.23516 20.7648 1.75 14 1.75ZM14 24.1719C8.38359 24.1719 3.82813 19.6164 3.82813 14C3.82813 8.38359 8.38359 3.82813 14 3.82813C19.6164 3.82813 24.1719 8.38359 24.1719 14C24.1719 19.6164 19.6164 24.1719 14 24.1719Z\"\r\n                                    \/>\r\n                                    <\/g>\r\n                                <\/svg>\r\n                            <\/div>\r\n                            <div class=\"faq__item-answer-wrapper\">\r\n                                <div class=\"faq__item-answer\">\r\n                                    <ul>\n<li style=\"font-weight: 400;\" aria-level=\"1\"><span style=\"font-weight: 400;\">G\u00e4ller endast f\u00f6r f\u00f6rstag\u00e5ngsordrar.<\/span><\/li>\n<li style=\"font-weight: 400;\" aria-level=\"1\"><span style=\"font-weight: 400;\">G\u00e4ller endast f\u00f6r omedelbart offererade ordrar genom Xometrys omedelbara offertverktyg\u00ae f\u00f6re kl. 23.59 CEST den 23 september 2025. Koden \u00e4r giltig en g\u00e5ng och kan inte kombineras med andra koder eller erbjudanden.<\/span><\/li>\n<\/ul>\n                                <\/div>\r\n                            <\/div>\r\n                        <\/div>\r\n                                                <\/div>\r\n        <\/div>\r\n            <\/div>\r\n<\/section>\n\n\n<p class=\"has-medium-font-size\"><\/p>\n\n\n\r\n<section class=\"final-cta dark dark-blue-100\" >\r\n    <div class=\"final-cta__container section container\">\r\n        <h2 class=\"title title--02\">Back to Business med Xometry<\/h2>\r\n        <div class=\"hero__cards-list\">\r\n              \r\n    <a href=\"https:\/\/get.xometry.eu\/?locale=sv\" class=\"hero__cards-item card \">\r\n        <h3 class=\"title title--03\">Rabatterna g\u00e4ller till den 23 september<\/h3>\r\n        <div class=\"hero__cards-item-text \"><p>Ge dina projekt en kanonstart i h\u00f6st med v\u00e5ra Back to Business-rabatter.<br \/>\nV\u00e4nta inte \u2013 best\u00e4ll nu och spara pengar.<\/p>\n<\/div>\r\n        <span class=\"btn btn--primary \">F\u00e5 en offert nu<\/span>\r\n            <\/a>\r\n        <\/div>\r\n        <div class=\"final-cta__footer-list\">\r\n                                            <\/div>\r\n    <\/div>\r\n<\/section>\n\n\n<p class=\"has-medium-font-size\"><\/p>\n","protected":false},"excerpt":{"rendered":"","protected":false},"author":14,"featured_media":0,"parent":0,"menu_order":0,"comment_status":"closed","ping_status":"closed","template":"template-new-style.php","meta":{"_acf_changed":false,"inline_featured_image":false,"footnotes":""},"class_list":["post-162727","page","type-page","status-publish","hentry"],"acf":[],"yoast_head":"<!-- This site is optimized with the Yoast SEO Premium plugin v20.5 (Yoast SEO v27.3) - https:\/\/yoast.com\/product\/yoast-seo-premium-wordpress\/ -->\n<title>Back to Business | Xometry Europe<\/title>\n<meta name=\"description\" content=\"Start new business season strong with Xometry discounts \u2014 designed to make launching ideas and scaling production easier and more cost-effective. Up to 20% off custom manufacturing. Limited-time offers available until September 23.\" \/>\n<meta name=\"robots\" content=\"index, follow, max-snippet:-1, max-image-preview:large, max-video-preview:-1\" \/>\n<link rel=\"canonical\" href=\"https:\/\/xometry.eu\/sv\/back-to-business\/\" \/>\n<meta property=\"og:locale\" content=\"sv_SE\" \/>\n<meta property=\"og:type\" content=\"article\" \/>\n<meta property=\"og:title\" content=\"Back to Business\" \/>\n<meta property=\"og:description\" content=\"Start new business season strong with Xometry discounts \u2014 designed to make launching ideas and scaling production easier and more cost-effective. Up to 20% off custom manufacturing. Limited-time offers available until September 23.\" \/>\n<meta property=\"og:url\" content=\"https:\/\/xometry.eu\/sv\/back-to-business\/\" \/>\n<meta property=\"og:site_name\" content=\"Xometry Europe\" \/>\n<meta property=\"article:modified_time\" content=\"2025-09-09T12:55:33+00:00\" \/>\n<meta name=\"twitter:card\" content=\"summary_large_image\" \/>\n<meta name=\"twitter:label1\" content=\"Ber\u00e4knad l\u00e4stid\" \/>\n\t<meta name=\"twitter:data1\" content=\"1 minut\" \/>\n<script type=\"application\/ld+json\" class=\"yoast-schema-graph\">{\"@context\":\"https:\\\/\\\/schema.org\",\"@graph\":[{\"@type\":\"WebPage\",\"@id\":\"https:\\\/\\\/xometry.eu\\\/sv\\\/back-to-business\\\/\",\"url\":\"https:\\\/\\\/xometry.eu\\\/sv\\\/back-to-business\\\/\",\"name\":\"Back to Business | Xometry Europe\",\"isPartOf\":{\"@id\":\"https:\\\/\\\/xometry.eu\\\/sv\\\/#website\"},\"datePublished\":\"2025-09-05T16:01:02+00:00\",\"dateModified\":\"2025-09-09T12:55:33+00:00\",\"description\":\"Start new business season strong with Xometry discounts \u2014 designed to make launching ideas and scaling production easier and more cost-effective. Up to 20% off custom manufacturing. Limited-time offers available until September 23.\",\"breadcrumb\":{\"@id\":\"https:\\\/\\\/xometry.eu\\\/sv\\\/back-to-business\\\/#breadcrumb\"},\"inLanguage\":\"sv-SE\",\"potentialAction\":[{\"@type\":\"ReadAction\",\"target\":[\"https:\\\/\\\/xometry.eu\\\/sv\\\/back-to-business\\\/\"]}]},{\"@type\":\"BreadcrumbList\",\"@id\":\"https:\\\/\\\/xometry.eu\\\/sv\\\/back-to-business\\\/#breadcrumb\",\"itemListElement\":[{\"@type\":\"ListItem\",\"position\":1,\"name\":\"Home\",\"item\":\"https:\\\/\\\/xometry.eu\\\/sv\\\/\"},{\"@type\":\"ListItem\",\"position\":2,\"name\":\"Back to Business\"}]},{\"@type\":\"WebSite\",\"@id\":\"https:\\\/\\\/xometry.eu\\\/sv\\\/#website\",\"url\":\"https:\\\/\\\/xometry.eu\\\/sv\\\/\",\"name\":\"Xometry Europe\",\"description\":\"\",\"publisher\":{\"@id\":\"https:\\\/\\\/xometry.eu\\\/sv\\\/#organization\"},\"potentialAction\":[{\"@type\":\"SearchAction\",\"target\":{\"@type\":\"EntryPoint\",\"urlTemplate\":\"https:\\\/\\\/xometry.eu\\\/sv\\\/?s={search_term_string}\"},\"query-input\":{\"@type\":\"PropertyValueSpecification\",\"valueRequired\":true,\"valueName\":\"search_term_string\"}}],\"inLanguage\":\"sv-SE\"}]}<\/script>\n<!-- \/ Yoast SEO Premium plugin. -->","yoast_head_json":{"title":"Back to Business | Xometry Europe","description":"Start new business season strong with Xometry discounts \u2014 designed to make launching ideas and scaling production easier and more cost-effective. Up to 20% off custom manufacturing. Limited-time offers available until September 23.","robots":{"index":"index","follow":"follow","max-snippet":"max-snippet:-1","max-image-preview":"max-image-preview:large","max-video-preview":"max-video-preview:-1"},"canonical":"https:\/\/xometry.eu\/sv\/back-to-business\/","og_locale":"sv_SE","og_type":"article","og_title":"Back to Business","og_description":"Start new business season strong with Xometry discounts \u2014 designed to make launching ideas and scaling production easier and more cost-effective. Up to 20% off custom manufacturing. Limited-time offers available until September 23.","og_url":"https:\/\/xometry.eu\/sv\/back-to-business\/","og_site_name":"Xometry Europe","article_modified_time":"2025-09-09T12:55:33+00:00","twitter_card":"summary_large_image","twitter_misc":{"Ber\u00e4knad l\u00e4stid":"1 minut"},"schema":{"@context":"https:\/\/schema.org","@graph":[{"@type":"WebPage","@id":"https:\/\/xometry.eu\/sv\/back-to-business\/","url":"https:\/\/xometry.eu\/sv\/back-to-business\/","name":"Back to Business | Xometry Europe","isPartOf":{"@id":"https:\/\/xometry.eu\/sv\/#website"},"datePublished":"2025-09-05T16:01:02+00:00","dateModified":"2025-09-09T12:55:33+00:00","description":"Start new business season strong with Xometry discounts \u2014 designed to make launching ideas and scaling production easier and more cost-effective. Up to 20% off custom manufacturing. Limited-time offers available until September 23.","breadcrumb":{"@id":"https:\/\/xometry.eu\/sv\/back-to-business\/#breadcrumb"},"inLanguage":"sv-SE","potentialAction":[{"@type":"ReadAction","target":["https:\/\/xometry.eu\/sv\/back-to-business\/"]}]},{"@type":"BreadcrumbList","@id":"https:\/\/xometry.eu\/sv\/back-to-business\/#breadcrumb","itemListElement":[{"@type":"ListItem","position":1,"name":"Home","item":"https:\/\/xometry.eu\/sv\/"},{"@type":"ListItem","position":2,"name":"Back to Business"}]},{"@type":"WebSite","@id":"https:\/\/xometry.eu\/sv\/#website","url":"https:\/\/xometry.eu\/sv\/","name":"Xometry Europe","description":"","publisher":{"@id":"https:\/\/xometry.eu\/sv\/#organization"},"potentialAction":[{"@type":"SearchAction","target":{"@type":"EntryPoint","urlTemplate":"https:\/\/xometry.eu\/sv\/?s={search_term_string}"},"query-input":{"@type":"PropertyValueSpecification","valueRequired":true,"valueName":"search_term_string"}}],"inLanguage":"sv-SE"}]}},"_links":{"self":[{"href":"https:\/\/xometry.eu\/sv\/wp-json\/wp\/v2\/pages\/162727","targetHints":{"allow":["GET"]}}],"collection":[{"href":"https:\/\/xometry.eu\/sv\/wp-json\/wp\/v2\/pages"}],"about":[{"href":"https:\/\/xometry.eu\/sv\/wp-json\/wp\/v2\/types\/page"}],"author":[{"embeddable":true,"href":"https:\/\/xometry.eu\/sv\/wp-json\/wp\/v2\/users\/14"}],"replies":[{"embeddable":true,"href":"https:\/\/xometry.eu\/sv\/wp-json\/wp\/v2\/comments?post=162727"}],"version-history":[{"count":0,"href":"https:\/\/xometry.eu\/sv\/wp-json\/wp\/v2\/pages\/162727\/revisions"}],"wp:attachment":[{"href":"https:\/\/xometry.eu\/sv\/wp-json\/wp\/v2\/media?parent=162727"}],"curies":[{"name":"wp","href":"https:\/\/api.w.org\/{rel}","templated":true}]}}