{"id":158438,"date":"2025-06-11T09:17:39","date_gmt":"2025-06-11T07:17:39","guid":{"rendered":"https:\/\/xometry.eu\/sponsorship-request\/"},"modified":"2026-02-24T21:52:11","modified_gmt":"2026-02-24T19:52:11","slug":"sponsorskap-och-studentstod","status":"publish","type":"page","link":"https:\/\/xometry.eu\/sv\/sponsorskap-och-studentstod\/","title":{"rendered":"Sponsorskap och studentst\u00f6d"},"content":{"rendered":"<section class=\"hero  light light-to-dark-gradient printing-3d-page\" >\r\n        <img decoding=\"async\" src=\"https:\/\/xometry.eu\/wp-content\/uploads\/2025\/06\/3D-design-of-the-nanosatellite-with-an-integrated-laboratory-982x1024-1.webp\" alt=\"St\u00f6ttar framtida ingenj\u00f6rer genom projektsponsring\" class=\"hero__left-image\" \/>\r\n            <img decoding=\"async\" src=\"https:\/\/xometry.eu\/wp-content\/uploads\/2025\/06\/oxford-brookes-racing-car.png\" alt=\"St\u00f6ttar framtida ingenj\u00f6rer genom projektsponsring\" class=\"hero__right-image\" \/>\r\n        <div class=\"hero__container section container\" style=\"padding-bottom: 0px;\">\r\n        <div class=\"hero__title-wrapper\">\r\n            <h1 class=\"title title--01\">St\u00f6ttar framtida ingenj\u00f6rer genom projektsponsring<\/h1>\r\n            <div><p><span style=\"font-weight: 400;\">\u00c4r du en del av ett studentteam eller ett icke-kommersiellt projekt inom teknik, robotik eller produktutveckling? \u00c4r ni baserade i Europa? Vi f\u00f6rs\u00f6ker alltid st\u00f6tta dj\u00e4rva och nyt\u00e4nkande id\u00e9er.<\/span><\/p>\n<\/div>\r\n                    <\/div>\r\n        <div class=\"hero__cards-list\">\r\n                    <\/div>\r\n            <\/div>\r\n<\/section>\n\n <section class=\"advantages light dark-to-light-gradient\">\r\n    <div class=\"advantages__container section container\">\r\n        <h2 class=\"title title--02\">\r\n            Vad vi kan erbjuda        <\/h2>\r\n        <div class=\"advantages__list\">\r\n                                <div class=\"advantages__item card\">\r\n                        <img decoding=\"async\" class=\"advantages__item-image\" src=\"https:\/\/xometry.eu\/wp-content\/uploads\/2025\/05\/discount.svg\" alt=\"Rabatter p\u00e5 tillverkning\"\r\n                        \/>\r\n                        <h4 class=\"title title--04\">Rabatter p\u00e5 tillverkning<\/h4>\r\n                        <div>\r\n                            <p><span style=\"font-weight: 400;\">F\u00e5 rabatterade priser p\u00e5 CNC-bearbetning, 3D-utskrifter och mer, f\u00f6r att st\u00f6tta dina skr\u00e4ddarsydda projekt.<\/span><\/p>\n                        <\/div>\r\n                                            <\/div>\r\n                                        <div class=\"advantages__item card\">\r\n                        <img decoding=\"async\" class=\"advantages__item-image\" src=\"https:\/\/xometry.eu\/wp-content\/uploads\/2025\/05\/visibility.svg\" alt=\"Synlighet och exponering\"\r\n                        \/>\r\n                        <h4 class=\"title title--04\">Synlighet och exponering<\/h4>\r\n                        <div>\r\n                            <p><span style=\"font-weight: 400;\">Visa upp ditt arbete p\u00e5 v\u00e5ra plattformar och n\u00e5 ut till en bred ingenj\u00f6rskrets.<\/span><\/p>\n                        <\/div>\r\n                                            <\/div>\r\n                                        <div class=\"advantages__item card\">\r\n                        <img decoding=\"async\" class=\"advantages__item-image\" src=\"https:\/\/xometry.eu\/wp-content\/uploads\/2025\/05\/support.svg\" alt=\"Personlig support\"\r\n                        \/>\r\n                        <h4 class=\"title title--04\">Personlig support<\/h4>\r\n                        <div>\r\n                            <p><span style=\"font-weight: 400;\">F\u00e5 expertr\u00e5d f\u00f6r att omvandla dina id\u00e9er till riktiga tillverkningsbara delar.<\/span><\/p>\n                        <\/div>\r\n                                            <\/div>\r\n                            <\/div>\r\n            <\/div>\r\n<\/section>\n\n\r\n <section class=\"capability-list light light-to-dark-gradient\">\r\n  <div class=\"capability-list__container section container\">\r\n        <div class=\"section__title-wrapper\">\r\n                    <h2 class=\"title title--02\">Vad vi vanligtvis st\u00f6ttar<\/h2>\r\n            <\/div>\r\n    <div class=\"capability-list__list\">\r\n    \r\n            <div class=\"capability-list__item \">\r\n                <img decoding=\"async\" src=\"https:\/\/xometry.eu\/wp-content\/uploads\/2025\/05\/student-competitions.svg\" alt=\"\" class=\"capability-list__item-icon\">\r\n                <div class=\"capability-list__item-main\">\r\n                    <h3 class=\"capability-list__item-title text-s\"><\/h3>\r\n                    <div class=\"capability-list__item-text title title--05\">Teknikt\u00e4vlingar f\u00f6r studerande (t.ex. Formula Student, Hyperloop, robotik)<\/div>\r\n                <\/div>\r\n            <\/div>\r\n\r\n        \r\n            <div class=\"capability-list__item \">\r\n                <img decoding=\"async\" src=\"https:\/\/xometry.eu\/wp-content\/uploads\/2025\/05\/research-project-1.svg\" alt=\"\" class=\"capability-list__item-icon\">\r\n                <div class=\"capability-list__item-main\">\r\n                    <h3 class=\"capability-list__item-title text-s\"><\/h3>\r\n                    <div class=\"capability-list__item-text title title--05\">Forskningsprojekt p\u00e5 universitetsniv\u00e5<\/div>\r\n                <\/div>\r\n            <\/div>\r\n\r\n        \r\n            <div class=\"capability-list__item \">\r\n                <img decoding=\"async\" src=\"https:\/\/xometry.eu\/wp-content\/uploads\/2025\/05\/graduation-projects.svg\" alt=\"\" class=\"capability-list__item-icon\">\r\n                <div class=\"capability-list__item-main\">\r\n                    <h3 class=\"capability-list__item-title text-s\"><\/h3>\r\n                    <div class=\"capability-list__item-text title title--05\">Avslutnings- eller examensprojekt<\/div>\r\n                <\/div>\r\n            <\/div>\r\n\r\n        \r\n            <div class=\"capability-list__item \">\r\n                <img decoding=\"async\" src=\"https:\/\/xometry.eu\/wp-content\/uploads\/2025\/05\/open-source-hardware.svg\" alt=\"\" class=\"capability-list__item-icon\">\r\n                <div class=\"capability-list__item-main\">\r\n                    <h3 class=\"capability-list__item-title text-s\"><\/h3>\r\n                    <div class=\"capability-list__item-text title title--05\">Initiativ f\u00f6r h\u00e5rdvara med \u00f6ppen k\u00e4llkod<\/div>\r\n                <\/div>\r\n            <\/div>\r\n\r\n        \r\n            <div class=\"capability-list__item border-none_desktop\">\r\n                <img decoding=\"async\" src=\"https:\/\/xometry.eu\/wp-content\/uploads\/2025\/05\/educational-maker-events.svg\" alt=\"\" class=\"capability-list__item-icon\">\r\n                <div class=\"capability-list__item-main\">\r\n                    <h3 class=\"capability-list__item-title text-s\"><\/h3>\r\n                    <div class=\"capability-list__item-text title title--05\">Teknikfokuserade evenemang som har organiserats av universitet eller community-grupper<\/div>\r\n                <\/div>\r\n            <\/div>\r\n\r\n        \r\n            <div class=\"capability-list__item border-none\">\r\n                <img decoding=\"async\" src=\"https:\/\/xometry.eu\/wp-content\/uploads\/2025\/02\/Vector-3.svg\" alt=\"\" class=\"capability-list__item-icon\">\r\n                <div class=\"capability-list__item-main\">\r\n                    <h3 class=\"capability-list__item-title text-s\"><\/h3>\r\n                    <div class=\"capability-list__item-text title title--05\">Frist\u00e5ende eller community-ledda teknik-initiativ<\/div>\r\n                <\/div>\r\n            <\/div>\r\n\r\n        \r\n    <\/div>\r\n    \r\n        <div class=\"capability-list__btns-container\">\r\n            <div class=\"call-to-action\">\r\n                    <a href=\"https:\/\/docs.google.com\/forms\/d\/e\/1FAIpQLSdNnmLb79QAGUGJyfYK1p0r4cLZD8sP78b-kT8bFlC3hGkdXg\/viewform?usp=sharing&#038;ouid=111268153315564232191\" class=\"btn btn--primary\" target=\"\">Skicka in min sponsorf\u00f6rfr\u00e5gan<\/a>\r\n            <\/div>\r\n            <\/div>\r\n  <\/div>\r\n<\/section>\n\n<section class=\"parts-slider light blue-10\">\r\n    <div class=\"parts-slider__container section container\">\r\n        <h2 class=\"title title--02\">Studentprojekt som st\u00f6ttas av Xometry<\/h2>\r\n        <div class=\"parts-slider__slider\">\r\n            <div class=\"swiper-wrapper\">\r\n                                <div class=\"parts-slider__item swiper-slide card\">\r\n                        <div class=\"parts-slider__item-image\">\r\n                            <img decoding=\"async\" src=\"https:\/\/xometry.eu\/wp-content\/uploads\/2021\/11\/Machine_front-scaled-min.jpeg\" alt=\"Tunnelborrmaskin\" \/>\r\n                        <\/div>\r\n                        <div class=\"parts-slider__item-main\">\r\n                            <h3 class=\"text-m\">Tunnelborrmaskin<\/h3>\r\n                        <\/div>\r\n                    <\/div>\r\n                                        <div class=\"parts-slider__item swiper-slide card\">\r\n                        <div class=\"parts-slider__item-image\">\r\n                            <img decoding=\"async\" src=\"https:\/\/xometry.eu\/wp-content\/uploads\/2025\/05\/oxford-brookes-racing-car.webp\" alt=\"H\u00f6gfunktionell elbil\" \/>\r\n                        <\/div>\r\n                        <div class=\"parts-slider__item-main\">\r\n                            <h3 class=\"text-m\">H\u00f6gfunktionell elbil<\/h3>\r\n                        <\/div>\r\n                    <\/div>\r\n                                        <div class=\"parts-slider__item swiper-slide card\">\r\n                        <div class=\"parts-slider__item-image\">\r\n                            <img decoding=\"async\" src=\"https:\/\/xometry.eu\/wp-content\/uploads\/2025\/05\/uav-with-retractable-landing-gear-itunom.png\" alt=\"UAV\" \/>\r\n                        <\/div>\r\n                        <div class=\"parts-slider__item-main\">\r\n                            <h3 class=\"text-m\">UAV<\/h3>\r\n                        <\/div>\r\n                    <\/div>\r\n                                        <div class=\"parts-slider__item swiper-slide card\">\r\n                        <div class=\"parts-slider__item-image\">\r\n                            <img decoding=\"async\" src=\"https:\/\/xometry.eu\/wp-content\/uploads\/2025\/05\/vinci-eco-drive-electric-single-seater.jpeg\" alt=\"Elektriskt ensitsfordon\" \/>\r\n                        <\/div>\r\n                        <div class=\"parts-slider__item-main\">\r\n                            <h3 class=\"text-m\">Elektriskt ensitsfordon<\/h3>\r\n                        <\/div>\r\n                    <\/div>\r\n                                        <div class=\"parts-slider__item swiper-slide card\">\r\n                        <div class=\"parts-slider__item-image\">\r\n                            <img decoding=\"async\" src=\"https:\/\/xometry.eu\/wp-content\/uploads\/2025\/05\/acubesat-render-space.webp\" alt=\"Modul\u00e4r nanosatellit\" \/>\r\n                        <\/div>\r\n                        <div class=\"parts-slider__item-main\">\r\n                            <h3 class=\"text-m\">Modul\u00e4r nanosatellit<\/h3>\r\n                        <\/div>\r\n                    <\/div>\r\n                                        <div class=\"parts-slider__item swiper-slide card\">\r\n                        <div class=\"parts-slider__item-image\">\r\n                            <img decoding=\"async\" src=\"https:\/\/xometry.eu\/wp-content\/uploads\/2025\/05\/propulse-ntnu-project-valemon-copy-scaled-1.webp\" alt=\"Avancerad raket\" \/>\r\n                        <\/div>\r\n                        <div class=\"parts-slider__item-main\">\r\n                            <h3 class=\"text-m\">Avancerad raket<\/h3>\r\n                        <\/div>\r\n                    <\/div>\r\n                                        <div class=\"parts-slider__item swiper-slide card\">\r\n                        <div class=\"parts-slider__item-image\">\r\n                            <img decoding=\"async\" src=\"https:\/\/xometry.eu\/wp-content\/uploads\/2025\/05\/FR23_Freya.webp\" alt=\"Racerbil\" \/>\r\n                        <\/div>\r\n                        <div class=\"parts-slider__item-main\">\r\n                            <h3 class=\"text-m\">Racerbil<\/h3>\r\n                        <\/div>\r\n                    <\/div>\r\n                                        <div class=\"parts-slider__item swiper-slide card\">\r\n                        <div class=\"parts-slider__item-image\">\r\n                            <img decoding=\"async\" src=\"https:\/\/xometry.eu\/wp-content\/uploads\/2025\/05\/ICLR-Rocket-2.webp\" alt=\"Raket med flytande drivmedel\" \/>\r\n                        <\/div>\r\n                        <div class=\"parts-slider__item-main\">\r\n                            <h3 class=\"text-m\">Raket med flytande drivmedel<\/h3>\r\n                        <\/div>\r\n                    <\/div>\r\n                                        <div class=\"parts-slider__item swiper-slide card\">\r\n                        <div class=\"parts-slider__item-image\">\r\n                            <img decoding=\"async\" src=\"https:\/\/xometry.eu\/wp-content\/uploads\/2021\/11\/Machine_front-scaled-min.jpeg\" alt=\"Tunnelborrmaskin\" \/>\r\n                        <\/div>\r\n                        <div class=\"parts-slider__item-main\">\r\n                            <h3 class=\"text-m\">Tunnelborrmaskin<\/h3>\r\n                        <\/div>\r\n                    <\/div>\r\n                                        <div class=\"parts-slider__item swiper-slide card\">\r\n                        <div class=\"parts-slider__item-image\">\r\n                            <img decoding=\"async\" src=\"https:\/\/xometry.eu\/wp-content\/uploads\/2025\/05\/oxford-brookes-racing-car.webp\" alt=\"H\u00f6gfunktionell elbil\" \/>\r\n                        <\/div>\r\n                        <div class=\"parts-slider__item-main\">\r\n                            <h3 class=\"text-m\">H\u00f6gfunktionell elbil<\/h3>\r\n                        <\/div>\r\n                    <\/div>\r\n                                        <div class=\"parts-slider__item swiper-slide card\">\r\n                        <div class=\"parts-slider__item-image\">\r\n                            <img decoding=\"async\" src=\"https:\/\/xometry.eu\/wp-content\/uploads\/2025\/05\/uav-with-retractable-landing-gear-itunom.png\" alt=\"UAV\" \/>\r\n                        <\/div>\r\n                        <div class=\"parts-slider__item-main\">\r\n                            <h3 class=\"text-m\">UAV<\/h3>\r\n                        <\/div>\r\n                    <\/div>\r\n                                        <div class=\"parts-slider__item swiper-slide card\">\r\n                        <div class=\"parts-slider__item-image\">\r\n                            <img decoding=\"async\" src=\"https:\/\/xometry.eu\/wp-content\/uploads\/2025\/05\/vinci-eco-drive-electric-single-seater.jpeg\" alt=\"Elektriskt ensitsfordon\" \/>\r\n                        <\/div>\r\n                        <div class=\"parts-slider__item-main\">\r\n                            <h3 class=\"text-m\">Elektriskt ensitsfordon<\/h3>\r\n                        <\/div>\r\n                    <\/div>\r\n                                        <div class=\"parts-slider__item swiper-slide card\">\r\n                        <div class=\"parts-slider__item-image\">\r\n                            <img decoding=\"async\" src=\"https:\/\/xometry.eu\/wp-content\/uploads\/2025\/05\/acubesat-render-space.webp\" alt=\"Modul\u00e4r nanosatellit\" \/>\r\n                        <\/div>\r\n                        <div class=\"parts-slider__item-main\">\r\n                            <h3 class=\"text-m\">Modul\u00e4r nanosatellit<\/h3>\r\n                        <\/div>\r\n                    <\/div>\r\n                                        <div class=\"parts-slider__item swiper-slide card\">\r\n                        <div class=\"parts-slider__item-image\">\r\n                            <img decoding=\"async\" src=\"https:\/\/xometry.eu\/wp-content\/uploads\/2025\/05\/propulse-ntnu-project-valemon-copy-scaled-1.webp\" alt=\"Avancerad raket\" \/>\r\n                        <\/div>\r\n                        <div class=\"parts-slider__item-main\">\r\n                            <h3 class=\"text-m\">Avancerad raket<\/h3>\r\n                        <\/div>\r\n                    <\/div>\r\n                                        <div class=\"parts-slider__item swiper-slide card\">\r\n                        <div class=\"parts-slider__item-image\">\r\n                            <img decoding=\"async\" src=\"https:\/\/xometry.eu\/wp-content\/uploads\/2025\/05\/FR23_Freya.webp\" alt=\"Racerbil\" \/>\r\n                        <\/div>\r\n                        <div class=\"parts-slider__item-main\">\r\n                            <h3 class=\"text-m\">Racerbil<\/h3>\r\n                        <\/div>\r\n                    <\/div>\r\n                                        <div class=\"parts-slider__item swiper-slide card\">\r\n                        <div class=\"parts-slider__item-image\">\r\n                            <img decoding=\"async\" src=\"https:\/\/xometry.eu\/wp-content\/uploads\/2025\/05\/ICLR-Rocket-2.webp\" alt=\"Raket med flytande drivmedel\" \/>\r\n                        <\/div>\r\n                        <div class=\"parts-slider__item-main\">\r\n                            <h3 class=\"text-m\">Raket med flytande drivmedel<\/h3>\r\n                        <\/div>\r\n                    <\/div>\r\n                                <\/div>\r\n        <\/div>\r\n            <\/div>\r\n<\/section>\n\n\r\n<section class=\"final-cta dark dark-blue-100\" >\r\n    <div class=\"final-cta__container section container\">\r\n        <h2 class=\"title title--02\">Dela ditt ingenj\u00f6rsprojekt<\/h2>\r\n        <div class=\"hero__cards-list\">\r\n              \r\n    <a href=\"https:\/\/docs.google.com\/forms\/d\/e\/1FAIpQLSdNnmLb79QAGUGJyfYK1p0r4cLZD8sP78b-kT8bFlC3hGkdXg\/viewform?usp=sharing&#038;ouid=111268153315564232191\" class=\"hero__cards-item card \">\r\n        <h3 class=\"title title--03\">Ans\u00f6k om projektst\u00f6d eller sponsring fr\u00e5n Xometry nu<\/h3>\r\n        <div class=\"hero__cards-item-text \"><p>Fyll i formul\u00e4ret f\u00f6r att ber\u00e4tta om ditt projekt, s\u00e5 h\u00f6r vi av oss inom kort. Vi kan inte st\u00f6tta alla f\u00f6rfr\u00e5gningar, men granskar alla ans\u00f6kningar grundligt. <strong>Sponsponsring \u00e4r endast tillg\u00e4nglig i Europa, inklusive Storbritannien.<\/strong><\/p>\n<\/div>\r\n        <span class=\"btn btn--primary \">Fyll i formul\u00e4ret<\/span>\r\n            <\/a>\r\n        <\/div>\r\n        <div class=\"final-cta__footer-list\">\r\n                                            <\/div>\r\n    <\/div>\r\n<\/section>\n\n\n<p><\/p>\n","protected":false},"excerpt":{"rendered":"","protected":false},"author":10,"featured_media":0,"parent":0,"menu_order":0,"comment_status":"closed","ping_status":"closed","template":"template-new-style.php","meta":{"_acf_changed":false,"inline_featured_image":false,"footnotes":""},"class_list":["post-158438","page","type-page","status-publish","hentry"],"acf":[],"yoast_head":"<!-- This site is optimized with the Yoast SEO Premium plugin v20.5 (Yoast SEO v27.1.1) - https:\/\/yoast.com\/product\/yoast-seo-premium-wordpress\/ -->\n<title>St\u00f6ttar framtidens ingenj\u00f6rer genom projektsponsring | Xometry Europe<\/title>\n<meta name=\"description\" content=\"\u00c4r du en del av ett studentteam eller ett icke-kommersiellt projekt inom teknik eller produktutveckling? Ans\u00f6k om sponsring fr\u00e5n Xometry nu!\" \/>\n<meta name=\"robots\" content=\"index, nofollow, max-snippet:-1, max-image-preview:large, max-video-preview:-1\" \/>\n<link rel=\"canonical\" href=\"https:\/\/xometry.eu\/sv\/sponsorskap-och-studentstod\/\" \/>\n<meta property=\"og:locale\" content=\"sv_SE\" \/>\n<meta property=\"og:type\" content=\"article\" \/>\n<meta property=\"og:title\" content=\"St\u00f6ttar framtidens ingenj\u00f6rer genom projektsponsring | Xometry Europe\" \/>\n<meta property=\"og:description\" content=\"\u00c4r du en del av ett studentteam eller ett icke-kommersiellt projekt inom teknik eller produktutveckling? Ans\u00f6k om sponsring fr\u00e5n Xometry nu!\" \/>\n<meta property=\"og:url\" content=\"https:\/\/xometry.eu\/sv\/sponsorskap-och-studentstod\/\" \/>\n<meta property=\"og:site_name\" content=\"Xometry Europe\" \/>\n<meta property=\"article:modified_time\" content=\"2026-02-24T19:52:11+00:00\" \/>\n<meta name=\"twitter:card\" content=\"summary_large_image\" \/>\n<meta name=\"twitter:title\" content=\"Sponsorskap och studentst\u00f6d\" \/>\n<script type=\"application\/ld+json\" class=\"yoast-schema-graph\">{\"@context\":\"https:\/\/schema.org\",\"@graph\":[{\"@type\":\"WebPage\",\"@id\":\"https:\/\/xometry.eu\/sv\/sponsorskap-och-studentstod\/\",\"url\":\"https:\/\/xometry.eu\/sv\/sponsorskap-och-studentstod\/\",\"name\":\"St\u00f6ttar framtidens ingenj\u00f6rer genom projektsponsring | Xometry Europe\",\"isPartOf\":{\"@id\":\"https:\/\/xometry.eu\/sv\/#website\"},\"datePublished\":\"2025-06-11T07:17:39+00:00\",\"dateModified\":\"2026-02-24T19:52:11+00:00\",\"description\":\"\u00c4r du en del av ett studentteam eller ett icke-kommersiellt projekt inom teknik eller produktutveckling? Ans\u00f6k om sponsring fr\u00e5n Xometry nu!\",\"breadcrumb\":{\"@id\":\"https:\/\/xometry.eu\/sv\/sponsorskap-och-studentstod\/#breadcrumb\"},\"inLanguage\":\"sv-SE\",\"potentialAction\":[{\"@type\":\"ReadAction\",\"target\":[\"https:\/\/xometry.eu\/sv\/sponsorskap-och-studentstod\/\"]}]},{\"@type\":\"BreadcrumbList\",\"@id\":\"https:\/\/xometry.eu\/sv\/sponsorskap-och-studentstod\/#breadcrumb\",\"itemListElement\":[{\"@type\":\"ListItem\",\"position\":1,\"name\":\"Home\",\"item\":\"https:\/\/xometry.eu\/sv\/\"},{\"@type\":\"ListItem\",\"position\":2,\"name\":\"Sponsorskap och studentst\u00f6d\"}]},{\"@type\":\"WebSite\",\"@id\":\"https:\/\/xometry.eu\/sv\/#website\",\"url\":\"https:\/\/xometry.eu\/sv\/\",\"name\":\"Xometry Europe\",\"description\":\"\",\"publisher\":{\"@id\":\"https:\/\/xometry.eu\/sv\/#organization\"},\"potentialAction\":[{\"@type\":\"SearchAction\",\"target\":{\"@type\":\"EntryPoint\",\"urlTemplate\":\"https:\/\/xometry.eu\/sv\/?s={search_term_string}\"},\"query-input\":{\"@type\":\"PropertyValueSpecification\",\"valueRequired\":true,\"valueName\":\"search_term_string\"}}],\"inLanguage\":\"sv-SE\"}]}<\/script>\n<!-- \/ Yoast SEO Premium plugin. -->","yoast_head_json":{"title":"St\u00f6ttar framtidens ingenj\u00f6rer genom projektsponsring | Xometry Europe","description":"\u00c4r du en del av ett studentteam eller ett icke-kommersiellt projekt inom teknik eller produktutveckling? Ans\u00f6k om sponsring fr\u00e5n Xometry nu!","robots":{"index":"index","follow":"nofollow","max-snippet":"max-snippet:-1","max-image-preview":"max-image-preview:large","max-video-preview":"max-video-preview:-1"},"canonical":"https:\/\/xometry.eu\/sv\/sponsorskap-och-studentstod\/","og_locale":"sv_SE","og_type":"article","og_title":"St\u00f6ttar framtidens ingenj\u00f6rer genom projektsponsring | Xometry Europe","og_description":"\u00c4r du en del av ett studentteam eller ett icke-kommersiellt projekt inom teknik eller produktutveckling? Ans\u00f6k om sponsring fr\u00e5n Xometry nu!","og_url":"https:\/\/xometry.eu\/sv\/sponsorskap-och-studentstod\/","og_site_name":"Xometry Europe","article_modified_time":"2026-02-24T19:52:11+00:00","twitter_card":"summary_large_image","twitter_title":"Sponsorskap och studentst\u00f6d","schema":{"@context":"https:\/\/schema.org","@graph":[{"@type":"WebPage","@id":"https:\/\/xometry.eu\/sv\/sponsorskap-och-studentstod\/","url":"https:\/\/xometry.eu\/sv\/sponsorskap-och-studentstod\/","name":"St\u00f6ttar framtidens ingenj\u00f6rer genom projektsponsring | Xometry Europe","isPartOf":{"@id":"https:\/\/xometry.eu\/sv\/#website"},"datePublished":"2025-06-11T07:17:39+00:00","dateModified":"2026-02-24T19:52:11+00:00","description":"\u00c4r du en del av ett studentteam eller ett icke-kommersiellt projekt inom teknik eller produktutveckling? Ans\u00f6k om sponsring fr\u00e5n Xometry nu!","breadcrumb":{"@id":"https:\/\/xometry.eu\/sv\/sponsorskap-och-studentstod\/#breadcrumb"},"inLanguage":"sv-SE","potentialAction":[{"@type":"ReadAction","target":["https:\/\/xometry.eu\/sv\/sponsorskap-och-studentstod\/"]}]},{"@type":"BreadcrumbList","@id":"https:\/\/xometry.eu\/sv\/sponsorskap-och-studentstod\/#breadcrumb","itemListElement":[{"@type":"ListItem","position":1,"name":"Home","item":"https:\/\/xometry.eu\/sv\/"},{"@type":"ListItem","position":2,"name":"Sponsorskap och studentst\u00f6d"}]},{"@type":"WebSite","@id":"https:\/\/xometry.eu\/sv\/#website","url":"https:\/\/xometry.eu\/sv\/","name":"Xometry Europe","description":"","publisher":{"@id":"https:\/\/xometry.eu\/sv\/#organization"},"potentialAction":[{"@type":"SearchAction","target":{"@type":"EntryPoint","urlTemplate":"https:\/\/xometry.eu\/sv\/?s={search_term_string}"},"query-input":{"@type":"PropertyValueSpecification","valueRequired":true,"valueName":"search_term_string"}}],"inLanguage":"sv-SE"}]}},"_links":{"self":[{"href":"https:\/\/xometry.eu\/sv\/wp-json\/wp\/v2\/pages\/158438","targetHints":{"allow":["GET"]}}],"collection":[{"href":"https:\/\/xometry.eu\/sv\/wp-json\/wp\/v2\/pages"}],"about":[{"href":"https:\/\/xometry.eu\/sv\/wp-json\/wp\/v2\/types\/page"}],"author":[{"embeddable":true,"href":"https:\/\/xometry.eu\/sv\/wp-json\/wp\/v2\/users\/10"}],"replies":[{"embeddable":true,"href":"https:\/\/xometry.eu\/sv\/wp-json\/wp\/v2\/comments?post=158438"}],"version-history":[{"count":2,"href":"https:\/\/xometry.eu\/sv\/wp-json\/wp\/v2\/pages\/158438\/revisions"}],"predecessor-version":[{"id":170377,"href":"https:\/\/xometry.eu\/sv\/wp-json\/wp\/v2\/pages\/158438\/revisions\/170377"}],"wp:attachment":[{"href":"https:\/\/xometry.eu\/sv\/wp-json\/wp\/v2\/media?parent=158438"}],"curies":[{"name":"wp","href":"https:\/\/api.w.org\/{rel}","templated":true}]}}