{"id":130762,"date":"2023-08-17T09:37:04","date_gmt":"2023-08-17T07:37:04","guid":{"rendered":"https:\/\/xometry.eu\/automotive-industry\/"},"modified":"2024-02-09T10:02:13","modified_gmt":"2024-02-09T08:02:13","slug":"bilindustrin","status":"publish","type":"page","link":"https:\/\/xometry.eu\/sv\/bilindustrin\/","title":{"rendered":"Automotive Industry"},"content":{"rendered":"","protected":false},"excerpt":{"rendered":"","protected":false},"author":14,"featured_media":115408,"parent":0,"menu_order":0,"comment_status":"closed","ping_status":"closed","template":"","meta":{"_acf_changed":false,"inline_featured_image":false,"footnotes":""},"class_list":["post-130762","page","type-page","status-publish","has-post-thumbnail","hentry"],"acf":[],"yoast_head":"<!-- This site is optimized with the Yoast SEO Premium plugin v20.5 (Yoast SEO v27.1.1) - https:\/\/yoast.com\/product\/yoast-seo-premium-wordpress\/ -->\n<title>Prototyper och produktionsdelar f\u00f6r bilindustrin | Xometry<\/title>\n<meta name=\"description\" content=\"F\u00f6rnya snabbare med omedelbar tillg\u00e5ng till Xometrys stora tillverkningskapacitet, n\u00e4tverk och expertis inom fordonsindustrin.\" \/>\n<meta name=\"robots\" content=\"index, follow, max-snippet:-1, max-image-preview:large, max-video-preview:-1\" \/>\n<link rel=\"canonical\" href=\"https:\/\/xometry.eu\/sv\/bilindustrin\/\" \/>\n<meta property=\"og:locale\" content=\"sv_SE\" \/>\n<meta property=\"og:type\" content=\"article\" \/>\n<meta property=\"og:title\" content=\"Automotive Industry\" \/>\n<meta property=\"og:description\" content=\"F\u00f6rnya snabbare med omedelbar tillg\u00e5ng till Xometrys stora tillverkningskapacitet, n\u00e4tverk och expertis inom fordonsindustrin.\" \/>\n<meta property=\"og:url\" content=\"https:\/\/xometry.eu\/sv\/bilindustrin\/\" \/>\n<meta property=\"og:site_name\" content=\"Xometry Europe\" \/>\n<meta property=\"article:modified_time\" content=\"2024-02-09T08:02:13+00:00\" \/>\n<meta property=\"og:image\" content=\"https:\/\/xometry.eu\/wp-content\/uploads\/2023\/08\/Automotive-Industry-scaled.jpg\" \/>\n\t<meta property=\"og:image:width\" content=\"2560\" \/>\n\t<meta property=\"og:image:height\" content=\"1708\" \/>\n\t<meta property=\"og:image:type\" content=\"image\/jpeg\" \/>\n<meta name=\"twitter:card\" content=\"summary_large_image\" \/>\n<script type=\"application\/ld+json\" class=\"yoast-schema-graph\">{\"@context\":\"https:\/\/schema.org\",\"@graph\":[{\"@type\":\"WebPage\",\"@id\":\"https:\/\/xometry.eu\/sv\/bilindustrin\/\",\"url\":\"https:\/\/xometry.eu\/sv\/bilindustrin\/\",\"name\":\"Prototyper och produktionsdelar f\u00f6r bilindustrin | Xometry\",\"isPartOf\":{\"@id\":\"https:\/\/xometry.eu\/sv\/#website\"},\"primaryImageOfPage\":{\"@id\":\"https:\/\/xometry.eu\/sv\/bilindustrin\/#primaryimage\"},\"image\":{\"@id\":\"https:\/\/xometry.eu\/sv\/bilindustrin\/#primaryimage\"},\"thumbnailUrl\":\"https:\/\/xometry.eu\/wp-content\/uploads\/2023\/08\/Automotive-Industry-scaled.jpg\",\"datePublished\":\"2023-08-17T07:37:04+00:00\",\"dateModified\":\"2024-02-09T08:02:13+00:00\",\"description\":\"F\u00f6rnya snabbare med omedelbar tillg\u00e5ng till Xometrys stora tillverkningskapacitet, n\u00e4tverk och expertis inom fordonsindustrin.\",\"breadcrumb\":{\"@id\":\"https:\/\/xometry.eu\/sv\/bilindustrin\/#breadcrumb\"},\"inLanguage\":\"sv-SE\",\"potentialAction\":[{\"@type\":\"ReadAction\",\"target\":[\"https:\/\/xometry.eu\/sv\/bilindustrin\/\"]}]},{\"@type\":\"ImageObject\",\"inLanguage\":\"sv-SE\",\"@id\":\"https:\/\/xometry.eu\/sv\/bilindustrin\/#primaryimage\",\"url\":\"https:\/\/xometry.eu\/wp-content\/uploads\/2023\/08\/Automotive-Industry-scaled.jpg\",\"contentUrl\":\"https:\/\/xometry.eu\/wp-content\/uploads\/2023\/08\/Automotive-Industry-scaled.jpg\",\"width\":2560,\"height\":1708,\"caption\":\"Chassis of the electric, hybrid car with powertrain. Blue toned.\"},{\"@type\":\"BreadcrumbList\",\"@id\":\"https:\/\/xometry.eu\/sv\/bilindustrin\/#breadcrumb\",\"itemListElement\":[{\"@type\":\"ListItem\",\"position\":1,\"name\":\"Home\",\"item\":\"https:\/\/xometry.eu\/sv\/\"},{\"@type\":\"ListItem\",\"position\":2,\"name\":\"Automotive Industry\"}]},{\"@type\":\"WebSite\",\"@id\":\"https:\/\/xometry.eu\/sv\/#website\",\"url\":\"https:\/\/xometry.eu\/sv\/\",\"name\":\"Xometry Europe\",\"description\":\"\",\"publisher\":{\"@id\":\"https:\/\/xometry.eu\/sv\/#organization\"},\"potentialAction\":[{\"@type\":\"SearchAction\",\"target\":{\"@type\":\"EntryPoint\",\"urlTemplate\":\"https:\/\/xometry.eu\/sv\/?s={search_term_string}\"},\"query-input\":{\"@type\":\"PropertyValueSpecification\",\"valueRequired\":true,\"valueName\":\"search_term_string\"}}],\"inLanguage\":\"sv-SE\"}]}<\/script>\n<!-- \/ Yoast SEO Premium plugin. -->","yoast_head_json":{"title":"Prototyper och produktionsdelar f\u00f6r bilindustrin | Xometry","description":"F\u00f6rnya snabbare med omedelbar tillg\u00e5ng till Xometrys stora tillverkningskapacitet, n\u00e4tverk och expertis inom fordonsindustrin.","robots":{"index":"index","follow":"follow","max-snippet":"max-snippet:-1","max-image-preview":"max-image-preview:large","max-video-preview":"max-video-preview:-1"},"canonical":"https:\/\/xometry.eu\/sv\/bilindustrin\/","og_locale":"sv_SE","og_type":"article","og_title":"Automotive Industry","og_description":"F\u00f6rnya snabbare med omedelbar tillg\u00e5ng till Xometrys stora tillverkningskapacitet, n\u00e4tverk och expertis inom fordonsindustrin.","og_url":"https:\/\/xometry.eu\/sv\/bilindustrin\/","og_site_name":"Xometry Europe","article_modified_time":"2024-02-09T08:02:13+00:00","og_image":[{"width":2560,"height":1708,"url":"https:\/\/xometry.eu\/wp-content\/uploads\/2023\/08\/Automotive-Industry-scaled.jpg","type":"image\/jpeg"}],"twitter_card":"summary_large_image","schema":{"@context":"https:\/\/schema.org","@graph":[{"@type":"WebPage","@id":"https:\/\/xometry.eu\/sv\/bilindustrin\/","url":"https:\/\/xometry.eu\/sv\/bilindustrin\/","name":"Prototyper och produktionsdelar f\u00f6r bilindustrin | Xometry","isPartOf":{"@id":"https:\/\/xometry.eu\/sv\/#website"},"primaryImageOfPage":{"@id":"https:\/\/xometry.eu\/sv\/bilindustrin\/#primaryimage"},"image":{"@id":"https:\/\/xometry.eu\/sv\/bilindustrin\/#primaryimage"},"thumbnailUrl":"https:\/\/xometry.eu\/wp-content\/uploads\/2023\/08\/Automotive-Industry-scaled.jpg","datePublished":"2023-08-17T07:37:04+00:00","dateModified":"2024-02-09T08:02:13+00:00","description":"F\u00f6rnya snabbare med omedelbar tillg\u00e5ng till Xometrys stora tillverkningskapacitet, n\u00e4tverk och expertis inom fordonsindustrin.","breadcrumb":{"@id":"https:\/\/xometry.eu\/sv\/bilindustrin\/#breadcrumb"},"inLanguage":"sv-SE","potentialAction":[{"@type":"ReadAction","target":["https:\/\/xometry.eu\/sv\/bilindustrin\/"]}]},{"@type":"ImageObject","inLanguage":"sv-SE","@id":"https:\/\/xometry.eu\/sv\/bilindustrin\/#primaryimage","url":"https:\/\/xometry.eu\/wp-content\/uploads\/2023\/08\/Automotive-Industry-scaled.jpg","contentUrl":"https:\/\/xometry.eu\/wp-content\/uploads\/2023\/08\/Automotive-Industry-scaled.jpg","width":2560,"height":1708,"caption":"Chassis of the electric, hybrid car with powertrain. Blue toned."},{"@type":"BreadcrumbList","@id":"https:\/\/xometry.eu\/sv\/bilindustrin\/#breadcrumb","itemListElement":[{"@type":"ListItem","position":1,"name":"Home","item":"https:\/\/xometry.eu\/sv\/"},{"@type":"ListItem","position":2,"name":"Automotive Industry"}]},{"@type":"WebSite","@id":"https:\/\/xometry.eu\/sv\/#website","url":"https:\/\/xometry.eu\/sv\/","name":"Xometry Europe","description":"","publisher":{"@id":"https:\/\/xometry.eu\/sv\/#organization"},"potentialAction":[{"@type":"SearchAction","target":{"@type":"EntryPoint","urlTemplate":"https:\/\/xometry.eu\/sv\/?s={search_term_string}"},"query-input":{"@type":"PropertyValueSpecification","valueRequired":true,"valueName":"search_term_string"}}],"inLanguage":"sv-SE"}]}},"_links":{"self":[{"href":"https:\/\/xometry.eu\/sv\/wp-json\/wp\/v2\/pages\/130762","targetHints":{"allow":["GET"]}}],"collection":[{"href":"https:\/\/xometry.eu\/sv\/wp-json\/wp\/v2\/pages"}],"about":[{"href":"https:\/\/xometry.eu\/sv\/wp-json\/wp\/v2\/types\/page"}],"author":[{"embeddable":true,"href":"https:\/\/xometry.eu\/sv\/wp-json\/wp\/v2\/users\/14"}],"replies":[{"embeddable":true,"href":"https:\/\/xometry.eu\/sv\/wp-json\/wp\/v2\/comments?post=130762"}],"version-history":[{"count":0,"href":"https:\/\/xometry.eu\/sv\/wp-json\/wp\/v2\/pages\/130762\/revisions"}],"wp:featuredmedia":[{"embeddable":true,"href":"https:\/\/xometry.eu\/sv\/wp-json\/wp\/v2\/media\/115408"}],"wp:attachment":[{"href":"https:\/\/xometry.eu\/sv\/wp-json\/wp\/v2\/media?parent=130762"}],"curies":[{"name":"wp","href":"https:\/\/api.w.org\/{rel}","templated":true}]}}