{"id":129744,"date":"2023-12-20T11:40:48","date_gmt":"2023-12-20T09:40:48","guid":{"rendered":"https:\/\/xometry.eu\/manufacturing-standards\/"},"modified":"2025-04-02T17:26:04","modified_gmt":"2025-04-02T15:26:04","slug":"tillverkningsstandarder","status":"publish","type":"page","link":"https:\/\/xometry.eu\/sv\/tillverkningsstandarder\/","title":{"rendered":"Tillverkningsstandarder"},"content":{"rendered":"","protected":false},"excerpt":{"rendered":"","protected":false},"author":10,"featured_media":0,"parent":0,"menu_order":0,"comment_status":"closed","ping_status":"closed","template":"","meta":{"_acf_changed":false,"inline_featured_image":false,"footnotes":""},"class_list":["post-129744","page","type-page","status-publish","hentry"],"acf":[],"yoast_head":"<!-- This site is optimized with the Yoast SEO Premium plugin v20.5 (Yoast SEO v27.3) - https:\/\/yoast.com\/product\/yoast-seo-premium-wordpress\/ -->\n<title>Tillverkningsstandarder | Xometry Europe<\/title>\n<meta name=\"description\" content=\"Denna sida om tillverkningsstandarder hj\u00e4lper dig att navigera genom de standarder som v\u00e5rt n\u00e4tverk av tillverkningspartner f\u00f6ljer.\" \/>\n<meta name=\"robots\" content=\"index, follow, max-snippet:-1, max-image-preview:large, max-video-preview:-1\" \/>\n<link rel=\"canonical\" href=\"https:\/\/xometry.eu\/sv\/tillverkningsstandarder\/\" \/>\n<meta property=\"og:locale\" content=\"sv_SE\" \/>\n<meta property=\"og:type\" content=\"article\" \/>\n<meta property=\"og:title\" content=\"Tillverkningsstandarder\" \/>\n<meta property=\"og:description\" content=\"Denna sida om tillverkningsstandarder hj\u00e4lper dig att navigera genom de standarder som v\u00e5rt n\u00e4tverk av tillverkningspartner f\u00f6ljer.\" \/>\n<meta property=\"og:url\" content=\"https:\/\/xometry.eu\/sv\/tillverkningsstandarder\/\" \/>\n<meta property=\"og:site_name\" content=\"Xometry Europe\" \/>\n<meta property=\"article:modified_time\" content=\"2025-04-02T15:26:04+00:00\" \/>\n<meta name=\"twitter:card\" content=\"summary_large_image\" \/>\n<script type=\"application\/ld+json\" class=\"yoast-schema-graph\">{\"@context\":\"https:\\\/\\\/schema.org\",\"@graph\":[{\"@type\":\"WebPage\",\"@id\":\"https:\\\/\\\/xometry.eu\\\/sv\\\/tillverkningsstandarder\\\/\",\"url\":\"https:\\\/\\\/xometry.eu\\\/sv\\\/tillverkningsstandarder\\\/\",\"name\":\"Tillverkningsstandarder | Xometry Europe\",\"isPartOf\":{\"@id\":\"https:\\\/\\\/xometry.eu\\\/sv\\\/#website\"},\"datePublished\":\"2023-12-20T09:40:48+00:00\",\"dateModified\":\"2025-04-02T15:26:04+00:00\",\"description\":\"Denna sida om tillverkningsstandarder hj\u00e4lper dig att navigera genom de standarder som v\u00e5rt n\u00e4tverk av tillverkningspartner f\u00f6ljer.\",\"breadcrumb\":{\"@id\":\"https:\\\/\\\/xometry.eu\\\/sv\\\/tillverkningsstandarder\\\/#breadcrumb\"},\"inLanguage\":\"sv-SE\",\"potentialAction\":[{\"@type\":\"ReadAction\",\"target\":[\"https:\\\/\\\/xometry.eu\\\/sv\\\/tillverkningsstandarder\\\/\"]}]},{\"@type\":\"BreadcrumbList\",\"@id\":\"https:\\\/\\\/xometry.eu\\\/sv\\\/tillverkningsstandarder\\\/#breadcrumb\",\"itemListElement\":[{\"@type\":\"ListItem\",\"position\":1,\"name\":\"Home\",\"item\":\"https:\\\/\\\/xometry.eu\\\/sv\\\/\"},{\"@type\":\"ListItem\",\"position\":2,\"name\":\"Tillverkningsstandarder\"}]},{\"@type\":\"WebSite\",\"@id\":\"https:\\\/\\\/xometry.eu\\\/sv\\\/#website\",\"url\":\"https:\\\/\\\/xometry.eu\\\/sv\\\/\",\"name\":\"Xometry Europe\",\"description\":\"\",\"publisher\":{\"@id\":\"https:\\\/\\\/xometry.eu\\\/sv\\\/#organization\"},\"potentialAction\":[{\"@type\":\"SearchAction\",\"target\":{\"@type\":\"EntryPoint\",\"urlTemplate\":\"https:\\\/\\\/xometry.eu\\\/sv\\\/?s={search_term_string}\"},\"query-input\":{\"@type\":\"PropertyValueSpecification\",\"valueRequired\":true,\"valueName\":\"search_term_string\"}}],\"inLanguage\":\"sv-SE\"}]}<\/script>\n<!-- \/ Yoast SEO Premium plugin. -->","yoast_head_json":{"title":"Tillverkningsstandarder | Xometry Europe","description":"Denna sida om tillverkningsstandarder hj\u00e4lper dig att navigera genom de standarder som v\u00e5rt n\u00e4tverk av tillverkningspartner f\u00f6ljer.","robots":{"index":"index","follow":"follow","max-snippet":"max-snippet:-1","max-image-preview":"max-image-preview:large","max-video-preview":"max-video-preview:-1"},"canonical":"https:\/\/xometry.eu\/sv\/tillverkningsstandarder\/","og_locale":"sv_SE","og_type":"article","og_title":"Tillverkningsstandarder","og_description":"Denna sida om tillverkningsstandarder hj\u00e4lper dig att navigera genom de standarder som v\u00e5rt n\u00e4tverk av tillverkningspartner f\u00f6ljer.","og_url":"https:\/\/xometry.eu\/sv\/tillverkningsstandarder\/","og_site_name":"Xometry Europe","article_modified_time":"2025-04-02T15:26:04+00:00","twitter_card":"summary_large_image","schema":{"@context":"https:\/\/schema.org","@graph":[{"@type":"WebPage","@id":"https:\/\/xometry.eu\/sv\/tillverkningsstandarder\/","url":"https:\/\/xometry.eu\/sv\/tillverkningsstandarder\/","name":"Tillverkningsstandarder | Xometry Europe","isPartOf":{"@id":"https:\/\/xometry.eu\/sv\/#website"},"datePublished":"2023-12-20T09:40:48+00:00","dateModified":"2025-04-02T15:26:04+00:00","description":"Denna sida om tillverkningsstandarder hj\u00e4lper dig att navigera genom de standarder som v\u00e5rt n\u00e4tverk av tillverkningspartner f\u00f6ljer.","breadcrumb":{"@id":"https:\/\/xometry.eu\/sv\/tillverkningsstandarder\/#breadcrumb"},"inLanguage":"sv-SE","potentialAction":[{"@type":"ReadAction","target":["https:\/\/xometry.eu\/sv\/tillverkningsstandarder\/"]}]},{"@type":"BreadcrumbList","@id":"https:\/\/xometry.eu\/sv\/tillverkningsstandarder\/#breadcrumb","itemListElement":[{"@type":"ListItem","position":1,"name":"Home","item":"https:\/\/xometry.eu\/sv\/"},{"@type":"ListItem","position":2,"name":"Tillverkningsstandarder"}]},{"@type":"WebSite","@id":"https:\/\/xometry.eu\/sv\/#website","url":"https:\/\/xometry.eu\/sv\/","name":"Xometry Europe","description":"","publisher":{"@id":"https:\/\/xometry.eu\/sv\/#organization"},"potentialAction":[{"@type":"SearchAction","target":{"@type":"EntryPoint","urlTemplate":"https:\/\/xometry.eu\/sv\/?s={search_term_string}"},"query-input":{"@type":"PropertyValueSpecification","valueRequired":true,"valueName":"search_term_string"}}],"inLanguage":"sv-SE"}]}},"_links":{"self":[{"href":"https:\/\/xometry.eu\/sv\/wp-json\/wp\/v2\/pages\/129744","targetHints":{"allow":["GET"]}}],"collection":[{"href":"https:\/\/xometry.eu\/sv\/wp-json\/wp\/v2\/pages"}],"about":[{"href":"https:\/\/xometry.eu\/sv\/wp-json\/wp\/v2\/types\/page"}],"author":[{"embeddable":true,"href":"https:\/\/xometry.eu\/sv\/wp-json\/wp\/v2\/users\/10"}],"replies":[{"embeddable":true,"href":"https:\/\/xometry.eu\/sv\/wp-json\/wp\/v2\/comments?post=129744"}],"version-history":[{"count":0,"href":"https:\/\/xometry.eu\/sv\/wp-json\/wp\/v2\/pages\/129744\/revisions"}],"wp:attachment":[{"href":"https:\/\/xometry.eu\/sv\/wp-json\/wp\/v2\/media?parent=129744"}],"curies":[{"name":"wp","href":"https:\/\/api.w.org\/{rel}","templated":true}]}}