{"id":121952,"date":"2024-01-26T12:26:48","date_gmt":"2024-01-26T10:26:48","guid":{"rendered":"https:\/\/xometry.eu\/?page_id=121952"},"modified":"2026-02-03T18:46:09","modified_gmt":"2026-02-03T16:46:09","slug":"formativ-tillverkning","status":"publish","type":"page","link":"https:\/\/xometry.eu\/sv\/formativ-tillverkning\/","title":{"rendered":"Formativ tillverkning"},"content":{"rendered":"","protected":false},"excerpt":{"rendered":"","protected":false},"author":10,"featured_media":0,"parent":0,"menu_order":0,"comment_status":"closed","ping_status":"closed","template":"","meta":{"_acf_changed":false,"inline_featured_image":false,"footnotes":""},"class_list":["post-121952","page","type-page","status-publish","hentry"],"acf":[],"yoast_head":"<!-- This site is optimized with the Yoast SEO Premium plugin v20.5 (Yoast SEO v27.1.1) - https:\/\/yoast.com\/product\/yoast-seo-premium-wordpress\/ -->\n<title>Formativa tillverkningstj\u00e4nster | 4 tekniker | Xometry Europe<\/title>\n<meta name=\"description\" content=\"Xometry Europe erbjuder 4 tekniker f\u00f6r formativ tillverkning, inklusive formsprutning, pressgjutning, formbl\u00e5sning och extrudering av plast.\" \/>\n<meta name=\"robots\" content=\"index, follow, max-snippet:-1, max-image-preview:large, max-video-preview:-1\" \/>\n<link rel=\"canonical\" href=\"https:\/\/xometry.eu\/sv\/formativ-tillverkning\/\" \/>\n<meta property=\"og:locale\" content=\"sv_SE\" \/>\n<meta property=\"og:type\" content=\"article\" \/>\n<meta property=\"og:title\" content=\"Formativ tillverkning\" \/>\n<meta property=\"og:description\" content=\"Xometry Europe erbjuder 4 tekniker f\u00f6r formativ tillverkning, inklusive formsprutning, pressgjutning, formbl\u00e5sning och extrudering av plast.\" \/>\n<meta property=\"og:url\" content=\"https:\/\/xometry.eu\/sv\/formativ-tillverkning\/\" \/>\n<meta property=\"og:site_name\" content=\"Xometry Europe\" \/>\n<meta property=\"article:modified_time\" content=\"2026-02-03T16:46:09+00:00\" \/>\n<meta name=\"twitter:card\" content=\"summary_large_image\" \/>\n<script type=\"application\/ld+json\" class=\"yoast-schema-graph\">{\"@context\":\"https:\/\/schema.org\",\"@graph\":[{\"@type\":\"WebPage\",\"@id\":\"https:\/\/xometry.eu\/sv\/formativ-tillverkning\/\",\"url\":\"https:\/\/xometry.eu\/sv\/formativ-tillverkning\/\",\"name\":\"Formativa tillverkningstj\u00e4nster | 4 tekniker | Xometry Europe\",\"isPartOf\":{\"@id\":\"https:\/\/xometry.eu\/sv\/#website\"},\"datePublished\":\"2024-01-26T10:26:48+00:00\",\"dateModified\":\"2026-02-03T16:46:09+00:00\",\"description\":\"Xometry Europe erbjuder 4 tekniker f\u00f6r formativ tillverkning, inklusive formsprutning, pressgjutning, formbl\u00e5sning och extrudering av plast.\",\"breadcrumb\":{\"@id\":\"https:\/\/xometry.eu\/sv\/formativ-tillverkning\/#breadcrumb\"},\"inLanguage\":\"sv-SE\",\"potentialAction\":[{\"@type\":\"ReadAction\",\"target\":[\"https:\/\/xometry.eu\/sv\/formativ-tillverkning\/\"]}]},{\"@type\":\"BreadcrumbList\",\"@id\":\"https:\/\/xometry.eu\/sv\/formativ-tillverkning\/#breadcrumb\",\"itemListElement\":[{\"@type\":\"ListItem\",\"position\":1,\"name\":\"Home\",\"item\":\"https:\/\/xometry.eu\/sv\/\"},{\"@type\":\"ListItem\",\"position\":2,\"name\":\"Formativ tillverkning\"}]},{\"@type\":\"WebSite\",\"@id\":\"https:\/\/xometry.eu\/sv\/#website\",\"url\":\"https:\/\/xometry.eu\/sv\/\",\"name\":\"Xometry Europe\",\"description\":\"\",\"publisher\":{\"@id\":\"https:\/\/xometry.eu\/sv\/#organization\"},\"potentialAction\":[{\"@type\":\"SearchAction\",\"target\":{\"@type\":\"EntryPoint\",\"urlTemplate\":\"https:\/\/xometry.eu\/sv\/?s={search_term_string}\"},\"query-input\":{\"@type\":\"PropertyValueSpecification\",\"valueRequired\":true,\"valueName\":\"search_term_string\"}}],\"inLanguage\":\"sv-SE\"}]}<\/script>\n<!-- \/ Yoast SEO Premium plugin. -->","yoast_head_json":{"title":"Formativa tillverkningstj\u00e4nster | 4 tekniker | Xometry Europe","description":"Xometry Europe erbjuder 4 tekniker f\u00f6r formativ tillverkning, inklusive formsprutning, pressgjutning, formbl\u00e5sning och extrudering av plast.","robots":{"index":"index","follow":"follow","max-snippet":"max-snippet:-1","max-image-preview":"max-image-preview:large","max-video-preview":"max-video-preview:-1"},"canonical":"https:\/\/xometry.eu\/sv\/formativ-tillverkning\/","og_locale":"sv_SE","og_type":"article","og_title":"Formativ tillverkning","og_description":"Xometry Europe erbjuder 4 tekniker f\u00f6r formativ tillverkning, inklusive formsprutning, pressgjutning, formbl\u00e5sning och extrudering av plast.","og_url":"https:\/\/xometry.eu\/sv\/formativ-tillverkning\/","og_site_name":"Xometry Europe","article_modified_time":"2026-02-03T16:46:09+00:00","twitter_card":"summary_large_image","schema":{"@context":"https:\/\/schema.org","@graph":[{"@type":"WebPage","@id":"https:\/\/xometry.eu\/sv\/formativ-tillverkning\/","url":"https:\/\/xometry.eu\/sv\/formativ-tillverkning\/","name":"Formativa tillverkningstj\u00e4nster | 4 tekniker | Xometry Europe","isPartOf":{"@id":"https:\/\/xometry.eu\/sv\/#website"},"datePublished":"2024-01-26T10:26:48+00:00","dateModified":"2026-02-03T16:46:09+00:00","description":"Xometry Europe erbjuder 4 tekniker f\u00f6r formativ tillverkning, inklusive formsprutning, pressgjutning, formbl\u00e5sning och extrudering av plast.","breadcrumb":{"@id":"https:\/\/xometry.eu\/sv\/formativ-tillverkning\/#breadcrumb"},"inLanguage":"sv-SE","potentialAction":[{"@type":"ReadAction","target":["https:\/\/xometry.eu\/sv\/formativ-tillverkning\/"]}]},{"@type":"BreadcrumbList","@id":"https:\/\/xometry.eu\/sv\/formativ-tillverkning\/#breadcrumb","itemListElement":[{"@type":"ListItem","position":1,"name":"Home","item":"https:\/\/xometry.eu\/sv\/"},{"@type":"ListItem","position":2,"name":"Formativ tillverkning"}]},{"@type":"WebSite","@id":"https:\/\/xometry.eu\/sv\/#website","url":"https:\/\/xometry.eu\/sv\/","name":"Xometry Europe","description":"","publisher":{"@id":"https:\/\/xometry.eu\/sv\/#organization"},"potentialAction":[{"@type":"SearchAction","target":{"@type":"EntryPoint","urlTemplate":"https:\/\/xometry.eu\/sv\/?s={search_term_string}"},"query-input":{"@type":"PropertyValueSpecification","valueRequired":true,"valueName":"search_term_string"}}],"inLanguage":"sv-SE"}]}},"_links":{"self":[{"href":"https:\/\/xometry.eu\/sv\/wp-json\/wp\/v2\/pages\/121952","targetHints":{"allow":["GET"]}}],"collection":[{"href":"https:\/\/xometry.eu\/sv\/wp-json\/wp\/v2\/pages"}],"about":[{"href":"https:\/\/xometry.eu\/sv\/wp-json\/wp\/v2\/types\/page"}],"author":[{"embeddable":true,"href":"https:\/\/xometry.eu\/sv\/wp-json\/wp\/v2\/users\/10"}],"replies":[{"embeddable":true,"href":"https:\/\/xometry.eu\/sv\/wp-json\/wp\/v2\/comments?post=121952"}],"version-history":[{"count":2,"href":"https:\/\/xometry.eu\/sv\/wp-json\/wp\/v2\/pages\/121952\/revisions"}],"predecessor-version":[{"id":169772,"href":"https:\/\/xometry.eu\/sv\/wp-json\/wp\/v2\/pages\/121952\/revisions\/169772"}],"wp:attachment":[{"href":"https:\/\/xometry.eu\/sv\/wp-json\/wp\/v2\/media?parent=121952"}],"curies":[{"name":"wp","href":"https:\/\/api.w.org\/{rel}","templated":true}]}}