{"id":121812,"date":"2023-08-02T11:10:48","date_gmt":"2023-08-02T09:10:48","guid":{"rendered":"https:\/\/xometry.eu\/?page_id=121812"},"modified":"2025-02-21T10:37:09","modified_gmt":"2025-02-21T08:37:09","slug":"solidworks","status":"publish","type":"page","link":"https:\/\/xometry.eu\/sv\/solidworks\/","title":{"rendered":"SOLIDWORKS"},"content":{"rendered":"","protected":false},"excerpt":{"rendered":"","protected":false},"author":10,"featured_media":0,"parent":0,"menu_order":0,"comment_status":"closed","ping_status":"closed","template":"","meta":{"_acf_changed":false,"inline_featured_image":false,"footnotes":""},"class_list":["post-121812","page","type-page","status-publish","hentry"],"acf":[],"yoast_head":"<!-- This site is optimized with the Yoast SEO Premium plugin v20.5 (Yoast SEO v27.1.1) - https:\/\/yoast.com\/product\/yoast-seo-premium-wordpress\/ -->\n<title>Xometry-till\u00e4gg f\u00f6r SOLIDWORKS | Xometry Europe<\/title>\n<meta name=\"description\" content=\"Xometry app f\u00f6r SOLIDWORKS \u00e4r tillg\u00e4nglig f\u00f6r anv\u00e4ndare i Europa f\u00f6r att ge dig omedelbar priss\u00e4ttning och ledtider.\" \/>\n<meta name=\"robots\" content=\"index, follow, max-snippet:-1, max-image-preview:large, max-video-preview:-1\" \/>\n<link rel=\"canonical\" href=\"https:\/\/xometry.eu\/sv\/solidworks\/\" \/>\n<meta property=\"og:locale\" content=\"sv_SE\" \/>\n<meta property=\"og:type\" content=\"article\" \/>\n<meta property=\"og:title\" content=\"SOLIDWORKS\" \/>\n<meta property=\"og:description\" content=\"Xometry app f\u00f6r SOLIDWORKS \u00e4r tillg\u00e4nglig f\u00f6r anv\u00e4ndare i Europa f\u00f6r att ge dig omedelbar priss\u00e4ttning och ledtider.\" \/>\n<meta property=\"og:url\" content=\"https:\/\/xometry.eu\/sv\/solidworks\/\" \/>\n<meta property=\"og:site_name\" content=\"Xometry Europe\" \/>\n<meta property=\"article:modified_time\" content=\"2025-02-21T08:37:09+00:00\" \/>\n<meta name=\"twitter:card\" content=\"summary_large_image\" \/>\n<script type=\"application\/ld+json\" class=\"yoast-schema-graph\">{\"@context\":\"https:\/\/schema.org\",\"@graph\":[{\"@type\":\"WebPage\",\"@id\":\"https:\/\/xometry.eu\/sv\/solidworks\/\",\"url\":\"https:\/\/xometry.eu\/sv\/solidworks\/\",\"name\":\"Xometry-till\u00e4gg f\u00f6r SOLIDWORKS | Xometry Europe\",\"isPartOf\":{\"@id\":\"https:\/\/xometry.eu\/sv\/#website\"},\"datePublished\":\"2023-08-02T09:10:48+00:00\",\"dateModified\":\"2025-02-21T08:37:09+00:00\",\"description\":\"Xometry app f\u00f6r SOLIDWORKS \u00e4r tillg\u00e4nglig f\u00f6r anv\u00e4ndare i Europa f\u00f6r att ge dig omedelbar priss\u00e4ttning och ledtider.\",\"breadcrumb\":{\"@id\":\"https:\/\/xometry.eu\/sv\/solidworks\/#breadcrumb\"},\"inLanguage\":\"sv-SE\",\"potentialAction\":[{\"@type\":\"ReadAction\",\"target\":[\"https:\/\/xometry.eu\/sv\/solidworks\/\"]}]},{\"@type\":\"BreadcrumbList\",\"@id\":\"https:\/\/xometry.eu\/sv\/solidworks\/#breadcrumb\",\"itemListElement\":[{\"@type\":\"ListItem\",\"position\":1,\"name\":\"Home\",\"item\":\"https:\/\/xometry.eu\/sv\/\"},{\"@type\":\"ListItem\",\"position\":2,\"name\":\"SOLIDWORKS\"}]},{\"@type\":\"WebSite\",\"@id\":\"https:\/\/xometry.eu\/sv\/#website\",\"url\":\"https:\/\/xometry.eu\/sv\/\",\"name\":\"Xometry Europe\",\"description\":\"\",\"publisher\":{\"@id\":\"https:\/\/xometry.eu\/sv\/#organization\"},\"potentialAction\":[{\"@type\":\"SearchAction\",\"target\":{\"@type\":\"EntryPoint\",\"urlTemplate\":\"https:\/\/xometry.eu\/sv\/?s={search_term_string}\"},\"query-input\":{\"@type\":\"PropertyValueSpecification\",\"valueRequired\":true,\"valueName\":\"search_term_string\"}}],\"inLanguage\":\"sv-SE\"}]}<\/script>\n<!-- \/ Yoast SEO Premium plugin. -->","yoast_head_json":{"title":"Xometry-till\u00e4gg f\u00f6r SOLIDWORKS | Xometry Europe","description":"Xometry app f\u00f6r SOLIDWORKS \u00e4r tillg\u00e4nglig f\u00f6r anv\u00e4ndare i Europa f\u00f6r att ge dig omedelbar priss\u00e4ttning och ledtider.","robots":{"index":"index","follow":"follow","max-snippet":"max-snippet:-1","max-image-preview":"max-image-preview:large","max-video-preview":"max-video-preview:-1"},"canonical":"https:\/\/xometry.eu\/sv\/solidworks\/","og_locale":"sv_SE","og_type":"article","og_title":"SOLIDWORKS","og_description":"Xometry app f\u00f6r SOLIDWORKS \u00e4r tillg\u00e4nglig f\u00f6r anv\u00e4ndare i Europa f\u00f6r att ge dig omedelbar priss\u00e4ttning och ledtider.","og_url":"https:\/\/xometry.eu\/sv\/solidworks\/","og_site_name":"Xometry Europe","article_modified_time":"2025-02-21T08:37:09+00:00","twitter_card":"summary_large_image","schema":{"@context":"https:\/\/schema.org","@graph":[{"@type":"WebPage","@id":"https:\/\/xometry.eu\/sv\/solidworks\/","url":"https:\/\/xometry.eu\/sv\/solidworks\/","name":"Xometry-till\u00e4gg f\u00f6r SOLIDWORKS | Xometry Europe","isPartOf":{"@id":"https:\/\/xometry.eu\/sv\/#website"},"datePublished":"2023-08-02T09:10:48+00:00","dateModified":"2025-02-21T08:37:09+00:00","description":"Xometry app f\u00f6r SOLIDWORKS \u00e4r tillg\u00e4nglig f\u00f6r anv\u00e4ndare i Europa f\u00f6r att ge dig omedelbar priss\u00e4ttning och ledtider.","breadcrumb":{"@id":"https:\/\/xometry.eu\/sv\/solidworks\/#breadcrumb"},"inLanguage":"sv-SE","potentialAction":[{"@type":"ReadAction","target":["https:\/\/xometry.eu\/sv\/solidworks\/"]}]},{"@type":"BreadcrumbList","@id":"https:\/\/xometry.eu\/sv\/solidworks\/#breadcrumb","itemListElement":[{"@type":"ListItem","position":1,"name":"Home","item":"https:\/\/xometry.eu\/sv\/"},{"@type":"ListItem","position":2,"name":"SOLIDWORKS"}]},{"@type":"WebSite","@id":"https:\/\/xometry.eu\/sv\/#website","url":"https:\/\/xometry.eu\/sv\/","name":"Xometry Europe","description":"","publisher":{"@id":"https:\/\/xometry.eu\/sv\/#organization"},"potentialAction":[{"@type":"SearchAction","target":{"@type":"EntryPoint","urlTemplate":"https:\/\/xometry.eu\/sv\/?s={search_term_string}"},"query-input":{"@type":"PropertyValueSpecification","valueRequired":true,"valueName":"search_term_string"}}],"inLanguage":"sv-SE"}]}},"_links":{"self":[{"href":"https:\/\/xometry.eu\/sv\/wp-json\/wp\/v2\/pages\/121812","targetHints":{"allow":["GET"]}}],"collection":[{"href":"https:\/\/xometry.eu\/sv\/wp-json\/wp\/v2\/pages"}],"about":[{"href":"https:\/\/xometry.eu\/sv\/wp-json\/wp\/v2\/types\/page"}],"author":[{"embeddable":true,"href":"https:\/\/xometry.eu\/sv\/wp-json\/wp\/v2\/users\/10"}],"replies":[{"embeddable":true,"href":"https:\/\/xometry.eu\/sv\/wp-json\/wp\/v2\/comments?post=121812"}],"version-history":[{"count":1,"href":"https:\/\/xometry.eu\/sv\/wp-json\/wp\/v2\/pages\/121812\/revisions"}],"predecessor-version":[{"id":153223,"href":"https:\/\/xometry.eu\/sv\/wp-json\/wp\/v2\/pages\/121812\/revisions\/153223"}],"wp:attachment":[{"href":"https:\/\/xometry.eu\/sv\/wp-json\/wp\/v2\/media?parent=121812"}],"curies":[{"name":"wp","href":"https:\/\/api.w.org\/{rel}","templated":true}]}}