{"id":35842,"date":"2021-07-26T11:38:22","date_gmt":"2021-07-26T11:38:22","guid":{"rendered":"http:\/\/3.120.111.0\/?page_id=35842"},"modified":"2024-08-27T13:45:41","modified_gmt":"2024-08-27T11:45:41","slug":"partners","status":"publish","type":"page","link":"https:\/\/xometry.eu\/pt\/partners\/","title":{"rendered":"Partners"},"content":{"rendered":"","protected":false},"excerpt":{"rendered":"","protected":false},"author":10,"featured_media":137122,"parent":0,"menu_order":0,"comment_status":"closed","ping_status":"closed","template":"","meta":{"_acf_changed":false,"inline_featured_image":false,"footnotes":""},"class_list":["post-35842","page","type-page","status-publish","has-post-thumbnail","hentry"],"acf":[],"yoast_head":"<!-- This site is optimized with the Yoast SEO Premium plugin v20.5 (Yoast SEO v27.3) - https:\/\/yoast.com\/product\/yoast-seo-premium-wordpress\/ -->\n<title>Rede de parceiros | Novas encomendas | Xometry Europe<\/title>\n<meta name=\"description\" content=\"Xometry Europe \u00e9 a maior rede de maquina\u00e7\u00e3o CNC, Sheet Metal, Injection Moulding e impress\u00e3o 3D na Europa.\" \/>\n<meta name=\"robots\" content=\"index, follow, max-snippet:-1, max-image-preview:large, max-video-preview:-1\" \/>\n<link rel=\"canonical\" href=\"https:\/\/xometry.eu\/pt\/partners\/\" \/>\n<meta property=\"og:locale\" content=\"pt_PT\" \/>\n<meta property=\"og:type\" content=\"article\" \/>\n<meta property=\"og:title\" content=\"Partners\" \/>\n<meta property=\"og:description\" content=\"Xometry Europe \u00e9 a maior rede de maquina\u00e7\u00e3o CNC, Sheet Metal, Injection Moulding e impress\u00e3o 3D na Europa.\" \/>\n<meta property=\"og:url\" content=\"https:\/\/xometry.eu\/pt\/partners\/\" \/>\n<meta property=\"og:site_name\" content=\"Xometry Europe\" \/>\n<meta property=\"article:modified_time\" content=\"2024-08-27T11:45:41+00:00\" \/>\n<meta property=\"og:image\" content=\"http:\/\/xometry.eu\/wp-content\/uploads\/2023\/04\/Scene_XometryBrand-1.ai_-1440x819.png\" \/>\n<meta name=\"twitter:card\" content=\"summary_large_image\" \/>\n<meta name=\"twitter:image\" content=\"http:\/\/xometry.eu\/wp-content\/uploads\/2023\/04\/Scene_XometryBrand-1.ai_-1440x819.png\" \/>\n<script type=\"application\/ld+json\" class=\"yoast-schema-graph\">{\"@context\":\"https:\\\/\\\/schema.org\",\"@graph\":[{\"@type\":\"WebPage\",\"@id\":\"https:\\\/\\\/xometry.eu\\\/pt\\\/partners\\\/\",\"url\":\"https:\\\/\\\/xometry.eu\\\/pt\\\/partners\\\/\",\"name\":\"Rede de parceiros | Novas encomendas | Xometry Europe\",\"isPartOf\":{\"@id\":\"https:\\\/\\\/xometry.eu\\\/pt\\\/#website\"},\"primaryImageOfPage\":{\"@id\":\"https:\\\/\\\/xometry.eu\\\/pt\\\/partners\\\/#primaryimage\"},\"image\":{\"@id\":\"https:\\\/\\\/xometry.eu\\\/pt\\\/partners\\\/#primaryimage\"},\"thumbnailUrl\":\"https:\\\/\\\/xometry.eu\\\/wp-content\\\/uploads\\\/2024\\\/03\\\/map-illustration-1-1.webp\",\"datePublished\":\"2021-07-26T11:38:22+00:00\",\"dateModified\":\"2024-08-27T11:45:41+00:00\",\"description\":\"Xometry Europe \u00e9 a maior rede de maquina\u00e7\u00e3o CNC, Sheet Metal, Injection Moulding e impress\u00e3o 3D na Europa.\",\"breadcrumb\":{\"@id\":\"https:\\\/\\\/xometry.eu\\\/pt\\\/partners\\\/#breadcrumb\"},\"inLanguage\":\"PT\",\"potentialAction\":[{\"@type\":\"ReadAction\",\"target\":[\"https:\\\/\\\/xometry.eu\\\/pt\\\/partners\\\/\"]}]},{\"@type\":\"ImageObject\",\"inLanguage\":\"PT\",\"@id\":\"https:\\\/\\\/xometry.eu\\\/pt\\\/partners\\\/#primaryimage\",\"url\":\"https:\\\/\\\/xometry.eu\\\/wp-content\\\/uploads\\\/2024\\\/03\\\/map-illustration-1-1.webp\",\"contentUrl\":\"https:\\\/\\\/xometry.eu\\\/wp-content\\\/uploads\\\/2024\\\/03\\\/map-illustration-1-1.webp\",\"width\":2027,\"height\":1150},{\"@type\":\"BreadcrumbList\",\"@id\":\"https:\\\/\\\/xometry.eu\\\/pt\\\/partners\\\/#breadcrumb\",\"itemListElement\":[{\"@type\":\"ListItem\",\"position\":1,\"name\":\"Home\",\"item\":\"https:\\\/\\\/xometry.eu\\\/pt\\\/\"},{\"@type\":\"ListItem\",\"position\":2,\"name\":\"Partners\"}]},{\"@type\":\"WebSite\",\"@id\":\"https:\\\/\\\/xometry.eu\\\/pt\\\/#website\",\"url\":\"https:\\\/\\\/xometry.eu\\\/pt\\\/\",\"name\":\"Xometry Europe\",\"description\":\"\",\"publisher\":{\"@id\":\"https:\\\/\\\/xometry.eu\\\/pt\\\/#organization\"},\"potentialAction\":[{\"@type\":\"SearchAction\",\"target\":{\"@type\":\"EntryPoint\",\"urlTemplate\":\"https:\\\/\\\/xometry.eu\\\/pt\\\/?s={search_term_string}\"},\"query-input\":{\"@type\":\"PropertyValueSpecification\",\"valueRequired\":true,\"valueName\":\"search_term_string\"}}],\"inLanguage\":\"PT\"}]}<\/script>\n<!-- \/ Yoast SEO Premium plugin. -->","yoast_head_json":{"title":"Rede de parceiros | Novas encomendas | Xometry Europe","description":"Xometry Europe \u00e9 a maior rede de maquina\u00e7\u00e3o CNC, Sheet Metal, Injection Moulding e impress\u00e3o 3D na Europa.","robots":{"index":"index","follow":"follow","max-snippet":"max-snippet:-1","max-image-preview":"max-image-preview:large","max-video-preview":"max-video-preview:-1"},"canonical":"https:\/\/xometry.eu\/pt\/partners\/","og_locale":"pt_PT","og_type":"article","og_title":"Partners","og_description":"Xometry Europe \u00e9 a maior rede de maquina\u00e7\u00e3o CNC, Sheet Metal, Injection Moulding e impress\u00e3o 3D na Europa.","og_url":"https:\/\/xometry.eu\/pt\/partners\/","og_site_name":"Xometry Europe","article_modified_time":"2024-08-27T11:45:41+00:00","og_image":[{"url":"http:\/\/xometry.eu\/wp-content\/uploads\/2023\/04\/Scene_XometryBrand-1.ai_-1440x819.png","type":"","width":"","height":""}],"twitter_card":"summary_large_image","twitter_image":"http:\/\/xometry.eu\/wp-content\/uploads\/2023\/04\/Scene_XometryBrand-1.ai_-1440x819.png","schema":{"@context":"https:\/\/schema.org","@graph":[{"@type":"WebPage","@id":"https:\/\/xometry.eu\/pt\/partners\/","url":"https:\/\/xometry.eu\/pt\/partners\/","name":"Rede de parceiros | Novas encomendas | Xometry Europe","isPartOf":{"@id":"https:\/\/xometry.eu\/pt\/#website"},"primaryImageOfPage":{"@id":"https:\/\/xometry.eu\/pt\/partners\/#primaryimage"},"image":{"@id":"https:\/\/xometry.eu\/pt\/partners\/#primaryimage"},"thumbnailUrl":"https:\/\/xometry.eu\/wp-content\/uploads\/2024\/03\/map-illustration-1-1.webp","datePublished":"2021-07-26T11:38:22+00:00","dateModified":"2024-08-27T11:45:41+00:00","description":"Xometry Europe \u00e9 a maior rede de maquina\u00e7\u00e3o CNC, Sheet Metal, Injection Moulding e impress\u00e3o 3D na Europa.","breadcrumb":{"@id":"https:\/\/xometry.eu\/pt\/partners\/#breadcrumb"},"inLanguage":"PT","potentialAction":[{"@type":"ReadAction","target":["https:\/\/xometry.eu\/pt\/partners\/"]}]},{"@type":"ImageObject","inLanguage":"PT","@id":"https:\/\/xometry.eu\/pt\/partners\/#primaryimage","url":"https:\/\/xometry.eu\/wp-content\/uploads\/2024\/03\/map-illustration-1-1.webp","contentUrl":"https:\/\/xometry.eu\/wp-content\/uploads\/2024\/03\/map-illustration-1-1.webp","width":2027,"height":1150},{"@type":"BreadcrumbList","@id":"https:\/\/xometry.eu\/pt\/partners\/#breadcrumb","itemListElement":[{"@type":"ListItem","position":1,"name":"Home","item":"https:\/\/xometry.eu\/pt\/"},{"@type":"ListItem","position":2,"name":"Partners"}]},{"@type":"WebSite","@id":"https:\/\/xometry.eu\/pt\/#website","url":"https:\/\/xometry.eu\/pt\/","name":"Xometry Europe","description":"","publisher":{"@id":"https:\/\/xometry.eu\/pt\/#organization"},"potentialAction":[{"@type":"SearchAction","target":{"@type":"EntryPoint","urlTemplate":"https:\/\/xometry.eu\/pt\/?s={search_term_string}"},"query-input":{"@type":"PropertyValueSpecification","valueRequired":true,"valueName":"search_term_string"}}],"inLanguage":"PT"}]}},"_links":{"self":[{"href":"https:\/\/xometry.eu\/pt\/wp-json\/wp\/v2\/pages\/35842","targetHints":{"allow":["GET"]}}],"collection":[{"href":"https:\/\/xometry.eu\/pt\/wp-json\/wp\/v2\/pages"}],"about":[{"href":"https:\/\/xometry.eu\/pt\/wp-json\/wp\/v2\/types\/page"}],"author":[{"embeddable":true,"href":"https:\/\/xometry.eu\/pt\/wp-json\/wp\/v2\/users\/10"}],"replies":[{"embeddable":true,"href":"https:\/\/xometry.eu\/pt\/wp-json\/wp\/v2\/comments?post=35842"}],"version-history":[{"count":0,"href":"https:\/\/xometry.eu\/pt\/wp-json\/wp\/v2\/pages\/35842\/revisions"}],"wp:featuredmedia":[{"embeddable":true,"href":"https:\/\/xometry.eu\/pt\/wp-json\/wp\/v2\/media\/137122"}],"wp:attachment":[{"href":"https:\/\/xometry.eu\/pt\/wp-json\/wp\/v2\/media?parent=35842"}],"curies":[{"name":"wp","href":"https:\/\/api.w.org\/{rel}","templated":true}]}}