{"id":162636,"date":"2025-09-05T18:01:02","date_gmt":"2025-09-05T16:01:02","guid":{"rendered":"https:\/\/xometry.eu\/back-to-business\/"},"modified":"2025-09-09T15:42:34","modified_gmt":"2025-09-09T13:42:34","slug":"back-to-business","status":"publish","type":"page","link":"https:\/\/xometry.eu\/pt\/back-to-business\/","title":{"rendered":"Back to Business"},"content":{"rendered":"<section class=\"hero  light light-to-dark-gradient printing-3d-page\" >\r\n        <img decoding=\"async\" src=\"https:\/\/xometry.eu\/wp-content\/uploads\/2025\/09\/back-to-business-cover-left-2-scaled.png\" alt=\"Regresso ao Trabalho:  Use o Seu Desconto\" class=\"hero__left-image\" \/>\r\n            <img decoding=\"async\" src=\"https:\/\/xometry.eu\/wp-content\/uploads\/2025\/09\/back-to-business-cover-right-3-scaled.png\" alt=\"Regresso ao Trabalho:  Use o Seu Desconto\" class=\"hero__right-image\" \/>\r\n        <div class=\"hero__container section container\" style=\"padding-bottom: 0px;\">\r\n        <div class=\"hero__title-wrapper\">\r\n            <h1 class=\"title title--01\"><strong>Regresso ao Trabalho:<\/strong> <br> Use o Seu Desconto<\/h1>\r\n            <div><p><span style=\"font-weight: 400;\">Regresse ao trabalho em for\u00e7a com os descontos da Xometry \u2014 pensados para tornar os lan\u00e7amentos e o escalar de produ\u00e7\u00e3o mais f\u00e1cil e mais custo-eficiente.<\/span><\/p>\n<p><span style=\"font-weight: 400;\">\u00a0<\/span><\/p>\n<p><span style=\"font-weight: 400;\">Utilize o seu desconto hoje \u2014 todas as ofertas est\u00e3o dispon\u00edveis at\u00e9 23 de setembro.<\/span><\/p>\n<\/div>\r\n                    <\/div>\r\n        <div class=\"hero__cards-list\">\r\n                    <\/div>\r\n            <\/div>\r\n<\/section>\n\n <section class=\"steps-comparison light   dark-to-light-gradient\">\r\n    <div class=\"steps-comparison__container section container\">\r\n                    <div class=\"steps__list three-cards\">\r\n                                    <div class=\"steps__card card\">\r\n                                                    <img decoding=\"async\" class=\"steps__card-image\" src=\"https:\/\/xometry.eu\/wp-content\/uploads\/2025\/09\/back-to-business-12.png\" alt=\"Encomendas de Impress\u00e3o 3D\" \/>\r\n                                                <div class=\"steps__card-main\">\r\n                            <h4 class=\"title title--04\">Encomendas de Impress\u00e3o 3D<\/h4>\r\n                            <div><p><span style=\"font-weight: 400;\">Obtenha <\/span><b>12%<\/b><span style=\"font-weight: 400;\"> de desconto no seu pr\u00f3ximo projeto de manufatura aditiva com tecnologias avan\u00e7adas de impress\u00e3o 3D.<\/span><\/p>\n<p>&nbsp;<\/p>\n<p><b>Aplic\u00e1vel a:\u00a0<\/b><\/p>\n<p><span style=\"font-weight: 400;\">Sinteriza\u00e7\u00e3o Seletiva a Laser (SLS), Multi Jet Fusion (MJF), Sinteriza\u00e7\u00e3o Direta de Metal a Laser (DMLS)<\/span><\/p>\n<p>&nbsp;<\/p>\n<p>&nbsp;<\/p>\n<hr \/>\n<p>&nbsp;<\/p>\n<p><strong><b>C\u00f3digo:<\/b> <span style=\"color: #0e6aed;\">BTB12PRINT<\/span><\/strong><\/p>\n<p><b data-stringify-type=\"bold\"><a class=\"c-link\" href=\"#codes-terms\" rel=\"noopener noreferrer\" data-stringify-link=\"https:\/\/xometry.eu\/en\/?page_id=162028#codes-terms\" data-sk=\"tooltip_parent\" aria-describedby=\"sk-tooltip-2276\">Todas as condi\u00e7\u00f5es<\/a><\/b><\/p>\n<\/div>\r\n                        <\/div>\r\n                    <\/div>\r\n                                    <div class=\"steps__card card\">\r\n                                                    <img decoding=\"async\" class=\"steps__card-image\" src=\"https:\/\/xometry.eu\/wp-content\/uploads\/2025\/09\/back-to-business-15.png\" alt=\"Projetos de Fabrica\u00e7\u00e3o em Larga Escala\" \/>\r\n                                                <div class=\"steps__card-main\">\r\n                            <h4 class=\"title title--04\">Projetos de Fabrica\u00e7\u00e3o em Larga Escala<\/h4>\r\n                            <div><p><span style=\"font-weight: 400;\">Poupe <\/span><b>15%<\/b><span style=\"font-weight: 400;\"> quando realiza encomendas acima de 3000\u20ac\u00a0\u00a0<\/span><\/p>\n<p>&nbsp;<\/p>\n<p>&nbsp;<\/p>\n<p><b>Aplic\u00e1vel a:\u00a0<\/b><\/p>\n<p><span style=\"font-weight: 400;\">Maquinagem CNC, Fabrica\u00e7\u00e3o de Chapas de Metal, Moldagem por Inje\u00e7\u00e3o, Fundi\u00e7\u00e3o a V\u00e1cuo<\/span><\/p>\n<p>&nbsp;<\/p>\n<hr \/>\n<p>&nbsp;<\/p>\n<p><strong><b>C\u00f3digo:<\/b>\u00a0<span style=\"color: #0e6aed;\">BTB15SCALE<\/span><span style=\"color: #0e6aed;\"><br aria-hidden=\"true\" \/><\/span><\/strong><\/p>\n<p><b data-stringify-type=\"bold\"><a class=\"c-link\" href=\"#codes-terms\" rel=\"noopener noreferrer\" data-stringify-link=\"https:\/\/xometry.eu\/en\/?page_id=162028#codes-terms\" data-sk=\"tooltip_parent\" aria-describedby=\"sk-tooltip-2276\">Todas as condi\u00e7\u00f5es<\/a><\/b><\/p>\n<\/div>\r\n                        <\/div>\r\n                    <\/div>\r\n                                    <div class=\"steps__card card\">\r\n                                                    <img decoding=\"async\" class=\"steps__card-image\" src=\"https:\/\/xometry.eu\/wp-content\/uploads\/2025\/09\/back-to-business-20.png\" alt=\"Primeira Encomenda Com a Xometry\" \/>\r\n                                                <div class=\"steps__card-main\">\r\n                            <h4 class=\"title title--04\">Primeira Encomenda Com a Xometry<\/h4>\r\n                            <div><p><span style=\"font-weight: 400;\">Aproveite <\/span><b>20%<\/b><span style=\"font-weight: 400;\"> de desconto com a sua primeira encomenda ou partilhe o desconto com um colega que ainda n\u00e3o tenha feito encomendas.<\/span><\/p>\n<p><span style=\"font-weight: 400;\">\u00a0<\/span><\/p>\n<p><b>Aplic\u00e1vel a:\u00a0<\/b><\/p>\n<p><span style=\"font-weight: 400;\">Primeira encomenda em todas as tecnologias de fabrica\u00e7\u00e3o\u00a0<\/span><\/p>\n<p>&nbsp;<\/p>\n<hr \/>\n<p>&nbsp;<\/p>\n<p><strong><b>C\u00f3digo:<\/b>\u00a0<span style=\"color: #0e6aed;\">BTB20FIRST<br \/>\n<\/span><\/strong><\/p>\n<p><b data-stringify-type=\"bold\"><a class=\"c-link\" href=\"#codes-terms\" rel=\"noopener noreferrer\" data-stringify-link=\"https:\/\/xometry.eu\/en\/?page_id=162028#codes-terms\" data-sk=\"tooltip_parent\" aria-describedby=\"sk-tooltip-2276\">Todas as condi\u00e7\u00f5es<\/a><\/b><\/p>\n<p>&nbsp;<\/p>\n<\/div>\r\n                        <\/div>\r\n                    <\/div>\r\n                            <\/div>\r\n                <div class=\"comparison__list\">\r\n                    <\/div>\r\n    <\/div>\r\n<\/section>\n\n\n<div class=\"wp-block-buttons is-content-justification-center is-layout-flex wp-container-core-buttons-is-layout-16018d1d wp-block-buttons-is-layout-flex\">\n<div class=\"wp-block-button has-custom-width wp-block-button__width-25 is-style-fill\"><a class=\"wp-block-button__link has-white-color has-text-color has-background has-link-color wp-element-button\" href=\"https:\/\/get.xometry.eu\/?locale=pt\" style=\"border-radius:4px;background-color:#0e6aed\"><strong><strong>Pe\u00e7a um Or\u00e7amento J\u00e1<\/strong><\/strong><\/a><\/div>\n<\/div>\n\n\n\r\n<section class=\"faq light light-to-dark-gradient\"  id=\"codes-terms\">\r\n    <div class=\"faq__container section container\">\r\n        <div class=\"faq__wrapper\">\r\n            <h2 class=\"title title--02\">Como Funcionam os <strong> C\u00f3digos de Desconto <\/strong>?<\/h2>\r\n            <div class=\"faq__list\">\r\n                                                                                                    <div class=\"faq__item  \">\r\n                            <div class=\"faq__item-question title title--04\">\r\n                                C\u00f3digo: BTB12PRINT                                <svg\r\n                                    xmlns=\"http:\/\/www.w3.org\/2000\/svg\"\r\n                                    width=\"28\"\r\n                                    height=\"28\"\r\n                                    viewBox=\"0 0 28 28\"\r\n                                    fill=\"none\"\r\n                                    class=\"toggle-icon\"\r\n                                >\r\n                                    <g class=\"plus\">\r\n                                    <path\r\n                                        d=\"M19.0313 13.125H14.875V8.96875C14.875 8.84844 14.7766 8.75 14.6563 8.75H13.3438C13.2234 8.75 13.125 8.84844 13.125 8.96875V13.125H8.96875C8.84844 13.125 8.75 13.2234 8.75 13.3438V14.6563C8.75 14.7766 8.84844 14.875 8.96875 14.875H13.125V19.0313C13.125 19.1516 13.2234 19.25 13.3438 19.25H14.6563C14.7766 19.25 14.875 19.1516 14.875 19.0313V14.875H19.0313C19.1516 14.875 19.25 14.7766 19.25 14.6563V13.3438C19.25 13.2234 19.1516 13.125 19.0313 13.125Z\"\r\n                                    \/>\r\n                                    <path\r\n                                        d=\"M14 1.75C7.23516 1.75 1.75 7.23516 1.75 14C1.75 20.7648 7.23516 26.25 14 26.25C20.7648 26.25 26.25 20.7648 26.25 14C26.25 7.23516 20.7648 1.75 14 1.75ZM14 24.1719C8.38359 24.1719 3.82813 19.6164 3.82813 14C3.82813 8.38359 8.38359 3.82813 14 3.82813C19.6164 3.82813 24.1719 8.38359 24.1719 14C24.1719 19.6164 19.6164 24.1719 14 24.1719Z\"\r\n                                    \/>\r\n                                    <\/g>\r\n                                    <g class=\"minus\">\r\n                                    <path\r\n                                        d=\"M19.0313 13.125H8.96875C8.84844 13.125 8.75 13.2234 8.75 13.3438V14.6563C8.75 14.7766 8.84844 14.875 8.96875 14.875H19.0313C19.1516 14.875 19.25 14.7766 19.25 14.6563V13.3438C19.25 13.2234 19.1516 13.125 19.0313 13.125Z\"\r\n                                    \/>\r\n                                    <path\r\n                                        d=\"M14 1.75C7.23516 1.75 1.75 7.23516 1.75 14C1.75 20.7648 7.23516 26.25 14 26.25C20.7648 26.25 26.25 20.7648 26.25 14C26.25 7.23516 20.7648 1.75 14 1.75ZM14 24.1719C8.38359 24.1719 3.82813 19.6164 3.82813 14C3.82813 8.38359 8.38359 3.82813 14 3.82813C19.6164 3.82813 24.1719 8.38359 24.1719 14C24.1719 19.6164 19.6164 24.1719 14 24.1719Z\"\r\n                                    \/>\r\n                                    <\/g>\r\n                                <\/svg>\r\n                            <\/div>\r\n                            <div class=\"faq__item-answer-wrapper\">\r\n                                <div class=\"faq__item-answer\">\r\n                                    <ul>\n<li>V\u00e1lido para encomendas que contenham apenas pe\u00e7as impressas atrav\u00e9s de SLS, MJF ou DMLS.<\/li>\n<li>V\u00e1lido apenas para or\u00e7amentos instant\u00e2neos obtidos atrav\u00e9s da Plataforma de Cota\u00e7\u00e3o Instant\u00e2nea\u00ae da Xometry at\u00e9 23 de setembro de 2025, \u00e0s 23:59 CEST. O c\u00f3digo \u00e9 de uso \u00fanico e n\u00e3o pode ser combinado com outros c\u00f3digos ou ofertas.<\/li>\n<\/ul>\n                                <\/div>\r\n                            <\/div>\r\n                        <\/div>\r\n                                                                    <div class=\"faq__item  \">\r\n                            <div class=\"faq__item-question title title--04\">\r\n                                C\u00f3digo: BTB15SCALE                                <svg\r\n                                    xmlns=\"http:\/\/www.w3.org\/2000\/svg\"\r\n                                    width=\"28\"\r\n                                    height=\"28\"\r\n                                    viewBox=\"0 0 28 28\"\r\n                                    fill=\"none\"\r\n                                    class=\"toggle-icon\"\r\n                                >\r\n                                    <g class=\"plus\">\r\n                                    <path\r\n                                        d=\"M19.0313 13.125H14.875V8.96875C14.875 8.84844 14.7766 8.75 14.6563 8.75H13.3438C13.2234 8.75 13.125 8.84844 13.125 8.96875V13.125H8.96875C8.84844 13.125 8.75 13.2234 8.75 13.3438V14.6563C8.75 14.7766 8.84844 14.875 8.96875 14.875H13.125V19.0313C13.125 19.1516 13.2234 19.25 13.3438 19.25H14.6563C14.7766 19.25 14.875 19.1516 14.875 19.0313V14.875H19.0313C19.1516 14.875 19.25 14.7766 19.25 14.6563V13.3438C19.25 13.2234 19.1516 13.125 19.0313 13.125Z\"\r\n                                    \/>\r\n                                    <path\r\n                                        d=\"M14 1.75C7.23516 1.75 1.75 7.23516 1.75 14C1.75 20.7648 7.23516 26.25 14 26.25C20.7648 26.25 26.25 20.7648 26.25 14C26.25 7.23516 20.7648 1.75 14 1.75ZM14 24.1719C8.38359 24.1719 3.82813 19.6164 3.82813 14C3.82813 8.38359 8.38359 3.82813 14 3.82813C19.6164 3.82813 24.1719 8.38359 24.1719 14C24.1719 19.6164 19.6164 24.1719 14 24.1719Z\"\r\n                                    \/>\r\n                                    <\/g>\r\n                                    <g class=\"minus\">\r\n                                    <path\r\n                                        d=\"M19.0313 13.125H8.96875C8.84844 13.125 8.75 13.2234 8.75 13.3438V14.6563C8.75 14.7766 8.84844 14.875 8.96875 14.875H19.0313C19.1516 14.875 19.25 14.7766 19.25 14.6563V13.3438C19.25 13.2234 19.1516 13.125 19.0313 13.125Z\"\r\n                                    \/>\r\n                                    <path\r\n                                        d=\"M14 1.75C7.23516 1.75 1.75 7.23516 1.75 14C1.75 20.7648 7.23516 26.25 14 26.25C20.7648 26.25 26.25 20.7648 26.25 14C26.25 7.23516 20.7648 1.75 14 1.75ZM14 24.1719C8.38359 24.1719 3.82813 19.6164 3.82813 14C3.82813 8.38359 8.38359 3.82813 14 3.82813C19.6164 3.82813 24.1719 8.38359 24.1719 14C24.1719 19.6164 19.6164 24.1719 14 24.1719Z\"\r\n                                    \/>\r\n                                    <\/g>\r\n                                <\/svg>\r\n                            <\/div>\r\n                            <div class=\"faq__item-answer-wrapper\">\r\n                                <div class=\"faq__item-answer\">\r\n                                    <ul>\n<li>V\u00e1lido para encomendas acima de 3000\u20ac que contenham apenas pe\u00e7as fabricadas atrav\u00e9s de maquinagem CNC, Fabrica\u00e7\u00e3o de Chapa de Metal, Moldagem por Inje\u00e7\u00e3o ou Fundi\u00e7\u00e3o a V\u00e1cuo.<\/li>\n<li>V\u00e1lido apenas para or\u00e7amentos instant\u00e2neos obtidos atrav\u00e9s da Plataforma de Cota\u00e7\u00e3o Instant\u00e2nea\u00ae da Xometry at\u00e9 23 de setembro de 2025, \u00e0s 23:59 CEST. O c\u00f3digo \u00e9 de uso \u00fanico e n\u00e3o pode ser combinado com outros c\u00f3digos ou ofertas.<\/li>\n<\/ul>\n                                <\/div>\r\n                            <\/div>\r\n                        <\/div>\r\n                                                                    <div class=\"faq__item  \">\r\n                            <div class=\"faq__item-question title title--04\">\r\n                                C\u00f3digo: BTB20FIRST                                <svg\r\n                                    xmlns=\"http:\/\/www.w3.org\/2000\/svg\"\r\n                                    width=\"28\"\r\n                                    height=\"28\"\r\n                                    viewBox=\"0 0 28 28\"\r\n                                    fill=\"none\"\r\n                                    class=\"toggle-icon\"\r\n                                >\r\n                                    <g class=\"plus\">\r\n                                    <path\r\n                                        d=\"M19.0313 13.125H14.875V8.96875C14.875 8.84844 14.7766 8.75 14.6563 8.75H13.3438C13.2234 8.75 13.125 8.84844 13.125 8.96875V13.125H8.96875C8.84844 13.125 8.75 13.2234 8.75 13.3438V14.6563C8.75 14.7766 8.84844 14.875 8.96875 14.875H13.125V19.0313C13.125 19.1516 13.2234 19.25 13.3438 19.25H14.6563C14.7766 19.25 14.875 19.1516 14.875 19.0313V14.875H19.0313C19.1516 14.875 19.25 14.7766 19.25 14.6563V13.3438C19.25 13.2234 19.1516 13.125 19.0313 13.125Z\"\r\n                                    \/>\r\n                                    <path\r\n                                        d=\"M14 1.75C7.23516 1.75 1.75 7.23516 1.75 14C1.75 20.7648 7.23516 26.25 14 26.25C20.7648 26.25 26.25 20.7648 26.25 14C26.25 7.23516 20.7648 1.75 14 1.75ZM14 24.1719C8.38359 24.1719 3.82813 19.6164 3.82813 14C3.82813 8.38359 8.38359 3.82813 14 3.82813C19.6164 3.82813 24.1719 8.38359 24.1719 14C24.1719 19.6164 19.6164 24.1719 14 24.1719Z\"\r\n                                    \/>\r\n                                    <\/g>\r\n                                    <g class=\"minus\">\r\n                                    <path\r\n                                        d=\"M19.0313 13.125H8.96875C8.84844 13.125 8.75 13.2234 8.75 13.3438V14.6563C8.75 14.7766 8.84844 14.875 8.96875 14.875H19.0313C19.1516 14.875 19.25 14.7766 19.25 14.6563V13.3438C19.25 13.2234 19.1516 13.125 19.0313 13.125Z\"\r\n                                    \/>\r\n                                    <path\r\n                                        d=\"M14 1.75C7.23516 1.75 1.75 7.23516 1.75 14C1.75 20.7648 7.23516 26.25 14 26.25C20.7648 26.25 26.25 20.7648 26.25 14C26.25 7.23516 20.7648 1.75 14 1.75ZM14 24.1719C8.38359 24.1719 3.82813 19.6164 3.82813 14C3.82813 8.38359 8.38359 3.82813 14 3.82813C19.6164 3.82813 24.1719 8.38359 24.1719 14C24.1719 19.6164 19.6164 24.1719 14 24.1719Z\"\r\n                                    \/>\r\n                                    <\/g>\r\n                                <\/svg>\r\n                            <\/div>\r\n                            <div class=\"faq__item-answer-wrapper\">\r\n                                <div class=\"faq__item-answer\">\r\n                                    <ul>\n<li style=\"font-weight: 400;\" aria-level=\"1\"><span style=\"font-weight: 400;\">V\u00e1lido apenas para primeiras encomendas.<\/span><\/li>\n<li style=\"font-weight: 400;\" aria-level=\"1\"><span style=\"font-weight: 400;\">V\u00e1lido apenas para or\u00e7amentos instant\u00e2neos obtidos atrav\u00e9s da Plataforma de Cota\u00e7\u00e3o Instant\u00e2nea\u00ae da Xometry at\u00e9 23 de setembro de 2025, \u00e0s 23:59 CEST. O c\u00f3digo \u00e9 de uso \u00fanico e n\u00e3o pode ser combinado com outros c\u00f3digos ou ofertas.\u00a0<\/span><\/li>\n<\/ul>\n                                <\/div>\r\n                            <\/div>\r\n                        <\/div>\r\n                                                <\/div>\r\n        <\/div>\r\n            <\/div>\r\n<\/section>\n\n\n<p class=\"has-medium-font-size\"><\/p>\n\n\n\r\n<section class=\"final-cta dark dark-blue-100\" id=\"codes-terms\">\r\n    <div class=\"final-cta__container section container\">\r\n        <h2 class=\"title title--02\">Regresso ao Trabalho com a Xometry<\/h2>\r\n        <div class=\"hero__cards-list\">\r\n              \r\n    <a href=\"https:\/\/get.xometry.eu\/?locale=pt\" class=\"hero__cards-item card \">\r\n        <h3 class=\"title title--03\">Descontos Dispon\u00edveis At\u00e9 23 de Setembro<\/h3>\r\n        <div class=\"hero__cards-item-text \"><p><span style=\"font-weight: 400;\">D\u00ea aos seus projetos um come\u00e7o em grande este outono com os descontos Regresso ao Trabalho<\/span><\/p>\n<p><span style=\"font-weight: 400;\">N\u00e3o espere <\/span><span style=\"font-weight: 400;\">\u2014<\/span><span style=\"font-weight: 400;\"> encomende j\u00e1 e poupe<\/span><\/p>\n<p>&nbsp;<\/p>\n<\/div>\r\n        <span class=\"btn btn--primary \">Pe\u00e7a um Or\u00e7amento J\u00e1<\/span>\r\n            <\/a>\r\n        <\/div>\r\n        <div class=\"final-cta__footer-list\">\r\n                                            <\/div>\r\n    <\/div>\r\n<\/section>\n\n\n<p class=\"has-medium-font-size\"><\/p>\n","protected":false},"excerpt":{"rendered":"","protected":false},"author":14,"featured_media":0,"parent":0,"menu_order":0,"comment_status":"closed","ping_status":"closed","template":"template-new-style.php","meta":{"_acf_changed":false,"inline_featured_image":false,"footnotes":""},"class_list":["post-162636","page","type-page","status-publish","hentry"],"acf":[],"yoast_head":"<!-- This site is optimized with the Yoast SEO Premium plugin v20.5 (Yoast SEO v27.3) - https:\/\/yoast.com\/product\/yoast-seo-premium-wordpress\/ -->\n<title>Regresso ao Trabalho | Xometry Europe<\/title>\n<meta name=\"description\" content=\"Regresse ao trabalho em for\u00e7a com os descontos da Xometry \u2014 pensados para tornar os lan\u00e7amentos e o escalar de produ\u00e7\u00e3o mais f\u00e1cil e mais custo-eficiente.\" \/>\n<meta name=\"robots\" content=\"index, follow, max-snippet:-1, max-image-preview:large, max-video-preview:-1\" \/>\n<link rel=\"canonical\" href=\"https:\/\/xometry.eu\/pt\/back-to-business\/\" \/>\n<meta property=\"og:locale\" content=\"pt_PT\" \/>\n<meta property=\"og:type\" content=\"article\" \/>\n<meta property=\"og:title\" content=\"Back to Business\" \/>\n<meta property=\"og:description\" content=\"Regresse ao trabalho em for\u00e7a com os descontos da Xometry \u2014 pensados para tornar os lan\u00e7amentos e o escalar de produ\u00e7\u00e3o mais f\u00e1cil e mais custo-eficiente.\" \/>\n<meta property=\"og:url\" content=\"https:\/\/xometry.eu\/pt\/back-to-business\/\" \/>\n<meta property=\"og:site_name\" content=\"Xometry Europe\" \/>\n<meta property=\"article:modified_time\" content=\"2025-09-09T13:42:34+00:00\" \/>\n<meta name=\"twitter:card\" content=\"summary_large_image\" \/>\n<meta name=\"twitter:label1\" content=\"Est. reading time\" \/>\n\t<meta name=\"twitter:data1\" content=\"1 minute\" \/>\n<script type=\"application\/ld+json\" class=\"yoast-schema-graph\">{\"@context\":\"https:\\\/\\\/schema.org\",\"@graph\":[{\"@type\":\"WebPage\",\"@id\":\"https:\\\/\\\/xometry.eu\\\/pt\\\/back-to-business\\\/\",\"url\":\"https:\\\/\\\/xometry.eu\\\/pt\\\/back-to-business\\\/\",\"name\":\"Regresso ao Trabalho | Xometry Europe\",\"isPartOf\":{\"@id\":\"https:\\\/\\\/xometry.eu\\\/pt\\\/#website\"},\"datePublished\":\"2025-09-05T16:01:02+00:00\",\"dateModified\":\"2025-09-09T13:42:34+00:00\",\"description\":\"Regresse ao trabalho em for\u00e7a com os descontos da Xometry \u2014 pensados para tornar os lan\u00e7amentos e o escalar de produ\u00e7\u00e3o mais f\u00e1cil e mais custo-eficiente.\",\"breadcrumb\":{\"@id\":\"https:\\\/\\\/xometry.eu\\\/pt\\\/back-to-business\\\/#breadcrumb\"},\"inLanguage\":\"PT\",\"potentialAction\":[{\"@type\":\"ReadAction\",\"target\":[\"https:\\\/\\\/xometry.eu\\\/pt\\\/back-to-business\\\/\"]}]},{\"@type\":\"BreadcrumbList\",\"@id\":\"https:\\\/\\\/xometry.eu\\\/pt\\\/back-to-business\\\/#breadcrumb\",\"itemListElement\":[{\"@type\":\"ListItem\",\"position\":1,\"name\":\"Home\",\"item\":\"https:\\\/\\\/xometry.eu\\\/pt\\\/\"},{\"@type\":\"ListItem\",\"position\":2,\"name\":\"Back to Business\"}]},{\"@type\":\"WebSite\",\"@id\":\"https:\\\/\\\/xometry.eu\\\/pt\\\/#website\",\"url\":\"https:\\\/\\\/xometry.eu\\\/pt\\\/\",\"name\":\"Xometry Europe\",\"description\":\"\",\"publisher\":{\"@id\":\"https:\\\/\\\/xometry.eu\\\/pt\\\/#organization\"},\"potentialAction\":[{\"@type\":\"SearchAction\",\"target\":{\"@type\":\"EntryPoint\",\"urlTemplate\":\"https:\\\/\\\/xometry.eu\\\/pt\\\/?s={search_term_string}\"},\"query-input\":{\"@type\":\"PropertyValueSpecification\",\"valueRequired\":true,\"valueName\":\"search_term_string\"}}],\"inLanguage\":\"PT\"}]}<\/script>\n<!-- \/ Yoast SEO Premium plugin. -->","yoast_head_json":{"title":"Regresso ao Trabalho | Xometry Europe","description":"Regresse ao trabalho em for\u00e7a com os descontos da Xometry \u2014 pensados para tornar os lan\u00e7amentos e o escalar de produ\u00e7\u00e3o mais f\u00e1cil e mais custo-eficiente.","robots":{"index":"index","follow":"follow","max-snippet":"max-snippet:-1","max-image-preview":"max-image-preview:large","max-video-preview":"max-video-preview:-1"},"canonical":"https:\/\/xometry.eu\/pt\/back-to-business\/","og_locale":"pt_PT","og_type":"article","og_title":"Back to Business","og_description":"Regresse ao trabalho em for\u00e7a com os descontos da Xometry \u2014 pensados para tornar os lan\u00e7amentos e o escalar de produ\u00e7\u00e3o mais f\u00e1cil e mais custo-eficiente.","og_url":"https:\/\/xometry.eu\/pt\/back-to-business\/","og_site_name":"Xometry Europe","article_modified_time":"2025-09-09T13:42:34+00:00","twitter_card":"summary_large_image","twitter_misc":{"Est. reading time":"1 minute"},"schema":{"@context":"https:\/\/schema.org","@graph":[{"@type":"WebPage","@id":"https:\/\/xometry.eu\/pt\/back-to-business\/","url":"https:\/\/xometry.eu\/pt\/back-to-business\/","name":"Regresso ao Trabalho | Xometry Europe","isPartOf":{"@id":"https:\/\/xometry.eu\/pt\/#website"},"datePublished":"2025-09-05T16:01:02+00:00","dateModified":"2025-09-09T13:42:34+00:00","description":"Regresse ao trabalho em for\u00e7a com os descontos da Xometry \u2014 pensados para tornar os lan\u00e7amentos e o escalar de produ\u00e7\u00e3o mais f\u00e1cil e mais custo-eficiente.","breadcrumb":{"@id":"https:\/\/xometry.eu\/pt\/back-to-business\/#breadcrumb"},"inLanguage":"PT","potentialAction":[{"@type":"ReadAction","target":["https:\/\/xometry.eu\/pt\/back-to-business\/"]}]},{"@type":"BreadcrumbList","@id":"https:\/\/xometry.eu\/pt\/back-to-business\/#breadcrumb","itemListElement":[{"@type":"ListItem","position":1,"name":"Home","item":"https:\/\/xometry.eu\/pt\/"},{"@type":"ListItem","position":2,"name":"Back to Business"}]},{"@type":"WebSite","@id":"https:\/\/xometry.eu\/pt\/#website","url":"https:\/\/xometry.eu\/pt\/","name":"Xometry Europe","description":"","publisher":{"@id":"https:\/\/xometry.eu\/pt\/#organization"},"potentialAction":[{"@type":"SearchAction","target":{"@type":"EntryPoint","urlTemplate":"https:\/\/xometry.eu\/pt\/?s={search_term_string}"},"query-input":{"@type":"PropertyValueSpecification","valueRequired":true,"valueName":"search_term_string"}}],"inLanguage":"PT"}]}},"_links":{"self":[{"href":"https:\/\/xometry.eu\/pt\/wp-json\/wp\/v2\/pages\/162636","targetHints":{"allow":["GET"]}}],"collection":[{"href":"https:\/\/xometry.eu\/pt\/wp-json\/wp\/v2\/pages"}],"about":[{"href":"https:\/\/xometry.eu\/pt\/wp-json\/wp\/v2\/types\/page"}],"author":[{"embeddable":true,"href":"https:\/\/xometry.eu\/pt\/wp-json\/wp\/v2\/users\/14"}],"replies":[{"embeddable":true,"href":"https:\/\/xometry.eu\/pt\/wp-json\/wp\/v2\/comments?post=162636"}],"version-history":[{"count":0,"href":"https:\/\/xometry.eu\/pt\/wp-json\/wp\/v2\/pages\/162636\/revisions"}],"wp:attachment":[{"href":"https:\/\/xometry.eu\/pt\/wp-json\/wp\/v2\/media?parent=162636"}],"curies":[{"name":"wp","href":"https:\/\/api.w.org\/{rel}","templated":true}]}}