{"id":158517,"date":"2025-06-11T09:17:39","date_gmt":"2025-06-11T07:17:39","guid":{"rendered":"https:\/\/xometry.eu\/sponsorship-request\/"},"modified":"2026-02-24T21:43:34","modified_gmt":"2026-02-24T19:43:34","slug":"patrocinio-projetos","status":"publish","type":"page","link":"https:\/\/xometry.eu\/pt\/patrocinio-projetos\/","title":{"rendered":"Patroc\u00ednios e Suporte a Estudantes"},"content":{"rendered":"<section class=\"hero  light light-to-dark-gradient printing-3d-page\" >\r\n        <img decoding=\"async\" src=\"https:\/\/xometry.eu\/wp-content\/uploads\/2025\/06\/3D-design-of-the-nanosatellite-with-an-integrated-laboratory-982x1024-1.webp\" alt=\"Apoiamos Futuros Engenheiros Patrocinando Projetos\" class=\"hero__left-image\" \/>\r\n            <img decoding=\"async\" src=\"https:\/\/xometry.eu\/wp-content\/uploads\/2025\/06\/oxford-brookes-racing-car.png\" alt=\"Apoiamos Futuros Engenheiros Patrocinando Projetos\" class=\"hero__right-image\" \/>\r\n        <div class=\"hero__container section container\" style=\"padding-bottom: 0px;\">\r\n        <div class=\"hero__title-wrapper\">\r\n            <h1 class=\"title title--01\">Apoiamos Futuros Engenheiros Patrocinando Projetos<\/h1>\r\n            <div><p><span style=\"font-weight: 400;\">Faz parte de uma equipa de estudantes ou de um projeto n\u00e3o-comercial em engenharia, rob\u00f3tica ou desenvolvimento de produto? Encontra-se na Europa? Estamos sempre dispon\u00edveis para apoiar ideias arrojadas e inovadoras.\u00a0<\/span><\/p>\n<\/div>\r\n                    <\/div>\r\n        <div class=\"hero__cards-list\">\r\n                    <\/div>\r\n            <\/div>\r\n<\/section>\n\n <section class=\"advantages light dark-to-light-gradient\">\r\n    <div class=\"advantages__container section container\">\r\n        <h2 class=\"title title--02\">\r\n            O Que Podemos Oferecer        <\/h2>\r\n        <div class=\"advantages__list\">\r\n                                <div class=\"advantages__item card\">\r\n                        <img decoding=\"async\" class=\"advantages__item-image\" src=\"https:\/\/xometry.eu\/wp-content\/uploads\/2025\/05\/discount.svg\" alt=\"Descontos na Fabrica\u00e7\u00e3o\"\r\n                        \/>\r\n                        <h4 class=\"title title--04\">Descontos na Fabrica\u00e7\u00e3o<\/h4>\r\n                        <div>\r\n                            <p><span style=\"font-weight: 400;\">Obtenha pre\u00e7os reduzidos em maquinagem CNC, impress\u00e3o 3D, entre outros para facilitar os seus projetos personalizados.<\/span><\/p>\n                        <\/div>\r\n                                            <\/div>\r\n                                        <div class=\"advantages__item card\">\r\n                        <img decoding=\"async\" class=\"advantages__item-image\" src=\"https:\/\/xometry.eu\/wp-content\/uploads\/2025\/05\/visibility.svg\" alt=\"Visibilidade e Exposi\u00e7\u00e3o\"\r\n                        \/>\r\n                        <h4 class=\"title title--04\">Visibilidade e Exposi\u00e7\u00e3o<\/h4>\r\n                        <div>\r\n                            <p><span style=\"font-weight: 400;\">Mostre o seu trabalho em todas as nossas plataformas e conecte-se com uma vasta audi\u00eancia ligada \u00e0 engenharia.<\/span><\/p>\n                        <\/div>\r\n                                            <\/div>\r\n                                        <div class=\"advantages__item card\">\r\n                        <img decoding=\"async\" class=\"advantages__item-image\" src=\"https:\/\/xometry.eu\/wp-content\/uploads\/2025\/05\/support.svg\" alt=\"Apoio Dedicado\"\r\n                        \/>\r\n                        <h4 class=\"title title--04\">Apoio Dedicado<\/h4>\r\n                        <div>\r\n                            <p><span style=\"font-weight: 400;\">Obtenha orienta\u00e7\u00e3o especializada para transformar as suas ideias em pe\u00e7as reais e poss\u00edveis de fabricar.<\/span><\/p>\n                        <\/div>\r\n                                            <\/div>\r\n                            <\/div>\r\n            <\/div>\r\n<\/section>\n\n\r\n <section class=\"capability-list light light-to-dark-gradient\">\r\n  <div class=\"capability-list__container section container\">\r\n        <div class=\"section__title-wrapper\">\r\n                    <h2 class=\"title title--02\">O Que Normalmente Apoiamos<\/h2>\r\n            <\/div>\r\n    <div class=\"capability-list__list\">\r\n    \r\n            <div class=\"capability-list__item \">\r\n                <img decoding=\"async\" src=\"https:\/\/xometry.eu\/wp-content\/uploads\/2025\/05\/student-competitions.svg\" alt=\"\" class=\"capability-list__item-icon\">\r\n                <div class=\"capability-list__item-main\">\r\n                    <h3 class=\"capability-list__item-title text-s\"><\/h3>\r\n                    <div class=\"capability-list__item-text title title--05\">Competi\u00e7\u00f5es estudantis de engenharia (ex.: Formula Student, Hyperloop, Robotics)<\/div>\r\n                <\/div>\r\n            <\/div>\r\n\r\n        \r\n            <div class=\"capability-list__item \">\r\n                <img decoding=\"async\" src=\"https:\/\/xometry.eu\/wp-content\/uploads\/2025\/05\/research-project-1.svg\" alt=\"\" class=\"capability-list__item-icon\">\r\n                <div class=\"capability-list__item-main\">\r\n                    <h3 class=\"capability-list__item-title text-s\"><\/h3>\r\n                    <div class=\"capability-list__item-text title title--05\">Projetos de investiga\u00e7\u00e3o de universidades<\/div>\r\n                <\/div>\r\n            <\/div>\r\n\r\n        \r\n            <div class=\"capability-list__item \">\r\n                <img decoding=\"async\" src=\"https:\/\/xometry.eu\/wp-content\/uploads\/2025\/05\/graduation-projects.svg\" alt=\"\" class=\"capability-list__item-icon\">\r\n                <div class=\"capability-list__item-main\">\r\n                    <h3 class=\"capability-list__item-title text-s\"><\/h3>\r\n                    <div class=\"capability-list__item-text title title--05\">Projetos de formatura<\/div>\r\n                <\/div>\r\n            <\/div>\r\n\r\n        \r\n            <div class=\"capability-list__item \">\r\n                <img decoding=\"async\" src=\"https:\/\/xometry.eu\/wp-content\/uploads\/2025\/05\/open-source-hardware.svg\" alt=\"\" class=\"capability-list__item-icon\">\r\n                <div class=\"capability-list__item-main\">\r\n                    <h3 class=\"capability-list__item-title text-s\"><\/h3>\r\n                    <div class=\"capability-list__item-text title title--05\">Iniciativas de hardware open-source<\/div>\r\n                <\/div>\r\n            <\/div>\r\n\r\n        \r\n            <div class=\"capability-list__item border-none_desktop\">\r\n                <img decoding=\"async\" src=\"https:\/\/xometry.eu\/wp-content\/uploads\/2025\/05\/educational-maker-events.svg\" alt=\"\" class=\"capability-list__item-icon\">\r\n                <div class=\"capability-list__item-main\">\r\n                    <h3 class=\"capability-list__item-title text-s\"><\/h3>\r\n                    <div class=\"capability-list__item-text title title--05\">Eventos de engenharia organizados por universidades ou grupos comunit\u00e1rios<\/div>\r\n                <\/div>\r\n            <\/div>\r\n\r\n        \r\n            <div class=\"capability-list__item border-none\">\r\n                <img decoding=\"async\" src=\"https:\/\/xometry.eu\/wp-content\/uploads\/2025\/02\/Vector-3.svg\" alt=\"\" class=\"capability-list__item-icon\">\r\n                <div class=\"capability-list__item-main\">\r\n                    <h3 class=\"capability-list__item-title text-s\"><\/h3>\r\n                    <div class=\"capability-list__item-text title title--05\">Iniciativas de engenharia independentes ou comunit\u00e1rias<\/div>\r\n                <\/div>\r\n            <\/div>\r\n\r\n        \r\n    <\/div>\r\n    \r\n        <div class=\"capability-list__btns-container\">\r\n            <div class=\"call-to-action\">\r\n                    <a href=\"https:\/\/docs.google.com\/forms\/d\/e\/1FAIpQLSdNnmLb79QAGUGJyfYK1p0r4cLZD8sP78b-kT8bFlC3hGkdXg\/viewform?usp=sharing&#038;ouid=111268153315564232191\" class=\"btn btn--primary\" target=\"\">Submeter o Meu Pedido de Patroc\u00ednio<\/a>\r\n            <\/div>\r\n            <\/div>\r\n  <\/div>\r\n<\/section>\n\n<section class=\"parts-slider light blue-10\">\r\n    <div class=\"parts-slider__container section container\">\r\n        <h2 class=\"title title--02\">Projetos de Estudantes Apoiados pela Xometry<\/h2>\r\n        <div class=\"parts-slider__slider\">\r\n            <div class=\"swiper-wrapper\">\r\n                                <div class=\"parts-slider__item swiper-slide card\">\r\n                        <div class=\"parts-slider__item-image\">\r\n                            <img decoding=\"async\" src=\"https:\/\/xometry.eu\/wp-content\/uploads\/2021\/11\/Machine_front-scaled-min.jpeg\" alt=\"Tuneladora\" \/>\r\n                        <\/div>\r\n                        <div class=\"parts-slider__item-main\">\r\n                            <h3 class=\"text-m\">Tuneladora<\/h3>\r\n                        <\/div>\r\n                    <\/div>\r\n                                        <div class=\"parts-slider__item swiper-slide card\">\r\n                        <div class=\"parts-slider__item-image\">\r\n                            <img decoding=\"async\" src=\"https:\/\/xometry.eu\/wp-content\/uploads\/2025\/05\/oxford-brookes-racing-car.webp\" alt=\"Carro el\u00e9trico de alta performance\" \/>\r\n                        <\/div>\r\n                        <div class=\"parts-slider__item-main\">\r\n                            <h3 class=\"text-m\">Carro el\u00e9trico de alta performance<\/h3>\r\n                        <\/div>\r\n                    <\/div>\r\n                                        <div class=\"parts-slider__item swiper-slide card\">\r\n                        <div class=\"parts-slider__item-image\">\r\n                            <img decoding=\"async\" src=\"https:\/\/xometry.eu\/wp-content\/uploads\/2025\/05\/uav-with-retractable-landing-gear-itunom.png\" alt=\"VANT\" \/>\r\n                        <\/div>\r\n                        <div class=\"parts-slider__item-main\">\r\n                            <h3 class=\"text-m\">VANT<\/h3>\r\n                        <\/div>\r\n                    <\/div>\r\n                                        <div class=\"parts-slider__item swiper-slide card\">\r\n                        <div class=\"parts-slider__item-image\">\r\n                            <img decoding=\"async\" src=\"https:\/\/xometry.eu\/wp-content\/uploads\/2025\/05\/vinci-eco-drive-electric-single-seater.jpeg\" alt=\"Monolugar el\u00e9trico\" \/>\r\n                        <\/div>\r\n                        <div class=\"parts-slider__item-main\">\r\n                            <h3 class=\"text-m\">Monolugar el\u00e9trico<\/h3>\r\n                        <\/div>\r\n                    <\/div>\r\n                                        <div class=\"parts-slider__item swiper-slide card\">\r\n                        <div class=\"parts-slider__item-image\">\r\n                            <img decoding=\"async\" src=\"https:\/\/xometry.eu\/wp-content\/uploads\/2025\/05\/acubesat-render-space.webp\" alt=\"Nanosat\u00e9lite modular\" \/>\r\n                        <\/div>\r\n                        <div class=\"parts-slider__item-main\">\r\n                            <h3 class=\"text-m\">Nanosat\u00e9lite modular<\/h3>\r\n                        <\/div>\r\n                    <\/div>\r\n                                        <div class=\"parts-slider__item swiper-slide card\">\r\n                        <div class=\"parts-slider__item-image\">\r\n                            <img decoding=\"async\" src=\"https:\/\/xometry.eu\/wp-content\/uploads\/2025\/05\/propulse-ntnu-project-valemon-copy-scaled-1.webp\" alt=\"M\u00edssil avan\u00e7ado\" \/>\r\n                        <\/div>\r\n                        <div class=\"parts-slider__item-main\">\r\n                            <h3 class=\"text-m\">M\u00edssil avan\u00e7ado<\/h3>\r\n                        <\/div>\r\n                    <\/div>\r\n                                        <div class=\"parts-slider__item swiper-slide card\">\r\n                        <div class=\"parts-slider__item-image\">\r\n                            <img decoding=\"async\" src=\"https:\/\/xometry.eu\/wp-content\/uploads\/2025\/05\/FR23_Freya.webp\" alt=\"Carro de corridas\" \/>\r\n                        <\/div>\r\n                        <div class=\"parts-slider__item-main\">\r\n                            <h3 class=\"text-m\">Carro de corridas<\/h3>\r\n                        <\/div>\r\n                    <\/div>\r\n                                        <div class=\"parts-slider__item swiper-slide card\">\r\n                        <div class=\"parts-slider__item-image\">\r\n                            <img decoding=\"async\" src=\"https:\/\/xometry.eu\/wp-content\/uploads\/2025\/05\/ICLR-Rocket-2.webp\" alt=\"M\u00edssil com propulsor l\u00edquido\" \/>\r\n                        <\/div>\r\n                        <div class=\"parts-slider__item-main\">\r\n                            <h3 class=\"text-m\">M\u00edssil com propulsor l\u00edquido<\/h3>\r\n                        <\/div>\r\n                    <\/div>\r\n                                        <div class=\"parts-slider__item swiper-slide card\">\r\n                        <div class=\"parts-slider__item-image\">\r\n                            <img decoding=\"async\" src=\"https:\/\/xometry.eu\/wp-content\/uploads\/2021\/11\/Machine_front-scaled-min.jpeg\" alt=\"Tuneladora\" \/>\r\n                        <\/div>\r\n                        <div class=\"parts-slider__item-main\">\r\n                            <h3 class=\"text-m\">Tuneladora<\/h3>\r\n                        <\/div>\r\n                    <\/div>\r\n                                        <div class=\"parts-slider__item swiper-slide card\">\r\n                        <div class=\"parts-slider__item-image\">\r\n                            <img decoding=\"async\" src=\"https:\/\/xometry.eu\/wp-content\/uploads\/2025\/05\/oxford-brookes-racing-car.webp\" alt=\"Carro el\u00e9trico de alta performance\" \/>\r\n                        <\/div>\r\n                        <div class=\"parts-slider__item-main\">\r\n                            <h3 class=\"text-m\">Carro el\u00e9trico de alta performance<\/h3>\r\n                        <\/div>\r\n                    <\/div>\r\n                                        <div class=\"parts-slider__item swiper-slide card\">\r\n                        <div class=\"parts-slider__item-image\">\r\n                            <img decoding=\"async\" src=\"https:\/\/xometry.eu\/wp-content\/uploads\/2025\/05\/uav-with-retractable-landing-gear-itunom.png\" alt=\"VANT\" \/>\r\n                        <\/div>\r\n                        <div class=\"parts-slider__item-main\">\r\n                            <h3 class=\"text-m\">VANT<\/h3>\r\n                        <\/div>\r\n                    <\/div>\r\n                                        <div class=\"parts-slider__item swiper-slide card\">\r\n                        <div class=\"parts-slider__item-image\">\r\n                            <img decoding=\"async\" src=\"https:\/\/xometry.eu\/wp-content\/uploads\/2025\/05\/vinci-eco-drive-electric-single-seater.jpeg\" alt=\"Monolugar el\u00e9trico\" \/>\r\n                        <\/div>\r\n                        <div class=\"parts-slider__item-main\">\r\n                            <h3 class=\"text-m\">Monolugar el\u00e9trico<\/h3>\r\n                        <\/div>\r\n                    <\/div>\r\n                                        <div class=\"parts-slider__item swiper-slide card\">\r\n                        <div class=\"parts-slider__item-image\">\r\n                            <img decoding=\"async\" src=\"https:\/\/xometry.eu\/wp-content\/uploads\/2025\/05\/acubesat-render-space.webp\" alt=\"Nanosat\u00e9lite modular\" \/>\r\n                        <\/div>\r\n                        <div class=\"parts-slider__item-main\">\r\n                            <h3 class=\"text-m\">Nanosat\u00e9lite modular<\/h3>\r\n                        <\/div>\r\n                    <\/div>\r\n                                        <div class=\"parts-slider__item swiper-slide card\">\r\n                        <div class=\"parts-slider__item-image\">\r\n                            <img decoding=\"async\" src=\"https:\/\/xometry.eu\/wp-content\/uploads\/2025\/05\/propulse-ntnu-project-valemon-copy-scaled-1.webp\" alt=\"M\u00edssil avan\u00e7ado\" \/>\r\n                        <\/div>\r\n                        <div class=\"parts-slider__item-main\">\r\n                            <h3 class=\"text-m\">M\u00edssil avan\u00e7ado<\/h3>\r\n                        <\/div>\r\n                    <\/div>\r\n                                        <div class=\"parts-slider__item swiper-slide card\">\r\n                        <div class=\"parts-slider__item-image\">\r\n                            <img decoding=\"async\" src=\"https:\/\/xometry.eu\/wp-content\/uploads\/2025\/05\/FR23_Freya.webp\" alt=\"Carro de corridas\" \/>\r\n                        <\/div>\r\n                        <div class=\"parts-slider__item-main\">\r\n                            <h3 class=\"text-m\">Carro de corridas<\/h3>\r\n                        <\/div>\r\n                    <\/div>\r\n                                        <div class=\"parts-slider__item swiper-slide card\">\r\n                        <div class=\"parts-slider__item-image\">\r\n                            <img decoding=\"async\" src=\"https:\/\/xometry.eu\/wp-content\/uploads\/2025\/05\/ICLR-Rocket-2.webp\" alt=\"M\u00edssil com propulsor l\u00edquido\" \/>\r\n                        <\/div>\r\n                        <div class=\"parts-slider__item-main\">\r\n                            <h3 class=\"text-m\">M\u00edssil com propulsor l\u00edquido<\/h3>\r\n                        <\/div>\r\n                    <\/div>\r\n                                <\/div>\r\n        <\/div>\r\n            <\/div>\r\n<\/section>\n\n\r\n<section class=\"final-cta dark dark-blue-100\" >\r\n    <div class=\"final-cta__container section container\">\r\n        <h2 class=\"title title--02\">Partilhe o Seu Projeto de Engenharia<\/h2>\r\n        <div class=\"hero__cards-list\">\r\n              \r\n    <a href=\"https:\/\/docs.google.com\/forms\/d\/e\/1FAIpQLSdNnmLb79QAGUGJyfYK1p0r4cLZD8sP78b-kT8bFlC3hGkdXg\/viewform?usp=sharing&#038;ouid=111268153315564232191\" class=\"hero__cards-item card \">\r\n        <h3 class=\"title title--03\">Concorra Agora a Apoio para um Projeto ou Patroc\u00ednio da Xometry<\/h3>\r\n        <div class=\"hero__cards-item-text \"><p>Conte-nos sobre o seu projeto atrav\u00e9s do formul\u00e1rio e a nossa equipa responder\u00e1 em breve. N\u00e3o podemos apoiar todos os pedidos, mas revemos cada candidatura cuidadosamente. <strong>O patroc\u00ednio est\u00e1 dispon\u00edvel apenas na Europa, incluindo o Reino Unido.<\/strong><\/p>\n<\/div>\r\n        <span class=\"btn btn--primary \">Preencha o Formul\u00e1rio<\/span>\r\n            <\/a>\r\n        <\/div>\r\n        <div class=\"final-cta__footer-list\">\r\n                                            <\/div>\r\n    <\/div>\r\n<\/section>\n\n\n<p><\/p>\n","protected":false},"excerpt":{"rendered":"","protected":false},"author":10,"featured_media":0,"parent":0,"menu_order":0,"comment_status":"closed","ping_status":"closed","template":"template-new-style.php","meta":{"_acf_changed":false,"inline_featured_image":false,"footnotes":""},"class_list":["post-158517","page","type-page","status-publish","hentry"],"acf":[],"yoast_head":"<!-- This site is optimized with the Yoast SEO Premium plugin v20.5 (Yoast SEO v27.1.1) - https:\/\/yoast.com\/product\/yoast-seo-premium-wordpress\/ -->\n<title>Apoiamos Futuros Engenheiros Patrocinando Projetos | Xometry Europe<\/title>\n<meta name=\"description\" content=\"Faz parte de uma equipa de estudantes ou de um projeto n\u00e3o-comercial de engenharia ou desenvolvimento de produto? Concorra a um patroc\u00ednio da Xometry!\" \/>\n<meta name=\"robots\" content=\"index, nofollow, max-snippet:-1, max-image-preview:large, max-video-preview:-1\" \/>\n<link rel=\"canonical\" href=\"https:\/\/xometry.eu\/pt\/patrocinio-projetos\/\" \/>\n<meta property=\"og:locale\" content=\"pt_PT\" \/>\n<meta property=\"og:type\" content=\"article\" \/>\n<meta property=\"og:title\" content=\"Apoiamos Futuros Engenheiros Patrocinando Projetos | Xometry Europe\" \/>\n<meta property=\"og:description\" content=\"Faz parte de uma equipa de estudantes ou de um projeto n\u00e3o-comercial de engenharia ou desenvolvimento de produto? Concorra a um patroc\u00ednio da Xometry!\" \/>\n<meta property=\"og:url\" content=\"https:\/\/xometry.eu\/pt\/patrocinio-projetos\/\" \/>\n<meta property=\"og:site_name\" content=\"Xometry Europe\" \/>\n<meta property=\"article:modified_time\" content=\"2026-02-24T19:43:34+00:00\" \/>\n<meta name=\"twitter:card\" content=\"summary_large_image\" \/>\n<meta name=\"twitter:title\" content=\"Patroc\u00ednios e Suporte a Estudantes\" \/>\n<script type=\"application\/ld+json\" class=\"yoast-schema-graph\">{\"@context\":\"https:\/\/schema.org\",\"@graph\":[{\"@type\":\"WebPage\",\"@id\":\"https:\/\/xometry.eu\/pt\/patrocinio-projetos\/\",\"url\":\"https:\/\/xometry.eu\/pt\/patrocinio-projetos\/\",\"name\":\"Apoiamos Futuros Engenheiros Patrocinando Projetos | Xometry Europe\",\"isPartOf\":{\"@id\":\"https:\/\/xometry.eu\/pt\/#website\"},\"datePublished\":\"2025-06-11T07:17:39+00:00\",\"dateModified\":\"2026-02-24T19:43:34+00:00\",\"description\":\"Faz parte de uma equipa de estudantes ou de um projeto n\u00e3o-comercial de engenharia ou desenvolvimento de produto? Concorra a um patroc\u00ednio da Xometry!\",\"breadcrumb\":{\"@id\":\"https:\/\/xometry.eu\/pt\/patrocinio-projetos\/#breadcrumb\"},\"inLanguage\":\"PT\",\"potentialAction\":[{\"@type\":\"ReadAction\",\"target\":[\"https:\/\/xometry.eu\/pt\/patrocinio-projetos\/\"]}]},{\"@type\":\"BreadcrumbList\",\"@id\":\"https:\/\/xometry.eu\/pt\/patrocinio-projetos\/#breadcrumb\",\"itemListElement\":[{\"@type\":\"ListItem\",\"position\":1,\"name\":\"Home\",\"item\":\"https:\/\/xometry.eu\/pt\/\"},{\"@type\":\"ListItem\",\"position\":2,\"name\":\"Patroc\u00ednios e Suporte a Estudantes\"}]},{\"@type\":\"WebSite\",\"@id\":\"https:\/\/xometry.eu\/pt\/#website\",\"url\":\"https:\/\/xometry.eu\/pt\/\",\"name\":\"Xometry Europe\",\"description\":\"\",\"publisher\":{\"@id\":\"https:\/\/xometry.eu\/pt\/#organization\"},\"potentialAction\":[{\"@type\":\"SearchAction\",\"target\":{\"@type\":\"EntryPoint\",\"urlTemplate\":\"https:\/\/xometry.eu\/pt\/?s={search_term_string}\"},\"query-input\":{\"@type\":\"PropertyValueSpecification\",\"valueRequired\":true,\"valueName\":\"search_term_string\"}}],\"inLanguage\":\"PT\"}]}<\/script>\n<!-- \/ Yoast SEO Premium plugin. -->","yoast_head_json":{"title":"Apoiamos Futuros Engenheiros Patrocinando Projetos | Xometry Europe","description":"Faz parte de uma equipa de estudantes ou de um projeto n\u00e3o-comercial de engenharia ou desenvolvimento de produto? Concorra a um patroc\u00ednio da Xometry!","robots":{"index":"index","follow":"nofollow","max-snippet":"max-snippet:-1","max-image-preview":"max-image-preview:large","max-video-preview":"max-video-preview:-1"},"canonical":"https:\/\/xometry.eu\/pt\/patrocinio-projetos\/","og_locale":"pt_PT","og_type":"article","og_title":"Apoiamos Futuros Engenheiros Patrocinando Projetos | Xometry Europe","og_description":"Faz parte de uma equipa de estudantes ou de um projeto n\u00e3o-comercial de engenharia ou desenvolvimento de produto? Concorra a um patroc\u00ednio da Xometry!","og_url":"https:\/\/xometry.eu\/pt\/patrocinio-projetos\/","og_site_name":"Xometry Europe","article_modified_time":"2026-02-24T19:43:34+00:00","twitter_card":"summary_large_image","twitter_title":"Patroc\u00ednios e Suporte a Estudantes","schema":{"@context":"https:\/\/schema.org","@graph":[{"@type":"WebPage","@id":"https:\/\/xometry.eu\/pt\/patrocinio-projetos\/","url":"https:\/\/xometry.eu\/pt\/patrocinio-projetos\/","name":"Apoiamos Futuros Engenheiros Patrocinando Projetos | Xometry Europe","isPartOf":{"@id":"https:\/\/xometry.eu\/pt\/#website"},"datePublished":"2025-06-11T07:17:39+00:00","dateModified":"2026-02-24T19:43:34+00:00","description":"Faz parte de uma equipa de estudantes ou de um projeto n\u00e3o-comercial de engenharia ou desenvolvimento de produto? Concorra a um patroc\u00ednio da Xometry!","breadcrumb":{"@id":"https:\/\/xometry.eu\/pt\/patrocinio-projetos\/#breadcrumb"},"inLanguage":"PT","potentialAction":[{"@type":"ReadAction","target":["https:\/\/xometry.eu\/pt\/patrocinio-projetos\/"]}]},{"@type":"BreadcrumbList","@id":"https:\/\/xometry.eu\/pt\/patrocinio-projetos\/#breadcrumb","itemListElement":[{"@type":"ListItem","position":1,"name":"Home","item":"https:\/\/xometry.eu\/pt\/"},{"@type":"ListItem","position":2,"name":"Patroc\u00ednios e Suporte a Estudantes"}]},{"@type":"WebSite","@id":"https:\/\/xometry.eu\/pt\/#website","url":"https:\/\/xometry.eu\/pt\/","name":"Xometry Europe","description":"","publisher":{"@id":"https:\/\/xometry.eu\/pt\/#organization"},"potentialAction":[{"@type":"SearchAction","target":{"@type":"EntryPoint","urlTemplate":"https:\/\/xometry.eu\/pt\/?s={search_term_string}"},"query-input":{"@type":"PropertyValueSpecification","valueRequired":true,"valueName":"search_term_string"}}],"inLanguage":"PT"}]}},"_links":{"self":[{"href":"https:\/\/xometry.eu\/pt\/wp-json\/wp\/v2\/pages\/158517","targetHints":{"allow":["GET"]}}],"collection":[{"href":"https:\/\/xometry.eu\/pt\/wp-json\/wp\/v2\/pages"}],"about":[{"href":"https:\/\/xometry.eu\/pt\/wp-json\/wp\/v2\/types\/page"}],"author":[{"embeddable":true,"href":"https:\/\/xometry.eu\/pt\/wp-json\/wp\/v2\/users\/10"}],"replies":[{"embeddable":true,"href":"https:\/\/xometry.eu\/pt\/wp-json\/wp\/v2\/comments?post=158517"}],"version-history":[{"count":2,"href":"https:\/\/xometry.eu\/pt\/wp-json\/wp\/v2\/pages\/158517\/revisions"}],"predecessor-version":[{"id":170373,"href":"https:\/\/xometry.eu\/pt\/wp-json\/wp\/v2\/pages\/158517\/revisions\/170373"}],"wp:attachment":[{"href":"https:\/\/xometry.eu\/pt\/wp-json\/wp\/v2\/media?parent=158517"}],"curies":[{"name":"wp","href":"https:\/\/api.w.org\/{rel}","templated":true}]}}