{"id":147247,"date":"2024-10-17T14:52:26","date_gmt":"2024-10-17T12:52:26","guid":{"rendered":"https:\/\/xometry.eu\/certifications-inspection-reports\/"},"modified":"2026-03-12T17:46:03","modified_gmt":"2026-03-12T15:46:03","slug":"certificacoes-inpecao-relatorios","status":"publish","type":"page","link":"https:\/\/xometry.eu\/pt\/certificacoes-inpecao-relatorios\/","title":{"rendered":"Certificados e Relat\u00f3rios de Inspe\u00e7\u00e3o"},"content":{"rendered":"","protected":false},"excerpt":{"rendered":"","protected":false},"author":10,"featured_media":0,"parent":0,"menu_order":0,"comment_status":"closed","ping_status":"closed","template":"","meta":{"_acf_changed":false,"inline_featured_image":false,"footnotes":""},"class_list":["post-147247","page","type-page","status-publish","hentry"],"acf":[],"yoast_head":"<!-- This site is optimized with the Yoast SEO Premium plugin v20.5 (Yoast SEO v27.1.1) - https:\/\/yoast.com\/product\/yoast-seo-premium-wordpress\/ -->\n<title>Certificados e Relat\u00f3rios de Inspe\u00e7\u00e3o | Xometry Europe<\/title>\n<meta name=\"description\" content=\"Para o ajudar a cumprir os requisitos do seu projeto, oferecemos uma variedade de documentos de qualidade, incluindo relat\u00f3rio de inspe\u00e7\u00e3o detalhados.\" \/>\n<meta name=\"robots\" content=\"index, follow, max-snippet:-1, max-image-preview:large, max-video-preview:-1\" \/>\n<link rel=\"canonical\" href=\"https:\/\/xometry.eu\/pt\/certificacoes-inpecao-relatorios\/\" \/>\n<meta property=\"og:locale\" content=\"pt_PT\" \/>\n<meta property=\"og:type\" content=\"article\" \/>\n<meta property=\"og:title\" content=\"Certificados e Relat\u00f3rios de Inspe\u00e7\u00e3o\" \/>\n<meta property=\"og:description\" content=\"Para o ajudar a cumprir os requisitos do seu projeto, oferecemos uma variedade de documentos de qualidade, incluindo relat\u00f3rio de inspe\u00e7\u00e3o detalhados.\" \/>\n<meta property=\"og:url\" content=\"https:\/\/xometry.eu\/pt\/certificacoes-inpecao-relatorios\/\" \/>\n<meta property=\"og:site_name\" content=\"Xometry Europe\" \/>\n<meta property=\"article:modified_time\" content=\"2026-03-12T15:46:03+00:00\" \/>\n<meta name=\"twitter:card\" content=\"summary_large_image\" \/>\n<script type=\"application\/ld+json\" class=\"yoast-schema-graph\">{\"@context\":\"https:\/\/schema.org\",\"@graph\":[{\"@type\":\"WebPage\",\"@id\":\"https:\/\/xometry.eu\/pt\/certificacoes-inpecao-relatorios\/\",\"url\":\"https:\/\/xometry.eu\/pt\/certificacoes-inpecao-relatorios\/\",\"name\":\"Certificados e Relat\u00f3rios de Inspe\u00e7\u00e3o | Xometry Europe\",\"isPartOf\":{\"@id\":\"https:\/\/xometry.eu\/pt\/#website\"},\"datePublished\":\"2024-10-17T12:52:26+00:00\",\"dateModified\":\"2026-03-12T15:46:03+00:00\",\"description\":\"Para o ajudar a cumprir os requisitos do seu projeto, oferecemos uma variedade de documentos de qualidade, incluindo relat\u00f3rio de inspe\u00e7\u00e3o detalhados.\",\"breadcrumb\":{\"@id\":\"https:\/\/xometry.eu\/pt\/certificacoes-inpecao-relatorios\/#breadcrumb\"},\"inLanguage\":\"PT\",\"potentialAction\":[{\"@type\":\"ReadAction\",\"target\":[\"https:\/\/xometry.eu\/pt\/certificacoes-inpecao-relatorios\/\"]}]},{\"@type\":\"BreadcrumbList\",\"@id\":\"https:\/\/xometry.eu\/pt\/certificacoes-inpecao-relatorios\/#breadcrumb\",\"itemListElement\":[{\"@type\":\"ListItem\",\"position\":1,\"name\":\"Home\",\"item\":\"https:\/\/xometry.eu\/pt\/\"},{\"@type\":\"ListItem\",\"position\":2,\"name\":\"Certificados e Relat\u00f3rios de Inspe\u00e7\u00e3o\"}]},{\"@type\":\"WebSite\",\"@id\":\"https:\/\/xometry.eu\/pt\/#website\",\"url\":\"https:\/\/xometry.eu\/pt\/\",\"name\":\"Xometry Europe\",\"description\":\"\",\"publisher\":{\"@id\":\"https:\/\/xometry.eu\/pt\/#organization\"},\"potentialAction\":[{\"@type\":\"SearchAction\",\"target\":{\"@type\":\"EntryPoint\",\"urlTemplate\":\"https:\/\/xometry.eu\/pt\/?s={search_term_string}\"},\"query-input\":{\"@type\":\"PropertyValueSpecification\",\"valueRequired\":true,\"valueName\":\"search_term_string\"}}],\"inLanguage\":\"PT\"}]}<\/script>\n<!-- \/ Yoast SEO Premium plugin. -->","yoast_head_json":{"title":"Certificados e Relat\u00f3rios de Inspe\u00e7\u00e3o | Xometry Europe","description":"Para o ajudar a cumprir os requisitos do seu projeto, oferecemos uma variedade de documentos de qualidade, incluindo relat\u00f3rio de inspe\u00e7\u00e3o detalhados.","robots":{"index":"index","follow":"follow","max-snippet":"max-snippet:-1","max-image-preview":"max-image-preview:large","max-video-preview":"max-video-preview:-1"},"canonical":"https:\/\/xometry.eu\/pt\/certificacoes-inpecao-relatorios\/","og_locale":"pt_PT","og_type":"article","og_title":"Certificados e Relat\u00f3rios de Inspe\u00e7\u00e3o","og_description":"Para o ajudar a cumprir os requisitos do seu projeto, oferecemos uma variedade de documentos de qualidade, incluindo relat\u00f3rio de inspe\u00e7\u00e3o detalhados.","og_url":"https:\/\/xometry.eu\/pt\/certificacoes-inpecao-relatorios\/","og_site_name":"Xometry Europe","article_modified_time":"2026-03-12T15:46:03+00:00","twitter_card":"summary_large_image","schema":{"@context":"https:\/\/schema.org","@graph":[{"@type":"WebPage","@id":"https:\/\/xometry.eu\/pt\/certificacoes-inpecao-relatorios\/","url":"https:\/\/xometry.eu\/pt\/certificacoes-inpecao-relatorios\/","name":"Certificados e Relat\u00f3rios de Inspe\u00e7\u00e3o | Xometry Europe","isPartOf":{"@id":"https:\/\/xometry.eu\/pt\/#website"},"datePublished":"2024-10-17T12:52:26+00:00","dateModified":"2026-03-12T15:46:03+00:00","description":"Para o ajudar a cumprir os requisitos do seu projeto, oferecemos uma variedade de documentos de qualidade, incluindo relat\u00f3rio de inspe\u00e7\u00e3o detalhados.","breadcrumb":{"@id":"https:\/\/xometry.eu\/pt\/certificacoes-inpecao-relatorios\/#breadcrumb"},"inLanguage":"PT","potentialAction":[{"@type":"ReadAction","target":["https:\/\/xometry.eu\/pt\/certificacoes-inpecao-relatorios\/"]}]},{"@type":"BreadcrumbList","@id":"https:\/\/xometry.eu\/pt\/certificacoes-inpecao-relatorios\/#breadcrumb","itemListElement":[{"@type":"ListItem","position":1,"name":"Home","item":"https:\/\/xometry.eu\/pt\/"},{"@type":"ListItem","position":2,"name":"Certificados e Relat\u00f3rios de Inspe\u00e7\u00e3o"}]},{"@type":"WebSite","@id":"https:\/\/xometry.eu\/pt\/#website","url":"https:\/\/xometry.eu\/pt\/","name":"Xometry Europe","description":"","publisher":{"@id":"https:\/\/xometry.eu\/pt\/#organization"},"potentialAction":[{"@type":"SearchAction","target":{"@type":"EntryPoint","urlTemplate":"https:\/\/xometry.eu\/pt\/?s={search_term_string}"},"query-input":{"@type":"PropertyValueSpecification","valueRequired":true,"valueName":"search_term_string"}}],"inLanguage":"PT"}]}},"_links":{"self":[{"href":"https:\/\/xometry.eu\/pt\/wp-json\/wp\/v2\/pages\/147247","targetHints":{"allow":["GET"]}}],"collection":[{"href":"https:\/\/xometry.eu\/pt\/wp-json\/wp\/v2\/pages"}],"about":[{"href":"https:\/\/xometry.eu\/pt\/wp-json\/wp\/v2\/types\/page"}],"author":[{"embeddable":true,"href":"https:\/\/xometry.eu\/pt\/wp-json\/wp\/v2\/users\/10"}],"replies":[{"embeddable":true,"href":"https:\/\/xometry.eu\/pt\/wp-json\/wp\/v2\/comments?post=147247"}],"version-history":[{"count":5,"href":"https:\/\/xometry.eu\/pt\/wp-json\/wp\/v2\/pages\/147247\/revisions"}],"predecessor-version":[{"id":172321,"href":"https:\/\/xometry.eu\/pt\/wp-json\/wp\/v2\/pages\/147247\/revisions\/172321"}],"wp:attachment":[{"href":"https:\/\/xometry.eu\/pt\/wp-json\/wp\/v2\/media?parent=147247"}],"curies":[{"name":"wp","href":"https:\/\/api.w.org\/{rel}","templated":true}]}}