{"id":110590,"date":"2020-08-19T09:35:51","date_gmt":"2020-08-19T09:35:51","guid":{"rendered":"https:\/\/xometry.eu\/machine-learning-for-manufacturing\/"},"modified":"2025-02-20T16:05:25","modified_gmt":"2025-02-20T14:05:25","slug":"aprendizagem-de-maquinas-para-fabricacao","status":"publish","type":"page","link":"https:\/\/xometry.eu\/pt\/aprendizagem-de-maquinas-para-fabricacao\/","title":{"rendered":"Machine Learning for Manufacturing"},"content":{"rendered":"","protected":false},"excerpt":{"rendered":"","protected":false},"author":2,"featured_media":0,"parent":0,"menu_order":0,"comment_status":"closed","ping_status":"closed","template":"","meta":{"_acf_changed":false,"inline_featured_image":false,"footnotes":""},"class_list":["post-110590","page","type-page","status-publish","hentry"],"acf":[],"yoast_head":"<!-- This site is optimized with the Yoast SEO Premium plugin v20.5 (Yoast SEO v27.3) - https:\/\/yoast.com\/product\/yoast-seo-premium-wordpress\/ -->\n<title>Aprendizagem de M\u00e1quinas para Fabrica\u00e7\u00e3o<\/title>\n<meta name=\"description\" content=\"Xometry Europe utiliza o poder da aprendizagem profunda para revolucionar a forma como a fabrica\u00e7\u00e3o personalizada \u00e9 realizada.\" \/>\n<meta name=\"robots\" content=\"index, follow, max-snippet:-1, max-image-preview:large, max-video-preview:-1\" \/>\n<link rel=\"canonical\" href=\"https:\/\/xometry.eu\/pt\/aprendizagem-de-maquinas-para-fabricacao\/\" \/>\n<meta property=\"og:locale\" content=\"pt_PT\" \/>\n<meta property=\"og:type\" content=\"article\" \/>\n<meta property=\"og:title\" content=\"Machine Learning for Manufacturing\" \/>\n<meta property=\"og:description\" content=\"Xometry Europe utiliza o poder da aprendizagem profunda para revolucionar a forma como a fabrica\u00e7\u00e3o personalizada \u00e9 realizada.\" \/>\n<meta property=\"og:url\" content=\"https:\/\/xometry.eu\/pt\/aprendizagem-de-maquinas-para-fabricacao\/\" \/>\n<meta property=\"og:site_name\" content=\"Xometry Europe\" \/>\n<meta property=\"article:modified_time\" content=\"2025-02-20T14:05:25+00:00\" \/>\n<meta name=\"twitter:card\" content=\"summary_large_image\" \/>\n<script type=\"application\/ld+json\" class=\"yoast-schema-graph\">{\"@context\":\"https:\\\/\\\/schema.org\",\"@graph\":[{\"@type\":\"WebPage\",\"@id\":\"https:\\\/\\\/xometry.eu\\\/pt\\\/aprendizagem-de-maquinas-para-fabricacao\\\/\",\"url\":\"https:\\\/\\\/xometry.eu\\\/pt\\\/aprendizagem-de-maquinas-para-fabricacao\\\/\",\"name\":\"Aprendizagem de M\u00e1quinas para Fabrica\u00e7\u00e3o\",\"isPartOf\":{\"@id\":\"https:\\\/\\\/xometry.eu\\\/pt\\\/#website\"},\"datePublished\":\"2020-08-19T09:35:51+00:00\",\"dateModified\":\"2025-02-20T14:05:25+00:00\",\"description\":\"Xometry Europe utiliza o poder da aprendizagem profunda para revolucionar a forma como a fabrica\u00e7\u00e3o personalizada \u00e9 realizada.\",\"breadcrumb\":{\"@id\":\"https:\\\/\\\/xometry.eu\\\/pt\\\/aprendizagem-de-maquinas-para-fabricacao\\\/#breadcrumb\"},\"inLanguage\":\"PT\",\"potentialAction\":[{\"@type\":\"ReadAction\",\"target\":[\"https:\\\/\\\/xometry.eu\\\/pt\\\/aprendizagem-de-maquinas-para-fabricacao\\\/\"]}]},{\"@type\":\"BreadcrumbList\",\"@id\":\"https:\\\/\\\/xometry.eu\\\/pt\\\/aprendizagem-de-maquinas-para-fabricacao\\\/#breadcrumb\",\"itemListElement\":[{\"@type\":\"ListItem\",\"position\":1,\"name\":\"Home\",\"item\":\"https:\\\/\\\/xometry.eu\\\/pt\\\/\"},{\"@type\":\"ListItem\",\"position\":2,\"name\":\"Machine Learning for Manufacturing\"}]},{\"@type\":\"WebSite\",\"@id\":\"https:\\\/\\\/xometry.eu\\\/pt\\\/#website\",\"url\":\"https:\\\/\\\/xometry.eu\\\/pt\\\/\",\"name\":\"Xometry Europe\",\"description\":\"\",\"publisher\":{\"@id\":\"https:\\\/\\\/xometry.eu\\\/pt\\\/#organization\"},\"potentialAction\":[{\"@type\":\"SearchAction\",\"target\":{\"@type\":\"EntryPoint\",\"urlTemplate\":\"https:\\\/\\\/xometry.eu\\\/pt\\\/?s={search_term_string}\"},\"query-input\":{\"@type\":\"PropertyValueSpecification\",\"valueRequired\":true,\"valueName\":\"search_term_string\"}}],\"inLanguage\":\"PT\"}]}<\/script>\n<!-- \/ Yoast SEO Premium plugin. -->","yoast_head_json":{"title":"Aprendizagem de M\u00e1quinas para Fabrica\u00e7\u00e3o","description":"Xometry Europe utiliza o poder da aprendizagem profunda para revolucionar a forma como a fabrica\u00e7\u00e3o personalizada \u00e9 realizada.","robots":{"index":"index","follow":"follow","max-snippet":"max-snippet:-1","max-image-preview":"max-image-preview:large","max-video-preview":"max-video-preview:-1"},"canonical":"https:\/\/xometry.eu\/pt\/aprendizagem-de-maquinas-para-fabricacao\/","og_locale":"pt_PT","og_type":"article","og_title":"Machine Learning for Manufacturing","og_description":"Xometry Europe utiliza o poder da aprendizagem profunda para revolucionar a forma como a fabrica\u00e7\u00e3o personalizada \u00e9 realizada.","og_url":"https:\/\/xometry.eu\/pt\/aprendizagem-de-maquinas-para-fabricacao\/","og_site_name":"Xometry Europe","article_modified_time":"2025-02-20T14:05:25+00:00","twitter_card":"summary_large_image","schema":{"@context":"https:\/\/schema.org","@graph":[{"@type":"WebPage","@id":"https:\/\/xometry.eu\/pt\/aprendizagem-de-maquinas-para-fabricacao\/","url":"https:\/\/xometry.eu\/pt\/aprendizagem-de-maquinas-para-fabricacao\/","name":"Aprendizagem de M\u00e1quinas para Fabrica\u00e7\u00e3o","isPartOf":{"@id":"https:\/\/xometry.eu\/pt\/#website"},"datePublished":"2020-08-19T09:35:51+00:00","dateModified":"2025-02-20T14:05:25+00:00","description":"Xometry Europe utiliza o poder da aprendizagem profunda para revolucionar a forma como a fabrica\u00e7\u00e3o personalizada \u00e9 realizada.","breadcrumb":{"@id":"https:\/\/xometry.eu\/pt\/aprendizagem-de-maquinas-para-fabricacao\/#breadcrumb"},"inLanguage":"PT","potentialAction":[{"@type":"ReadAction","target":["https:\/\/xometry.eu\/pt\/aprendizagem-de-maquinas-para-fabricacao\/"]}]},{"@type":"BreadcrumbList","@id":"https:\/\/xometry.eu\/pt\/aprendizagem-de-maquinas-para-fabricacao\/#breadcrumb","itemListElement":[{"@type":"ListItem","position":1,"name":"Home","item":"https:\/\/xometry.eu\/pt\/"},{"@type":"ListItem","position":2,"name":"Machine Learning for Manufacturing"}]},{"@type":"WebSite","@id":"https:\/\/xometry.eu\/pt\/#website","url":"https:\/\/xometry.eu\/pt\/","name":"Xometry Europe","description":"","publisher":{"@id":"https:\/\/xometry.eu\/pt\/#organization"},"potentialAction":[{"@type":"SearchAction","target":{"@type":"EntryPoint","urlTemplate":"https:\/\/xometry.eu\/pt\/?s={search_term_string}"},"query-input":{"@type":"PropertyValueSpecification","valueRequired":true,"valueName":"search_term_string"}}],"inLanguage":"PT"}]}},"_links":{"self":[{"href":"https:\/\/xometry.eu\/pt\/wp-json\/wp\/v2\/pages\/110590","targetHints":{"allow":["GET"]}}],"collection":[{"href":"https:\/\/xometry.eu\/pt\/wp-json\/wp\/v2\/pages"}],"about":[{"href":"https:\/\/xometry.eu\/pt\/wp-json\/wp\/v2\/types\/page"}],"author":[{"embeddable":true,"href":"https:\/\/xometry.eu\/pt\/wp-json\/wp\/v2\/users\/2"}],"replies":[{"embeddable":true,"href":"https:\/\/xometry.eu\/pt\/wp-json\/wp\/v2\/comments?post=110590"}],"version-history":[{"count":0,"href":"https:\/\/xometry.eu\/pt\/wp-json\/wp\/v2\/pages\/110590\/revisions"}],"wp:attachment":[{"href":"https:\/\/xometry.eu\/pt\/wp-json\/wp\/v2\/media?parent=110590"}],"curies":[{"name":"wp","href":"https:\/\/api.w.org\/{rel}","templated":true}]}}