{"id":110583,"date":"2020-05-25T06:55:23","date_gmt":"2020-05-25T06:55:23","guid":{"rendered":"https:\/\/xometry.eu\/policy\/"},"modified":"2023-06-21T07:51:03","modified_gmt":"2023-06-21T05:51:03","slug":"politica-de-protecao-de-dados","status":"publish","type":"page","link":"https:\/\/xometry.eu\/pt\/politica-de-protecao-de-dados\/","title":{"rendered":"Pol\u00edtica de Prote\u00e7\u00e3o de Dados"},"content":{"rendered":"<p><span style=\"font-weight: 400;\">A entidade respons\u00e1vel no sentido das sec\u00e7\u00f5es \u00a7\u00a73, par\u00e1grafo 7 e \u00a74, par\u00e1grafo 3 da Lei Federal de Prote\u00e7\u00e3o de Dados [Bundesdatenschutzgesetz] \u00e9 a Xometry Europe GmbH, representada pelos seus diretores executivos, Albert Belousov e Dmitry Kafidov, Rua Ada-Lovelace, 9, 85521 Ottobrunn, Alemanha.<\/span><\/p>\n<p><span style=\"font-weight: 400;\">Recolhemos e registamos os dados recebidos dos nossos clientes e fornecedores. Estes dados compreendem dados pessoais de clientes e\/ou dados de uma empresa com a qual mantemos uma rela\u00e7\u00e3o comercial. Isto tamb\u00e9m pode incluir dados de utiliza\u00e7\u00e3o, como por exemplo endere\u00e7os de IP.<\/span><\/p>\n<p><span style=\"font-weight: 400;\">Estes dados servem para nos ajudar a atender os pedidos recebidos pelos clientes em seu benef\u00edcio. \u00c9 necess\u00e1rio que os dados dos clientes sejam compartilhados com empresas que atendam pedidos em nosso nome. Isto diz respeito, em particular, \u00e0 transfer\u00eancia de desenhos e\/ou diagramas de constru\u00e7\u00e3o, assim como as descri\u00e7\u00f5es de objetos.<\/span><\/p>\n<p><span style=\"font-weight: 400;\">Al\u00e9m do atendimento de pedidos, tamb\u00e9m utilizamos os dados dos clientes durante a contrata\u00e7\u00e3o de terceiros para realizar tarefas como entrega de encomendas, processamento de pagamentos, etc. Na medida em que tais terceiros recebam dados pessoais de clientes e\/ou outras empresas, estas informa\u00e7\u00f5es n\u00e3o poder\u00e3o ser divulgadas posteriormente.<\/span><\/p>\n<p><span style=\"font-weight: 400;\">O cliente e\/ou a empresa tem o direito de receber, a qualquer momento, sem causa espec\u00edfica e sem custo, informa\u00e7\u00f5es que dizem respeito aos seus dados armazenados nos nossos sistemas. O cliente e\/ou a empresa pode, a qualquer momento, exigir o bloqueio, corre\u00e7\u00e3o ou elimina\u00e7\u00e3o dos dados recolhidos por n\u00f3s. A declara\u00e7\u00e3o de consentimento fornecida para a recolha ou uso dos dados pode ser revogada a qualquer momento, sem necessidade de causa espec\u00edfica, entrando em contacto com a entidade respons\u00e1vel.<\/span><\/p>\n<p><span style=\"font-weight: 400;\">Tomamos extensas precau\u00e7\u00f5es de seguran\u00e7a tanto t\u00e9cnicas como operacionais com o intuito de proteger os seus dados pessoais arquivados connosco contra acesso n\u00e3o autorizado e uso indevido. Os nossos procedimentos de seguran\u00e7a para prote\u00e7\u00e3o contra danos, destrui\u00e7\u00e3o e acesso n\u00e3o autorizado s\u00e3o regularmente avaliados e atualizados de acordo com o avan\u00e7o tecnol\u00f3gico.<\/span><\/p>\n<p><span style=\"font-weight: 400;\">Guardamos o texto do contrato e enviamos-lhe as informa\u00e7\u00f5es do pedido via e-mail. Os Termos e Condi\u00e7\u00f5es podem ser consultados a qualquer momento em www.xometry.eu\/en\/conditions.<\/span><\/p>\n<p><span style=\"font-weight: 400;\">Este site cont\u00e9m links para sites externos. Se clicar nestes links, o endere\u00e7o IP geralmente tamb\u00e9m aparecer\u00e1 nos registos de acesso desses sites. Esta declara\u00e7\u00e3o de prote\u00e7\u00e3o de dados \u00e9 v\u00e1lida somente para este website, e n\u00e3o para websites pertencentes a terceiros.<\/span><\/p>\n<p><span style=\"font-weight: 400;\">Um cookie \u00e9 uma esp\u00e9cie de dado armazenado no computador do utilizador vinculado a informa\u00e7\u00f5es sobre o utilizador. Este website pode usar cookies de identifica\u00e7\u00e3o de sess\u00e3o e cookies persistentes. Para os cookies de identifica\u00e7\u00e3o de sess\u00e3o,\u00a0 assim que o utilizador fecha o seu navegador ou sai do site, o cookie \u00e9 finalizado e apagado. Um cookie persistente \u00e9 um pequeno arquivo de texto armazenado no disco r\u00edgido do seu computador por um longo per\u00edodo de tempo. O arquivo de ajuda do seu navegador cont\u00e9m informa\u00e7\u00f5es e instru\u00e7\u00f5es para remover cookies persistentes.<\/span><\/p>\n<h2><span style=\"font-weight: 400;\">Google Analytics<\/span><\/h2>\n<p><span style=\"font-weight: 400;\">Este site usa o Google Analytics, um servi\u00e7o de an\u00e1lise da web fornecido pela Google, Inc. (Google). O Google Analytics utiliza cookies, que s\u00e3o arquivos de texto colocados no seu computador, para ajudar o site a analisar como os utilizadores utilizam o site. As informa\u00e7\u00f5es geradas pelo cookie sobre o seu uso do site (incluindo o seu endere\u00e7o IP) ser\u00e3o transmitidas e armazenadas pela Google em servidores nos Estados Unidos. Em caso de ativa\u00e7\u00e3o da anonimiza\u00e7\u00e3o do IP, o Google truncar\u00e1\/anonimizar\u00e1 o \u00faltimo octeto do endere\u00e7o IP para os Estados-Membros da Uni\u00e3o Europeia, bem como para outras partes do Acordo sobre o Espa\u00e7o Econ\u00f3mico Europeu. Apenas em casos excecionais, o endere\u00e7o IP completo \u00e9 enviado e encurtado pelos servidores da Google nos EUA. Em nome do provedor do site, a Google utilizar\u00e1 estas informa\u00e7\u00f5es para avaliar o seu uso do site, compilando relat\u00f3rios sobre a atividade do site para os operadores do site e fornecendo outros servi\u00e7os relacionados com a atividade do site e ao uso da Internet para o provedor do site. A Google n\u00e3o associar\u00e1 o seu endere\u00e7o de IP com quaisquer outros dados mantidos pela Google. Pode recusar o uso de cookies, selecionando as configura\u00e7\u00f5es apropriadas no seu navegador. No entanto, note que se fizer isso, poder\u00e1 n\u00e3o ser capaz de usar todas as ferramentas deste website. Al\u00e9m disso, pode impedir a recolha e o uso de dados da Google (cookies e endere\u00e7o de IP), fazendo download e instalando o plug-in do navegador dispon\u00edvel em <\/span><a href=\"https:\/\/tools.google.com\/dlpage\/gaoptout?hl=en-GB\"><span style=\"font-weight: 400;\">https:\/\/tools.google.com\/dlpage\/gaoptout?hl=en-GB<\/span><\/a><span style=\"font-weight: 400;\">.<\/span><\/p>\n<p><span style=\"font-weight: 400;\">Mais informa\u00e7\u00f5es sobre os termos e condi\u00e7\u00f5es de uso e privacidade de dados podem ser encontradas em http:\/\/www.google.com\/analytics\/terms\/gb.html. Observe que neste website, o c\u00f3digo do Google Analytics \u00e9 complementado por gat._anonymizeIp(); para garantir uma recolha an\u00f3nima de endere\u00e7os IP (assim chamados de IP-masking). Fonte (<\/span><a href=\"http:\/\/www.datenschutzbeauftragter-info.de\"><span style=\"font-weight: 400;\">http:\/\/www.datenschutzbeauftragter-info.de<\/span><\/a><span style=\"font-weight: 400;\">)<\/span><\/p>\n<h2><span style=\"font-weight: 400;\">Yandex Metric<\/span><\/h2>\n<p><span style=\"font-weight: 400;\">Este site utiliza an\u00e1lises de web da Yandex.Metrica fornecida pela YANDEX LLC, 16, Rua Leo Tolstoy, Moscou, 119021, R\u00fassia (doravante denominado \u201cYandex\u201d).<\/span><\/p>\n<p><span style=\"font-weight: 400;\">Yandex.Metrica utiliza \u201ccookies\u201d, pequenos arquivos de texto colocados nos computadores dos usu\u00e1rios para analisar a atividade destes.<\/span><\/p>\n<p><span style=\"font-weight: 400;\">As informa\u00e7\u00f5es recolhidas pelos cookies n\u00e3o revelam a identidade do utilizador, mas podem nos ajudar a melhorar o desempenho do nosso site. As informa\u00e7\u00f5es sobre o seu uso deste website recolhidas por cookies ser\u00e3o transferidas para a Yandex e armazenadas no servidor da Yandex na UE e na Federa\u00e7\u00e3o Russa. A Yandex processar\u00e1 estas informa\u00e7\u00f5es para avaliar como utiliza a p\u00e1gina, compilar relat\u00f3rios para n\u00f3s sobre o funcionamento do nosso website e fornecer outros servi\u00e7os. A Yandex processa estas informa\u00e7\u00f5es conforme especificado nos Termos de Uso do Servi\u00e7o da Yandex.Metrica.<\/span><\/p>\n<p><span style=\"font-weight: 400;\">Pode optar por n\u00e3o utilizar arquivos cookie, escolhendo as configura\u00e7\u00f5es correspondentes no seu navegador. Tamb\u00e9m pode usar a ferramenta https:\/\/yandex.com\/support\/metrika\/general\/opt-out.html . No entanto, pode afetar algumas fun\u00e7\u00f5es do site. Ao utilizar este website, concorda que a Yandex pode processar os seus dados da maneira acima e para os prop\u00f3sitos indicados acima.<\/span><\/p>\n<h2><span style=\"font-weight: 400;\">Amplitude<\/span><\/h2>\n<p><span style=\"font-weight: 400;\">Parte espec\u00edfica deste website (sec\u00e7\u00e3o &#8220;\u00c1rea de Parceiros&#8221;) utiliza a an\u00e1lise de web da Amplitude fornecida pela Amplitude, Inc., 501 2\u00aa Rua, Su\u00edte 100, San Francisco, CA 94107, EUA (doravante denominada &#8220;Amplitude&#8221;).<\/span><\/p>\n<p><span style=\"font-weight: 400;\">A Amplitude utiliza &#8220;cookies&#8221;, pequenos arquivos de texto colocados nos computadores dos utilizadores para analisar a atividade do utilizador. As informa\u00e7\u00f5es s\u00e3o recolhidas apenas na &#8220;\u00c1rea de Parceiros&#8221; onde todos os utiliadores s\u00e3o autorizados com o seu login e senha. Assim, a sua identidade (nome da empresa, nome de utiliador e endere\u00e7o de e-mail) \u00e9 armazenada juntamente com as suas a\u00e7\u00f5es na sec\u00e7\u00e3o &#8220;\u00c1rea de Parceiros&#8221; do website, para examinar a experi\u00eancia do utilizador e melhorar o desempenho do nosso website.<\/span><\/p>\n<p><span style=\"font-weight: 400;\">Informa\u00e7\u00f5es sobre o seu uso deste website recolhidas por cookies ser\u00e3o transferidas para a Amplitude e armazenadas no servidor da Amplitude na UE e nos Estados Unidos. A Amplitude processar\u00e1 essas informa\u00e7\u00f5es para compilar relat\u00f3rios para n\u00f3s sobre a opera\u00e7\u00e3o do nosso website e fornecer outros servi\u00e7os. A Amplitude processa estas informa\u00e7\u00f5es conforme especificado nos Termos de Uso de Servi\u00e7o da Amplitude.<\/span><\/p>\n<p><span style=\"font-weight: 400;\">Nenhuma outra parte de nosso website, exceto a \u00c1rea de Parceiros, recolhe quaisquer dados com o Servi\u00e7o da Amplitude. Ao utilizar a \u00c1rea de Parceiros desta p\u00e1gina, concorda que a Amplitude pode processar os seus dados da maneira acima e para os prop\u00f3sitos citados anteriormente.<\/span><\/p>\n<h2><span style=\"font-weight: 400;\">Lead Forensics<\/span><\/h2>\n<p><span style=\"font-weight: 400;\">Utilizamos um cookie de terceiros, chamado _lfuuid. O cookie \u00e9 aceite ou recusado no banner de consentimento que aparecer\u00e1 na sua primeira visita ao nosso site. O cookie permite que um site rastreie o comportamento do visitante nos sites nos quais o cookie \u00e9 instalado. O rastreamento \u00e9 realizado de forma an\u00f3nima at\u00e9 que um utilizador se identifique, enviando um formul\u00e1rio. O cookie \u00e9 persistente por 10 anos antes de expirar.<\/span><\/p>\n","protected":false},"excerpt":{"rendered":"<p>A entidade respons\u00e1vel no sentido das sec\u00e7\u00f5es \u00a7\u00a73, par\u00e1grafo 7 e \u00a74, par\u00e1grafo 3 da Lei Federal de Prote\u00e7\u00e3o de Dados [Bundesdatenschutzgesetz] \u00e9 a Xometry Europe GmbH, representada pelos seus diretores executivos, Albert Belousov e Dmitry Kafidov, Rua Ada-Lovelace, 9, 85521 Ottobrunn, Alemanha. Recolhemos e registamos os dados recebidos dos nossos clientes e fornecedores. Estes [&hellip;]<\/p>\n","protected":false},"author":1,"featured_media":13004,"parent":0,"menu_order":0,"comment_status":"closed","ping_status":"closed","template":"template-custom.php","meta":{"_acf_changed":false,"inline_featured_image":false,"footnotes":""},"class_list":["post-110583","page","type-page","status-publish","has-post-thumbnail","hentry"],"acf":[],"yoast_head":"<!-- This site is optimized with the Yoast SEO Premium plugin v20.5 (Yoast SEO v27.3) - https:\/\/yoast.com\/product\/yoast-seo-premium-wordpress\/ -->\n<title>Pol\u00edtica de Prote\u00e7\u00e3o de Dados<\/title>\n<meta name=\"description\" content=\"Recolhemos e registamos dados recebidos dos nossos clientes e fornecedores via Google Analytics, Yandex Metric, Amplitude e Lead Forensics\" \/>\n<meta name=\"robots\" content=\"index, follow, max-snippet:-1, max-image-preview:large, max-video-preview:-1\" \/>\n<link rel=\"canonical\" href=\"https:\/\/xometry.eu\/pt\/politica-de-protecao-de-dados\/\" \/>\n<meta property=\"og:locale\" content=\"pt_PT\" \/>\n<meta property=\"og:type\" content=\"article\" \/>\n<meta property=\"og:title\" content=\"Pol\u00edtica de Prote\u00e7\u00e3o de Dados\" \/>\n<meta property=\"og:description\" content=\"Recolhemos e registamos dados recebidos dos nossos clientes e fornecedores via Google Analytics, Yandex Metric, Amplitude e Lead Forensics\" \/>\n<meta property=\"og:url\" content=\"https:\/\/xometry.eu\/pt\/politica-de-protecao-de-dados\/\" \/>\n<meta property=\"og:site_name\" content=\"Xometry Europe\" \/>\n<meta property=\"article:modified_time\" content=\"2023-06-21T05:51:03+00:00\" \/>\n<meta property=\"og:image\" content=\"https:\/\/xometry.eu\/wp-content\/uploads\/2020\/05\/homepage-header.png\" \/>\n\t<meta property=\"og:image:width\" content=\"2880\" \/>\n\t<meta property=\"og:image:height\" content=\"1230\" \/>\n\t<meta property=\"og:image:type\" content=\"image\/png\" \/>\n<meta name=\"twitter:card\" content=\"summary_large_image\" \/>\n<meta name=\"twitter:label1\" content=\"Est. reading time\" \/>\n\t<meta name=\"twitter:data1\" content=\"6 minutes\" \/>\n<script type=\"application\/ld+json\" class=\"yoast-schema-graph\">{\"@context\":\"https:\\\/\\\/schema.org\",\"@graph\":[{\"@type\":\"WebPage\",\"@id\":\"https:\\\/\\\/xometry.eu\\\/pt\\\/politica-de-protecao-de-dados\\\/\",\"url\":\"https:\\\/\\\/xometry.eu\\\/pt\\\/politica-de-protecao-de-dados\\\/\",\"name\":\"Pol\u00edtica de Prote\u00e7\u00e3o de Dados\",\"isPartOf\":{\"@id\":\"https:\\\/\\\/xometry.eu\\\/pt\\\/#website\"},\"primaryImageOfPage\":{\"@id\":\"https:\\\/\\\/xometry.eu\\\/pt\\\/politica-de-protecao-de-dados\\\/#primaryimage\"},\"image\":{\"@id\":\"https:\\\/\\\/xometry.eu\\\/pt\\\/politica-de-protecao-de-dados\\\/#primaryimage\"},\"thumbnailUrl\":\"https:\\\/\\\/xometry.eu\\\/wp-content\\\/uploads\\\/2020\\\/05\\\/homepage-header.png\",\"datePublished\":\"2020-05-25T06:55:23+00:00\",\"dateModified\":\"2023-06-21T05:51:03+00:00\",\"description\":\"Recolhemos e registamos dados recebidos dos nossos clientes e fornecedores via Google Analytics, Yandex Metric, Amplitude e Lead Forensics\",\"breadcrumb\":{\"@id\":\"https:\\\/\\\/xometry.eu\\\/pt\\\/politica-de-protecao-de-dados\\\/#breadcrumb\"},\"inLanguage\":\"PT\",\"potentialAction\":[{\"@type\":\"ReadAction\",\"target\":[\"https:\\\/\\\/xometry.eu\\\/pt\\\/politica-de-protecao-de-dados\\\/\"]}]},{\"@type\":\"ImageObject\",\"inLanguage\":\"PT\",\"@id\":\"https:\\\/\\\/xometry.eu\\\/pt\\\/politica-de-protecao-de-dados\\\/#primaryimage\",\"url\":\"https:\\\/\\\/xometry.eu\\\/wp-content\\\/uploads\\\/2020\\\/05\\\/homepage-header.png\",\"contentUrl\":\"https:\\\/\\\/xometry.eu\\\/wp-content\\\/uploads\\\/2020\\\/05\\\/homepage-header.png\",\"width\":2880,\"height\":1230,\"caption\":\"engineer examining a metal part\"},{\"@type\":\"BreadcrumbList\",\"@id\":\"https:\\\/\\\/xometry.eu\\\/pt\\\/politica-de-protecao-de-dados\\\/#breadcrumb\",\"itemListElement\":[{\"@type\":\"ListItem\",\"position\":1,\"name\":\"Home\",\"item\":\"https:\\\/\\\/xometry.eu\\\/pt\\\/\"},{\"@type\":\"ListItem\",\"position\":2,\"name\":\"Pol\u00edtica de Prote\u00e7\u00e3o de Dados\"}]},{\"@type\":\"WebSite\",\"@id\":\"https:\\\/\\\/xometry.eu\\\/pt\\\/#website\",\"url\":\"https:\\\/\\\/xometry.eu\\\/pt\\\/\",\"name\":\"Xometry Europe\",\"description\":\"\",\"publisher\":{\"@id\":\"https:\\\/\\\/xometry.eu\\\/pt\\\/#organization\"},\"potentialAction\":[{\"@type\":\"SearchAction\",\"target\":{\"@type\":\"EntryPoint\",\"urlTemplate\":\"https:\\\/\\\/xometry.eu\\\/pt\\\/?s={search_term_string}\"},\"query-input\":{\"@type\":\"PropertyValueSpecification\",\"valueRequired\":true,\"valueName\":\"search_term_string\"}}],\"inLanguage\":\"PT\"}]}<\/script>\n<!-- \/ Yoast SEO Premium plugin. -->","yoast_head_json":{"title":"Pol\u00edtica de Prote\u00e7\u00e3o de Dados","description":"Recolhemos e registamos dados recebidos dos nossos clientes e fornecedores via Google Analytics, Yandex Metric, Amplitude e Lead Forensics","robots":{"index":"index","follow":"follow","max-snippet":"max-snippet:-1","max-image-preview":"max-image-preview:large","max-video-preview":"max-video-preview:-1"},"canonical":"https:\/\/xometry.eu\/pt\/politica-de-protecao-de-dados\/","og_locale":"pt_PT","og_type":"article","og_title":"Pol\u00edtica de Prote\u00e7\u00e3o de Dados","og_description":"Recolhemos e registamos dados recebidos dos nossos clientes e fornecedores via Google Analytics, Yandex Metric, Amplitude e Lead Forensics","og_url":"https:\/\/xometry.eu\/pt\/politica-de-protecao-de-dados\/","og_site_name":"Xometry Europe","article_modified_time":"2023-06-21T05:51:03+00:00","og_image":[{"width":2880,"height":1230,"url":"https:\/\/xometry.eu\/wp-content\/uploads\/2020\/05\/homepage-header.png","type":"image\/png"}],"twitter_card":"summary_large_image","twitter_misc":{"Est. reading time":"6 minutes"},"schema":{"@context":"https:\/\/schema.org","@graph":[{"@type":"WebPage","@id":"https:\/\/xometry.eu\/pt\/politica-de-protecao-de-dados\/","url":"https:\/\/xometry.eu\/pt\/politica-de-protecao-de-dados\/","name":"Pol\u00edtica de Prote\u00e7\u00e3o de Dados","isPartOf":{"@id":"https:\/\/xometry.eu\/pt\/#website"},"primaryImageOfPage":{"@id":"https:\/\/xometry.eu\/pt\/politica-de-protecao-de-dados\/#primaryimage"},"image":{"@id":"https:\/\/xometry.eu\/pt\/politica-de-protecao-de-dados\/#primaryimage"},"thumbnailUrl":"https:\/\/xometry.eu\/wp-content\/uploads\/2020\/05\/homepage-header.png","datePublished":"2020-05-25T06:55:23+00:00","dateModified":"2023-06-21T05:51:03+00:00","description":"Recolhemos e registamos dados recebidos dos nossos clientes e fornecedores via Google Analytics, Yandex Metric, Amplitude e Lead Forensics","breadcrumb":{"@id":"https:\/\/xometry.eu\/pt\/politica-de-protecao-de-dados\/#breadcrumb"},"inLanguage":"PT","potentialAction":[{"@type":"ReadAction","target":["https:\/\/xometry.eu\/pt\/politica-de-protecao-de-dados\/"]}]},{"@type":"ImageObject","inLanguage":"PT","@id":"https:\/\/xometry.eu\/pt\/politica-de-protecao-de-dados\/#primaryimage","url":"https:\/\/xometry.eu\/wp-content\/uploads\/2020\/05\/homepage-header.png","contentUrl":"https:\/\/xometry.eu\/wp-content\/uploads\/2020\/05\/homepage-header.png","width":2880,"height":1230,"caption":"engineer examining a metal part"},{"@type":"BreadcrumbList","@id":"https:\/\/xometry.eu\/pt\/politica-de-protecao-de-dados\/#breadcrumb","itemListElement":[{"@type":"ListItem","position":1,"name":"Home","item":"https:\/\/xometry.eu\/pt\/"},{"@type":"ListItem","position":2,"name":"Pol\u00edtica de Prote\u00e7\u00e3o de Dados"}]},{"@type":"WebSite","@id":"https:\/\/xometry.eu\/pt\/#website","url":"https:\/\/xometry.eu\/pt\/","name":"Xometry Europe","description":"","publisher":{"@id":"https:\/\/xometry.eu\/pt\/#organization"},"potentialAction":[{"@type":"SearchAction","target":{"@type":"EntryPoint","urlTemplate":"https:\/\/xometry.eu\/pt\/?s={search_term_string}"},"query-input":{"@type":"PropertyValueSpecification","valueRequired":true,"valueName":"search_term_string"}}],"inLanguage":"PT"}]}},"_links":{"self":[{"href":"https:\/\/xometry.eu\/pt\/wp-json\/wp\/v2\/pages\/110583","targetHints":{"allow":["GET"]}}],"collection":[{"href":"https:\/\/xometry.eu\/pt\/wp-json\/wp\/v2\/pages"}],"about":[{"href":"https:\/\/xometry.eu\/pt\/wp-json\/wp\/v2\/types\/page"}],"author":[{"embeddable":true,"href":"https:\/\/xometry.eu\/pt\/wp-json\/wp\/v2\/users\/1"}],"replies":[{"embeddable":true,"href":"https:\/\/xometry.eu\/pt\/wp-json\/wp\/v2\/comments?post=110583"}],"version-history":[{"count":0,"href":"https:\/\/xometry.eu\/pt\/wp-json\/wp\/v2\/pages\/110583\/revisions"}],"wp:featuredmedia":[{"embeddable":true,"href":"https:\/\/xometry.eu\/pt\/wp-json\/wp\/v2\/media\/13004"}],"wp:attachment":[{"href":"https:\/\/xometry.eu\/pt\/wp-json\/wp\/v2\/media?parent=110583"}],"curies":[{"name":"wp","href":"https:\/\/api.w.org\/{rel}","templated":true}]}}