{"id":107500,"date":"2022-11-18T15:19:46","date_gmt":"2022-11-18T13:19:46","guid":{"rendered":"https:\/\/xometry.eu\/compression-moulding\/"},"modified":"2026-04-03T12:16:48","modified_gmt":"2026-04-03T10:16:48","slug":"modelagem-por-compressao","status":"publish","type":"page","link":"https:\/\/xometry.eu\/pt\/modelagem-por-compressao\/","title":{"rendered":"Compression Moulding"},"content":{"rendered":"","protected":false},"excerpt":{"rendered":"","protected":false},"author":10,"featured_media":132445,"parent":0,"menu_order":0,"comment_status":"closed","ping_status":"closed","template":"","meta":{"_acf_changed":false,"inline_featured_image":false,"footnotes":""},"class_list":["post-107500","page","type-page","status-publish","has-post-thumbnail","hentry"],"acf":[],"yoast_head":"<!-- This site is optimized with the Yoast SEO Premium plugin v20.5 (Yoast SEO v27.1.1) - https:\/\/yoast.com\/product\/yoast-seo-premium-wordpress\/ -->\n<title>Servi\u00e7os de Moldagem por Compress\u00e3o de Silicone | Xometry Europe<\/title>\n<meta name=\"description\" content=\"Servi\u00e7os personalizados de Moldagem por Compress\u00e3o para pe\u00e7as de silicone. A Xometry e a sua rede de fornecedores de moldagem s\u00e3o l\u00edderes em prot\u00f3tipos e produ\u00e7\u00e3o de baixo volume.\" \/>\n<meta name=\"robots\" content=\"index, follow, max-snippet:-1, max-image-preview:large, max-video-preview:-1\" \/>\n<link rel=\"canonical\" href=\"https:\/\/xometry.eu\/pt\/modelagem-por-compressao\/\" \/>\n<meta property=\"og:locale\" content=\"pt_PT\" \/>\n<meta property=\"og:type\" content=\"article\" \/>\n<meta property=\"og:title\" content=\"Compression Moulding\" \/>\n<meta property=\"og:description\" content=\"Servi\u00e7os personalizados de Moldagem por Compress\u00e3o para pe\u00e7as de silicone. A Xometry e a sua rede de fornecedores de moldagem s\u00e3o l\u00edderes em prot\u00f3tipos e produ\u00e7\u00e3o de baixo volume.\" \/>\n<meta property=\"og:url\" content=\"https:\/\/xometry.eu\/pt\/modelagem-por-compressao\/\" \/>\n<meta property=\"og:site_name\" content=\"Xometry Europe\" \/>\n<meta property=\"article:modified_time\" content=\"2026-04-03T10:16:48+00:00\" \/>\n<meta property=\"og:image\" content=\"https:\/\/xometry.eu\/wp-content\/uploads\/2023\/02\/EN-Compression-Moulding-service-page.jpg\" \/>\n\t<meta property=\"og:image:width\" content=\"2400\" \/>\n\t<meta property=\"og:image:height\" content=\"1230\" \/>\n\t<meta property=\"og:image:type\" content=\"image\/jpeg\" \/>\n<meta name=\"twitter:card\" content=\"summary_large_image\" \/>\n<script type=\"application\/ld+json\" class=\"yoast-schema-graph\">{\"@context\":\"https:\/\/schema.org\",\"@graph\":[{\"@type\":\"WebPage\",\"@id\":\"https:\/\/xometry.eu\/pt\/modelagem-por-compressao\/\",\"url\":\"https:\/\/xometry.eu\/pt\/modelagem-por-compressao\/\",\"name\":\"Servi\u00e7os de Moldagem por Compress\u00e3o de Silicone | Xometry Europe\",\"isPartOf\":{\"@id\":\"https:\/\/xometry.eu\/pt\/#website\"},\"primaryImageOfPage\":{\"@id\":\"https:\/\/xometry.eu\/pt\/modelagem-por-compressao\/#primaryimage\"},\"image\":{\"@id\":\"https:\/\/xometry.eu\/pt\/modelagem-por-compressao\/#primaryimage\"},\"thumbnailUrl\":\"https:\/\/xometry.eu\/wp-content\/uploads\/2024\/02\/PT-Compression-Moulding-service-page.jpg\",\"datePublished\":\"2022-11-18T13:19:46+00:00\",\"dateModified\":\"2026-04-03T10:16:48+00:00\",\"description\":\"Servi\u00e7os personalizados de Moldagem por Compress\u00e3o para pe\u00e7as de silicone. A Xometry e a sua rede de fornecedores de moldagem s\u00e3o l\u00edderes em prot\u00f3tipos e produ\u00e7\u00e3o de baixo volume.\",\"breadcrumb\":{\"@id\":\"https:\/\/xometry.eu\/pt\/modelagem-por-compressao\/#breadcrumb\"},\"inLanguage\":\"PT\",\"potentialAction\":[{\"@type\":\"ReadAction\",\"target\":[\"https:\/\/xometry.eu\/pt\/modelagem-por-compressao\/\"]}]},{\"@type\":\"ImageObject\",\"inLanguage\":\"PT\",\"@id\":\"https:\/\/xometry.eu\/pt\/modelagem-por-compressao\/#primaryimage\",\"url\":\"https:\/\/xometry.eu\/wp-content\/uploads\/2024\/02\/PT-Compression-Moulding-service-page.jpg\",\"contentUrl\":\"https:\/\/xometry.eu\/wp-content\/uploads\/2024\/02\/PT-Compression-Moulding-service-page.jpg\",\"width\":2400,\"height\":1230},{\"@type\":\"BreadcrumbList\",\"@id\":\"https:\/\/xometry.eu\/pt\/modelagem-por-compressao\/#breadcrumb\",\"itemListElement\":[{\"@type\":\"ListItem\",\"position\":1,\"name\":\"Home\",\"item\":\"https:\/\/xometry.eu\/pt\/\"},{\"@type\":\"ListItem\",\"position\":2,\"name\":\"Compression Moulding\"}]},{\"@type\":\"WebSite\",\"@id\":\"https:\/\/xometry.eu\/pt\/#website\",\"url\":\"https:\/\/xometry.eu\/pt\/\",\"name\":\"Xometry Europe\",\"description\":\"\",\"publisher\":{\"@id\":\"https:\/\/xometry.eu\/pt\/#organization\"},\"potentialAction\":[{\"@type\":\"SearchAction\",\"target\":{\"@type\":\"EntryPoint\",\"urlTemplate\":\"https:\/\/xometry.eu\/pt\/?s={search_term_string}\"},\"query-input\":{\"@type\":\"PropertyValueSpecification\",\"valueRequired\":true,\"valueName\":\"search_term_string\"}}],\"inLanguage\":\"PT\"}]}<\/script>\n<!-- \/ Yoast SEO Premium plugin. -->","yoast_head_json":{"title":"Servi\u00e7os de Moldagem por Compress\u00e3o de Silicone | Xometry Europe","description":"Servi\u00e7os personalizados de Moldagem por Compress\u00e3o para pe\u00e7as de silicone. A Xometry e a sua rede de fornecedores de moldagem s\u00e3o l\u00edderes em prot\u00f3tipos e produ\u00e7\u00e3o de baixo volume.","robots":{"index":"index","follow":"follow","max-snippet":"max-snippet:-1","max-image-preview":"max-image-preview:large","max-video-preview":"max-video-preview:-1"},"canonical":"https:\/\/xometry.eu\/pt\/modelagem-por-compressao\/","og_locale":"pt_PT","og_type":"article","og_title":"Compression Moulding","og_description":"Servi\u00e7os personalizados de Moldagem por Compress\u00e3o para pe\u00e7as de silicone. A Xometry e a sua rede de fornecedores de moldagem s\u00e3o l\u00edderes em prot\u00f3tipos e produ\u00e7\u00e3o de baixo volume.","og_url":"https:\/\/xometry.eu\/pt\/modelagem-por-compressao\/","og_site_name":"Xometry Europe","article_modified_time":"2026-04-03T10:16:48+00:00","og_image":[{"width":2400,"height":1230,"url":"https:\/\/xometry.eu\/wp-content\/uploads\/2023\/02\/EN-Compression-Moulding-service-page.jpg","type":"image\/jpeg"}],"twitter_card":"summary_large_image","schema":{"@context":"https:\/\/schema.org","@graph":[{"@type":"WebPage","@id":"https:\/\/xometry.eu\/pt\/modelagem-por-compressao\/","url":"https:\/\/xometry.eu\/pt\/modelagem-por-compressao\/","name":"Servi\u00e7os de Moldagem por Compress\u00e3o de Silicone | Xometry Europe","isPartOf":{"@id":"https:\/\/xometry.eu\/pt\/#website"},"primaryImageOfPage":{"@id":"https:\/\/xometry.eu\/pt\/modelagem-por-compressao\/#primaryimage"},"image":{"@id":"https:\/\/xometry.eu\/pt\/modelagem-por-compressao\/#primaryimage"},"thumbnailUrl":"https:\/\/xometry.eu\/wp-content\/uploads\/2024\/02\/PT-Compression-Moulding-service-page.jpg","datePublished":"2022-11-18T13:19:46+00:00","dateModified":"2026-04-03T10:16:48+00:00","description":"Servi\u00e7os personalizados de Moldagem por Compress\u00e3o para pe\u00e7as de silicone. A Xometry e a sua rede de fornecedores de moldagem s\u00e3o l\u00edderes em prot\u00f3tipos e produ\u00e7\u00e3o de baixo volume.","breadcrumb":{"@id":"https:\/\/xometry.eu\/pt\/modelagem-por-compressao\/#breadcrumb"},"inLanguage":"PT","potentialAction":[{"@type":"ReadAction","target":["https:\/\/xometry.eu\/pt\/modelagem-por-compressao\/"]}]},{"@type":"ImageObject","inLanguage":"PT","@id":"https:\/\/xometry.eu\/pt\/modelagem-por-compressao\/#primaryimage","url":"https:\/\/xometry.eu\/wp-content\/uploads\/2024\/02\/PT-Compression-Moulding-service-page.jpg","contentUrl":"https:\/\/xometry.eu\/wp-content\/uploads\/2024\/02\/PT-Compression-Moulding-service-page.jpg","width":2400,"height":1230},{"@type":"BreadcrumbList","@id":"https:\/\/xometry.eu\/pt\/modelagem-por-compressao\/#breadcrumb","itemListElement":[{"@type":"ListItem","position":1,"name":"Home","item":"https:\/\/xometry.eu\/pt\/"},{"@type":"ListItem","position":2,"name":"Compression Moulding"}]},{"@type":"WebSite","@id":"https:\/\/xometry.eu\/pt\/#website","url":"https:\/\/xometry.eu\/pt\/","name":"Xometry Europe","description":"","publisher":{"@id":"https:\/\/xometry.eu\/pt\/#organization"},"potentialAction":[{"@type":"SearchAction","target":{"@type":"EntryPoint","urlTemplate":"https:\/\/xometry.eu\/pt\/?s={search_term_string}"},"query-input":{"@type":"PropertyValueSpecification","valueRequired":true,"valueName":"search_term_string"}}],"inLanguage":"PT"}]}},"_links":{"self":[{"href":"https:\/\/xometry.eu\/pt\/wp-json\/wp\/v2\/pages\/107500","targetHints":{"allow":["GET"]}}],"collection":[{"href":"https:\/\/xometry.eu\/pt\/wp-json\/wp\/v2\/pages"}],"about":[{"href":"https:\/\/xometry.eu\/pt\/wp-json\/wp\/v2\/types\/page"}],"author":[{"embeddable":true,"href":"https:\/\/xometry.eu\/pt\/wp-json\/wp\/v2\/users\/10"}],"replies":[{"embeddable":true,"href":"https:\/\/xometry.eu\/pt\/wp-json\/wp\/v2\/comments?post=107500"}],"version-history":[{"count":3,"href":"https:\/\/xometry.eu\/pt\/wp-json\/wp\/v2\/pages\/107500\/revisions"}],"predecessor-version":[{"id":172658,"href":"https:\/\/xometry.eu\/pt\/wp-json\/wp\/v2\/pages\/107500\/revisions\/172658"}],"wp:featuredmedia":[{"embeddable":true,"href":"https:\/\/xometry.eu\/pt\/wp-json\/wp\/v2\/media\/132445"}],"wp:attachment":[{"href":"https:\/\/xometry.eu\/pt\/wp-json\/wp\/v2\/media?parent=107500"}],"curies":[{"name":"wp","href":"https:\/\/api.w.org\/{rel}","templated":true}]}}