{"id":107492,"date":"2022-10-07T14:39:39","date_gmt":"2022-10-07T12:39:39","guid":{"rendered":"https:\/\/xometry.eu\/vacuum-casting\/"},"modified":"2026-02-04T12:45:21","modified_gmt":"2026-02-04T10:45:21","slug":"fabricacao-formativa","status":"publish","type":"page","link":"https:\/\/xometry.eu\/pt\/fabricacao-formativa\/","title":{"rendered":"Vacuum Casting"},"content":{"rendered":"","protected":false},"excerpt":{"rendered":"","protected":false},"author":10,"featured_media":132467,"parent":0,"menu_order":0,"comment_status":"closed","ping_status":"closed","template":"","meta":{"_acf_changed":false,"inline_featured_image":false,"footnotes":""},"class_list":["post-107492","page","type-page","status-publish","has-post-thumbnail","hentry"],"acf":[],"yoast_head":"<!-- This site is optimized with the Yoast SEO Premium plugin v20.5 (Yoast SEO v27.1.1) - https:\/\/yoast.com\/product\/yoast-seo-premium-wordpress\/ -->\n<title>Servi\u00e7os de Fundi\u00e7\u00e3o a V\u00e1cuo<\/title>\n<meta name=\"description\" content=\"A Xometry oferece servi\u00e7os de Fundi\u00e7\u00e3o a V\u00e1cuo, um processo que resulta em pe\u00e7as de uretano fundidas de baixo custo com qualidade ao n\u00edvel de produ\u00e7\u00e3o.\" \/>\n<meta name=\"robots\" content=\"index, follow, max-snippet:-1, max-image-preview:large, max-video-preview:-1\" \/>\n<link rel=\"canonical\" href=\"https:\/\/xometry.eu\/pt\/fabricacao-formativa\/\" \/>\n<meta property=\"og:locale\" content=\"pt_PT\" \/>\n<meta property=\"og:type\" content=\"article\" \/>\n<meta property=\"og:title\" content=\"Vacuum Casting\" \/>\n<meta property=\"og:description\" content=\"A Xometry oferece servi\u00e7os de Fundi\u00e7\u00e3o a V\u00e1cuo, um processo que resulta em pe\u00e7as de uretano fundidas de baixo custo com qualidade ao n\u00edvel de produ\u00e7\u00e3o.\" \/>\n<meta property=\"og:url\" content=\"https:\/\/xometry.eu\/pt\/fabricacao-formativa\/\" \/>\n<meta property=\"og:site_name\" content=\"Xometry Europe\" \/>\n<meta property=\"article:modified_time\" content=\"2026-02-04T10:45:21+00:00\" \/>\n<meta property=\"og:image\" content=\"https:\/\/xometry.eu\/wp-content\/uploads\/2023\/02\/EN-Vacuum-Casting-service-page.jpg\" \/>\n\t<meta property=\"og:image:width\" content=\"2400\" \/>\n\t<meta property=\"og:image:height\" content=\"1230\" \/>\n\t<meta property=\"og:image:type\" content=\"image\/jpeg\" \/>\n<meta name=\"twitter:card\" content=\"summary_large_image\" \/>\n<script type=\"application\/ld+json\" class=\"yoast-schema-graph\">{\"@context\":\"https:\/\/schema.org\",\"@graph\":[{\"@type\":\"WebPage\",\"@id\":\"https:\/\/xometry.eu\/pt\/fabricacao-formativa\/\",\"url\":\"https:\/\/xometry.eu\/pt\/fabricacao-formativa\/\",\"name\":\"Servi\u00e7os de Fundi\u00e7\u00e3o a V\u00e1cuo\",\"isPartOf\":{\"@id\":\"https:\/\/xometry.eu\/pt\/#website\"},\"primaryImageOfPage\":{\"@id\":\"https:\/\/xometry.eu\/pt\/fabricacao-formativa\/#primaryimage\"},\"image\":{\"@id\":\"https:\/\/xometry.eu\/pt\/fabricacao-formativa\/#primaryimage\"},\"thumbnailUrl\":\"https:\/\/xometry.eu\/wp-content\/uploads\/2024\/02\/PT-Vacuum-Casting-service-page.jpg\",\"datePublished\":\"2022-10-07T12:39:39+00:00\",\"dateModified\":\"2026-02-04T10:45:21+00:00\",\"description\":\"A Xometry oferece servi\u00e7os de Fundi\u00e7\u00e3o a V\u00e1cuo, um processo que resulta em pe\u00e7as de uretano fundidas de baixo custo com qualidade ao n\u00edvel de produ\u00e7\u00e3o.\",\"breadcrumb\":{\"@id\":\"https:\/\/xometry.eu\/pt\/fabricacao-formativa\/#breadcrumb\"},\"inLanguage\":\"PT\",\"potentialAction\":[{\"@type\":\"ReadAction\",\"target\":[\"https:\/\/xometry.eu\/pt\/fabricacao-formativa\/\"]}]},{\"@type\":\"ImageObject\",\"inLanguage\":\"PT\",\"@id\":\"https:\/\/xometry.eu\/pt\/fabricacao-formativa\/#primaryimage\",\"url\":\"https:\/\/xometry.eu\/wp-content\/uploads\/2024\/02\/PT-Vacuum-Casting-service-page.jpg\",\"contentUrl\":\"https:\/\/xometry.eu\/wp-content\/uploads\/2024\/02\/PT-Vacuum-Casting-service-page.jpg\",\"width\":2400,\"height\":1230},{\"@type\":\"BreadcrumbList\",\"@id\":\"https:\/\/xometry.eu\/pt\/fabricacao-formativa\/#breadcrumb\",\"itemListElement\":[{\"@type\":\"ListItem\",\"position\":1,\"name\":\"Home\",\"item\":\"https:\/\/xometry.eu\/pt\/\"},{\"@type\":\"ListItem\",\"position\":2,\"name\":\"Vacuum Casting\"}]},{\"@type\":\"WebSite\",\"@id\":\"https:\/\/xometry.eu\/pt\/#website\",\"url\":\"https:\/\/xometry.eu\/pt\/\",\"name\":\"Xometry Europe\",\"description\":\"\",\"publisher\":{\"@id\":\"https:\/\/xometry.eu\/pt\/#organization\"},\"potentialAction\":[{\"@type\":\"SearchAction\",\"target\":{\"@type\":\"EntryPoint\",\"urlTemplate\":\"https:\/\/xometry.eu\/pt\/?s={search_term_string}\"},\"query-input\":{\"@type\":\"PropertyValueSpecification\",\"valueRequired\":true,\"valueName\":\"search_term_string\"}}],\"inLanguage\":\"PT\"}]}<\/script>\n<!-- \/ Yoast SEO Premium plugin. -->","yoast_head_json":{"title":"Servi\u00e7os de Fundi\u00e7\u00e3o a V\u00e1cuo","description":"A Xometry oferece servi\u00e7os de Fundi\u00e7\u00e3o a V\u00e1cuo, um processo que resulta em pe\u00e7as de uretano fundidas de baixo custo com qualidade ao n\u00edvel de produ\u00e7\u00e3o.","robots":{"index":"index","follow":"follow","max-snippet":"max-snippet:-1","max-image-preview":"max-image-preview:large","max-video-preview":"max-video-preview:-1"},"canonical":"https:\/\/xometry.eu\/pt\/fabricacao-formativa\/","og_locale":"pt_PT","og_type":"article","og_title":"Vacuum Casting","og_description":"A Xometry oferece servi\u00e7os de Fundi\u00e7\u00e3o a V\u00e1cuo, um processo que resulta em pe\u00e7as de uretano fundidas de baixo custo com qualidade ao n\u00edvel de produ\u00e7\u00e3o.","og_url":"https:\/\/xometry.eu\/pt\/fabricacao-formativa\/","og_site_name":"Xometry Europe","article_modified_time":"2026-02-04T10:45:21+00:00","og_image":[{"width":2400,"height":1230,"url":"https:\/\/xometry.eu\/wp-content\/uploads\/2023\/02\/EN-Vacuum-Casting-service-page.jpg","type":"image\/jpeg"}],"twitter_card":"summary_large_image","schema":{"@context":"https:\/\/schema.org","@graph":[{"@type":"WebPage","@id":"https:\/\/xometry.eu\/pt\/fabricacao-formativa\/","url":"https:\/\/xometry.eu\/pt\/fabricacao-formativa\/","name":"Servi\u00e7os de Fundi\u00e7\u00e3o a V\u00e1cuo","isPartOf":{"@id":"https:\/\/xometry.eu\/pt\/#website"},"primaryImageOfPage":{"@id":"https:\/\/xometry.eu\/pt\/fabricacao-formativa\/#primaryimage"},"image":{"@id":"https:\/\/xometry.eu\/pt\/fabricacao-formativa\/#primaryimage"},"thumbnailUrl":"https:\/\/xometry.eu\/wp-content\/uploads\/2024\/02\/PT-Vacuum-Casting-service-page.jpg","datePublished":"2022-10-07T12:39:39+00:00","dateModified":"2026-02-04T10:45:21+00:00","description":"A Xometry oferece servi\u00e7os de Fundi\u00e7\u00e3o a V\u00e1cuo, um processo que resulta em pe\u00e7as de uretano fundidas de baixo custo com qualidade ao n\u00edvel de produ\u00e7\u00e3o.","breadcrumb":{"@id":"https:\/\/xometry.eu\/pt\/fabricacao-formativa\/#breadcrumb"},"inLanguage":"PT","potentialAction":[{"@type":"ReadAction","target":["https:\/\/xometry.eu\/pt\/fabricacao-formativa\/"]}]},{"@type":"ImageObject","inLanguage":"PT","@id":"https:\/\/xometry.eu\/pt\/fabricacao-formativa\/#primaryimage","url":"https:\/\/xometry.eu\/wp-content\/uploads\/2024\/02\/PT-Vacuum-Casting-service-page.jpg","contentUrl":"https:\/\/xometry.eu\/wp-content\/uploads\/2024\/02\/PT-Vacuum-Casting-service-page.jpg","width":2400,"height":1230},{"@type":"BreadcrumbList","@id":"https:\/\/xometry.eu\/pt\/fabricacao-formativa\/#breadcrumb","itemListElement":[{"@type":"ListItem","position":1,"name":"Home","item":"https:\/\/xometry.eu\/pt\/"},{"@type":"ListItem","position":2,"name":"Vacuum Casting"}]},{"@type":"WebSite","@id":"https:\/\/xometry.eu\/pt\/#website","url":"https:\/\/xometry.eu\/pt\/","name":"Xometry Europe","description":"","publisher":{"@id":"https:\/\/xometry.eu\/pt\/#organization"},"potentialAction":[{"@type":"SearchAction","target":{"@type":"EntryPoint","urlTemplate":"https:\/\/xometry.eu\/pt\/?s={search_term_string}"},"query-input":{"@type":"PropertyValueSpecification","valueRequired":true,"valueName":"search_term_string"}}],"inLanguage":"PT"}]}},"_links":{"self":[{"href":"https:\/\/xometry.eu\/pt\/wp-json\/wp\/v2\/pages\/107492","targetHints":{"allow":["GET"]}}],"collection":[{"href":"https:\/\/xometry.eu\/pt\/wp-json\/wp\/v2\/pages"}],"about":[{"href":"https:\/\/xometry.eu\/pt\/wp-json\/wp\/v2\/types\/page"}],"author":[{"embeddable":true,"href":"https:\/\/xometry.eu\/pt\/wp-json\/wp\/v2\/users\/10"}],"replies":[{"embeddable":true,"href":"https:\/\/xometry.eu\/pt\/wp-json\/wp\/v2\/comments?post=107492"}],"version-history":[{"count":6,"href":"https:\/\/xometry.eu\/pt\/wp-json\/wp\/v2\/pages\/107492\/revisions"}],"predecessor-version":[{"id":172660,"href":"https:\/\/xometry.eu\/pt\/wp-json\/wp\/v2\/pages\/107492\/revisions\/172660"}],"wp:featuredmedia":[{"embeddable":true,"href":"https:\/\/xometry.eu\/pt\/wp-json\/wp\/v2\/media\/132467"}],"wp:attachment":[{"href":"https:\/\/xometry.eu\/pt\/wp-json\/wp\/v2\/media?parent=107492"}],"curies":[{"name":"wp","href":"https:\/\/api.w.org\/{rel}","templated":true}]}}