{"id":107468,"date":"2020-07-15T07:20:26","date_gmt":"2020-07-15T07:20:26","guid":{"rendered":"https:\/\/xometry.eu\/carbon-dls\/"},"modified":"2026-04-03T12:11:11","modified_gmt":"2026-04-03T10:11:11","slug":"impressao-3d-carbon-dls","status":"publish","type":"page","link":"https:\/\/xometry.eu\/pt\/impressao-3d-carbon-dls\/","title":{"rendered":"Carbon DLS\u2122 3D Printing"},"content":{"rendered":"","protected":false},"excerpt":{"rendered":"","protected":false},"author":3,"featured_media":132399,"parent":0,"menu_order":0,"comment_status":"closed","ping_status":"closed","template":"","meta":{"_acf_changed":false,"inline_featured_image":false,"footnotes":""},"class_list":["post-107468","page","type-page","status-publish","has-post-thumbnail","hentry"],"acf":[],"yoast_head":"<!-- This site is optimized with the Yoast SEO Premium plugin v20.5 (Yoast SEO v27.1.1) - https:\/\/yoast.com\/product\/yoast-seo-premium-wordpress\/ -->\n<title>Servi\u00e7os de Impress\u00e3o 3D Carbon DLS Online<\/title>\n<meta name=\"description\" content=\"Servi\u00e7os de impress\u00e3o 3D Carbon DLS de primeira linha: Prot\u00f3tipos e S\u00e9ries de Pe\u00e7as. Fa\u00e7a upload dos seus modelos 3D para obter uma cota\u00e7\u00e3o instant\u00e2nea!\" \/>\n<meta name=\"robots\" content=\"index, follow, max-snippet:-1, max-image-preview:large, max-video-preview:-1\" \/>\n<link rel=\"canonical\" href=\"https:\/\/xometry.eu\/pt\/impressao-3d-carbon-dls\/\" \/>\n<meta property=\"og:locale\" content=\"pt_PT\" \/>\n<meta property=\"og:type\" content=\"article\" \/>\n<meta property=\"og:title\" content=\"Carbon DLS 3D Printing Services Online | 5 Days Production | Xometry Europe\" \/>\n<meta property=\"og:description\" content=\"Top-notch Carbon DSL 3D printing services: prototypes and series of parts. Upload your 3D models to get an instant quote!\" \/>\n<meta property=\"og:url\" content=\"https:\/\/xometry.eu\/pt\/impressao-3d-carbon-dls\/\" \/>\n<meta property=\"og:site_name\" content=\"Xometry Europe\" \/>\n<meta property=\"article:modified_time\" content=\"2026-04-03T10:11:11+00:00\" \/>\n<meta property=\"og:image\" content=\"https:\/\/xometry.eu\/wp-content\/uploads\/2023\/02\/EN-Carbon-DLS-service-page.jpg\" \/>\n\t<meta property=\"og:image:width\" content=\"2400\" \/>\n\t<meta property=\"og:image:height\" content=\"1230\" \/>\n\t<meta property=\"og:image:type\" content=\"image\/jpeg\" \/>\n<meta name=\"twitter:card\" content=\"summary_large_image\" \/>\n<meta name=\"twitter:title\" content=\"Carbon DLS\u2122 3D Printing\" \/>\n<meta name=\"twitter:image\" content=\"https:\/\/xometry.eu\/wp-content\/uploads\/2023\/02\/EN-Carbon-DLS-service-page.jpg\" \/>\n<script type=\"application\/ld+json\" class=\"yoast-schema-graph\">{\"@context\":\"https:\/\/schema.org\",\"@graph\":[{\"@type\":\"WebPage\",\"@id\":\"https:\/\/xometry.eu\/pt\/impressao-3d-carbon-dls\/\",\"url\":\"https:\/\/xometry.eu\/pt\/impressao-3d-carbon-dls\/\",\"name\":\"Servi\u00e7os de Impress\u00e3o 3D Carbon DLS Online\",\"isPartOf\":{\"@id\":\"https:\/\/xometry.eu\/pt\/#website\"},\"primaryImageOfPage\":{\"@id\":\"https:\/\/xometry.eu\/pt\/impressao-3d-carbon-dls\/#primaryimage\"},\"image\":{\"@id\":\"https:\/\/xometry.eu\/pt\/impressao-3d-carbon-dls\/#primaryimage\"},\"thumbnailUrl\":\"https:\/\/xometry.eu\/wp-content\/uploads\/2024\/02\/PT-Carbon-DSL-service-page.jpg\",\"datePublished\":\"2020-07-15T07:20:26+00:00\",\"dateModified\":\"2026-04-03T10:11:11+00:00\",\"description\":\"Servi\u00e7os de impress\u00e3o 3D Carbon DLS de primeira linha: Prot\u00f3tipos e S\u00e9ries de Pe\u00e7as. Fa\u00e7a upload dos seus modelos 3D para obter uma cota\u00e7\u00e3o instant\u00e2nea!\",\"breadcrumb\":{\"@id\":\"https:\/\/xometry.eu\/pt\/impressao-3d-carbon-dls\/#breadcrumb\"},\"inLanguage\":\"PT\",\"potentialAction\":[{\"@type\":\"ReadAction\",\"target\":[\"https:\/\/xometry.eu\/pt\/impressao-3d-carbon-dls\/\"]}]},{\"@type\":\"ImageObject\",\"inLanguage\":\"PT\",\"@id\":\"https:\/\/xometry.eu\/pt\/impressao-3d-carbon-dls\/#primaryimage\",\"url\":\"https:\/\/xometry.eu\/wp-content\/uploads\/2024\/02\/PT-Carbon-DSL-service-page.jpg\",\"contentUrl\":\"https:\/\/xometry.eu\/wp-content\/uploads\/2024\/02\/PT-Carbon-DSL-service-page.jpg\",\"width\":2400,\"height\":1230},{\"@type\":\"BreadcrumbList\",\"@id\":\"https:\/\/xometry.eu\/pt\/impressao-3d-carbon-dls\/#breadcrumb\",\"itemListElement\":[{\"@type\":\"ListItem\",\"position\":1,\"name\":\"Home\",\"item\":\"https:\/\/xometry.eu\/pt\/\"},{\"@type\":\"ListItem\",\"position\":2,\"name\":\"Carbon DLS\u2122 3D Printing\"}]},{\"@type\":\"WebSite\",\"@id\":\"https:\/\/xometry.eu\/pt\/#website\",\"url\":\"https:\/\/xometry.eu\/pt\/\",\"name\":\"Xometry Europe\",\"description\":\"\",\"publisher\":{\"@id\":\"https:\/\/xometry.eu\/pt\/#organization\"},\"potentialAction\":[{\"@type\":\"SearchAction\",\"target\":{\"@type\":\"EntryPoint\",\"urlTemplate\":\"https:\/\/xometry.eu\/pt\/?s={search_term_string}\"},\"query-input\":{\"@type\":\"PropertyValueSpecification\",\"valueRequired\":true,\"valueName\":\"search_term_string\"}}],\"inLanguage\":\"PT\"}]}<\/script>\n<!-- \/ Yoast SEO Premium plugin. -->","yoast_head_json":{"title":"Servi\u00e7os de Impress\u00e3o 3D Carbon DLS Online","description":"Servi\u00e7os de impress\u00e3o 3D Carbon DLS de primeira linha: Prot\u00f3tipos e S\u00e9ries de Pe\u00e7as. Fa\u00e7a upload dos seus modelos 3D para obter uma cota\u00e7\u00e3o instant\u00e2nea!","robots":{"index":"index","follow":"follow","max-snippet":"max-snippet:-1","max-image-preview":"max-image-preview:large","max-video-preview":"max-video-preview:-1"},"canonical":"https:\/\/xometry.eu\/pt\/impressao-3d-carbon-dls\/","og_locale":"pt_PT","og_type":"article","og_title":"Carbon DLS 3D Printing Services Online | 5 Days Production | Xometry Europe","og_description":"Top-notch Carbon DSL 3D printing services: prototypes and series of parts. Upload your 3D models to get an instant quote!","og_url":"https:\/\/xometry.eu\/pt\/impressao-3d-carbon-dls\/","og_site_name":"Xometry Europe","article_modified_time":"2026-04-03T10:11:11+00:00","og_image":[{"width":2400,"height":1230,"url":"https:\/\/xometry.eu\/wp-content\/uploads\/2023\/02\/EN-Carbon-DLS-service-page.jpg","type":"image\/jpeg"}],"twitter_card":"summary_large_image","twitter_title":"Carbon DLS\u2122 3D Printing","twitter_image":"https:\/\/xometry.eu\/wp-content\/uploads\/2023\/02\/EN-Carbon-DLS-service-page.jpg","schema":{"@context":"https:\/\/schema.org","@graph":[{"@type":"WebPage","@id":"https:\/\/xometry.eu\/pt\/impressao-3d-carbon-dls\/","url":"https:\/\/xometry.eu\/pt\/impressao-3d-carbon-dls\/","name":"Servi\u00e7os de Impress\u00e3o 3D Carbon DLS Online","isPartOf":{"@id":"https:\/\/xometry.eu\/pt\/#website"},"primaryImageOfPage":{"@id":"https:\/\/xometry.eu\/pt\/impressao-3d-carbon-dls\/#primaryimage"},"image":{"@id":"https:\/\/xometry.eu\/pt\/impressao-3d-carbon-dls\/#primaryimage"},"thumbnailUrl":"https:\/\/xometry.eu\/wp-content\/uploads\/2024\/02\/PT-Carbon-DSL-service-page.jpg","datePublished":"2020-07-15T07:20:26+00:00","dateModified":"2026-04-03T10:11:11+00:00","description":"Servi\u00e7os de impress\u00e3o 3D Carbon DLS de primeira linha: Prot\u00f3tipos e S\u00e9ries de Pe\u00e7as. Fa\u00e7a upload dos seus modelos 3D para obter uma cota\u00e7\u00e3o instant\u00e2nea!","breadcrumb":{"@id":"https:\/\/xometry.eu\/pt\/impressao-3d-carbon-dls\/#breadcrumb"},"inLanguage":"PT","potentialAction":[{"@type":"ReadAction","target":["https:\/\/xometry.eu\/pt\/impressao-3d-carbon-dls\/"]}]},{"@type":"ImageObject","inLanguage":"PT","@id":"https:\/\/xometry.eu\/pt\/impressao-3d-carbon-dls\/#primaryimage","url":"https:\/\/xometry.eu\/wp-content\/uploads\/2024\/02\/PT-Carbon-DSL-service-page.jpg","contentUrl":"https:\/\/xometry.eu\/wp-content\/uploads\/2024\/02\/PT-Carbon-DSL-service-page.jpg","width":2400,"height":1230},{"@type":"BreadcrumbList","@id":"https:\/\/xometry.eu\/pt\/impressao-3d-carbon-dls\/#breadcrumb","itemListElement":[{"@type":"ListItem","position":1,"name":"Home","item":"https:\/\/xometry.eu\/pt\/"},{"@type":"ListItem","position":2,"name":"Carbon DLS\u2122 3D Printing"}]},{"@type":"WebSite","@id":"https:\/\/xometry.eu\/pt\/#website","url":"https:\/\/xometry.eu\/pt\/","name":"Xometry Europe","description":"","publisher":{"@id":"https:\/\/xometry.eu\/pt\/#organization"},"potentialAction":[{"@type":"SearchAction","target":{"@type":"EntryPoint","urlTemplate":"https:\/\/xometry.eu\/pt\/?s={search_term_string}"},"query-input":{"@type":"PropertyValueSpecification","valueRequired":true,"valueName":"search_term_string"}}],"inLanguage":"PT"}]}},"_links":{"self":[{"href":"https:\/\/xometry.eu\/pt\/wp-json\/wp\/v2\/pages\/107468","targetHints":{"allow":["GET"]}}],"collection":[{"href":"https:\/\/xometry.eu\/pt\/wp-json\/wp\/v2\/pages"}],"about":[{"href":"https:\/\/xometry.eu\/pt\/wp-json\/wp\/v2\/types\/page"}],"author":[{"embeddable":true,"href":"https:\/\/xometry.eu\/pt\/wp-json\/wp\/v2\/users\/3"}],"replies":[{"embeddable":true,"href":"https:\/\/xometry.eu\/pt\/wp-json\/wp\/v2\/comments?post=107468"}],"version-history":[{"count":3,"href":"https:\/\/xometry.eu\/pt\/wp-json\/wp\/v2\/pages\/107468\/revisions"}],"predecessor-version":[{"id":172655,"href":"https:\/\/xometry.eu\/pt\/wp-json\/wp\/v2\/pages\/107468\/revisions\/172655"}],"wp:featuredmedia":[{"embeddable":true,"href":"https:\/\/xometry.eu\/pt\/wp-json\/wp\/v2\/media\/132399"}],"wp:attachment":[{"href":"https:\/\/xometry.eu\/pt\/wp-json\/wp\/v2\/media?parent=107468"}],"curies":[{"name":"wp","href":"https:\/\/api.w.org\/{rel}","templated":true}]}}