{"id":107412,"date":"2020-05-15T09:14:12","date_gmt":"2020-05-15T09:14:12","guid":{"rendered":"https:\/\/xometry.eu\/laser-cutting\/"},"modified":"2026-04-03T11:46:24","modified_gmt":"2026-04-03T09:46:24","slug":"corte-a-laser","status":"publish","type":"page","link":"https:\/\/xometry.eu\/pt\/corte-a-laser\/","title":{"rendered":"Laser Cutting"},"content":{"rendered":"","protected":false},"excerpt":{"rendered":"","protected":false},"author":1,"featured_media":132223,"parent":0,"menu_order":0,"comment_status":"closed","ping_status":"closed","template":"","meta":{"_acf_changed":false,"inline_featured_image":false,"footnotes":""},"class_list":["post-107412","page","type-page","status-publish","has-post-thumbnail","hentry"],"acf":[],"yoast_head":"<!-- This site is optimized with the Yoast SEO Premium plugin v20.5 (Yoast SEO v27.1.1) - https:\/\/yoast.com\/product\/yoast-seo-premium-wordpress\/ -->\n<title>Servi\u00e7os de Corte a Laser | Encomende Pe\u00e7as Online<\/title>\n<meta name=\"description\" content=\"Fornecemos servi\u00e7os de Corte a Laser para a produ\u00e7\u00e3o de pe\u00e7as em s\u00e9rie e prot\u00f3tipos de alum\u00ednio, a\u00e7o e ligas de cobre.\" \/>\n<meta name=\"robots\" content=\"index, follow, max-snippet:-1, max-image-preview:large, max-video-preview:-1\" \/>\n<link rel=\"canonical\" href=\"https:\/\/xometry.eu\/pt\/corte-a-laser\/\" \/>\n<meta property=\"og:locale\" content=\"pt_PT\" \/>\n<meta property=\"og:type\" content=\"article\" \/>\n<meta property=\"og:title\" content=\"Laser Cutting\" \/>\n<meta property=\"og:description\" content=\"Fornecemos servi\u00e7os de Corte a Laser para a produ\u00e7\u00e3o de pe\u00e7as em s\u00e9rie e prot\u00f3tipos de alum\u00ednio, a\u00e7o e ligas de cobre.\" \/>\n<meta property=\"og:url\" content=\"https:\/\/xometry.eu\/pt\/corte-a-laser\/\" \/>\n<meta property=\"og:site_name\" content=\"Xometry Europe\" \/>\n<meta property=\"article:modified_time\" content=\"2026-04-03T09:46:24+00:00\" \/>\n<meta property=\"og:image\" content=\"https:\/\/xometry.eu\/wp-content\/uploads\/2023\/02\/EN-Laser-cutting-service-page.jpg\" \/>\n\t<meta property=\"og:image:width\" content=\"2400\" \/>\n\t<meta property=\"og:image:height\" content=\"1230\" \/>\n\t<meta property=\"og:image:type\" content=\"image\/jpeg\" \/>\n<meta name=\"twitter:card\" content=\"summary_large_image\" \/>\n<meta name=\"twitter:image\" content=\"https:\/\/xometry.eu\/wp-content\/uploads\/2020\/08\/laser-cutting-sheet-metal-services.jpg\" \/>\n<script type=\"application\/ld+json\" class=\"yoast-schema-graph\">{\"@context\":\"https:\/\/schema.org\",\"@graph\":[{\"@type\":\"WebPage\",\"@id\":\"https:\/\/xometry.eu\/pt\/corte-a-laser\/\",\"url\":\"https:\/\/xometry.eu\/pt\/corte-a-laser\/\",\"name\":\"Servi\u00e7os de Corte a Laser | Encomende Pe\u00e7as Online\",\"isPartOf\":{\"@id\":\"https:\/\/xometry.eu\/pt\/#website\"},\"primaryImageOfPage\":{\"@id\":\"https:\/\/xometry.eu\/pt\/corte-a-laser\/#primaryimage\"},\"image\":{\"@id\":\"https:\/\/xometry.eu\/pt\/corte-a-laser\/#primaryimage\"},\"thumbnailUrl\":\"https:\/\/xometry.eu\/wp-content\/uploads\/2024\/02\/PT-Laser-cutting-service-page.jpg\",\"datePublished\":\"2020-05-15T09:14:12+00:00\",\"dateModified\":\"2026-04-03T09:46:24+00:00\",\"description\":\"Fornecemos servi\u00e7os de Corte a Laser para a produ\u00e7\u00e3o de pe\u00e7as em s\u00e9rie e prot\u00f3tipos de alum\u00ednio, a\u00e7o e ligas de cobre.\",\"breadcrumb\":{\"@id\":\"https:\/\/xometry.eu\/pt\/corte-a-laser\/#breadcrumb\"},\"inLanguage\":\"PT\",\"potentialAction\":[{\"@type\":\"ReadAction\",\"target\":[\"https:\/\/xometry.eu\/pt\/corte-a-laser\/\"]}]},{\"@type\":\"ImageObject\",\"inLanguage\":\"PT\",\"@id\":\"https:\/\/xometry.eu\/pt\/corte-a-laser\/#primaryimage\",\"url\":\"https:\/\/xometry.eu\/wp-content\/uploads\/2024\/02\/PT-Laser-cutting-service-page.jpg\",\"contentUrl\":\"https:\/\/xometry.eu\/wp-content\/uploads\/2024\/02\/PT-Laser-cutting-service-page.jpg\",\"width\":2400,\"height\":1230},{\"@type\":\"BreadcrumbList\",\"@id\":\"https:\/\/xometry.eu\/pt\/corte-a-laser\/#breadcrumb\",\"itemListElement\":[{\"@type\":\"ListItem\",\"position\":1,\"name\":\"Home\",\"item\":\"https:\/\/xometry.eu\/pt\/\"},{\"@type\":\"ListItem\",\"position\":2,\"name\":\"Laser Cutting\"}]},{\"@type\":\"WebSite\",\"@id\":\"https:\/\/xometry.eu\/pt\/#website\",\"url\":\"https:\/\/xometry.eu\/pt\/\",\"name\":\"Xometry Europe\",\"description\":\"\",\"publisher\":{\"@id\":\"https:\/\/xometry.eu\/pt\/#organization\"},\"potentialAction\":[{\"@type\":\"SearchAction\",\"target\":{\"@type\":\"EntryPoint\",\"urlTemplate\":\"https:\/\/xometry.eu\/pt\/?s={search_term_string}\"},\"query-input\":{\"@type\":\"PropertyValueSpecification\",\"valueRequired\":true,\"valueName\":\"search_term_string\"}}],\"inLanguage\":\"PT\"}]}<\/script>\n<!-- \/ Yoast SEO Premium plugin. -->","yoast_head_json":{"title":"Servi\u00e7os de Corte a Laser | Encomende Pe\u00e7as Online","description":"Fornecemos servi\u00e7os de Corte a Laser para a produ\u00e7\u00e3o de pe\u00e7as em s\u00e9rie e prot\u00f3tipos de alum\u00ednio, a\u00e7o e ligas de cobre.","robots":{"index":"index","follow":"follow","max-snippet":"max-snippet:-1","max-image-preview":"max-image-preview:large","max-video-preview":"max-video-preview:-1"},"canonical":"https:\/\/xometry.eu\/pt\/corte-a-laser\/","og_locale":"pt_PT","og_type":"article","og_title":"Laser Cutting","og_description":"Fornecemos servi\u00e7os de Corte a Laser para a produ\u00e7\u00e3o de pe\u00e7as em s\u00e9rie e prot\u00f3tipos de alum\u00ednio, a\u00e7o e ligas de cobre.","og_url":"https:\/\/xometry.eu\/pt\/corte-a-laser\/","og_site_name":"Xometry Europe","article_modified_time":"2026-04-03T09:46:24+00:00","og_image":[{"width":2400,"height":1230,"url":"https:\/\/xometry.eu\/wp-content\/uploads\/2023\/02\/EN-Laser-cutting-service-page.jpg","type":"image\/jpeg"}],"twitter_card":"summary_large_image","twitter_image":"https:\/\/xometry.eu\/wp-content\/uploads\/2020\/08\/laser-cutting-sheet-metal-services.jpg","schema":{"@context":"https:\/\/schema.org","@graph":[{"@type":"WebPage","@id":"https:\/\/xometry.eu\/pt\/corte-a-laser\/","url":"https:\/\/xometry.eu\/pt\/corte-a-laser\/","name":"Servi\u00e7os de Corte a Laser | Encomende Pe\u00e7as Online","isPartOf":{"@id":"https:\/\/xometry.eu\/pt\/#website"},"primaryImageOfPage":{"@id":"https:\/\/xometry.eu\/pt\/corte-a-laser\/#primaryimage"},"image":{"@id":"https:\/\/xometry.eu\/pt\/corte-a-laser\/#primaryimage"},"thumbnailUrl":"https:\/\/xometry.eu\/wp-content\/uploads\/2024\/02\/PT-Laser-cutting-service-page.jpg","datePublished":"2020-05-15T09:14:12+00:00","dateModified":"2026-04-03T09:46:24+00:00","description":"Fornecemos servi\u00e7os de Corte a Laser para a produ\u00e7\u00e3o de pe\u00e7as em s\u00e9rie e prot\u00f3tipos de alum\u00ednio, a\u00e7o e ligas de cobre.","breadcrumb":{"@id":"https:\/\/xometry.eu\/pt\/corte-a-laser\/#breadcrumb"},"inLanguage":"PT","potentialAction":[{"@type":"ReadAction","target":["https:\/\/xometry.eu\/pt\/corte-a-laser\/"]}]},{"@type":"ImageObject","inLanguage":"PT","@id":"https:\/\/xometry.eu\/pt\/corte-a-laser\/#primaryimage","url":"https:\/\/xometry.eu\/wp-content\/uploads\/2024\/02\/PT-Laser-cutting-service-page.jpg","contentUrl":"https:\/\/xometry.eu\/wp-content\/uploads\/2024\/02\/PT-Laser-cutting-service-page.jpg","width":2400,"height":1230},{"@type":"BreadcrumbList","@id":"https:\/\/xometry.eu\/pt\/corte-a-laser\/#breadcrumb","itemListElement":[{"@type":"ListItem","position":1,"name":"Home","item":"https:\/\/xometry.eu\/pt\/"},{"@type":"ListItem","position":2,"name":"Laser Cutting"}]},{"@type":"WebSite","@id":"https:\/\/xometry.eu\/pt\/#website","url":"https:\/\/xometry.eu\/pt\/","name":"Xometry Europe","description":"","publisher":{"@id":"https:\/\/xometry.eu\/pt\/#organization"},"potentialAction":[{"@type":"SearchAction","target":{"@type":"EntryPoint","urlTemplate":"https:\/\/xometry.eu\/pt\/?s={search_term_string}"},"query-input":{"@type":"PropertyValueSpecification","valueRequired":true,"valueName":"search_term_string"}}],"inLanguage":"PT"}]}},"_links":{"self":[{"href":"https:\/\/xometry.eu\/pt\/wp-json\/wp\/v2\/pages\/107412","targetHints":{"allow":["GET"]}}],"collection":[{"href":"https:\/\/xometry.eu\/pt\/wp-json\/wp\/v2\/pages"}],"about":[{"href":"https:\/\/xometry.eu\/pt\/wp-json\/wp\/v2\/types\/page"}],"author":[{"embeddable":true,"href":"https:\/\/xometry.eu\/pt\/wp-json\/wp\/v2\/users\/1"}],"replies":[{"embeddable":true,"href":"https:\/\/xometry.eu\/pt\/wp-json\/wp\/v2\/comments?post=107412"}],"version-history":[{"count":5,"href":"https:\/\/xometry.eu\/pt\/wp-json\/wp\/v2\/pages\/107412\/revisions"}],"predecessor-version":[{"id":172639,"href":"https:\/\/xometry.eu\/pt\/wp-json\/wp\/v2\/pages\/107412\/revisions\/172639"}],"wp:featuredmedia":[{"embeddable":true,"href":"https:\/\/xometry.eu\/pt\/wp-json\/wp\/v2\/media\/132223"}],"wp:attachment":[{"href":"https:\/\/xometry.eu\/pt\/wp-json\/wp\/v2\/media?parent=107412"}],"curies":[{"name":"wp","href":"https:\/\/api.w.org\/{rel}","templated":true}]}}