{"id":107386,"date":"2020-05-14T08:36:09","date_gmt":"2020-05-14T08:36:09","guid":{"rendered":"https:\/\/xometry.eu\/cnc-milling\/"},"modified":"2026-04-01T17:43:24","modified_gmt":"2026-04-01T15:43:24","slug":"fresagem-cnc","status":"publish","type":"page","link":"https:\/\/xometry.eu\/pt\/fresagem-cnc\/","title":{"rendered":"CNC Milling"},"content":{"rendered":"","protected":false},"excerpt":{"rendered":"","protected":false},"author":1,"featured_media":80839,"parent":0,"menu_order":0,"comment_status":"closed","ping_status":"closed","template":"","meta":{"_acf_changed":false,"inline_featured_image":false,"footnotes":""},"class_list":["post-107386","page","type-page","status-publish","has-post-thumbnail","hentry"],"acf":[],"yoast_head":"<!-- This site is optimized with the Yoast SEO Premium plugin v20.5 (Yoast SEO v27.1.1) - https:\/\/yoast.com\/product\/yoast-seo-premium-wordpress\/ -->\n<title>Servi\u00e7os de Fresagem CNC Online | Encomende Pe\u00e7as Fresadas<\/title>\n<meta name=\"description\" content=\"Fornecemos servi\u00e7os de Fresagem CNC de quaisquer complexidades para a produ\u00e7\u00e3o de pe\u00e7as em s\u00e9rie e prot\u00f3tipos. Obtenha uma cota\u00e7\u00e3o instant\u00e2nea!\" \/>\n<meta name=\"robots\" content=\"index, follow, max-snippet:-1, max-image-preview:large, max-video-preview:-1\" \/>\n<link rel=\"canonical\" href=\"https:\/\/xometry.eu\/pt\/fresagem-cnc\/\" \/>\n<meta property=\"og:locale\" content=\"pt_PT\" \/>\n<meta property=\"og:type\" content=\"article\" \/>\n<meta property=\"og:title\" content=\"CNC Milling\" \/>\n<meta property=\"og:description\" content=\"Fornecemos servi\u00e7os de Fresagem CNC de quaisquer complexidades para a produ\u00e7\u00e3o de pe\u00e7as em s\u00e9rie e prot\u00f3tipos. Obtenha uma cota\u00e7\u00e3o instant\u00e2nea!\" \/>\n<meta property=\"og:url\" content=\"https:\/\/xometry.eu\/pt\/fresagem-cnc\/\" \/>\n<meta property=\"og:site_name\" content=\"Xometry Europe\" \/>\n<meta property=\"article:modified_time\" content=\"2026-04-01T15:43:24+00:00\" \/>\n<meta property=\"og:image\" content=\"https:\/\/xometry.eu\/wp-content\/uploads\/2023\/02\/EN-CNC-Milling-service-page.jpg\" \/>\n\t<meta property=\"og:image:width\" content=\"2400\" \/>\n\t<meta property=\"og:image:height\" content=\"1229\" \/>\n\t<meta property=\"og:image:type\" content=\"image\/jpeg\" \/>\n<meta name=\"twitter:card\" content=\"summary_large_image\" \/>\n<meta name=\"twitter:image\" content=\"https:\/\/xometry.eu\/wp-content\/uploads\/2020\/08\/cnc-milling-services.jpg\" \/>\n<script type=\"application\/ld+json\" class=\"yoast-schema-graph\">{\"@context\":\"https:\/\/schema.org\",\"@graph\":[{\"@type\":\"WebPage\",\"@id\":\"https:\/\/xometry.eu\/pt\/fresagem-cnc\/\",\"url\":\"https:\/\/xometry.eu\/pt\/fresagem-cnc\/\",\"name\":\"Servi\u00e7os de Fresagem CNC Online | Encomende Pe\u00e7as Fresadas\",\"isPartOf\":{\"@id\":\"https:\/\/xometry.eu\/pt\/#website\"},\"primaryImageOfPage\":{\"@id\":\"https:\/\/xometry.eu\/pt\/fresagem-cnc\/#primaryimage\"},\"image\":{\"@id\":\"https:\/\/xometry.eu\/pt\/fresagem-cnc\/#primaryimage\"},\"thumbnailUrl\":\"https:\/\/xometry.eu\/wp-content\/uploads\/2022\/09\/cnc-machining-scaled.jpeg\",\"datePublished\":\"2020-05-14T08:36:09+00:00\",\"dateModified\":\"2026-04-01T15:43:24+00:00\",\"description\":\"Fornecemos servi\u00e7os de Fresagem CNC de quaisquer complexidades para a produ\u00e7\u00e3o de pe\u00e7as em s\u00e9rie e prot\u00f3tipos. Obtenha uma cota\u00e7\u00e3o instant\u00e2nea!\",\"breadcrumb\":{\"@id\":\"https:\/\/xometry.eu\/pt\/fresagem-cnc\/#breadcrumb\"},\"inLanguage\":\"PT\",\"potentialAction\":[{\"@type\":\"ReadAction\",\"target\":[\"https:\/\/xometry.eu\/pt\/fresagem-cnc\/\"]}]},{\"@type\":\"ImageObject\",\"inLanguage\":\"PT\",\"@id\":\"https:\/\/xometry.eu\/pt\/fresagem-cnc\/#primaryimage\",\"url\":\"https:\/\/xometry.eu\/wp-content\/uploads\/2022\/09\/cnc-machining-scaled.jpeg\",\"contentUrl\":\"https:\/\/xometry.eu\/wp-content\/uploads\/2022\/09\/cnc-machining-scaled.jpeg\",\"width\":2560,\"height\":1646,\"caption\":\"Metalworking CNC milling machine. Cutting metal modern processing technology. Small depth of field. Warning - authentic shooting in challenging conditions. A little bit grain and maybe blurred.\"},{\"@type\":\"BreadcrumbList\",\"@id\":\"https:\/\/xometry.eu\/pt\/fresagem-cnc\/#breadcrumb\",\"itemListElement\":[{\"@type\":\"ListItem\",\"position\":1,\"name\":\"Home\",\"item\":\"https:\/\/xometry.eu\/pt\/\"},{\"@type\":\"ListItem\",\"position\":2,\"name\":\"CNC Milling\"}]},{\"@type\":\"WebSite\",\"@id\":\"https:\/\/xometry.eu\/pt\/#website\",\"url\":\"https:\/\/xometry.eu\/pt\/\",\"name\":\"Xometry Europe\",\"description\":\"\",\"publisher\":{\"@id\":\"https:\/\/xometry.eu\/pt\/#organization\"},\"potentialAction\":[{\"@type\":\"SearchAction\",\"target\":{\"@type\":\"EntryPoint\",\"urlTemplate\":\"https:\/\/xometry.eu\/pt\/?s={search_term_string}\"},\"query-input\":{\"@type\":\"PropertyValueSpecification\",\"valueRequired\":true,\"valueName\":\"search_term_string\"}}],\"inLanguage\":\"PT\"}]}<\/script>\n<!-- \/ Yoast SEO Premium plugin. -->","yoast_head_json":{"title":"Servi\u00e7os de Fresagem CNC Online | Encomende Pe\u00e7as Fresadas","description":"Fornecemos servi\u00e7os de Fresagem CNC de quaisquer complexidades para a produ\u00e7\u00e3o de pe\u00e7as em s\u00e9rie e prot\u00f3tipos. Obtenha uma cota\u00e7\u00e3o instant\u00e2nea!","robots":{"index":"index","follow":"follow","max-snippet":"max-snippet:-1","max-image-preview":"max-image-preview:large","max-video-preview":"max-video-preview:-1"},"canonical":"https:\/\/xometry.eu\/pt\/fresagem-cnc\/","og_locale":"pt_PT","og_type":"article","og_title":"CNC Milling","og_description":"Fornecemos servi\u00e7os de Fresagem CNC de quaisquer complexidades para a produ\u00e7\u00e3o de pe\u00e7as em s\u00e9rie e prot\u00f3tipos. Obtenha uma cota\u00e7\u00e3o instant\u00e2nea!","og_url":"https:\/\/xometry.eu\/pt\/fresagem-cnc\/","og_site_name":"Xometry Europe","article_modified_time":"2026-04-01T15:43:24+00:00","og_image":[{"width":2400,"height":1229,"url":"https:\/\/xometry.eu\/wp-content\/uploads\/2023\/02\/EN-CNC-Milling-service-page.jpg","type":"image\/jpeg"}],"twitter_card":"summary_large_image","twitter_image":"https:\/\/xometry.eu\/wp-content\/uploads\/2020\/08\/cnc-milling-services.jpg","schema":{"@context":"https:\/\/schema.org","@graph":[{"@type":"WebPage","@id":"https:\/\/xometry.eu\/pt\/fresagem-cnc\/","url":"https:\/\/xometry.eu\/pt\/fresagem-cnc\/","name":"Servi\u00e7os de Fresagem CNC Online | Encomende Pe\u00e7as Fresadas","isPartOf":{"@id":"https:\/\/xometry.eu\/pt\/#website"},"primaryImageOfPage":{"@id":"https:\/\/xometry.eu\/pt\/fresagem-cnc\/#primaryimage"},"image":{"@id":"https:\/\/xometry.eu\/pt\/fresagem-cnc\/#primaryimage"},"thumbnailUrl":"https:\/\/xometry.eu\/wp-content\/uploads\/2022\/09\/cnc-machining-scaled.jpeg","datePublished":"2020-05-14T08:36:09+00:00","dateModified":"2026-04-01T15:43:24+00:00","description":"Fornecemos servi\u00e7os de Fresagem CNC de quaisquer complexidades para a produ\u00e7\u00e3o de pe\u00e7as em s\u00e9rie e prot\u00f3tipos. Obtenha uma cota\u00e7\u00e3o instant\u00e2nea!","breadcrumb":{"@id":"https:\/\/xometry.eu\/pt\/fresagem-cnc\/#breadcrumb"},"inLanguage":"PT","potentialAction":[{"@type":"ReadAction","target":["https:\/\/xometry.eu\/pt\/fresagem-cnc\/"]}]},{"@type":"ImageObject","inLanguage":"PT","@id":"https:\/\/xometry.eu\/pt\/fresagem-cnc\/#primaryimage","url":"https:\/\/xometry.eu\/wp-content\/uploads\/2022\/09\/cnc-machining-scaled.jpeg","contentUrl":"https:\/\/xometry.eu\/wp-content\/uploads\/2022\/09\/cnc-machining-scaled.jpeg","width":2560,"height":1646,"caption":"Metalworking CNC milling machine. Cutting metal modern processing technology. Small depth of field. Warning - authentic shooting in challenging conditions. A little bit grain and maybe blurred."},{"@type":"BreadcrumbList","@id":"https:\/\/xometry.eu\/pt\/fresagem-cnc\/#breadcrumb","itemListElement":[{"@type":"ListItem","position":1,"name":"Home","item":"https:\/\/xometry.eu\/pt\/"},{"@type":"ListItem","position":2,"name":"CNC Milling"}]},{"@type":"WebSite","@id":"https:\/\/xometry.eu\/pt\/#website","url":"https:\/\/xometry.eu\/pt\/","name":"Xometry Europe","description":"","publisher":{"@id":"https:\/\/xometry.eu\/pt\/#organization"},"potentialAction":[{"@type":"SearchAction","target":{"@type":"EntryPoint","urlTemplate":"https:\/\/xometry.eu\/pt\/?s={search_term_string}"},"query-input":{"@type":"PropertyValueSpecification","valueRequired":true,"valueName":"search_term_string"}}],"inLanguage":"PT"}]}},"_links":{"self":[{"href":"https:\/\/xometry.eu\/pt\/wp-json\/wp\/v2\/pages\/107386","targetHints":{"allow":["GET"]}}],"collection":[{"href":"https:\/\/xometry.eu\/pt\/wp-json\/wp\/v2\/pages"}],"about":[{"href":"https:\/\/xometry.eu\/pt\/wp-json\/wp\/v2\/types\/page"}],"author":[{"embeddable":true,"href":"https:\/\/xometry.eu\/pt\/wp-json\/wp\/v2\/users\/1"}],"replies":[{"embeddable":true,"href":"https:\/\/xometry.eu\/pt\/wp-json\/wp\/v2\/comments?post=107386"}],"version-history":[{"count":3,"href":"https:\/\/xometry.eu\/pt\/wp-json\/wp\/v2\/pages\/107386\/revisions"}],"predecessor-version":[{"id":172633,"href":"https:\/\/xometry.eu\/pt\/wp-json\/wp\/v2\/pages\/107386\/revisions\/172633"}],"wp:featuredmedia":[{"embeddable":true,"href":"https:\/\/xometry.eu\/pt\/wp-json\/wp\/v2\/media\/80839"}],"wp:attachment":[{"href":"https:\/\/xometry.eu\/pt\/wp-json\/wp\/v2\/media?parent=107386"}],"curies":[{"name":"wp","href":"https:\/\/api.w.org\/{rel}","templated":true}]}}