{"id":76030,"date":"2022-10-07T14:39:39","date_gmt":"2022-10-07T12:39:39","guid":{"rendered":"https:\/\/xometry.eu\/vacuum-casting\/"},"modified":"2026-02-04T12:44:43","modified_gmt":"2026-02-04T10:44:43","slug":"odlewanie-prozniowe","status":"publish","type":"page","link":"https:\/\/xometry.eu\/pl\/odlewanie-prozniowe\/","title":{"rendered":"Odlewanie pr\u00f3\u017cniowe"},"content":{"rendered":"","protected":false},"excerpt":{"rendered":"","protected":false},"author":10,"featured_media":131707,"parent":0,"menu_order":0,"comment_status":"closed","ping_status":"closed","template":"","meta":{"_acf_changed":false,"inline_featured_image":false,"footnotes":""},"class_list":["post-76030","page","type-page","status-publish","has-post-thumbnail","hentry"],"acf":[],"yoast_head":"<!-- This site is optimized with the Yoast SEO Premium plugin v20.5 (Yoast SEO v27.1.1) - https:\/\/yoast.com\/product\/yoast-seo-premium-wordpress\/ -->\n<title>Us\u0142ugi odlewania pr\u00f3\u017cniowego | Xometry Europe<\/title>\n<meta name=\"description\" content=\"Xometry oferuje us\u0142ugi odlewania pr\u00f3\u017cniowego. Jest to proces, kt\u00f3ry skutkuje op\u0142acalnymi odlewami pr\u00f3\u017cniowe o jako\u015bci na poziomie produkcyjnym\" \/>\n<meta name=\"robots\" content=\"index, follow, max-snippet:-1, max-image-preview:large, max-video-preview:-1\" \/>\n<link rel=\"canonical\" href=\"https:\/\/xometry.eu\/pl\/odlewanie-prozniowe\/\" \/>\n<meta property=\"og:locale\" content=\"pl_PL\" \/>\n<meta property=\"og:type\" content=\"article\" \/>\n<meta property=\"og:title\" content=\"Odlewanie pr\u00f3\u017cniowe\" \/>\n<meta property=\"og:description\" content=\"Xometry oferuje us\u0142ugi odlewania pr\u00f3\u017cniowego. Jest to proces, kt\u00f3ry skutkuje op\u0142acalnymi odlewami pr\u00f3\u017cniowe o jako\u015bci na poziomie produkcyjnym\" \/>\n<meta property=\"og:url\" content=\"https:\/\/xometry.eu\/pl\/odlewanie-prozniowe\/\" \/>\n<meta property=\"og:site_name\" content=\"Xometry Europe\" \/>\n<meta property=\"article:modified_time\" content=\"2026-02-04T10:44:43+00:00\" \/>\n<meta property=\"og:image\" content=\"http:\/\/xometry.eu\/wp-content\/uploads\/2023\/02\/EN-Vacuum-Casting-service-page-1440x738.jpg\" \/>\n<meta name=\"twitter:card\" content=\"summary_large_image\" \/>\n<script type=\"application\/ld+json\" class=\"yoast-schema-graph\">{\"@context\":\"https:\/\/schema.org\",\"@graph\":[{\"@type\":\"WebPage\",\"@id\":\"https:\/\/xometry.eu\/pl\/odlewanie-prozniowe\/\",\"url\":\"https:\/\/xometry.eu\/pl\/odlewanie-prozniowe\/\",\"name\":\"Us\u0142ugi odlewania pr\u00f3\u017cniowego | Xometry Europe\",\"isPartOf\":{\"@id\":\"https:\/\/xometry.eu\/pl\/#website\"},\"primaryImageOfPage\":{\"@id\":\"https:\/\/xometry.eu\/pl\/odlewanie-prozniowe\/#primaryimage\"},\"image\":{\"@id\":\"https:\/\/xometry.eu\/pl\/odlewanie-prozniowe\/#primaryimage\"},\"thumbnailUrl\":\"https:\/\/xometry.eu\/wp-content\/uploads\/2024\/02\/PL-Vacuum-Casting-service-page.jpg\",\"datePublished\":\"2022-10-07T12:39:39+00:00\",\"dateModified\":\"2026-02-04T10:44:43+00:00\",\"description\":\"Xometry oferuje us\u0142ugi odlewania pr\u00f3\u017cniowego. Jest to proces, kt\u00f3ry skutkuje op\u0142acalnymi odlewami pr\u00f3\u017cniowe o jako\u015bci na poziomie produkcyjnym\",\"breadcrumb\":{\"@id\":\"https:\/\/xometry.eu\/pl\/odlewanie-prozniowe\/#breadcrumb\"},\"inLanguage\":\"pl-PL\",\"potentialAction\":[{\"@type\":\"ReadAction\",\"target\":[\"https:\/\/xometry.eu\/pl\/odlewanie-prozniowe\/\"]}]},{\"@type\":\"ImageObject\",\"inLanguage\":\"pl-PL\",\"@id\":\"https:\/\/xometry.eu\/pl\/odlewanie-prozniowe\/#primaryimage\",\"url\":\"https:\/\/xometry.eu\/wp-content\/uploads\/2024\/02\/PL-Vacuum-Casting-service-page.jpg\",\"contentUrl\":\"https:\/\/xometry.eu\/wp-content\/uploads\/2024\/02\/PL-Vacuum-Casting-service-page.jpg\",\"width\":2400,\"height\":1230},{\"@type\":\"BreadcrumbList\",\"@id\":\"https:\/\/xometry.eu\/pl\/odlewanie-prozniowe\/#breadcrumb\",\"itemListElement\":[{\"@type\":\"ListItem\",\"position\":1,\"name\":\"Home\",\"item\":\"https:\/\/xometry.eu\/pl\/\"},{\"@type\":\"ListItem\",\"position\":2,\"name\":\"Odlewanie pr\u00f3\u017cniowe\"}]},{\"@type\":\"WebSite\",\"@id\":\"https:\/\/xometry.eu\/pl\/#website\",\"url\":\"https:\/\/xometry.eu\/pl\/\",\"name\":\"Xometry Europe\",\"description\":\"\",\"publisher\":{\"@id\":\"https:\/\/xometry.eu\/pl\/#organization\"},\"potentialAction\":[{\"@type\":\"SearchAction\",\"target\":{\"@type\":\"EntryPoint\",\"urlTemplate\":\"https:\/\/xometry.eu\/pl\/?s={search_term_string}\"},\"query-input\":{\"@type\":\"PropertyValueSpecification\",\"valueRequired\":true,\"valueName\":\"search_term_string\"}}],\"inLanguage\":\"pl-PL\"}]}<\/script>\n<!-- \/ Yoast SEO Premium plugin. -->","yoast_head_json":{"title":"Us\u0142ugi odlewania pr\u00f3\u017cniowego | Xometry Europe","description":"Xometry oferuje us\u0142ugi odlewania pr\u00f3\u017cniowego. Jest to proces, kt\u00f3ry skutkuje op\u0142acalnymi odlewami pr\u00f3\u017cniowe o jako\u015bci na poziomie produkcyjnym","robots":{"index":"index","follow":"follow","max-snippet":"max-snippet:-1","max-image-preview":"max-image-preview:large","max-video-preview":"max-video-preview:-1"},"canonical":"https:\/\/xometry.eu\/pl\/odlewanie-prozniowe\/","og_locale":"pl_PL","og_type":"article","og_title":"Odlewanie pr\u00f3\u017cniowe","og_description":"Xometry oferuje us\u0142ugi odlewania pr\u00f3\u017cniowego. Jest to proces, kt\u00f3ry skutkuje op\u0142acalnymi odlewami pr\u00f3\u017cniowe o jako\u015bci na poziomie produkcyjnym","og_url":"https:\/\/xometry.eu\/pl\/odlewanie-prozniowe\/","og_site_name":"Xometry Europe","article_modified_time":"2026-02-04T10:44:43+00:00","og_image":[{"url":"http:\/\/xometry.eu\/wp-content\/uploads\/2023\/02\/EN-Vacuum-Casting-service-page-1440x738.jpg","type":"","width":"","height":""}],"twitter_card":"summary_large_image","schema":{"@context":"https:\/\/schema.org","@graph":[{"@type":"WebPage","@id":"https:\/\/xometry.eu\/pl\/odlewanie-prozniowe\/","url":"https:\/\/xometry.eu\/pl\/odlewanie-prozniowe\/","name":"Us\u0142ugi odlewania pr\u00f3\u017cniowego | Xometry Europe","isPartOf":{"@id":"https:\/\/xometry.eu\/pl\/#website"},"primaryImageOfPage":{"@id":"https:\/\/xometry.eu\/pl\/odlewanie-prozniowe\/#primaryimage"},"image":{"@id":"https:\/\/xometry.eu\/pl\/odlewanie-prozniowe\/#primaryimage"},"thumbnailUrl":"https:\/\/xometry.eu\/wp-content\/uploads\/2024\/02\/PL-Vacuum-Casting-service-page.jpg","datePublished":"2022-10-07T12:39:39+00:00","dateModified":"2026-02-04T10:44:43+00:00","description":"Xometry oferuje us\u0142ugi odlewania pr\u00f3\u017cniowego. Jest to proces, kt\u00f3ry skutkuje op\u0142acalnymi odlewami pr\u00f3\u017cniowe o jako\u015bci na poziomie produkcyjnym","breadcrumb":{"@id":"https:\/\/xometry.eu\/pl\/odlewanie-prozniowe\/#breadcrumb"},"inLanguage":"pl-PL","potentialAction":[{"@type":"ReadAction","target":["https:\/\/xometry.eu\/pl\/odlewanie-prozniowe\/"]}]},{"@type":"ImageObject","inLanguage":"pl-PL","@id":"https:\/\/xometry.eu\/pl\/odlewanie-prozniowe\/#primaryimage","url":"https:\/\/xometry.eu\/wp-content\/uploads\/2024\/02\/PL-Vacuum-Casting-service-page.jpg","contentUrl":"https:\/\/xometry.eu\/wp-content\/uploads\/2024\/02\/PL-Vacuum-Casting-service-page.jpg","width":2400,"height":1230},{"@type":"BreadcrumbList","@id":"https:\/\/xometry.eu\/pl\/odlewanie-prozniowe\/#breadcrumb","itemListElement":[{"@type":"ListItem","position":1,"name":"Home","item":"https:\/\/xometry.eu\/pl\/"},{"@type":"ListItem","position":2,"name":"Odlewanie pr\u00f3\u017cniowe"}]},{"@type":"WebSite","@id":"https:\/\/xometry.eu\/pl\/#website","url":"https:\/\/xometry.eu\/pl\/","name":"Xometry Europe","description":"","publisher":{"@id":"https:\/\/xometry.eu\/pl\/#organization"},"potentialAction":[{"@type":"SearchAction","target":{"@type":"EntryPoint","urlTemplate":"https:\/\/xometry.eu\/pl\/?s={search_term_string}"},"query-input":{"@type":"PropertyValueSpecification","valueRequired":true,"valueName":"search_term_string"}}],"inLanguage":"pl-PL"}]}},"_links":{"self":[{"href":"https:\/\/xometry.eu\/pl\/wp-json\/wp\/v2\/pages\/76030","targetHints":{"allow":["GET"]}}],"collection":[{"href":"https:\/\/xometry.eu\/pl\/wp-json\/wp\/v2\/pages"}],"about":[{"href":"https:\/\/xometry.eu\/pl\/wp-json\/wp\/v2\/types\/page"}],"author":[{"embeddable":true,"href":"https:\/\/xometry.eu\/pl\/wp-json\/wp\/v2\/users\/10"}],"replies":[{"embeddable":true,"href":"https:\/\/xometry.eu\/pl\/wp-json\/wp\/v2\/comments?post=76030"}],"version-history":[{"count":5,"href":"https:\/\/xometry.eu\/pl\/wp-json\/wp\/v2\/pages\/76030\/revisions"}],"predecessor-version":[{"id":169884,"href":"https:\/\/xometry.eu\/pl\/wp-json\/wp\/v2\/pages\/76030\/revisions\/169884"}],"wp:featuredmedia":[{"embeddable":true,"href":"https:\/\/xometry.eu\/pl\/wp-json\/wp\/v2\/media\/131707"}],"wp:attachment":[{"href":"https:\/\/xometry.eu\/pl\/wp-json\/wp\/v2\/media?parent=76030"}],"curies":[{"name":"wp","href":"https:\/\/api.w.org\/{rel}","templated":true}]}}