{"id":67418,"date":"2022-06-23T08:55:34","date_gmt":"2022-06-23T08:55:34","guid":{"rendered":"https:\/\/xometry.eu\/?page_id=67418"},"modified":"2026-03-13T18:11:42","modified_gmt":"2026-03-13T16:11:42","slug":"home-page","status":"publish","type":"page","link":"https:\/\/xometry.eu\/pl\/","title":{"rendered":"Home page"},"content":{"rendered":"\n<script type=\"application\/ld+json\" class=\"schemantra\">{\n  \"@context\": \"https:\/\/schema.org\",\n  \"@type\": \"Organization\",\n  \"@id\": \"Xometry Europe\",\n  \"address\": \"Ada-Lovelace-Str. 9, 85521 Ottobrunn, Germany\",\n  \"award\": \"ISO 9001:2015\",\n  \"description\": \"Platforma handlowa Xometry (NASDAQ: XMTR) oparta na sztucznej inteligencji i pakiet us\u0142ug w chmurze szybko cyfryzuj\u0105 przemys\u0142 produkcyjny. Xometry oferuje producentom niezb\u0119dne zasoby, kt\u00f3rych potrzebuj\u0105 do rozwoju swojej dzia\u0142alno\u015bci, a kupuj\u0105cym u\u0142atwia dost\u0119p do globalnych mo\u017cliwo\u015bci produkcyjnych w celu tworzenia solidnych \u0142a\u0144cuch\u00f3w dostaw.\",\n  \"email\": \"info@xometry.eu\",\n  \"legalName\": \"Xometry Europe GmbH\",\n  \"logo\": \"https:\/\/xometry.eu\/wp-content\/uploads\/2021\/12\/Logomark_Xometry_Blue-1.svg\",\n  \"name\": \"Xometry Europe\",\n  \"sameAs\": \"[https:\/\/www.facebook.com\/xometryeurope,https:\/\/www.linkedin.com\/company\/xometry-europe\/,https:\/\/www.youtube.com\/@xometry-europe,https:\/\/twitter.com\/XometryEU]\",\n  \"slogan\": \"Where Big Ideas are Built\",\n  \"telephone\": \"+49 89-3803-4818\",\n  \"url\": \"https:\/\/xometry.eu\/pl\/\",\n  \"vatID\": \"DE318027179\",\n  \"parentOrganization\": {\n    \"@context\": \"https:\/\/schema.org\",\n    \"@type\": \"Organization\",\n    \"@id\": \"Xometry\",\n    \"address\": \"6116 Executive Blvd, Ste. 800, North Bethesda, MD, 20852, United States of America\",\n    \"award\": \"[ITAR-registered,ISO 9001:2015,ISO 13485:2016,AS9100D]\",\n    \"description\": \"Xometry's (NASDAQ: XMTR) AI-powered marketplace, popular Thomasnet industrial sourcing platform and suite of cloud-based services are rapidly digitizing the $2.4 trillion manufacturing industry. Xometry provides manufacturers the critical resources they need to grow their business and makes it easy for buyers to access global manufacturing capacity and create locally resilient supply chains. The Xometry Instant Quoting Engine\u00ae leverages millions of pieces of data to quickly and effectively analyze complex parts in real-time, match buyers with the right suppliers globally and provide accurate pricing and lead times. Through its extensible marketplace, Xometry continuously scales its offerings, delivering an ever-expanding menu of manufacturing capabilities. Learn more at www.xometry.com or follow @xometry.\",\n    \"email\": \"support@xometry.com\",\n    \"legalName\": \"Xometry, Inc.\",\n    \"logo\": \"https:\/\/www.xometry.com\/condensed-wbib-logo.svg\",\n    \"name\": \"Xometry\",\n    \"sameAs\": \"[https:\/\/www.facebook.com\/xometry\/,https:\/\/www.linkedin.com\/company\/xometry,https:\/\/www.youtube.com\/@XometryHQ,https:\/\/twitter.com\/Xometry]\",\n    \"slogan\": \"Where Big Ideas are Built\",\n    \"telephone\": \"+1-800-983-1959\",\n    \"url\": \"https:\/\/www.xometry.com\"\n  }\n}<\/script>\n","protected":false},"excerpt":{"rendered":"","protected":false},"author":10,"featured_media":131300,"parent":0,"menu_order":0,"comment_status":"closed","ping_status":"closed","template":"","meta":{"_acf_changed":false,"inline_featured_image":false,"footnotes":""},"class_list":["post-67418","page","type-page","status-publish","has-post-thumbnail","hentry"],"acf":[],"yoast_head":"<!-- This site is optimized with the Yoast SEO Premium plugin v20.5 (Yoast SEO v27.1.1) - https:\/\/yoast.com\/product\/yoast-seo-premium-wordpress\/ -->\n<title>Xometry Europe \u2013 Us\u0142ugi produkcyjne: CNC, blacha, druk 3D<\/title>\n<meta name=\"description\" content=\"Xometry Europe oferuje us\u0142ugi obr\u00f3bki CNC, drukowania 3D, obr\u00f3bki blachy oraz formowania wtryskowego online.\" \/>\n<meta name=\"robots\" content=\"index, follow, max-snippet:-1, max-image-preview:large, max-video-preview:-1\" \/>\n<link rel=\"canonical\" href=\"https:\/\/xometry.eu\/pl\/\" \/>\n<meta property=\"og:locale\" content=\"pl_PL\" \/>\n<meta property=\"og:type\" content=\"article\" \/>\n<meta property=\"og:title\" content=\"Home page\" \/>\n<meta property=\"og:description\" content=\"Xometry Europe oferuje us\u0142ugi obr\u00f3bki CNC, drukowania 3D, obr\u00f3bki blachy oraz formowania wtryskowego online.\" \/>\n<meta property=\"og:url\" content=\"https:\/\/xometry.eu\/pl\/\" \/>\n<meta property=\"og:site_name\" content=\"Xometry Europe\" \/>\n<meta property=\"article:modified_time\" content=\"2026-03-13T16:11:42+00:00\" \/>\n<meta property=\"og:image\" content=\"http:\/\/xometry.eu\/wp-content\/uploads\/2023\/02\/EN-Main-page-1440x738.png\" \/>\n<meta name=\"twitter:card\" content=\"summary_large_image\" \/>\n<meta name=\"twitter:label1\" content=\"Szacowany czas czytania\" \/>\n\t<meta name=\"twitter:data1\" content=\"2 minuty\" \/>\n<script type=\"application\/ld+json\" class=\"yoast-schema-graph\">{\"@context\":\"https:\/\/schema.org\",\"@graph\":[{\"@type\":\"WebPage\",\"@id\":\"https:\/\/xometry.eu\/pl\/\",\"url\":\"https:\/\/xometry.eu\/pl\/\",\"name\":\"Xometry Europe \u2013 Us\u0142ugi produkcyjne: CNC, blacha, druk 3D\",\"isPartOf\":{\"@id\":\"https:\/\/xometry.eu\/pl\/#website\"},\"primaryImageOfPage\":{\"@id\":\"https:\/\/xometry.eu\/pl\/#primaryimage\"},\"image\":{\"@id\":\"https:\/\/xometry.eu\/pl\/#primaryimage\"},\"thumbnailUrl\":\"https:\/\/xometry.eu\/wp-content\/uploads\/2024\/02\/PL-Homepage-service-page.jpg\",\"datePublished\":\"2022-06-23T08:55:34+00:00\",\"dateModified\":\"2026-03-13T16:11:42+00:00\",\"description\":\"Xometry Europe oferuje us\u0142ugi obr\u00f3bki CNC, drukowania 3D, obr\u00f3bki blachy oraz formowania wtryskowego online.\",\"breadcrumb\":{\"@id\":\"https:\/\/xometry.eu\/pl\/#breadcrumb\"},\"inLanguage\":\"pl-PL\",\"potentialAction\":[{\"@type\":\"ReadAction\",\"target\":[\"https:\/\/xometry.eu\/pl\/\"]}]},{\"@type\":\"ImageObject\",\"inLanguage\":\"pl-PL\",\"@id\":\"https:\/\/xometry.eu\/pl\/#primaryimage\",\"url\":\"https:\/\/xometry.eu\/wp-content\/uploads\/2024\/02\/PL-Homepage-service-page.jpg\",\"contentUrl\":\"https:\/\/xometry.eu\/wp-content\/uploads\/2024\/02\/PL-Homepage-service-page.jpg\",\"width\":2400,\"height\":1230},{\"@type\":\"BreadcrumbList\",\"@id\":\"https:\/\/xometry.eu\/pl\/#breadcrumb\",\"itemListElement\":[{\"@type\":\"ListItem\",\"position\":1,\"name\":\"Home\",\"item\":\"https:\/\/xometry.eu\/pl\/\"},{\"@type\":\"ListItem\",\"position\":2,\"name\":\"Home page\"}]},{\"@type\":\"WebSite\",\"@id\":\"https:\/\/xometry.eu\/pl\/#website\",\"url\":\"https:\/\/xometry.eu\/pl\/\",\"name\":\"Xometry Europe\",\"description\":\"\",\"publisher\":{\"@id\":\"https:\/\/xometry.eu\/pl\/#organization\"},\"potentialAction\":[{\"@type\":\"SearchAction\",\"target\":{\"@type\":\"EntryPoint\",\"urlTemplate\":\"https:\/\/xometry.eu\/pl\/?s={search_term_string}\"},\"query-input\":{\"@type\":\"PropertyValueSpecification\",\"valueRequired\":true,\"valueName\":\"search_term_string\"}}],\"inLanguage\":\"pl-PL\"}]}<\/script>\n<!-- \/ Yoast SEO Premium plugin. -->","yoast_head_json":{"title":"Xometry Europe \u2013 Us\u0142ugi produkcyjne: CNC, blacha, druk 3D","description":"Xometry Europe oferuje us\u0142ugi obr\u00f3bki CNC, drukowania 3D, obr\u00f3bki blachy oraz formowania wtryskowego online.","robots":{"index":"index","follow":"follow","max-snippet":"max-snippet:-1","max-image-preview":"max-image-preview:large","max-video-preview":"max-video-preview:-1"},"canonical":"https:\/\/xometry.eu\/pl\/","og_locale":"pl_PL","og_type":"article","og_title":"Home page","og_description":"Xometry Europe oferuje us\u0142ugi obr\u00f3bki CNC, drukowania 3D, obr\u00f3bki blachy oraz formowania wtryskowego online.","og_url":"https:\/\/xometry.eu\/pl\/","og_site_name":"Xometry Europe","article_modified_time":"2026-03-13T16:11:42+00:00","og_image":[{"url":"http:\/\/xometry.eu\/wp-content\/uploads\/2023\/02\/EN-Main-page-1440x738.png","type":"","width":"","height":""}],"twitter_card":"summary_large_image","twitter_misc":{"Szacowany czas czytania":"2 minuty"},"schema":{"@context":"https:\/\/schema.org","@graph":[{"@type":"WebPage","@id":"https:\/\/xometry.eu\/pl\/","url":"https:\/\/xometry.eu\/pl\/","name":"Xometry Europe \u2013 Us\u0142ugi produkcyjne: CNC, blacha, druk 3D","isPartOf":{"@id":"https:\/\/xometry.eu\/pl\/#website"},"primaryImageOfPage":{"@id":"https:\/\/xometry.eu\/pl\/#primaryimage"},"image":{"@id":"https:\/\/xometry.eu\/pl\/#primaryimage"},"thumbnailUrl":"https:\/\/xometry.eu\/wp-content\/uploads\/2024\/02\/PL-Homepage-service-page.jpg","datePublished":"2022-06-23T08:55:34+00:00","dateModified":"2026-03-13T16:11:42+00:00","description":"Xometry Europe oferuje us\u0142ugi obr\u00f3bki CNC, drukowania 3D, obr\u00f3bki blachy oraz formowania wtryskowego online.","breadcrumb":{"@id":"https:\/\/xometry.eu\/pl\/#breadcrumb"},"inLanguage":"pl-PL","potentialAction":[{"@type":"ReadAction","target":["https:\/\/xometry.eu\/pl\/"]}]},{"@type":"ImageObject","inLanguage":"pl-PL","@id":"https:\/\/xometry.eu\/pl\/#primaryimage","url":"https:\/\/xometry.eu\/wp-content\/uploads\/2024\/02\/PL-Homepage-service-page.jpg","contentUrl":"https:\/\/xometry.eu\/wp-content\/uploads\/2024\/02\/PL-Homepage-service-page.jpg","width":2400,"height":1230},{"@type":"BreadcrumbList","@id":"https:\/\/xometry.eu\/pl\/#breadcrumb","itemListElement":[{"@type":"ListItem","position":1,"name":"Home","item":"https:\/\/xometry.eu\/pl\/"},{"@type":"ListItem","position":2,"name":"Home page"}]},{"@type":"WebSite","@id":"https:\/\/xometry.eu\/pl\/#website","url":"https:\/\/xometry.eu\/pl\/","name":"Xometry Europe","description":"","publisher":{"@id":"https:\/\/xometry.eu\/pl\/#organization"},"potentialAction":[{"@type":"SearchAction","target":{"@type":"EntryPoint","urlTemplate":"https:\/\/xometry.eu\/pl\/?s={search_term_string}"},"query-input":{"@type":"PropertyValueSpecification","valueRequired":true,"valueName":"search_term_string"}}],"inLanguage":"pl-PL"}]}},"_links":{"self":[{"href":"https:\/\/xometry.eu\/pl\/wp-json\/wp\/v2\/pages\/67418","targetHints":{"allow":["GET"]}}],"collection":[{"href":"https:\/\/xometry.eu\/pl\/wp-json\/wp\/v2\/pages"}],"about":[{"href":"https:\/\/xometry.eu\/pl\/wp-json\/wp\/v2\/types\/page"}],"author":[{"embeddable":true,"href":"https:\/\/xometry.eu\/pl\/wp-json\/wp\/v2\/users\/10"}],"replies":[{"embeddable":true,"href":"https:\/\/xometry.eu\/pl\/wp-json\/wp\/v2\/comments?post=67418"}],"version-history":[{"count":5,"href":"https:\/\/xometry.eu\/pl\/wp-json\/wp\/v2\/pages\/67418\/revisions"}],"predecessor-version":[{"id":172511,"href":"https:\/\/xometry.eu\/pl\/wp-json\/wp\/v2\/pages\/67418\/revisions\/172511"}],"wp:featuredmedia":[{"embeddable":true,"href":"https:\/\/xometry.eu\/pl\/wp-json\/wp\/v2\/media\/131300"}],"wp:attachment":[{"href":"https:\/\/xometry.eu\/pl\/wp-json\/wp\/v2\/media?parent=67418"}],"curies":[{"name":"wp","href":"https:\/\/api.w.org\/{rel}","templated":true}]}}