{"id":67408,"date":"2022-06-23T08:25:57","date_gmt":"2022-06-23T08:25:57","guid":{"rendered":"https:\/\/xometry.eu\/?page_id=67408"},"modified":"2026-01-08T11:02:04","modified_gmt":"2026-01-08T09:02:04","slug":"kontakt","status":"publish","type":"page","link":"https:\/\/xometry.eu\/pl\/kontakt\/","title":{"rendered":"Kontakt i nadruk"},"content":{"rendered":"","protected":false},"excerpt":{"rendered":"","protected":false},"author":10,"featured_media":0,"parent":0,"menu_order":0,"comment_status":"closed","ping_status":"closed","template":"","meta":{"_acf_changed":false,"inline_featured_image":false,"footnotes":""},"class_list":["post-67408","page","type-page","status-publish","hentry"],"acf":[],"yoast_head":"<!-- This site is optimized with the Yoast SEO Premium plugin v20.5 (Yoast SEO v27.1.1) - https:\/\/yoast.com\/product\/yoast-seo-premium-wordpress\/ -->\n<title>Dane kontaktowe, aby uzyska\u0107 natychmiastow\u0105 wycen\u0119 | Xometry Europe<\/title>\n<meta name=\"description\" content=\"Kontakt mailowy lub telefoniczny w celu uzyskania wyceny cz\u0119\u015bci: obr\u00f3bka CNC, druk 3D, formowanie wtryskowe, blacha.\" \/>\n<meta name=\"robots\" content=\"index, follow, max-snippet:-1, max-image-preview:large, max-video-preview:-1\" \/>\n<link rel=\"canonical\" href=\"https:\/\/xometry.eu\/pl\/kontakt\/\" \/>\n<meta property=\"og:locale\" content=\"pl_PL\" \/>\n<meta property=\"og:type\" content=\"article\" \/>\n<meta property=\"og:title\" content=\"Kontakt i nadruk\" \/>\n<meta property=\"og:description\" content=\"Kontakt mailowy lub telefoniczny w celu uzyskania wyceny cz\u0119\u015bci: obr\u00f3bka CNC, druk 3D, formowanie wtryskowe, blacha.\" \/>\n<meta property=\"og:url\" content=\"https:\/\/xometry.eu\/pl\/kontakt\/\" \/>\n<meta property=\"og:site_name\" content=\"Xometry Europe\" \/>\n<meta property=\"article:modified_time\" content=\"2026-01-08T09:02:04+00:00\" \/>\n<meta name=\"twitter:card\" content=\"summary_large_image\" \/>\n<script type=\"application\/ld+json\" class=\"yoast-schema-graph\">{\"@context\":\"https:\/\/schema.org\",\"@graph\":[{\"@type\":\"WebPage\",\"@id\":\"https:\/\/xometry.eu\/pl\/kontakt\/\",\"url\":\"https:\/\/xometry.eu\/pl\/kontakt\/\",\"name\":\"Dane kontaktowe, aby uzyska\u0107 natychmiastow\u0105 wycen\u0119 | Xometry Europe\",\"isPartOf\":{\"@id\":\"https:\/\/xometry.eu\/pl\/#website\"},\"datePublished\":\"2022-06-23T08:25:57+00:00\",\"dateModified\":\"2026-01-08T09:02:04+00:00\",\"description\":\"Kontakt mailowy lub telefoniczny w celu uzyskania wyceny cz\u0119\u015bci: obr\u00f3bka CNC, druk 3D, formowanie wtryskowe, blacha.\",\"breadcrumb\":{\"@id\":\"https:\/\/xometry.eu\/pl\/kontakt\/#breadcrumb\"},\"inLanguage\":\"pl-PL\",\"potentialAction\":[{\"@type\":\"ReadAction\",\"target\":[\"https:\/\/xometry.eu\/pl\/kontakt\/\"]}]},{\"@type\":\"BreadcrumbList\",\"@id\":\"https:\/\/xometry.eu\/pl\/kontakt\/#breadcrumb\",\"itemListElement\":[{\"@type\":\"ListItem\",\"position\":1,\"name\":\"Home\",\"item\":\"https:\/\/xometry.eu\/pl\/\"},{\"@type\":\"ListItem\",\"position\":2,\"name\":\"Kontakt i nadruk\"}]},{\"@type\":\"WebSite\",\"@id\":\"https:\/\/xometry.eu\/pl\/#website\",\"url\":\"https:\/\/xometry.eu\/pl\/\",\"name\":\"Xometry Europe\",\"description\":\"\",\"publisher\":{\"@id\":\"https:\/\/xometry.eu\/pl\/#organization\"},\"potentialAction\":[{\"@type\":\"SearchAction\",\"target\":{\"@type\":\"EntryPoint\",\"urlTemplate\":\"https:\/\/xometry.eu\/pl\/?s={search_term_string}\"},\"query-input\":{\"@type\":\"PropertyValueSpecification\",\"valueRequired\":true,\"valueName\":\"search_term_string\"}}],\"inLanguage\":\"pl-PL\"}]}<\/script>\n<!-- \/ Yoast SEO Premium plugin. -->","yoast_head_json":{"title":"Dane kontaktowe, aby uzyska\u0107 natychmiastow\u0105 wycen\u0119 | Xometry Europe","description":"Kontakt mailowy lub telefoniczny w celu uzyskania wyceny cz\u0119\u015bci: obr\u00f3bka CNC, druk 3D, formowanie wtryskowe, blacha.","robots":{"index":"index","follow":"follow","max-snippet":"max-snippet:-1","max-image-preview":"max-image-preview:large","max-video-preview":"max-video-preview:-1"},"canonical":"https:\/\/xometry.eu\/pl\/kontakt\/","og_locale":"pl_PL","og_type":"article","og_title":"Kontakt i nadruk","og_description":"Kontakt mailowy lub telefoniczny w celu uzyskania wyceny cz\u0119\u015bci: obr\u00f3bka CNC, druk 3D, formowanie wtryskowe, blacha.","og_url":"https:\/\/xometry.eu\/pl\/kontakt\/","og_site_name":"Xometry Europe","article_modified_time":"2026-01-08T09:02:04+00:00","twitter_card":"summary_large_image","schema":{"@context":"https:\/\/schema.org","@graph":[{"@type":"WebPage","@id":"https:\/\/xometry.eu\/pl\/kontakt\/","url":"https:\/\/xometry.eu\/pl\/kontakt\/","name":"Dane kontaktowe, aby uzyska\u0107 natychmiastow\u0105 wycen\u0119 | Xometry Europe","isPartOf":{"@id":"https:\/\/xometry.eu\/pl\/#website"},"datePublished":"2022-06-23T08:25:57+00:00","dateModified":"2026-01-08T09:02:04+00:00","description":"Kontakt mailowy lub telefoniczny w celu uzyskania wyceny cz\u0119\u015bci: obr\u00f3bka CNC, druk 3D, formowanie wtryskowe, blacha.","breadcrumb":{"@id":"https:\/\/xometry.eu\/pl\/kontakt\/#breadcrumb"},"inLanguage":"pl-PL","potentialAction":[{"@type":"ReadAction","target":["https:\/\/xometry.eu\/pl\/kontakt\/"]}]},{"@type":"BreadcrumbList","@id":"https:\/\/xometry.eu\/pl\/kontakt\/#breadcrumb","itemListElement":[{"@type":"ListItem","position":1,"name":"Home","item":"https:\/\/xometry.eu\/pl\/"},{"@type":"ListItem","position":2,"name":"Kontakt i nadruk"}]},{"@type":"WebSite","@id":"https:\/\/xometry.eu\/pl\/#website","url":"https:\/\/xometry.eu\/pl\/","name":"Xometry Europe","description":"","publisher":{"@id":"https:\/\/xometry.eu\/pl\/#organization"},"potentialAction":[{"@type":"SearchAction","target":{"@type":"EntryPoint","urlTemplate":"https:\/\/xometry.eu\/pl\/?s={search_term_string}"},"query-input":{"@type":"PropertyValueSpecification","valueRequired":true,"valueName":"search_term_string"}}],"inLanguage":"pl-PL"}]}},"_links":{"self":[{"href":"https:\/\/xometry.eu\/pl\/wp-json\/wp\/v2\/pages\/67408","targetHints":{"allow":["GET"]}}],"collection":[{"href":"https:\/\/xometry.eu\/pl\/wp-json\/wp\/v2\/pages"}],"about":[{"href":"https:\/\/xometry.eu\/pl\/wp-json\/wp\/v2\/types\/page"}],"author":[{"embeddable":true,"href":"https:\/\/xometry.eu\/pl\/wp-json\/wp\/v2\/users\/10"}],"replies":[{"embeddable":true,"href":"https:\/\/xometry.eu\/pl\/wp-json\/wp\/v2\/comments?post=67408"}],"version-history":[{"count":4,"href":"https:\/\/xometry.eu\/pl\/wp-json\/wp\/v2\/pages\/67408\/revisions"}],"predecessor-version":[{"id":167276,"href":"https:\/\/xometry.eu\/pl\/wp-json\/wp\/v2\/pages\/67408\/revisions\/167276"}],"wp:attachment":[{"href":"https:\/\/xometry.eu\/pl\/wp-json\/wp\/v2\/media?parent=67408"}],"curies":[{"name":"wp","href":"https:\/\/api.w.org\/{rel}","templated":true}]}}