{"id":67359,"date":"2020-09-16T12:04:01","date_gmt":"2020-09-16T12:04:01","guid":{"rendered":"https:\/\/xometry.eu\/?page_id=67359"},"modified":"2024-06-27T16:35:15","modified_gmt":"2024-06-27T14:35:15","slug":"gwarancja-i-kontrola-jakosci","status":"publish","type":"page","link":"https:\/\/xometry.eu\/pl\/gwarancja-i-kontrola-jakosci\/","title":{"rendered":"Gwarancja i kontrola jako\u015bci"},"content":{"rendered":"","protected":false},"excerpt":{"rendered":"","protected":false},"author":2,"featured_media":0,"parent":0,"menu_order":0,"comment_status":"closed","ping_status":"closed","template":"","meta":{"_acf_changed":false,"inline_featured_image":false,"footnotes":""},"class_list":["post-67359","page","type-page","status-publish","hentry"],"acf":[],"yoast_head":"<!-- This site is optimized with the Yoast SEO Premium plugin v20.5 (Yoast SEO v27.1.1) - https:\/\/yoast.com\/product\/yoast-seo-premium-wordpress\/ -->\n<title>Gwarancja i kontrola jako\u015bci | Xometry Europe<\/title>\n<meta name=\"description\" content=\"Xometry wykorzystuje rygorystyczne procesy, aby zagwarantowa\u0107 najwy\u017csze standardy produkcyjne dla niestandardowych cz\u0119\u015bci.\" \/>\n<meta name=\"robots\" content=\"index, follow, max-snippet:-1, max-image-preview:large, max-video-preview:-1\" \/>\n<link rel=\"canonical\" href=\"https:\/\/xometry.eu\/pl\/gwarancja-i-kontrola-jakosci\/\" \/>\n<meta property=\"og:locale\" content=\"pl_PL\" \/>\n<meta property=\"og:type\" content=\"article\" \/>\n<meta property=\"og:title\" content=\"Gwarancja i kontrola jako\u015bci\" \/>\n<meta property=\"og:description\" content=\"Xometry wykorzystuje rygorystyczne procesy, aby zagwarantowa\u0107 najwy\u017csze standardy produkcyjne dla niestandardowych cz\u0119\u015bci.\" \/>\n<meta property=\"og:url\" content=\"https:\/\/xometry.eu\/pl\/gwarancja-i-kontrola-jakosci\/\" \/>\n<meta property=\"og:site_name\" content=\"Xometry Europe\" \/>\n<meta property=\"article:modified_time\" content=\"2024-06-27T14:35:15+00:00\" \/>\n<meta name=\"twitter:card\" content=\"summary_large_image\" \/>\n<script type=\"application\/ld+json\" class=\"yoast-schema-graph\">{\"@context\":\"https:\/\/schema.org\",\"@graph\":[{\"@type\":\"WebPage\",\"@id\":\"https:\/\/xometry.eu\/pl\/gwarancja-i-kontrola-jakosci\/\",\"url\":\"https:\/\/xometry.eu\/pl\/gwarancja-i-kontrola-jakosci\/\",\"name\":\"Gwarancja i kontrola jako\u015bci | Xometry Europe\",\"isPartOf\":{\"@id\":\"https:\/\/xometry.eu\/pl\/#website\"},\"datePublished\":\"2020-09-16T12:04:01+00:00\",\"dateModified\":\"2024-06-27T14:35:15+00:00\",\"description\":\"Xometry wykorzystuje rygorystyczne procesy, aby zagwarantowa\u0107 najwy\u017csze standardy produkcyjne dla niestandardowych cz\u0119\u015bci.\",\"breadcrumb\":{\"@id\":\"https:\/\/xometry.eu\/pl\/gwarancja-i-kontrola-jakosci\/#breadcrumb\"},\"inLanguage\":\"pl-PL\",\"potentialAction\":[{\"@type\":\"ReadAction\",\"target\":[\"https:\/\/xometry.eu\/pl\/gwarancja-i-kontrola-jakosci\/\"]}]},{\"@type\":\"BreadcrumbList\",\"@id\":\"https:\/\/xometry.eu\/pl\/gwarancja-i-kontrola-jakosci\/#breadcrumb\",\"itemListElement\":[{\"@type\":\"ListItem\",\"position\":1,\"name\":\"Home\",\"item\":\"https:\/\/xometry.eu\/pl\/\"},{\"@type\":\"ListItem\",\"position\":2,\"name\":\"Gwarancja i kontrola jako\u015bci\"}]},{\"@type\":\"WebSite\",\"@id\":\"https:\/\/xometry.eu\/pl\/#website\",\"url\":\"https:\/\/xometry.eu\/pl\/\",\"name\":\"Xometry Europe\",\"description\":\"\",\"publisher\":{\"@id\":\"https:\/\/xometry.eu\/pl\/#organization\"},\"potentialAction\":[{\"@type\":\"SearchAction\",\"target\":{\"@type\":\"EntryPoint\",\"urlTemplate\":\"https:\/\/xometry.eu\/pl\/?s={search_term_string}\"},\"query-input\":{\"@type\":\"PropertyValueSpecification\",\"valueRequired\":true,\"valueName\":\"search_term_string\"}}],\"inLanguage\":\"pl-PL\"}]}<\/script>\n<!-- \/ Yoast SEO Premium plugin. -->","yoast_head_json":{"title":"Gwarancja i kontrola jako\u015bci | Xometry Europe","description":"Xometry wykorzystuje rygorystyczne procesy, aby zagwarantowa\u0107 najwy\u017csze standardy produkcyjne dla niestandardowych cz\u0119\u015bci.","robots":{"index":"index","follow":"follow","max-snippet":"max-snippet:-1","max-image-preview":"max-image-preview:large","max-video-preview":"max-video-preview:-1"},"canonical":"https:\/\/xometry.eu\/pl\/gwarancja-i-kontrola-jakosci\/","og_locale":"pl_PL","og_type":"article","og_title":"Gwarancja i kontrola jako\u015bci","og_description":"Xometry wykorzystuje rygorystyczne procesy, aby zagwarantowa\u0107 najwy\u017csze standardy produkcyjne dla niestandardowych cz\u0119\u015bci.","og_url":"https:\/\/xometry.eu\/pl\/gwarancja-i-kontrola-jakosci\/","og_site_name":"Xometry Europe","article_modified_time":"2024-06-27T14:35:15+00:00","twitter_card":"summary_large_image","schema":{"@context":"https:\/\/schema.org","@graph":[{"@type":"WebPage","@id":"https:\/\/xometry.eu\/pl\/gwarancja-i-kontrola-jakosci\/","url":"https:\/\/xometry.eu\/pl\/gwarancja-i-kontrola-jakosci\/","name":"Gwarancja i kontrola jako\u015bci | Xometry Europe","isPartOf":{"@id":"https:\/\/xometry.eu\/pl\/#website"},"datePublished":"2020-09-16T12:04:01+00:00","dateModified":"2024-06-27T14:35:15+00:00","description":"Xometry wykorzystuje rygorystyczne procesy, aby zagwarantowa\u0107 najwy\u017csze standardy produkcyjne dla niestandardowych cz\u0119\u015bci.","breadcrumb":{"@id":"https:\/\/xometry.eu\/pl\/gwarancja-i-kontrola-jakosci\/#breadcrumb"},"inLanguage":"pl-PL","potentialAction":[{"@type":"ReadAction","target":["https:\/\/xometry.eu\/pl\/gwarancja-i-kontrola-jakosci\/"]}]},{"@type":"BreadcrumbList","@id":"https:\/\/xometry.eu\/pl\/gwarancja-i-kontrola-jakosci\/#breadcrumb","itemListElement":[{"@type":"ListItem","position":1,"name":"Home","item":"https:\/\/xometry.eu\/pl\/"},{"@type":"ListItem","position":2,"name":"Gwarancja i kontrola jako\u015bci"}]},{"@type":"WebSite","@id":"https:\/\/xometry.eu\/pl\/#website","url":"https:\/\/xometry.eu\/pl\/","name":"Xometry Europe","description":"","publisher":{"@id":"https:\/\/xometry.eu\/pl\/#organization"},"potentialAction":[{"@type":"SearchAction","target":{"@type":"EntryPoint","urlTemplate":"https:\/\/xometry.eu\/pl\/?s={search_term_string}"},"query-input":{"@type":"PropertyValueSpecification","valueRequired":true,"valueName":"search_term_string"}}],"inLanguage":"pl-PL"}]}},"_links":{"self":[{"href":"https:\/\/xometry.eu\/pl\/wp-json\/wp\/v2\/pages\/67359","targetHints":{"allow":["GET"]}}],"collection":[{"href":"https:\/\/xometry.eu\/pl\/wp-json\/wp\/v2\/pages"}],"about":[{"href":"https:\/\/xometry.eu\/pl\/wp-json\/wp\/v2\/types\/page"}],"author":[{"embeddable":true,"href":"https:\/\/xometry.eu\/pl\/wp-json\/wp\/v2\/users\/2"}],"replies":[{"embeddable":true,"href":"https:\/\/xometry.eu\/pl\/wp-json\/wp\/v2\/comments?post=67359"}],"version-history":[{"count":0,"href":"https:\/\/xometry.eu\/pl\/wp-json\/wp\/v2\/pages\/67359\/revisions"}],"wp:attachment":[{"href":"https:\/\/xometry.eu\/pl\/wp-json\/wp\/v2\/media?parent=67359"}],"curies":[{"name":"wp","href":"https:\/\/api.w.org\/{rel}","templated":true}]}}