{"id":67068,"date":"2022-06-21T08:31:57","date_gmt":"2022-06-21T08:31:57","guid":{"rendered":"https:\/\/xometry.eu\/?page_id=67068"},"modified":"2026-02-02T14:19:29","modified_gmt":"2026-02-02T12:19:29","slug":"drukowania-3d-carbon-dls","status":"publish","type":"page","link":"https:\/\/xometry.eu\/pl\/drukowania-3d-carbon-dls\/","title":{"rendered":"Carbon DLS"},"content":{"rendered":"","protected":false},"excerpt":{"rendered":"","protected":false},"author":10,"featured_media":131640,"parent":0,"menu_order":0,"comment_status":"closed","ping_status":"closed","template":"","meta":{"_acf_changed":false,"inline_featured_image":false,"footnotes":""},"class_list":["post-67068","page","type-page","status-publish","has-post-thumbnail","hentry"],"acf":[],"yoast_head":"<!-- This site is optimized with the Yoast SEO Premium plugin v20.5 (Yoast SEO v27.3) - https:\/\/yoast.com\/product\/yoast-seo-premium-wordpress\/ -->\n<title>Us\u0142ugi drukowania 3D w technologii Carbon DLS online | Xometry Europe<\/title>\n<meta name=\"description\" content=\"Us\u0142ugi druku 3D w technologii Carbon DLS na najwy\u017cszym poziomie: prototypy i serie cz\u0119\u015bci. Prze\u015blij swoje modele 3D.\" \/>\n<meta name=\"robots\" content=\"index, follow, max-snippet:-1, max-image-preview:large, max-video-preview:-1\" \/>\n<link rel=\"canonical\" href=\"https:\/\/xometry.eu\/pl\/drukowania-3d-carbon-dls\/\" \/>\n<meta property=\"og:locale\" content=\"pl_PL\" \/>\n<meta property=\"og:type\" content=\"article\" \/>\n<meta property=\"og:title\" content=\"Carbon DLS\" \/>\n<meta property=\"og:description\" content=\"Us\u0142ugi druku 3D w technologii Carbon DLS na najwy\u017cszym poziomie: prototypy i serie cz\u0119\u015bci. Prze\u015blij swoje modele 3D.\" \/>\n<meta property=\"og:url\" content=\"https:\/\/xometry.eu\/pl\/drukowania-3d-carbon-dls\/\" \/>\n<meta property=\"og:site_name\" content=\"Xometry Europe\" \/>\n<meta property=\"article:modified_time\" content=\"2026-02-02T12:19:29+00:00\" \/>\n<meta property=\"og:image\" content=\"http:\/\/xometry.eu\/wp-content\/uploads\/2023\/02\/EN-Carbon-DLS-service-page-1440x738.jpg\" \/>\n<meta name=\"twitter:card\" content=\"summary_large_image\" \/>\n<meta name=\"twitter:image\" content=\"http:\/\/xometry.eu\/wp-content\/uploads\/2023\/02\/EN-Carbon-DLS-service-page-1440x738.jpg\" \/>\n<script type=\"application\/ld+json\" class=\"yoast-schema-graph\">{\"@context\":\"https:\\\/\\\/schema.org\",\"@graph\":[{\"@type\":\"WebPage\",\"@id\":\"https:\\\/\\\/xometry.eu\\\/pl\\\/drukowania-3d-carbon-dls\\\/\",\"url\":\"https:\\\/\\\/xometry.eu\\\/pl\\\/drukowania-3d-carbon-dls\\\/\",\"name\":\"Us\u0142ugi drukowania 3D w technologii Carbon DLS online | Xometry Europe\",\"isPartOf\":{\"@id\":\"https:\\\/\\\/xometry.eu\\\/pl\\\/#website\"},\"primaryImageOfPage\":{\"@id\":\"https:\\\/\\\/xometry.eu\\\/pl\\\/drukowania-3d-carbon-dls\\\/#primaryimage\"},\"image\":{\"@id\":\"https:\\\/\\\/xometry.eu\\\/pl\\\/drukowania-3d-carbon-dls\\\/#primaryimage\"},\"thumbnailUrl\":\"https:\\\/\\\/xometry.eu\\\/wp-content\\\/uploads\\\/2024\\\/02\\\/PL-Carbon-DSL-service-page.jpg\",\"datePublished\":\"2022-06-21T08:31:57+00:00\",\"dateModified\":\"2026-02-02T12:19:29+00:00\",\"description\":\"Us\u0142ugi druku 3D w technologii Carbon DLS na najwy\u017cszym poziomie: prototypy i serie cz\u0119\u015bci. Prze\u015blij swoje modele 3D.\",\"breadcrumb\":{\"@id\":\"https:\\\/\\\/xometry.eu\\\/pl\\\/drukowania-3d-carbon-dls\\\/#breadcrumb\"},\"inLanguage\":\"pl-PL\",\"potentialAction\":[{\"@type\":\"ReadAction\",\"target\":[\"https:\\\/\\\/xometry.eu\\\/pl\\\/drukowania-3d-carbon-dls\\\/\"]}]},{\"@type\":\"ImageObject\",\"inLanguage\":\"pl-PL\",\"@id\":\"https:\\\/\\\/xometry.eu\\\/pl\\\/drukowania-3d-carbon-dls\\\/#primaryimage\",\"url\":\"https:\\\/\\\/xometry.eu\\\/wp-content\\\/uploads\\\/2024\\\/02\\\/PL-Carbon-DSL-service-page.jpg\",\"contentUrl\":\"https:\\\/\\\/xometry.eu\\\/wp-content\\\/uploads\\\/2024\\\/02\\\/PL-Carbon-DSL-service-page.jpg\",\"width\":2400,\"height\":1230},{\"@type\":\"BreadcrumbList\",\"@id\":\"https:\\\/\\\/xometry.eu\\\/pl\\\/drukowania-3d-carbon-dls\\\/#breadcrumb\",\"itemListElement\":[{\"@type\":\"ListItem\",\"position\":1,\"name\":\"Home\",\"item\":\"https:\\\/\\\/xometry.eu\\\/pl\\\/\"},{\"@type\":\"ListItem\",\"position\":2,\"name\":\"Carbon DLS\"}]},{\"@type\":\"WebSite\",\"@id\":\"https:\\\/\\\/xometry.eu\\\/pl\\\/#website\",\"url\":\"https:\\\/\\\/xometry.eu\\\/pl\\\/\",\"name\":\"Xometry Europe\",\"description\":\"\",\"publisher\":{\"@id\":\"https:\\\/\\\/xometry.eu\\\/pl\\\/#organization\"},\"potentialAction\":[{\"@type\":\"SearchAction\",\"target\":{\"@type\":\"EntryPoint\",\"urlTemplate\":\"https:\\\/\\\/xometry.eu\\\/pl\\\/?s={search_term_string}\"},\"query-input\":{\"@type\":\"PropertyValueSpecification\",\"valueRequired\":true,\"valueName\":\"search_term_string\"}}],\"inLanguage\":\"pl-PL\"}]}<\/script>\n<!-- \/ Yoast SEO Premium plugin. -->","yoast_head_json":{"title":"Us\u0142ugi drukowania 3D w technologii Carbon DLS online | Xometry Europe","description":"Us\u0142ugi druku 3D w technologii Carbon DLS na najwy\u017cszym poziomie: prototypy i serie cz\u0119\u015bci. Prze\u015blij swoje modele 3D.","robots":{"index":"index","follow":"follow","max-snippet":"max-snippet:-1","max-image-preview":"max-image-preview:large","max-video-preview":"max-video-preview:-1"},"canonical":"https:\/\/xometry.eu\/pl\/drukowania-3d-carbon-dls\/","og_locale":"pl_PL","og_type":"article","og_title":"Carbon DLS","og_description":"Us\u0142ugi druku 3D w technologii Carbon DLS na najwy\u017cszym poziomie: prototypy i serie cz\u0119\u015bci. Prze\u015blij swoje modele 3D.","og_url":"https:\/\/xometry.eu\/pl\/drukowania-3d-carbon-dls\/","og_site_name":"Xometry Europe","article_modified_time":"2026-02-02T12:19:29+00:00","og_image":[{"url":"http:\/\/xometry.eu\/wp-content\/uploads\/2023\/02\/EN-Carbon-DLS-service-page-1440x738.jpg","type":"","width":"","height":""}],"twitter_card":"summary_large_image","twitter_image":"http:\/\/xometry.eu\/wp-content\/uploads\/2023\/02\/EN-Carbon-DLS-service-page-1440x738.jpg","schema":{"@context":"https:\/\/schema.org","@graph":[{"@type":"WebPage","@id":"https:\/\/xometry.eu\/pl\/drukowania-3d-carbon-dls\/","url":"https:\/\/xometry.eu\/pl\/drukowania-3d-carbon-dls\/","name":"Us\u0142ugi drukowania 3D w technologii Carbon DLS online | Xometry Europe","isPartOf":{"@id":"https:\/\/xometry.eu\/pl\/#website"},"primaryImageOfPage":{"@id":"https:\/\/xometry.eu\/pl\/drukowania-3d-carbon-dls\/#primaryimage"},"image":{"@id":"https:\/\/xometry.eu\/pl\/drukowania-3d-carbon-dls\/#primaryimage"},"thumbnailUrl":"https:\/\/xometry.eu\/wp-content\/uploads\/2024\/02\/PL-Carbon-DSL-service-page.jpg","datePublished":"2022-06-21T08:31:57+00:00","dateModified":"2026-02-02T12:19:29+00:00","description":"Us\u0142ugi druku 3D w technologii Carbon DLS na najwy\u017cszym poziomie: prototypy i serie cz\u0119\u015bci. Prze\u015blij swoje modele 3D.","breadcrumb":{"@id":"https:\/\/xometry.eu\/pl\/drukowania-3d-carbon-dls\/#breadcrumb"},"inLanguage":"pl-PL","potentialAction":[{"@type":"ReadAction","target":["https:\/\/xometry.eu\/pl\/drukowania-3d-carbon-dls\/"]}]},{"@type":"ImageObject","inLanguage":"pl-PL","@id":"https:\/\/xometry.eu\/pl\/drukowania-3d-carbon-dls\/#primaryimage","url":"https:\/\/xometry.eu\/wp-content\/uploads\/2024\/02\/PL-Carbon-DSL-service-page.jpg","contentUrl":"https:\/\/xometry.eu\/wp-content\/uploads\/2024\/02\/PL-Carbon-DSL-service-page.jpg","width":2400,"height":1230},{"@type":"BreadcrumbList","@id":"https:\/\/xometry.eu\/pl\/drukowania-3d-carbon-dls\/#breadcrumb","itemListElement":[{"@type":"ListItem","position":1,"name":"Home","item":"https:\/\/xometry.eu\/pl\/"},{"@type":"ListItem","position":2,"name":"Carbon DLS"}]},{"@type":"WebSite","@id":"https:\/\/xometry.eu\/pl\/#website","url":"https:\/\/xometry.eu\/pl\/","name":"Xometry Europe","description":"","publisher":{"@id":"https:\/\/xometry.eu\/pl\/#organization"},"potentialAction":[{"@type":"SearchAction","target":{"@type":"EntryPoint","urlTemplate":"https:\/\/xometry.eu\/pl\/?s={search_term_string}"},"query-input":{"@type":"PropertyValueSpecification","valueRequired":true,"valueName":"search_term_string"}}],"inLanguage":"pl-PL"}]}},"_links":{"self":[{"href":"https:\/\/xometry.eu\/pl\/wp-json\/wp\/v2\/pages\/67068","targetHints":{"allow":["GET"]}}],"collection":[{"href":"https:\/\/xometry.eu\/pl\/wp-json\/wp\/v2\/pages"}],"about":[{"href":"https:\/\/xometry.eu\/pl\/wp-json\/wp\/v2\/types\/page"}],"author":[{"embeddable":true,"href":"https:\/\/xometry.eu\/pl\/wp-json\/wp\/v2\/users\/10"}],"replies":[{"embeddable":true,"href":"https:\/\/xometry.eu\/pl\/wp-json\/wp\/v2\/comments?post=67068"}],"version-history":[{"count":0,"href":"https:\/\/xometry.eu\/pl\/wp-json\/wp\/v2\/pages\/67068\/revisions"}],"wp:featuredmedia":[{"embeddable":true,"href":"https:\/\/xometry.eu\/pl\/wp-json\/wp\/v2\/media\/131640"}],"wp:attachment":[{"href":"https:\/\/xometry.eu\/pl\/wp-json\/wp\/v2\/media?parent=67068"}],"curies":[{"name":"wp","href":"https:\/\/api.w.org\/{rel}","templated":true}]}}