{"id":56868,"date":"2022-03-14T16:24:40","date_gmt":"2022-03-14T16:24:40","guid":{"rendered":"https:\/\/xometry.eu\/?page_id=56868"},"modified":"2026-02-05T15:40:54","modified_gmt":"2026-02-05T13:40:54","slug":"ciecie-plazma","status":"publish","type":"page","link":"https:\/\/xometry.eu\/pl\/ciecie-plazma\/","title":{"rendered":"Ci\u0119cie plazm\u0105"},"content":{"rendered":"","protected":false},"excerpt":{"rendered":"","protected":false},"author":10,"featured_media":131495,"parent":0,"menu_order":0,"comment_status":"closed","ping_status":"closed","template":"","meta":{"_acf_changed":false,"inline_featured_image":false,"footnotes":""},"class_list":["post-56868","page","type-page","status-publish","has-post-thumbnail","hentry"],"acf":[],"yoast_head":"<!-- This site is optimized with the Yoast SEO Premium plugin v20.5 (Yoast SEO v27.3) - https:\/\/yoast.com\/product\/yoast-seo-premium-wordpress\/ -->\n<title>Us\u0142uga ci\u0119cia plazm\u0105 | Zam\u00f3w cz\u0119\u015bci online | Xometry Europe<\/title>\n<meta name=\"description\" content=\"\u015awiadczymy us\u0142ugi ci\u0119cia laserem do produkcji zar\u00f3wno cz\u0119\u015bci seryjnych jak i prototyp\u00f3w ze stop\u00f3w aluminium, stali i miedzi.\" \/>\n<meta name=\"robots\" content=\"index, follow, max-snippet:-1, max-image-preview:large, max-video-preview:-1\" \/>\n<link rel=\"canonical\" href=\"https:\/\/xometry.eu\/pl\/ciecie-plazma\/\" \/>\n<meta property=\"og:locale\" content=\"pl_PL\" \/>\n<meta property=\"og:type\" content=\"article\" \/>\n<meta property=\"og:title\" content=\"Ci\u0119cie plazm\u0105\" \/>\n<meta property=\"og:description\" content=\"\u015awiadczymy us\u0142ugi ci\u0119cia laserem do produkcji zar\u00f3wno cz\u0119\u015bci seryjnych jak i prototyp\u00f3w ze stop\u00f3w aluminium, stali i miedzi.\" \/>\n<meta property=\"og:url\" content=\"https:\/\/xometry.eu\/pl\/ciecie-plazma\/\" \/>\n<meta property=\"og:site_name\" content=\"Xometry Europe\" \/>\n<meta property=\"article:modified_time\" content=\"2026-02-05T13:40:54+00:00\" \/>\n<meta property=\"og:image\" content=\"http:\/\/xometry.eu\/wp-content\/uploads\/2023\/02\/EN-Plasma-cutting-service-page-1440x738.jpg\" \/>\n<meta name=\"twitter:card\" content=\"summary_large_image\" \/>\n<meta name=\"twitter:image\" content=\"https:\/\/xometry.de\/wp-content\/uploads\/2020\/08\/plasma-cutting-sheet-metal-services-.jpg\" \/>\n<script type=\"application\/ld+json\" class=\"yoast-schema-graph\">{\"@context\":\"https:\\\/\\\/schema.org\",\"@graph\":[{\"@type\":\"WebPage\",\"@id\":\"https:\\\/\\\/xometry.eu\\\/pl\\\/ciecie-plazma\\\/\",\"url\":\"https:\\\/\\\/xometry.eu\\\/pl\\\/ciecie-plazma\\\/\",\"name\":\"Us\u0142uga ci\u0119cia plazm\u0105 | Zam\u00f3w cz\u0119\u015bci online | Xometry Europe\",\"isPartOf\":{\"@id\":\"https:\\\/\\\/xometry.eu\\\/pl\\\/#website\"},\"primaryImageOfPage\":{\"@id\":\"https:\\\/\\\/xometry.eu\\\/pl\\\/ciecie-plazma\\\/#primaryimage\"},\"image\":{\"@id\":\"https:\\\/\\\/xometry.eu\\\/pl\\\/ciecie-plazma\\\/#primaryimage\"},\"thumbnailUrl\":\"https:\\\/\\\/xometry.eu\\\/wp-content\\\/uploads\\\/2024\\\/02\\\/PL-Plasma-cutting-service-page.jpg\",\"datePublished\":\"2022-03-14T16:24:40+00:00\",\"dateModified\":\"2026-02-05T13:40:54+00:00\",\"description\":\"\u015awiadczymy us\u0142ugi ci\u0119cia laserem do produkcji zar\u00f3wno cz\u0119\u015bci seryjnych jak i prototyp\u00f3w ze stop\u00f3w aluminium, stali i miedzi.\",\"breadcrumb\":{\"@id\":\"https:\\\/\\\/xometry.eu\\\/pl\\\/ciecie-plazma\\\/#breadcrumb\"},\"inLanguage\":\"pl-PL\",\"potentialAction\":[{\"@type\":\"ReadAction\",\"target\":[\"https:\\\/\\\/xometry.eu\\\/pl\\\/ciecie-plazma\\\/\"]}]},{\"@type\":\"ImageObject\",\"inLanguage\":\"pl-PL\",\"@id\":\"https:\\\/\\\/xometry.eu\\\/pl\\\/ciecie-plazma\\\/#primaryimage\",\"url\":\"https:\\\/\\\/xometry.eu\\\/wp-content\\\/uploads\\\/2024\\\/02\\\/PL-Plasma-cutting-service-page.jpg\",\"contentUrl\":\"https:\\\/\\\/xometry.eu\\\/wp-content\\\/uploads\\\/2024\\\/02\\\/PL-Plasma-cutting-service-page.jpg\",\"width\":2400,\"height\":1230},{\"@type\":\"BreadcrumbList\",\"@id\":\"https:\\\/\\\/xometry.eu\\\/pl\\\/ciecie-plazma\\\/#breadcrumb\",\"itemListElement\":[{\"@type\":\"ListItem\",\"position\":1,\"name\":\"Home\",\"item\":\"https:\\\/\\\/xometry.eu\\\/pl\\\/\"},{\"@type\":\"ListItem\",\"position\":2,\"name\":\"Ci\u0119cie plazm\u0105\"}]},{\"@type\":\"WebSite\",\"@id\":\"https:\\\/\\\/xometry.eu\\\/pl\\\/#website\",\"url\":\"https:\\\/\\\/xometry.eu\\\/pl\\\/\",\"name\":\"Xometry Europe\",\"description\":\"\",\"publisher\":{\"@id\":\"https:\\\/\\\/xometry.eu\\\/pl\\\/#organization\"},\"potentialAction\":[{\"@type\":\"SearchAction\",\"target\":{\"@type\":\"EntryPoint\",\"urlTemplate\":\"https:\\\/\\\/xometry.eu\\\/pl\\\/?s={search_term_string}\"},\"query-input\":{\"@type\":\"PropertyValueSpecification\",\"valueRequired\":true,\"valueName\":\"search_term_string\"}}],\"inLanguage\":\"pl-PL\"}]}<\/script>\n<!-- \/ Yoast SEO Premium plugin. -->","yoast_head_json":{"title":"Us\u0142uga ci\u0119cia plazm\u0105 | Zam\u00f3w cz\u0119\u015bci online | Xometry Europe","description":"\u015awiadczymy us\u0142ugi ci\u0119cia laserem do produkcji zar\u00f3wno cz\u0119\u015bci seryjnych jak i prototyp\u00f3w ze stop\u00f3w aluminium, stali i miedzi.","robots":{"index":"index","follow":"follow","max-snippet":"max-snippet:-1","max-image-preview":"max-image-preview:large","max-video-preview":"max-video-preview:-1"},"canonical":"https:\/\/xometry.eu\/pl\/ciecie-plazma\/","og_locale":"pl_PL","og_type":"article","og_title":"Ci\u0119cie plazm\u0105","og_description":"\u015awiadczymy us\u0142ugi ci\u0119cia laserem do produkcji zar\u00f3wno cz\u0119\u015bci seryjnych jak i prototyp\u00f3w ze stop\u00f3w aluminium, stali i miedzi.","og_url":"https:\/\/xometry.eu\/pl\/ciecie-plazma\/","og_site_name":"Xometry Europe","article_modified_time":"2026-02-05T13:40:54+00:00","og_image":[{"url":"http:\/\/xometry.eu\/wp-content\/uploads\/2023\/02\/EN-Plasma-cutting-service-page-1440x738.jpg","type":"","width":"","height":""}],"twitter_card":"summary_large_image","twitter_image":"https:\/\/xometry.de\/wp-content\/uploads\/2020\/08\/plasma-cutting-sheet-metal-services-.jpg","schema":{"@context":"https:\/\/schema.org","@graph":[{"@type":"WebPage","@id":"https:\/\/xometry.eu\/pl\/ciecie-plazma\/","url":"https:\/\/xometry.eu\/pl\/ciecie-plazma\/","name":"Us\u0142uga ci\u0119cia plazm\u0105 | Zam\u00f3w cz\u0119\u015bci online | Xometry Europe","isPartOf":{"@id":"https:\/\/xometry.eu\/pl\/#website"},"primaryImageOfPage":{"@id":"https:\/\/xometry.eu\/pl\/ciecie-plazma\/#primaryimage"},"image":{"@id":"https:\/\/xometry.eu\/pl\/ciecie-plazma\/#primaryimage"},"thumbnailUrl":"https:\/\/xometry.eu\/wp-content\/uploads\/2024\/02\/PL-Plasma-cutting-service-page.jpg","datePublished":"2022-03-14T16:24:40+00:00","dateModified":"2026-02-05T13:40:54+00:00","description":"\u015awiadczymy us\u0142ugi ci\u0119cia laserem do produkcji zar\u00f3wno cz\u0119\u015bci seryjnych jak i prototyp\u00f3w ze stop\u00f3w aluminium, stali i miedzi.","breadcrumb":{"@id":"https:\/\/xometry.eu\/pl\/ciecie-plazma\/#breadcrumb"},"inLanguage":"pl-PL","potentialAction":[{"@type":"ReadAction","target":["https:\/\/xometry.eu\/pl\/ciecie-plazma\/"]}]},{"@type":"ImageObject","inLanguage":"pl-PL","@id":"https:\/\/xometry.eu\/pl\/ciecie-plazma\/#primaryimage","url":"https:\/\/xometry.eu\/wp-content\/uploads\/2024\/02\/PL-Plasma-cutting-service-page.jpg","contentUrl":"https:\/\/xometry.eu\/wp-content\/uploads\/2024\/02\/PL-Plasma-cutting-service-page.jpg","width":2400,"height":1230},{"@type":"BreadcrumbList","@id":"https:\/\/xometry.eu\/pl\/ciecie-plazma\/#breadcrumb","itemListElement":[{"@type":"ListItem","position":1,"name":"Home","item":"https:\/\/xometry.eu\/pl\/"},{"@type":"ListItem","position":2,"name":"Ci\u0119cie plazm\u0105"}]},{"@type":"WebSite","@id":"https:\/\/xometry.eu\/pl\/#website","url":"https:\/\/xometry.eu\/pl\/","name":"Xometry Europe","description":"","publisher":{"@id":"https:\/\/xometry.eu\/pl\/#organization"},"potentialAction":[{"@type":"SearchAction","target":{"@type":"EntryPoint","urlTemplate":"https:\/\/xometry.eu\/pl\/?s={search_term_string}"},"query-input":{"@type":"PropertyValueSpecification","valueRequired":true,"valueName":"search_term_string"}}],"inLanguage":"pl-PL"}]}},"_links":{"self":[{"href":"https:\/\/xometry.eu\/pl\/wp-json\/wp\/v2\/pages\/56868","targetHints":{"allow":["GET"]}}],"collection":[{"href":"https:\/\/xometry.eu\/pl\/wp-json\/wp\/v2\/pages"}],"about":[{"href":"https:\/\/xometry.eu\/pl\/wp-json\/wp\/v2\/types\/page"}],"author":[{"embeddable":true,"href":"https:\/\/xometry.eu\/pl\/wp-json\/wp\/v2\/users\/10"}],"replies":[{"embeddable":true,"href":"https:\/\/xometry.eu\/pl\/wp-json\/wp\/v2\/comments?post=56868"}],"version-history":[{"count":0,"href":"https:\/\/xometry.eu\/pl\/wp-json\/wp\/v2\/pages\/56868\/revisions"}],"wp:featuredmedia":[{"embeddable":true,"href":"https:\/\/xometry.eu\/pl\/wp-json\/wp\/v2\/media\/131495"}],"wp:attachment":[{"href":"https:\/\/xometry.eu\/pl\/wp-json\/wp\/v2\/media?parent=56868"}],"curies":[{"name":"wp","href":"https:\/\/api.w.org\/{rel}","templated":true}]}}