{"id":56838,"date":"2022-03-11T15:57:08","date_gmt":"2022-03-11T15:57:08","guid":{"rendered":"https:\/\/xometry.eu\/?page_id=56838"},"modified":"2026-02-04T11:20:14","modified_gmt":"2026-02-04T09:20:14","slug":"iecie-laserem","status":"publish","type":"page","link":"https:\/\/xometry.eu\/pl\/iecie-laserem\/","title":{"rendered":"Ci\u0119cie laserem"},"content":{"rendered":"","protected":false},"excerpt":{"rendered":"","protected":false},"author":10,"featured_media":131473,"parent":0,"menu_order":0,"comment_status":"closed","ping_status":"closed","template":"","meta":{"_acf_changed":false,"inline_featured_image":false,"footnotes":""},"class_list":["post-56838","page","type-page","status-publish","has-post-thumbnail","hentry"],"acf":[],"yoast_head":"<!-- This site is optimized with the Yoast SEO Premium plugin v20.5 (Yoast SEO v27.3) - https:\/\/yoast.com\/product\/yoast-seo-premium-wordpress\/ -->\n<title>Us\u0142uga ci\u0119cia laserowego | Zam\u00f3w cz\u0119\u015bci online | Xometry Europe<\/title>\n<meta name=\"description\" content=\"\u015awiadczymy us\u0142ugi ci\u0119cia laserem do produkcji zar\u00f3wno cz\u0119\u015bci seryjnych jak i prototyp\u00f3w ze stop\u00f3w aluminium, stali i miedzi.\" \/>\n<meta name=\"robots\" content=\"index, follow, max-snippet:-1, max-image-preview:large, max-video-preview:-1\" \/>\n<link rel=\"canonical\" href=\"https:\/\/xometry.eu\/pl\/iecie-laserem\/\" \/>\n<meta property=\"og:locale\" content=\"pl_PL\" \/>\n<meta property=\"og:type\" content=\"article\" \/>\n<meta property=\"og:title\" content=\"Ci\u0119cie laserem\" \/>\n<meta property=\"og:description\" content=\"\u015awiadczymy us\u0142ugi ci\u0119cia laserem do produkcji zar\u00f3wno cz\u0119\u015bci seryjnych jak i prototyp\u00f3w ze stop\u00f3w aluminium, stali i miedzi.\" \/>\n<meta property=\"og:url\" content=\"https:\/\/xometry.eu\/pl\/iecie-laserem\/\" \/>\n<meta property=\"og:site_name\" content=\"Xometry Europe\" \/>\n<meta property=\"article:modified_time\" content=\"2026-02-04T09:20:14+00:00\" \/>\n<meta property=\"og:image\" content=\"http:\/\/xometry.eu\/wp-content\/uploads\/2023\/02\/EN-Laser-cutting-service-page-1440x738.jpg\" \/>\n<meta name=\"twitter:card\" content=\"summary_large_image\" \/>\n<meta name=\"twitter:image\" content=\"https:\/\/xometry.de\/wp-content\/uploads\/2020\/08\/laser-cutting-sheet-metal-services.jpg\" \/>\n<script type=\"application\/ld+json\" class=\"yoast-schema-graph\">{\"@context\":\"https:\\\/\\\/schema.org\",\"@graph\":[{\"@type\":\"WebPage\",\"@id\":\"https:\\\/\\\/xometry.eu\\\/pl\\\/iecie-laserem\\\/\",\"url\":\"https:\\\/\\\/xometry.eu\\\/pl\\\/iecie-laserem\\\/\",\"name\":\"Us\u0142uga ci\u0119cia laserowego | Zam\u00f3w cz\u0119\u015bci online | Xometry Europe\",\"isPartOf\":{\"@id\":\"https:\\\/\\\/xometry.eu\\\/pl\\\/#website\"},\"primaryImageOfPage\":{\"@id\":\"https:\\\/\\\/xometry.eu\\\/pl\\\/iecie-laserem\\\/#primaryimage\"},\"image\":{\"@id\":\"https:\\\/\\\/xometry.eu\\\/pl\\\/iecie-laserem\\\/#primaryimage\"},\"thumbnailUrl\":\"https:\\\/\\\/xometry.eu\\\/wp-content\\\/uploads\\\/2024\\\/02\\\/PL-Laser-cutting-service-page.jpg\",\"datePublished\":\"2022-03-11T15:57:08+00:00\",\"dateModified\":\"2026-02-04T09:20:14+00:00\",\"description\":\"\u015awiadczymy us\u0142ugi ci\u0119cia laserem do produkcji zar\u00f3wno cz\u0119\u015bci seryjnych jak i prototyp\u00f3w ze stop\u00f3w aluminium, stali i miedzi.\",\"breadcrumb\":{\"@id\":\"https:\\\/\\\/xometry.eu\\\/pl\\\/iecie-laserem\\\/#breadcrumb\"},\"inLanguage\":\"pl-PL\",\"potentialAction\":[{\"@type\":\"ReadAction\",\"target\":[\"https:\\\/\\\/xometry.eu\\\/pl\\\/iecie-laserem\\\/\"]}]},{\"@type\":\"ImageObject\",\"inLanguage\":\"pl-PL\",\"@id\":\"https:\\\/\\\/xometry.eu\\\/pl\\\/iecie-laserem\\\/#primaryimage\",\"url\":\"https:\\\/\\\/xometry.eu\\\/wp-content\\\/uploads\\\/2024\\\/02\\\/PL-Laser-cutting-service-page.jpg\",\"contentUrl\":\"https:\\\/\\\/xometry.eu\\\/wp-content\\\/uploads\\\/2024\\\/02\\\/PL-Laser-cutting-service-page.jpg\",\"width\":2400,\"height\":1230},{\"@type\":\"BreadcrumbList\",\"@id\":\"https:\\\/\\\/xometry.eu\\\/pl\\\/iecie-laserem\\\/#breadcrumb\",\"itemListElement\":[{\"@type\":\"ListItem\",\"position\":1,\"name\":\"Home\",\"item\":\"https:\\\/\\\/xometry.eu\\\/pl\\\/\"},{\"@type\":\"ListItem\",\"position\":2,\"name\":\"Ci\u0119cie laserem\"}]},{\"@type\":\"WebSite\",\"@id\":\"https:\\\/\\\/xometry.eu\\\/pl\\\/#website\",\"url\":\"https:\\\/\\\/xometry.eu\\\/pl\\\/\",\"name\":\"Xometry Europe\",\"description\":\"\",\"publisher\":{\"@id\":\"https:\\\/\\\/xometry.eu\\\/pl\\\/#organization\"},\"potentialAction\":[{\"@type\":\"SearchAction\",\"target\":{\"@type\":\"EntryPoint\",\"urlTemplate\":\"https:\\\/\\\/xometry.eu\\\/pl\\\/?s={search_term_string}\"},\"query-input\":{\"@type\":\"PropertyValueSpecification\",\"valueRequired\":true,\"valueName\":\"search_term_string\"}}],\"inLanguage\":\"pl-PL\"}]}<\/script>\n<!-- \/ Yoast SEO Premium plugin. -->","yoast_head_json":{"title":"Us\u0142uga ci\u0119cia laserowego | Zam\u00f3w cz\u0119\u015bci online | Xometry Europe","description":"\u015awiadczymy us\u0142ugi ci\u0119cia laserem do produkcji zar\u00f3wno cz\u0119\u015bci seryjnych jak i prototyp\u00f3w ze stop\u00f3w aluminium, stali i miedzi.","robots":{"index":"index","follow":"follow","max-snippet":"max-snippet:-1","max-image-preview":"max-image-preview:large","max-video-preview":"max-video-preview:-1"},"canonical":"https:\/\/xometry.eu\/pl\/iecie-laserem\/","og_locale":"pl_PL","og_type":"article","og_title":"Ci\u0119cie laserem","og_description":"\u015awiadczymy us\u0142ugi ci\u0119cia laserem do produkcji zar\u00f3wno cz\u0119\u015bci seryjnych jak i prototyp\u00f3w ze stop\u00f3w aluminium, stali i miedzi.","og_url":"https:\/\/xometry.eu\/pl\/iecie-laserem\/","og_site_name":"Xometry Europe","article_modified_time":"2026-02-04T09:20:14+00:00","og_image":[{"url":"http:\/\/xometry.eu\/wp-content\/uploads\/2023\/02\/EN-Laser-cutting-service-page-1440x738.jpg","type":"","width":"","height":""}],"twitter_card":"summary_large_image","twitter_image":"https:\/\/xometry.de\/wp-content\/uploads\/2020\/08\/laser-cutting-sheet-metal-services.jpg","schema":{"@context":"https:\/\/schema.org","@graph":[{"@type":"WebPage","@id":"https:\/\/xometry.eu\/pl\/iecie-laserem\/","url":"https:\/\/xometry.eu\/pl\/iecie-laserem\/","name":"Us\u0142uga ci\u0119cia laserowego | Zam\u00f3w cz\u0119\u015bci online | Xometry Europe","isPartOf":{"@id":"https:\/\/xometry.eu\/pl\/#website"},"primaryImageOfPage":{"@id":"https:\/\/xometry.eu\/pl\/iecie-laserem\/#primaryimage"},"image":{"@id":"https:\/\/xometry.eu\/pl\/iecie-laserem\/#primaryimage"},"thumbnailUrl":"https:\/\/xometry.eu\/wp-content\/uploads\/2024\/02\/PL-Laser-cutting-service-page.jpg","datePublished":"2022-03-11T15:57:08+00:00","dateModified":"2026-02-04T09:20:14+00:00","description":"\u015awiadczymy us\u0142ugi ci\u0119cia laserem do produkcji zar\u00f3wno cz\u0119\u015bci seryjnych jak i prototyp\u00f3w ze stop\u00f3w aluminium, stali i miedzi.","breadcrumb":{"@id":"https:\/\/xometry.eu\/pl\/iecie-laserem\/#breadcrumb"},"inLanguage":"pl-PL","potentialAction":[{"@type":"ReadAction","target":["https:\/\/xometry.eu\/pl\/iecie-laserem\/"]}]},{"@type":"ImageObject","inLanguage":"pl-PL","@id":"https:\/\/xometry.eu\/pl\/iecie-laserem\/#primaryimage","url":"https:\/\/xometry.eu\/wp-content\/uploads\/2024\/02\/PL-Laser-cutting-service-page.jpg","contentUrl":"https:\/\/xometry.eu\/wp-content\/uploads\/2024\/02\/PL-Laser-cutting-service-page.jpg","width":2400,"height":1230},{"@type":"BreadcrumbList","@id":"https:\/\/xometry.eu\/pl\/iecie-laserem\/#breadcrumb","itemListElement":[{"@type":"ListItem","position":1,"name":"Home","item":"https:\/\/xometry.eu\/pl\/"},{"@type":"ListItem","position":2,"name":"Ci\u0119cie laserem"}]},{"@type":"WebSite","@id":"https:\/\/xometry.eu\/pl\/#website","url":"https:\/\/xometry.eu\/pl\/","name":"Xometry Europe","description":"","publisher":{"@id":"https:\/\/xometry.eu\/pl\/#organization"},"potentialAction":[{"@type":"SearchAction","target":{"@type":"EntryPoint","urlTemplate":"https:\/\/xometry.eu\/pl\/?s={search_term_string}"},"query-input":{"@type":"PropertyValueSpecification","valueRequired":true,"valueName":"search_term_string"}}],"inLanguage":"pl-PL"}]}},"_links":{"self":[{"href":"https:\/\/xometry.eu\/pl\/wp-json\/wp\/v2\/pages\/56838","targetHints":{"allow":["GET"]}}],"collection":[{"href":"https:\/\/xometry.eu\/pl\/wp-json\/wp\/v2\/pages"}],"about":[{"href":"https:\/\/xometry.eu\/pl\/wp-json\/wp\/v2\/types\/page"}],"author":[{"embeddable":true,"href":"https:\/\/xometry.eu\/pl\/wp-json\/wp\/v2\/users\/10"}],"replies":[{"embeddable":true,"href":"https:\/\/xometry.eu\/pl\/wp-json\/wp\/v2\/comments?post=56838"}],"version-history":[{"count":0,"href":"https:\/\/xometry.eu\/pl\/wp-json\/wp\/v2\/pages\/56838\/revisions"}],"wp:featuredmedia":[{"embeddable":true,"href":"https:\/\/xometry.eu\/pl\/wp-json\/wp\/v2\/media\/131473"}],"wp:attachment":[{"href":"https:\/\/xometry.eu\/pl\/wp-json\/wp\/v2\/media?parent=56838"}],"curies":[{"name":"wp","href":"https:\/\/api.w.org\/{rel}","templated":true}]}}