{"id":56808,"date":"2022-03-11T15:40:27","date_gmt":"2022-03-11T15:40:27","guid":{"rendered":"https:\/\/xometry.eu\/?page_id=56808"},"modified":"2026-02-18T10:55:05","modified_gmt":"2026-02-18T08:55:05","slug":"blacha","status":"publish","type":"page","link":"https:\/\/xometry.eu\/pl\/blacha\/","title":{"rendered":"Blacha"},"content":{"rendered":"","protected":false},"excerpt":{"rendered":"","protected":false},"author":10,"featured_media":131443,"parent":0,"menu_order":0,"comment_status":"closed","ping_status":"closed","template":"","meta":{"_acf_changed":false,"inline_featured_image":false,"footnotes":""},"class_list":["post-56808","page","type-page","status-publish","has-post-thumbnail","hentry"],"acf":[],"yoast_head":"<!-- This site is optimized with the Yoast SEO Premium plugin v20.5 (Yoast SEO v27.1.1) - https:\/\/yoast.com\/product\/yoast-seo-premium-wordpress\/ -->\n<title>Us\u0142uga produkcji cz\u0119\u015bci z blachy | Zam\u00f3w cz\u0119\u015bci online | Xometry Europe<\/title>\n<meta name=\"description\" content=\"\u015awiadczymy us\u0142ugi obr\u00f3bki blachy do produkcji zar\u00f3wno cz\u0119\u015bci seryjnych jak i prototyp\u00f3w z aluminium, stali oraz miedzi.\" \/>\n<meta name=\"robots\" content=\"index, follow, max-snippet:-1, max-image-preview:large, max-video-preview:-1\" \/>\n<link rel=\"canonical\" href=\"https:\/\/xometry.eu\/pl\/blacha\/\" \/>\n<meta property=\"og:locale\" content=\"pl_PL\" \/>\n<meta property=\"og:type\" content=\"article\" \/>\n<meta property=\"og:title\" content=\"Blacha\" \/>\n<meta property=\"og:description\" content=\"\u015awiadczymy us\u0142ugi obr\u00f3bki blachy do produkcji zar\u00f3wno cz\u0119\u015bci seryjnych jak i prototyp\u00f3w z aluminium, stali oraz miedzi.\" \/>\n<meta property=\"og:url\" content=\"https:\/\/xometry.eu\/pl\/blacha\/\" \/>\n<meta property=\"og:site_name\" content=\"Xometry Europe\" \/>\n<meta property=\"article:modified_time\" content=\"2026-02-18T08:55:05+00:00\" \/>\n<meta property=\"og:image\" content=\"http:\/\/xometry.eu\/wp-content\/uploads\/2023\/02\/EN-Sheet-metal-fabrication-service-page-1440x737.jpg\" \/>\n<meta name=\"twitter:card\" content=\"summary_large_image\" \/>\n<meta name=\"twitter:image\" content=\"http:\/\/xometry.eu\/wp-content\/uploads\/2023\/02\/EN-Sheet-metal-fabrication-service-page-1440x737.jpg\" \/>\n<script type=\"application\/ld+json\" class=\"yoast-schema-graph\">{\"@context\":\"https:\/\/schema.org\",\"@graph\":[{\"@type\":\"WebPage\",\"@id\":\"https:\/\/xometry.eu\/pl\/blacha\/\",\"url\":\"https:\/\/xometry.eu\/pl\/blacha\/\",\"name\":\"Us\u0142uga produkcji cz\u0119\u015bci z blachy | Zam\u00f3w cz\u0119\u015bci online | Xometry Europe\",\"isPartOf\":{\"@id\":\"https:\/\/xometry.eu\/pl\/#website\"},\"primaryImageOfPage\":{\"@id\":\"https:\/\/xometry.eu\/pl\/blacha\/#primaryimage\"},\"image\":{\"@id\":\"https:\/\/xometry.eu\/pl\/blacha\/#primaryimage\"},\"thumbnailUrl\":\"https:\/\/xometry.eu\/wp-content\/uploads\/2024\/02\/PL-Sheet-metal-fabrication-service-page.jpg\",\"datePublished\":\"2022-03-11T15:40:27+00:00\",\"dateModified\":\"2026-02-18T08:55:05+00:00\",\"description\":\"\u015awiadczymy us\u0142ugi obr\u00f3bki blachy do produkcji zar\u00f3wno cz\u0119\u015bci seryjnych jak i prototyp\u00f3w z aluminium, stali oraz miedzi.\",\"breadcrumb\":{\"@id\":\"https:\/\/xometry.eu\/pl\/blacha\/#breadcrumb\"},\"inLanguage\":\"pl-PL\",\"potentialAction\":[{\"@type\":\"ReadAction\",\"target\":[\"https:\/\/xometry.eu\/pl\/blacha\/\"]}]},{\"@type\":\"ImageObject\",\"inLanguage\":\"pl-PL\",\"@id\":\"https:\/\/xometry.eu\/pl\/blacha\/#primaryimage\",\"url\":\"https:\/\/xometry.eu\/wp-content\/uploads\/2024\/02\/PL-Sheet-metal-fabrication-service-page.jpg\",\"contentUrl\":\"https:\/\/xometry.eu\/wp-content\/uploads\/2024\/02\/PL-Sheet-metal-fabrication-service-page.jpg\",\"width\":2400,\"height\":1229},{\"@type\":\"BreadcrumbList\",\"@id\":\"https:\/\/xometry.eu\/pl\/blacha\/#breadcrumb\",\"itemListElement\":[{\"@type\":\"ListItem\",\"position\":1,\"name\":\"Home\",\"item\":\"https:\/\/xometry.eu\/pl\/\"},{\"@type\":\"ListItem\",\"position\":2,\"name\":\"Blacha\"}]},{\"@type\":\"WebSite\",\"@id\":\"https:\/\/xometry.eu\/pl\/#website\",\"url\":\"https:\/\/xometry.eu\/pl\/\",\"name\":\"Xometry Europe\",\"description\":\"\",\"publisher\":{\"@id\":\"https:\/\/xometry.eu\/pl\/#organization\"},\"potentialAction\":[{\"@type\":\"SearchAction\",\"target\":{\"@type\":\"EntryPoint\",\"urlTemplate\":\"https:\/\/xometry.eu\/pl\/?s={search_term_string}\"},\"query-input\":{\"@type\":\"PropertyValueSpecification\",\"valueRequired\":true,\"valueName\":\"search_term_string\"}}],\"inLanguage\":\"pl-PL\"}]}<\/script>\n<!-- \/ Yoast SEO Premium plugin. -->","yoast_head_json":{"title":"Us\u0142uga produkcji cz\u0119\u015bci z blachy | Zam\u00f3w cz\u0119\u015bci online | Xometry Europe","description":"\u015awiadczymy us\u0142ugi obr\u00f3bki blachy do produkcji zar\u00f3wno cz\u0119\u015bci seryjnych jak i prototyp\u00f3w z aluminium, stali oraz miedzi.","robots":{"index":"index","follow":"follow","max-snippet":"max-snippet:-1","max-image-preview":"max-image-preview:large","max-video-preview":"max-video-preview:-1"},"canonical":"https:\/\/xometry.eu\/pl\/blacha\/","og_locale":"pl_PL","og_type":"article","og_title":"Blacha","og_description":"\u015awiadczymy us\u0142ugi obr\u00f3bki blachy do produkcji zar\u00f3wno cz\u0119\u015bci seryjnych jak i prototyp\u00f3w z aluminium, stali oraz miedzi.","og_url":"https:\/\/xometry.eu\/pl\/blacha\/","og_site_name":"Xometry Europe","article_modified_time":"2026-02-18T08:55:05+00:00","og_image":[{"url":"http:\/\/xometry.eu\/wp-content\/uploads\/2023\/02\/EN-Sheet-metal-fabrication-service-page-1440x737.jpg","type":"","width":"","height":""}],"twitter_card":"summary_large_image","twitter_image":"http:\/\/xometry.eu\/wp-content\/uploads\/2023\/02\/EN-Sheet-metal-fabrication-service-page-1440x737.jpg","schema":{"@context":"https:\/\/schema.org","@graph":[{"@type":"WebPage","@id":"https:\/\/xometry.eu\/pl\/blacha\/","url":"https:\/\/xometry.eu\/pl\/blacha\/","name":"Us\u0142uga produkcji cz\u0119\u015bci z blachy | Zam\u00f3w cz\u0119\u015bci online | Xometry Europe","isPartOf":{"@id":"https:\/\/xometry.eu\/pl\/#website"},"primaryImageOfPage":{"@id":"https:\/\/xometry.eu\/pl\/blacha\/#primaryimage"},"image":{"@id":"https:\/\/xometry.eu\/pl\/blacha\/#primaryimage"},"thumbnailUrl":"https:\/\/xometry.eu\/wp-content\/uploads\/2024\/02\/PL-Sheet-metal-fabrication-service-page.jpg","datePublished":"2022-03-11T15:40:27+00:00","dateModified":"2026-02-18T08:55:05+00:00","description":"\u015awiadczymy us\u0142ugi obr\u00f3bki blachy do produkcji zar\u00f3wno cz\u0119\u015bci seryjnych jak i prototyp\u00f3w z aluminium, stali oraz miedzi.","breadcrumb":{"@id":"https:\/\/xometry.eu\/pl\/blacha\/#breadcrumb"},"inLanguage":"pl-PL","potentialAction":[{"@type":"ReadAction","target":["https:\/\/xometry.eu\/pl\/blacha\/"]}]},{"@type":"ImageObject","inLanguage":"pl-PL","@id":"https:\/\/xometry.eu\/pl\/blacha\/#primaryimage","url":"https:\/\/xometry.eu\/wp-content\/uploads\/2024\/02\/PL-Sheet-metal-fabrication-service-page.jpg","contentUrl":"https:\/\/xometry.eu\/wp-content\/uploads\/2024\/02\/PL-Sheet-metal-fabrication-service-page.jpg","width":2400,"height":1229},{"@type":"BreadcrumbList","@id":"https:\/\/xometry.eu\/pl\/blacha\/#breadcrumb","itemListElement":[{"@type":"ListItem","position":1,"name":"Home","item":"https:\/\/xometry.eu\/pl\/"},{"@type":"ListItem","position":2,"name":"Blacha"}]},{"@type":"WebSite","@id":"https:\/\/xometry.eu\/pl\/#website","url":"https:\/\/xometry.eu\/pl\/","name":"Xometry Europe","description":"","publisher":{"@id":"https:\/\/xometry.eu\/pl\/#organization"},"potentialAction":[{"@type":"SearchAction","target":{"@type":"EntryPoint","urlTemplate":"https:\/\/xometry.eu\/pl\/?s={search_term_string}"},"query-input":{"@type":"PropertyValueSpecification","valueRequired":true,"valueName":"search_term_string"}}],"inLanguage":"pl-PL"}]}},"_links":{"self":[{"href":"https:\/\/xometry.eu\/pl\/wp-json\/wp\/v2\/pages\/56808","targetHints":{"allow":["GET"]}}],"collection":[{"href":"https:\/\/xometry.eu\/pl\/wp-json\/wp\/v2\/pages"}],"about":[{"href":"https:\/\/xometry.eu\/pl\/wp-json\/wp\/v2\/types\/page"}],"author":[{"embeddable":true,"href":"https:\/\/xometry.eu\/pl\/wp-json\/wp\/v2\/users\/10"}],"replies":[{"embeddable":true,"href":"https:\/\/xometry.eu\/pl\/wp-json\/wp\/v2\/comments?post=56808"}],"version-history":[{"count":5,"href":"https:\/\/xometry.eu\/pl\/wp-json\/wp\/v2\/pages\/56808\/revisions"}],"predecessor-version":[{"id":170235,"href":"https:\/\/xometry.eu\/pl\/wp-json\/wp\/v2\/pages\/56808\/revisions\/170235"}],"wp:featuredmedia":[{"embeddable":true,"href":"https:\/\/xometry.eu\/pl\/wp-json\/wp\/v2\/media\/131443"}],"wp:attachment":[{"href":"https:\/\/xometry.eu\/pl\/wp-json\/wp\/v2\/media?parent=56808"}],"curies":[{"name":"wp","href":"https:\/\/api.w.org\/{rel}","templated":true}]}}