{"id":158445,"date":"2025-06-11T09:17:39","date_gmt":"2025-06-11T07:17:39","guid":{"rendered":"https:\/\/xometry.eu\/sponsorship-request\/"},"modified":"2026-02-24T21:41:35","modified_gmt":"2026-02-24T19:41:35","slug":"sponsorowanie-projektow-studentow","status":"publish","type":"page","link":"https:\/\/xometry.eu\/pl\/sponsorowanie-projektow-studentow\/","title":{"rendered":"Sponsorowanie i wsparcie dla student\u00f3w"},"content":{"rendered":"<section class=\"hero  light light-to-dark-gradient printing-3d-page\" >\r\n        <img decoding=\"async\" src=\"https:\/\/xometry.eu\/wp-content\/uploads\/2025\/06\/3D-design-of-the-nanosatellite-with-an-integrated-laboratory-982x1024-1.webp\" alt=\"Wspieranie przysz\u0142ych in\u017cynier\u00f3w poprzez sponsorowanie projekt\u00f3w\" class=\"hero__left-image\" \/>\r\n            <img decoding=\"async\" src=\"https:\/\/xometry.eu\/wp-content\/uploads\/2025\/06\/oxford-brookes-racing-car.png\" alt=\"Wspieranie przysz\u0142ych in\u017cynier\u00f3w poprzez sponsorowanie projekt\u00f3w\" class=\"hero__right-image\" \/>\r\n        <div class=\"hero__container section container\" style=\"padding-bottom: 0px;\">\r\n        <div class=\"hero__title-wrapper\">\r\n            <h1 class=\"title title--01\">Wspieranie przysz\u0142ych in\u017cynier\u00f3w poprzez sponsorowanie projekt\u00f3w<\/h1>\r\n            <div><p><span style=\"font-weight: 400;\">Jeste\u015bcie zespo\u0142em studenckim lub uczestniczycie w niekomercyjnym projekcie z zakresu in\u017cynierii, robotyki lub rozwoju produkt\u00f3w? Czy jeste\u015bcie zlokalizowani w Europie? Zawsze ch\u0119tnie wspieramy odwa\u017cne, nowatorskie pomys\u0142y.<\/span><\/p>\n<\/div>\r\n                    <\/div>\r\n        <div class=\"hero__cards-list\">\r\n                    <\/div>\r\n            <\/div>\r\n<\/section>\n\n <section class=\"advantages light dark-to-light-gradient\">\r\n    <div class=\"advantages__container section container\">\r\n        <h2 class=\"title title--02\">\r\n            Co mo\u017cemy zaoferowa\u0107        <\/h2>\r\n        <div class=\"advantages__list\">\r\n                                <div class=\"advantages__item card\">\r\n                        <img decoding=\"async\" class=\"advantages__item-image\" src=\"https:\/\/xometry.eu\/wp-content\/uploads\/2025\/05\/discount.svg\" alt=\"Zni\u017cki na produkcj\u0119\"\r\n                        \/>\r\n                        <h4 class=\"title title--04\">Zni\u017cki na produkcj\u0119<\/h4>\r\n                        <div>\r\n                            <p><span style=\"font-weight: 400;\">Skorzystaj z obni\u017conych stawek na obr\u00f3bk\u0119 CNC, druk 3D i inne us\u0142ugi, kt\u00f3re pomog\u0105 Ci zrealizowa\u0107 Twoje projekty.<\/span><\/p>\n                        <\/div>\r\n                                            <\/div>\r\n                                        <div class=\"advantages__item card\">\r\n                        <img decoding=\"async\" class=\"advantages__item-image\" src=\"https:\/\/xometry.eu\/wp-content\/uploads\/2025\/05\/visibility.svg\" alt=\"Widoczno\u015b\u0107 i promocja\"\r\n                        \/>\r\n                        <h4 class=\"title title--04\">Widoczno\u015b\u0107 i promocja<\/h4>\r\n                        <div>\r\n                            <p><span style=\"font-weight: 400;\">Prezentuj swoje prace na naszych platformach i nawi\u0105\u017c kontakty z szerok\u0105 grup\u0105 odbiorc\u00f3w z bran\u017cy in\u017cynieryjnej.<\/span><\/p>\n                        <\/div>\r\n                                            <\/div>\r\n                                        <div class=\"advantages__item card\">\r\n                        <img decoding=\"async\" class=\"advantages__item-image\" src=\"https:\/\/xometry.eu\/wp-content\/uploads\/2025\/05\/support.svg\" alt=\"Dedykowane wsparcie\"\r\n                        \/>\r\n                        <h4 class=\"title title--04\">Dedykowane wsparcie<\/h4>\r\n                        <div>\r\n                            <p><span style=\"font-weight: 400;\">Skorzystaj z porad ekspert\u00f3w, aby swoje pomys\u0142y przekszta\u0142ci\u0107 w rzeczywiste, mo\u017cliwe do wyprodukowania cz\u0119\u015bci<\/span><\/p>\n                        <\/div>\r\n                                            <\/div>\r\n                            <\/div>\r\n            <\/div>\r\n<\/section>\n\n\r\n <section class=\"capability-list light light-to-dark-gradient\">\r\n  <div class=\"capability-list__container section container\">\r\n        <div class=\"section__title-wrapper\">\r\n                    <h2 class=\"title title--02\">Co zazwyczaj wspieramy?<\/h2>\r\n            <\/div>\r\n    <div class=\"capability-list__list\">\r\n    \r\n            <div class=\"capability-list__item \">\r\n                <img decoding=\"async\" src=\"https:\/\/xometry.eu\/wp-content\/uploads\/2025\/05\/student-competitions.svg\" alt=\"\" class=\"capability-list__item-icon\">\r\n                <div class=\"capability-list__item-main\">\r\n                    <h3 class=\"capability-list__item-title text-s\"><\/h3>\r\n                    <div class=\"capability-list__item-text title title--05\">Konkursy in\u017cynierskie dla student\u00f3w (np. Formula Student, Hyperloop, Robotics)<\/div>\r\n                <\/div>\r\n            <\/div>\r\n\r\n        \r\n            <div class=\"capability-list__item \">\r\n                <img decoding=\"async\" src=\"https:\/\/xometry.eu\/wp-content\/uploads\/2025\/05\/research-project-1.svg\" alt=\"\" class=\"capability-list__item-icon\">\r\n                <div class=\"capability-list__item-main\">\r\n                    <h3 class=\"capability-list__item-title text-s\"><\/h3>\r\n                    <div class=\"capability-list__item-text title title--05\">Projekty badawcze uniwersytet\u00f3w<\/div>\r\n                <\/div>\r\n            <\/div>\r\n\r\n        \r\n            <div class=\"capability-list__item \">\r\n                <img decoding=\"async\" src=\"https:\/\/xometry.eu\/wp-content\/uploads\/2025\/05\/graduation-projects.svg\" alt=\"\" class=\"capability-list__item-icon\">\r\n                <div class=\"capability-list__item-main\">\r\n                    <h3 class=\"capability-list__item-title text-s\"><\/h3>\r\n                    <div class=\"capability-list__item-text title title--05\">Projekty semestralne lub dyplomowe<\/div>\r\n                <\/div>\r\n            <\/div>\r\n\r\n        \r\n            <div class=\"capability-list__item \">\r\n                <img decoding=\"async\" src=\"https:\/\/xometry.eu\/wp-content\/uploads\/2025\/05\/open-source-hardware.svg\" alt=\"\" class=\"capability-list__item-icon\">\r\n                <div class=\"capability-list__item-main\">\r\n                    <h3 class=\"capability-list__item-title text-s\"><\/h3>\r\n                    <div class=\"capability-list__item-text title title--05\">Inicjatywy dotycz\u0105ce sprz\u0119tu open source<\/div>\r\n                <\/div>\r\n            <\/div>\r\n\r\n        \r\n            <div class=\"capability-list__item border-none_desktop\">\r\n                <img decoding=\"async\" src=\"https:\/\/xometry.eu\/wp-content\/uploads\/2025\/05\/educational-maker-events.svg\" alt=\"\" class=\"capability-list__item-icon\">\r\n                <div class=\"capability-list__item-main\">\r\n                    <h3 class=\"capability-list__item-title text-s\"><\/h3>\r\n                    <div class=\"capability-list__item-text title title--05\">Wydarzenia po\u015bwi\u0119cone in\u017cynierii organizowane przez uniwersytety lub grupy spo\u0142eczne<\/div>\r\n                <\/div>\r\n            <\/div>\r\n\r\n        \r\n            <div class=\"capability-list__item border-none\">\r\n                <img decoding=\"async\" src=\"https:\/\/xometry.eu\/wp-content\/uploads\/2025\/02\/Vector-3.svg\" alt=\"\" class=\"capability-list__item-icon\">\r\n                <div class=\"capability-list__item-main\">\r\n                    <h3 class=\"capability-list__item-title text-s\"><\/h3>\r\n                    <div class=\"capability-list__item-text title title--05\">Niezale\u017cne lub spo\u0142eczne inicjatywy in\u017cynieryjne<\/div>\r\n                <\/div>\r\n            <\/div>\r\n\r\n        \r\n    <\/div>\r\n    \r\n        <div class=\"capability-list__btns-container\">\r\n            <div class=\"call-to-action\">\r\n                    <a href=\"https:\/\/docs.google.com\/forms\/d\/e\/1FAIpQLSdNnmLb79QAGUGJyfYK1p0r4cLZD8sP78b-kT8bFlC3hGkdXg\/viewform?usp=sharing&#038;ouid=111268153315564232191\" class=\"btn btn--primary\" target=\"\">Prze\u015blij moj\u0105 pro\u015bb\u0119 o sponsorowanie<\/a>\r\n            <\/div>\r\n            <\/div>\r\n  <\/div>\r\n<\/section>\n\n<section class=\"parts-slider light blue-10\">\r\n    <div class=\"parts-slider__container section container\">\r\n        <h2 class=\"title title--02\">Projekty studenckie wspierane przez Xometry<\/h2>\r\n        <div class=\"parts-slider__slider\">\r\n            <div class=\"swiper-wrapper\">\r\n                                <div class=\"parts-slider__item swiper-slide card\">\r\n                        <div class=\"parts-slider__item-image\">\r\n                            <img decoding=\"async\" src=\"https:\/\/xometry.eu\/wp-content\/uploads\/2021\/11\/Machine_front-scaled-min.jpeg\" alt=\"Maszyna do dr\u0105\u017cenia tuneli\" \/>\r\n                        <\/div>\r\n                        <div class=\"parts-slider__item-main\">\r\n                            <h3 class=\"text-m\">Maszyna do dr\u0105\u017cenia tuneli<\/h3>\r\n                        <\/div>\r\n                    <\/div>\r\n                                        <div class=\"parts-slider__item swiper-slide card\">\r\n                        <div class=\"parts-slider__item-image\">\r\n                            <img decoding=\"async\" src=\"https:\/\/xometry.eu\/wp-content\/uploads\/2025\/05\/oxford-brookes-racing-car.webp\" alt=\"Wysokowydajny samoch\u00f3d elektryczny\" \/>\r\n                        <\/div>\r\n                        <div class=\"parts-slider__item-main\">\r\n                            <h3 class=\"text-m\">Wysokowydajny samoch\u00f3d elektryczny<\/h3>\r\n                        <\/div>\r\n                    <\/div>\r\n                                        <div class=\"parts-slider__item swiper-slide card\">\r\n                        <div class=\"parts-slider__item-image\">\r\n                            <img decoding=\"async\" src=\"https:\/\/xometry.eu\/wp-content\/uploads\/2025\/05\/uav-with-retractable-landing-gear-itunom.png\" alt=\"UAV\" \/>\r\n                        <\/div>\r\n                        <div class=\"parts-slider__item-main\">\r\n                            <h3 class=\"text-m\">UAV<\/h3>\r\n                        <\/div>\r\n                    <\/div>\r\n                                        <div class=\"parts-slider__item swiper-slide card\">\r\n                        <div class=\"parts-slider__item-image\">\r\n                            <img decoding=\"async\" src=\"https:\/\/xometry.eu\/wp-content\/uploads\/2025\/05\/vinci-eco-drive-electric-single-seater.jpeg\" alt=\"Elektryczny jednomiejscowiec\" \/>\r\n                        <\/div>\r\n                        <div class=\"parts-slider__item-main\">\r\n                            <h3 class=\"text-m\">Elektryczny jednomiejscowiec<\/h3>\r\n                        <\/div>\r\n                    <\/div>\r\n                                        <div class=\"parts-slider__item swiper-slide card\">\r\n                        <div class=\"parts-slider__item-image\">\r\n                            <img decoding=\"async\" src=\"https:\/\/xometry.eu\/wp-content\/uploads\/2025\/05\/acubesat-render-space.webp\" alt=\"Modu\u0142owy nanosatelita\" \/>\r\n                        <\/div>\r\n                        <div class=\"parts-slider__item-main\">\r\n                            <h3 class=\"text-m\">Modu\u0142owy nanosatelita<\/h3>\r\n                        <\/div>\r\n                    <\/div>\r\n                                        <div class=\"parts-slider__item swiper-slide card\">\r\n                        <div class=\"parts-slider__item-image\">\r\n                            <img decoding=\"async\" src=\"https:\/\/xometry.eu\/wp-content\/uploads\/2025\/05\/propulse-ntnu-project-valemon-copy-scaled-1.webp\" alt=\"Zaawansowana rakieta\" \/>\r\n                        <\/div>\r\n                        <div class=\"parts-slider__item-main\">\r\n                            <h3 class=\"text-m\">Zaawansowana rakieta<\/h3>\r\n                        <\/div>\r\n                    <\/div>\r\n                                        <div class=\"parts-slider__item swiper-slide card\">\r\n                        <div class=\"parts-slider__item-image\">\r\n                            <img decoding=\"async\" src=\"https:\/\/xometry.eu\/wp-content\/uploads\/2025\/05\/FR23_Freya.webp\" alt=\"Samoch\u00f3d wy\u015bcigowy\" \/>\r\n                        <\/div>\r\n                        <div class=\"parts-slider__item-main\">\r\n                            <h3 class=\"text-m\">Samoch\u00f3d wy\u015bcigowy<\/h3>\r\n                        <\/div>\r\n                    <\/div>\r\n                                        <div class=\"parts-slider__item swiper-slide card\">\r\n                        <div class=\"parts-slider__item-image\">\r\n                            <img decoding=\"async\" src=\"https:\/\/xometry.eu\/wp-content\/uploads\/2025\/05\/ICLR-Rocket-2.webp\" alt=\"Rakieta na paliwo ciek\u0142e\" \/>\r\n                        <\/div>\r\n                        <div class=\"parts-slider__item-main\">\r\n                            <h3 class=\"text-m\">Rakieta na paliwo ciek\u0142e<\/h3>\r\n                        <\/div>\r\n                    <\/div>\r\n                                        <div class=\"parts-slider__item swiper-slide card\">\r\n                        <div class=\"parts-slider__item-image\">\r\n                            <img decoding=\"async\" src=\"https:\/\/xometry.eu\/wp-content\/uploads\/2021\/11\/Machine_front-scaled-min.jpeg\" alt=\"Maszyna do dr\u0105\u017cenia tuneli\" \/>\r\n                        <\/div>\r\n                        <div class=\"parts-slider__item-main\">\r\n                            <h3 class=\"text-m\">Maszyna do dr\u0105\u017cenia tuneli<\/h3>\r\n                        <\/div>\r\n                    <\/div>\r\n                                        <div class=\"parts-slider__item swiper-slide card\">\r\n                        <div class=\"parts-slider__item-image\">\r\n                            <img decoding=\"async\" src=\"https:\/\/xometry.eu\/wp-content\/uploads\/2025\/05\/oxford-brookes-racing-car.webp\" alt=\"Wysokowydajny samoch\u00f3d elektryczny\" \/>\r\n                        <\/div>\r\n                        <div class=\"parts-slider__item-main\">\r\n                            <h3 class=\"text-m\">Wysokowydajny samoch\u00f3d elektryczny<\/h3>\r\n                        <\/div>\r\n                    <\/div>\r\n                                        <div class=\"parts-slider__item swiper-slide card\">\r\n                        <div class=\"parts-slider__item-image\">\r\n                            <img decoding=\"async\" src=\"https:\/\/xometry.eu\/wp-content\/uploads\/2025\/05\/uav-with-retractable-landing-gear-itunom.png\" alt=\"UAV\" \/>\r\n                        <\/div>\r\n                        <div class=\"parts-slider__item-main\">\r\n                            <h3 class=\"text-m\">UAV<\/h3>\r\n                        <\/div>\r\n                    <\/div>\r\n                                        <div class=\"parts-slider__item swiper-slide card\">\r\n                        <div class=\"parts-slider__item-image\">\r\n                            <img decoding=\"async\" src=\"https:\/\/xometry.eu\/wp-content\/uploads\/2025\/05\/vinci-eco-drive-electric-single-seater.jpeg\" alt=\"Elektryczny jednomiejscowiec\" \/>\r\n                        <\/div>\r\n                        <div class=\"parts-slider__item-main\">\r\n                            <h3 class=\"text-m\">Elektryczny jednomiejscowiec<\/h3>\r\n                        <\/div>\r\n                    <\/div>\r\n                                        <div class=\"parts-slider__item swiper-slide card\">\r\n                        <div class=\"parts-slider__item-image\">\r\n                            <img decoding=\"async\" src=\"https:\/\/xometry.eu\/wp-content\/uploads\/2025\/05\/acubesat-render-space.webp\" alt=\"Modu\u0142owy nanosatelita\" \/>\r\n                        <\/div>\r\n                        <div class=\"parts-slider__item-main\">\r\n                            <h3 class=\"text-m\">Modu\u0142owy nanosatelita<\/h3>\r\n                        <\/div>\r\n                    <\/div>\r\n                                        <div class=\"parts-slider__item swiper-slide card\">\r\n                        <div class=\"parts-slider__item-image\">\r\n                            <img decoding=\"async\" src=\"https:\/\/xometry.eu\/wp-content\/uploads\/2025\/05\/propulse-ntnu-project-valemon-copy-scaled-1.webp\" alt=\"Zaawansowana rakieta\" \/>\r\n                        <\/div>\r\n                        <div class=\"parts-slider__item-main\">\r\n                            <h3 class=\"text-m\">Zaawansowana rakieta<\/h3>\r\n                        <\/div>\r\n                    <\/div>\r\n                                        <div class=\"parts-slider__item swiper-slide card\">\r\n                        <div class=\"parts-slider__item-image\">\r\n                            <img decoding=\"async\" src=\"https:\/\/xometry.eu\/wp-content\/uploads\/2025\/05\/FR23_Freya.webp\" alt=\"Samoch\u00f3d wy\u015bcigowy\" \/>\r\n                        <\/div>\r\n                        <div class=\"parts-slider__item-main\">\r\n                            <h3 class=\"text-m\">Samoch\u00f3d wy\u015bcigowy<\/h3>\r\n                        <\/div>\r\n                    <\/div>\r\n                                        <div class=\"parts-slider__item swiper-slide card\">\r\n                        <div class=\"parts-slider__item-image\">\r\n                            <img decoding=\"async\" src=\"https:\/\/xometry.eu\/wp-content\/uploads\/2025\/05\/ICLR-Rocket-2.webp\" alt=\"Rakieta na paliwo ciek\u0142e\" \/>\r\n                        <\/div>\r\n                        <div class=\"parts-slider__item-main\">\r\n                            <h3 class=\"text-m\">Rakieta na paliwo ciek\u0142e<\/h3>\r\n                        <\/div>\r\n                    <\/div>\r\n                                <\/div>\r\n        <\/div>\r\n            <\/div>\r\n<\/section>\n\n\r\n<section class=\"final-cta dark dark-blue-100\" >\r\n    <div class=\"final-cta__container section container\">\r\n        <h2 class=\"title title--02\">Podziel si\u0119 swoim projektem in\u017cynieryjnym<\/h2>\r\n        <div class=\"hero__cards-list\">\r\n              \r\n    <a href=\"https:\/\/docs.google.com\/forms\/d\/e\/1FAIpQLSdNnmLb79QAGUGJyfYK1p0r4cLZD8sP78b-kT8bFlC3hGkdXg\/viewform?usp=sharing&#038;ouid=111268153315564232191\" class=\"hero__cards-item card \">\r\n        <h3 class=\"title title--03\">Zg\u0142o\u015b si\u0119 ju\u017c teraz, aby uzyska\u0107 wsparcie lub sponsoring dla swojego projektu od Xometry<\/h3>\r\n        <div class=\"hero__cards-item-text \"><p>Opisz nam sw\u00f3j projekt za pomoc\u0105 formularza, a nasz zesp\u00f3\u0142 wkr\u00f3tce si\u0119 z Tob\u0105 skontaktuje. Nie jeste\u015bmy w stanie odpowiedzie\u0107 na wszystkie zg\u0142oszenia, ale ka\u017cde z nich jest przez nas dok\u0142adnie analizowane. <strong>Sponsoring jest dost\u0119pny wy\u0142\u0105cznie w Europie, w\u0142\u0105czaj\u0105c w to Wielk\u0105 Brytani\u0119.<\/strong><\/p>\n<\/div>\r\n        <span class=\"btn btn--primary \">Wype\u0142nij formularz<\/span>\r\n            <\/a>\r\n        <\/div>\r\n        <div class=\"final-cta__footer-list\">\r\n                                            <\/div>\r\n    <\/div>\r\n<\/section>\n\n\n<p><\/p>\n","protected":false},"excerpt":{"rendered":"","protected":false},"author":10,"featured_media":0,"parent":0,"menu_order":0,"comment_status":"closed","ping_status":"closed","template":"template-new-style.php","meta":{"_acf_changed":false,"inline_featured_image":false,"footnotes":""},"class_list":["post-158445","page","type-page","status-publish","hentry"],"acf":[],"yoast_head":"<!-- This site is optimized with the Yoast SEO Premium plugin v20.5 (Yoast SEO v27.1.1) - https:\/\/yoast.com\/product\/yoast-seo-premium-wordpress\/ -->\n<title>Wspieranie przysz\u0142ych in\u017cynier\u00f3w przez sponsorowanie projekt\u00f3w | Xometry Europe<\/title>\n<meta name=\"description\" content=\"Jeste\u015b zespo\u0142em studenckim lub uczestniczysz w niekomercyjnym projekcie z zakresu in\u017cynierii lub rozwoju produkt\u00f3w? Uzyskaj wsparcie od Xometry!\" \/>\n<meta name=\"robots\" content=\"index, nofollow, max-snippet:-1, max-image-preview:large, max-video-preview:-1\" \/>\n<link rel=\"canonical\" href=\"https:\/\/xometry.eu\/pl\/sponsorowanie-projektow-studentow\/\" \/>\n<meta property=\"og:locale\" content=\"pl_PL\" \/>\n<meta property=\"og:type\" content=\"article\" \/>\n<meta property=\"og:title\" content=\"Wspieranie przysz\u0142ych in\u017cynier\u00f3w przez sponsorowanie projekt\u00f3w | Xometry Europe\" \/>\n<meta property=\"og:description\" content=\"Jeste\u015b zespo\u0142em studenckim lub uczestniczysz w niekomercyjnym projekcie z zakresu in\u017cynierii lub rozwoju produkt\u00f3w? Uzyskaj wsparcie od Xometry!\" \/>\n<meta property=\"og:url\" content=\"https:\/\/xometry.eu\/pl\/sponsorowanie-projektow-studentow\/\" \/>\n<meta property=\"og:site_name\" content=\"Xometry Europe\" \/>\n<meta property=\"article:modified_time\" content=\"2026-02-24T19:41:35+00:00\" \/>\n<meta name=\"twitter:card\" content=\"summary_large_image\" \/>\n<meta name=\"twitter:title\" content=\"Sponsorowanie i wsparcie dla student\u00f3w\" \/>\n<script type=\"application\/ld+json\" class=\"yoast-schema-graph\">{\"@context\":\"https:\/\/schema.org\",\"@graph\":[{\"@type\":\"WebPage\",\"@id\":\"https:\/\/xometry.eu\/pl\/sponsorowanie-projektow-studentow\/\",\"url\":\"https:\/\/xometry.eu\/pl\/sponsorowanie-projektow-studentow\/\",\"name\":\"Wspieranie przysz\u0142ych in\u017cynier\u00f3w przez sponsorowanie projekt\u00f3w | Xometry Europe\",\"isPartOf\":{\"@id\":\"https:\/\/xometry.eu\/pl\/#website\"},\"datePublished\":\"2025-06-11T07:17:39+00:00\",\"dateModified\":\"2026-02-24T19:41:35+00:00\",\"description\":\"Jeste\u015b zespo\u0142em studenckim lub uczestniczysz w niekomercyjnym projekcie z zakresu in\u017cynierii lub rozwoju produkt\u00f3w? Uzyskaj wsparcie od Xometry!\",\"breadcrumb\":{\"@id\":\"https:\/\/xometry.eu\/pl\/sponsorowanie-projektow-studentow\/#breadcrumb\"},\"inLanguage\":\"pl-PL\",\"potentialAction\":[{\"@type\":\"ReadAction\",\"target\":[\"https:\/\/xometry.eu\/pl\/sponsorowanie-projektow-studentow\/\"]}]},{\"@type\":\"BreadcrumbList\",\"@id\":\"https:\/\/xometry.eu\/pl\/sponsorowanie-projektow-studentow\/#breadcrumb\",\"itemListElement\":[{\"@type\":\"ListItem\",\"position\":1,\"name\":\"Home\",\"item\":\"https:\/\/xometry.eu\/pl\/\"},{\"@type\":\"ListItem\",\"position\":2,\"name\":\"Sponsorowanie i wsparcie dla student\u00f3w\"}]},{\"@type\":\"WebSite\",\"@id\":\"https:\/\/xometry.eu\/pl\/#website\",\"url\":\"https:\/\/xometry.eu\/pl\/\",\"name\":\"Xometry Europe\",\"description\":\"\",\"publisher\":{\"@id\":\"https:\/\/xometry.eu\/pl\/#organization\"},\"potentialAction\":[{\"@type\":\"SearchAction\",\"target\":{\"@type\":\"EntryPoint\",\"urlTemplate\":\"https:\/\/xometry.eu\/pl\/?s={search_term_string}\"},\"query-input\":{\"@type\":\"PropertyValueSpecification\",\"valueRequired\":true,\"valueName\":\"search_term_string\"}}],\"inLanguage\":\"pl-PL\"}]}<\/script>\n<!-- \/ Yoast SEO Premium plugin. -->","yoast_head_json":{"title":"Wspieranie przysz\u0142ych in\u017cynier\u00f3w przez sponsorowanie projekt\u00f3w | Xometry Europe","description":"Jeste\u015b zespo\u0142em studenckim lub uczestniczysz w niekomercyjnym projekcie z zakresu in\u017cynierii lub rozwoju produkt\u00f3w? Uzyskaj wsparcie od Xometry!","robots":{"index":"index","follow":"nofollow","max-snippet":"max-snippet:-1","max-image-preview":"max-image-preview:large","max-video-preview":"max-video-preview:-1"},"canonical":"https:\/\/xometry.eu\/pl\/sponsorowanie-projektow-studentow\/","og_locale":"pl_PL","og_type":"article","og_title":"Wspieranie przysz\u0142ych in\u017cynier\u00f3w przez sponsorowanie projekt\u00f3w | Xometry Europe","og_description":"Jeste\u015b zespo\u0142em studenckim lub uczestniczysz w niekomercyjnym projekcie z zakresu in\u017cynierii lub rozwoju produkt\u00f3w? Uzyskaj wsparcie od Xometry!","og_url":"https:\/\/xometry.eu\/pl\/sponsorowanie-projektow-studentow\/","og_site_name":"Xometry Europe","article_modified_time":"2026-02-24T19:41:35+00:00","twitter_card":"summary_large_image","twitter_title":"Sponsorowanie i wsparcie dla student\u00f3w","schema":{"@context":"https:\/\/schema.org","@graph":[{"@type":"WebPage","@id":"https:\/\/xometry.eu\/pl\/sponsorowanie-projektow-studentow\/","url":"https:\/\/xometry.eu\/pl\/sponsorowanie-projektow-studentow\/","name":"Wspieranie przysz\u0142ych in\u017cynier\u00f3w przez sponsorowanie projekt\u00f3w | Xometry Europe","isPartOf":{"@id":"https:\/\/xometry.eu\/pl\/#website"},"datePublished":"2025-06-11T07:17:39+00:00","dateModified":"2026-02-24T19:41:35+00:00","description":"Jeste\u015b zespo\u0142em studenckim lub uczestniczysz w niekomercyjnym projekcie z zakresu in\u017cynierii lub rozwoju produkt\u00f3w? Uzyskaj wsparcie od Xometry!","breadcrumb":{"@id":"https:\/\/xometry.eu\/pl\/sponsorowanie-projektow-studentow\/#breadcrumb"},"inLanguage":"pl-PL","potentialAction":[{"@type":"ReadAction","target":["https:\/\/xometry.eu\/pl\/sponsorowanie-projektow-studentow\/"]}]},{"@type":"BreadcrumbList","@id":"https:\/\/xometry.eu\/pl\/sponsorowanie-projektow-studentow\/#breadcrumb","itemListElement":[{"@type":"ListItem","position":1,"name":"Home","item":"https:\/\/xometry.eu\/pl\/"},{"@type":"ListItem","position":2,"name":"Sponsorowanie i wsparcie dla student\u00f3w"}]},{"@type":"WebSite","@id":"https:\/\/xometry.eu\/pl\/#website","url":"https:\/\/xometry.eu\/pl\/","name":"Xometry Europe","description":"","publisher":{"@id":"https:\/\/xometry.eu\/pl\/#organization"},"potentialAction":[{"@type":"SearchAction","target":{"@type":"EntryPoint","urlTemplate":"https:\/\/xometry.eu\/pl\/?s={search_term_string}"},"query-input":{"@type":"PropertyValueSpecification","valueRequired":true,"valueName":"search_term_string"}}],"inLanguage":"pl-PL"}]}},"_links":{"self":[{"href":"https:\/\/xometry.eu\/pl\/wp-json\/wp\/v2\/pages\/158445","targetHints":{"allow":["GET"]}}],"collection":[{"href":"https:\/\/xometry.eu\/pl\/wp-json\/wp\/v2\/pages"}],"about":[{"href":"https:\/\/xometry.eu\/pl\/wp-json\/wp\/v2\/types\/page"}],"author":[{"embeddable":true,"href":"https:\/\/xometry.eu\/pl\/wp-json\/wp\/v2\/users\/10"}],"replies":[{"embeddable":true,"href":"https:\/\/xometry.eu\/pl\/wp-json\/wp\/v2\/comments?post=158445"}],"version-history":[{"count":2,"href":"https:\/\/xometry.eu\/pl\/wp-json\/wp\/v2\/pages\/158445\/revisions"}],"predecessor-version":[{"id":170371,"href":"https:\/\/xometry.eu\/pl\/wp-json\/wp\/v2\/pages\/158445\/revisions\/170371"}],"wp:attachment":[{"href":"https:\/\/xometry.eu\/pl\/wp-json\/wp\/v2\/media?parent=158445"}],"curies":[{"name":"wp","href":"https:\/\/api.w.org\/{rel}","templated":true}]}}