{"id":157115,"date":"2025-03-19T11:55:00","date_gmt":"2025-03-19T09:55:00","guid":{"rendered":"https:\/\/xometry.eu\/rewards-terms\/"},"modified":"2026-03-25T15:20:51","modified_gmt":"2026-03-25T13:20:51","slug":"warunki-programu-nagrod","status":"publish","type":"page","link":"https:\/\/xometry.eu\/pl\/warunki-programu-nagrod\/","title":{"rendered":"Warunki uczestnictwa w Programie Nagr\u00f3d Xometry"},"content":{"rendered":"","protected":false},"excerpt":{"rendered":"","protected":false},"author":41,"featured_media":0,"parent":0,"menu_order":0,"comment_status":"closed","ping_status":"closed","template":"","meta":{"_acf_changed":false,"inline_featured_image":false,"footnotes":""},"class_list":["post-157115","page","type-page","status-publish","hentry"],"acf":[],"yoast_head":"<!-- This site is optimized with the Yoast SEO Premium plugin v20.5 (Yoast SEO v27.3) - https:\/\/yoast.com\/product\/yoast-seo-premium-wordpress\/ -->\n<title>Warunki uczestnictwa w Programie Nagr\u00f3d Xometry | Xometry Europe<\/title>\n<meta name=\"description\" content=\"Przeczytaj niniejsze Warunki uczestnictwa w Programie Nagr\u00f3d Xometry (Warunki Programu Nagr\u00f3d)\" \/>\n<meta name=\"robots\" content=\"index, follow, max-snippet:-1, max-image-preview:large, max-video-preview:-1\" \/>\n<link rel=\"canonical\" href=\"https:\/\/xometry.eu\/pl\/warunki-programu-nagrod\/\" \/>\n<meta property=\"og:locale\" content=\"pl_PL\" \/>\n<meta property=\"og:type\" content=\"article\" \/>\n<meta property=\"og:title\" content=\"Warunki uczestnictwa w Programie Nagr\u00f3d Xometry\" \/>\n<meta property=\"og:description\" content=\"Przeczytaj niniejsze Warunki uczestnictwa w Programie Nagr\u00f3d Xometry (Warunki Programu Nagr\u00f3d)\" \/>\n<meta property=\"og:url\" content=\"https:\/\/xometry.eu\/pl\/warunki-programu-nagrod\/\" \/>\n<meta property=\"og:site_name\" content=\"Xometry Europe\" \/>\n<meta property=\"article:modified_time\" content=\"2026-03-25T13:20:51+00:00\" \/>\n<meta name=\"twitter:card\" content=\"summary_large_image\" \/>\n<script type=\"application\/ld+json\" class=\"yoast-schema-graph\">{\"@context\":\"https:\\\/\\\/schema.org\",\"@graph\":[{\"@type\":\"WebPage\",\"@id\":\"https:\\\/\\\/xometry.eu\\\/pl\\\/warunki-programu-nagrod\\\/\",\"url\":\"https:\\\/\\\/xometry.eu\\\/pl\\\/warunki-programu-nagrod\\\/\",\"name\":\"Warunki uczestnictwa w Programie Nagr\u00f3d Xometry | Xometry Europe\",\"isPartOf\":{\"@id\":\"https:\\\/\\\/xometry.eu\\\/pl\\\/#website\"},\"datePublished\":\"2025-03-19T09:55:00+00:00\",\"dateModified\":\"2026-03-25T13:20:51+00:00\",\"description\":\"Przeczytaj niniejsze Warunki uczestnictwa w Programie Nagr\u00f3d Xometry (Warunki Programu Nagr\u00f3d)\",\"breadcrumb\":{\"@id\":\"https:\\\/\\\/xometry.eu\\\/pl\\\/warunki-programu-nagrod\\\/#breadcrumb\"},\"inLanguage\":\"pl-PL\",\"potentialAction\":[{\"@type\":\"ReadAction\",\"target\":[\"https:\\\/\\\/xometry.eu\\\/pl\\\/warunki-programu-nagrod\\\/\"]}]},{\"@type\":\"BreadcrumbList\",\"@id\":\"https:\\\/\\\/xometry.eu\\\/pl\\\/warunki-programu-nagrod\\\/#breadcrumb\",\"itemListElement\":[{\"@type\":\"ListItem\",\"position\":1,\"name\":\"Home\",\"item\":\"https:\\\/\\\/xometry.eu\\\/pl\\\/\"},{\"@type\":\"ListItem\",\"position\":2,\"name\":\"Warunki uczestnictwa w Programie Nagr\u00f3d Xometry\"}]},{\"@type\":\"WebSite\",\"@id\":\"https:\\\/\\\/xometry.eu\\\/pl\\\/#website\",\"url\":\"https:\\\/\\\/xometry.eu\\\/pl\\\/\",\"name\":\"Xometry Europe\",\"description\":\"\",\"publisher\":{\"@id\":\"https:\\\/\\\/xometry.eu\\\/pl\\\/#organization\"},\"potentialAction\":[{\"@type\":\"SearchAction\",\"target\":{\"@type\":\"EntryPoint\",\"urlTemplate\":\"https:\\\/\\\/xometry.eu\\\/pl\\\/?s={search_term_string}\"},\"query-input\":{\"@type\":\"PropertyValueSpecification\",\"valueRequired\":true,\"valueName\":\"search_term_string\"}}],\"inLanguage\":\"pl-PL\"}]}<\/script>\n<!-- \/ Yoast SEO Premium plugin. -->","yoast_head_json":{"title":"Warunki uczestnictwa w Programie Nagr\u00f3d Xometry | Xometry Europe","description":"Przeczytaj niniejsze Warunki uczestnictwa w Programie Nagr\u00f3d Xometry (Warunki Programu Nagr\u00f3d)","robots":{"index":"index","follow":"follow","max-snippet":"max-snippet:-1","max-image-preview":"max-image-preview:large","max-video-preview":"max-video-preview:-1"},"canonical":"https:\/\/xometry.eu\/pl\/warunki-programu-nagrod\/","og_locale":"pl_PL","og_type":"article","og_title":"Warunki uczestnictwa w Programie Nagr\u00f3d Xometry","og_description":"Przeczytaj niniejsze Warunki uczestnictwa w Programie Nagr\u00f3d Xometry (Warunki Programu Nagr\u00f3d)","og_url":"https:\/\/xometry.eu\/pl\/warunki-programu-nagrod\/","og_site_name":"Xometry Europe","article_modified_time":"2026-03-25T13:20:51+00:00","twitter_card":"summary_large_image","schema":{"@context":"https:\/\/schema.org","@graph":[{"@type":"WebPage","@id":"https:\/\/xometry.eu\/pl\/warunki-programu-nagrod\/","url":"https:\/\/xometry.eu\/pl\/warunki-programu-nagrod\/","name":"Warunki uczestnictwa w Programie Nagr\u00f3d Xometry | Xometry Europe","isPartOf":{"@id":"https:\/\/xometry.eu\/pl\/#website"},"datePublished":"2025-03-19T09:55:00+00:00","dateModified":"2026-03-25T13:20:51+00:00","description":"Przeczytaj niniejsze Warunki uczestnictwa w Programie Nagr\u00f3d Xometry (Warunki Programu Nagr\u00f3d)","breadcrumb":{"@id":"https:\/\/xometry.eu\/pl\/warunki-programu-nagrod\/#breadcrumb"},"inLanguage":"pl-PL","potentialAction":[{"@type":"ReadAction","target":["https:\/\/xometry.eu\/pl\/warunki-programu-nagrod\/"]}]},{"@type":"BreadcrumbList","@id":"https:\/\/xometry.eu\/pl\/warunki-programu-nagrod\/#breadcrumb","itemListElement":[{"@type":"ListItem","position":1,"name":"Home","item":"https:\/\/xometry.eu\/pl\/"},{"@type":"ListItem","position":2,"name":"Warunki uczestnictwa w Programie Nagr\u00f3d Xometry"}]},{"@type":"WebSite","@id":"https:\/\/xometry.eu\/pl\/#website","url":"https:\/\/xometry.eu\/pl\/","name":"Xometry Europe","description":"","publisher":{"@id":"https:\/\/xometry.eu\/pl\/#organization"},"potentialAction":[{"@type":"SearchAction","target":{"@type":"EntryPoint","urlTemplate":"https:\/\/xometry.eu\/pl\/?s={search_term_string}"},"query-input":{"@type":"PropertyValueSpecification","valueRequired":true,"valueName":"search_term_string"}}],"inLanguage":"pl-PL"}]}},"_links":{"self":[{"href":"https:\/\/xometry.eu\/pl\/wp-json\/wp\/v2\/pages\/157115","targetHints":{"allow":["GET"]}}],"collection":[{"href":"https:\/\/xometry.eu\/pl\/wp-json\/wp\/v2\/pages"}],"about":[{"href":"https:\/\/xometry.eu\/pl\/wp-json\/wp\/v2\/types\/page"}],"author":[{"embeddable":true,"href":"https:\/\/xometry.eu\/pl\/wp-json\/wp\/v2\/users\/41"}],"replies":[{"embeddable":true,"href":"https:\/\/xometry.eu\/pl\/wp-json\/wp\/v2\/comments?post=157115"}],"version-history":[{"count":0,"href":"https:\/\/xometry.eu\/pl\/wp-json\/wp\/v2\/pages\/157115\/revisions"}],"wp:attachment":[{"href":"https:\/\/xometry.eu\/pl\/wp-json\/wp\/v2\/media?parent=157115"}],"curies":[{"name":"wp","href":"https:\/\/api.w.org\/{rel}","templated":true}]}}