{"id":147242,"date":"2024-10-17T14:52:26","date_gmt":"2024-10-17T12:52:26","guid":{"rendered":"https:\/\/xometry.eu\/certifications-inspection-reports\/"},"modified":"2026-03-12T17:40:10","modified_gmt":"2026-03-12T15:40:10","slug":"certyfikaty-raporty-kontrolne","status":"publish","type":"page","link":"https:\/\/xometry.eu\/pl\/certyfikaty-raporty-kontrolne\/","title":{"rendered":"Certyfikaty i raporty kontrolne"},"content":{"rendered":"","protected":false},"excerpt":{"rendered":"","protected":false},"author":10,"featured_media":0,"parent":0,"menu_order":0,"comment_status":"closed","ping_status":"closed","template":"","meta":{"_acf_changed":false,"inline_featured_image":false,"footnotes":""},"class_list":["post-147242","page","type-page","status-publish","hentry"],"acf":[],"yoast_head":"<!-- This site is optimized with the Yoast SEO Premium plugin v20.5 (Yoast SEO v27.3) - https:\/\/yoast.com\/product\/yoast-seo-premium-wordpress\/ -->\n<title>Certyfikaty i raporty kontrolne | Xometry Europe<\/title>\n<meta name=\"description\" content=\"Aby pom\u00f3c Ci spe\u0142ni\u0107 specyficzne wymagania projektowe, oferujemy szereg dokument\u00f3w odnosz\u0105cych si\u0119 do jako\u015bci, w tym szczeg\u00f3\u0142owe raporty kontrolne.\" \/>\n<meta name=\"robots\" content=\"index, follow, max-snippet:-1, max-image-preview:large, max-video-preview:-1\" \/>\n<link rel=\"canonical\" href=\"https:\/\/xometry.eu\/pl\/certyfikaty-raporty-kontrolne\/\" \/>\n<meta property=\"og:locale\" content=\"pl_PL\" \/>\n<meta property=\"og:type\" content=\"article\" \/>\n<meta property=\"og:title\" content=\"Certyfikaty i raporty kontrolne\" \/>\n<meta property=\"og:description\" content=\"Aby pom\u00f3c Ci spe\u0142ni\u0107 specyficzne wymagania projektowe, oferujemy szereg dokument\u00f3w odnosz\u0105cych si\u0119 do jako\u015bci, w tym szczeg\u00f3\u0142owe raporty kontrolne.\" \/>\n<meta property=\"og:url\" content=\"https:\/\/xometry.eu\/pl\/certyfikaty-raporty-kontrolne\/\" \/>\n<meta property=\"og:site_name\" content=\"Xometry Europe\" \/>\n<meta property=\"article:modified_time\" content=\"2026-03-12T15:40:10+00:00\" \/>\n<meta name=\"twitter:card\" content=\"summary_large_image\" \/>\n<script type=\"application\/ld+json\" class=\"yoast-schema-graph\">{\"@context\":\"https:\\\/\\\/schema.org\",\"@graph\":[{\"@type\":\"WebPage\",\"@id\":\"https:\\\/\\\/xometry.eu\\\/pl\\\/certyfikaty-raporty-kontrolne\\\/\",\"url\":\"https:\\\/\\\/xometry.eu\\\/pl\\\/certyfikaty-raporty-kontrolne\\\/\",\"name\":\"Certyfikaty i raporty kontrolne | Xometry Europe\",\"isPartOf\":{\"@id\":\"https:\\\/\\\/xometry.eu\\\/pl\\\/#website\"},\"datePublished\":\"2024-10-17T12:52:26+00:00\",\"dateModified\":\"2026-03-12T15:40:10+00:00\",\"description\":\"Aby pom\u00f3c Ci spe\u0142ni\u0107 specyficzne wymagania projektowe, oferujemy szereg dokument\u00f3w odnosz\u0105cych si\u0119 do jako\u015bci, w tym szczeg\u00f3\u0142owe raporty kontrolne.\",\"breadcrumb\":{\"@id\":\"https:\\\/\\\/xometry.eu\\\/pl\\\/certyfikaty-raporty-kontrolne\\\/#breadcrumb\"},\"inLanguage\":\"pl-PL\",\"potentialAction\":[{\"@type\":\"ReadAction\",\"target\":[\"https:\\\/\\\/xometry.eu\\\/pl\\\/certyfikaty-raporty-kontrolne\\\/\"]}]},{\"@type\":\"BreadcrumbList\",\"@id\":\"https:\\\/\\\/xometry.eu\\\/pl\\\/certyfikaty-raporty-kontrolne\\\/#breadcrumb\",\"itemListElement\":[{\"@type\":\"ListItem\",\"position\":1,\"name\":\"Home\",\"item\":\"https:\\\/\\\/xometry.eu\\\/pl\\\/\"},{\"@type\":\"ListItem\",\"position\":2,\"name\":\"Certyfikaty i raporty kontrolne\"}]},{\"@type\":\"WebSite\",\"@id\":\"https:\\\/\\\/xometry.eu\\\/pl\\\/#website\",\"url\":\"https:\\\/\\\/xometry.eu\\\/pl\\\/\",\"name\":\"Xometry Europe\",\"description\":\"\",\"publisher\":{\"@id\":\"https:\\\/\\\/xometry.eu\\\/pl\\\/#organization\"},\"potentialAction\":[{\"@type\":\"SearchAction\",\"target\":{\"@type\":\"EntryPoint\",\"urlTemplate\":\"https:\\\/\\\/xometry.eu\\\/pl\\\/?s={search_term_string}\"},\"query-input\":{\"@type\":\"PropertyValueSpecification\",\"valueRequired\":true,\"valueName\":\"search_term_string\"}}],\"inLanguage\":\"pl-PL\"}]}<\/script>\n<!-- \/ Yoast SEO Premium plugin. -->","yoast_head_json":{"title":"Certyfikaty i raporty kontrolne | Xometry Europe","description":"Aby pom\u00f3c Ci spe\u0142ni\u0107 specyficzne wymagania projektowe, oferujemy szereg dokument\u00f3w odnosz\u0105cych si\u0119 do jako\u015bci, w tym szczeg\u00f3\u0142owe raporty kontrolne.","robots":{"index":"index","follow":"follow","max-snippet":"max-snippet:-1","max-image-preview":"max-image-preview:large","max-video-preview":"max-video-preview:-1"},"canonical":"https:\/\/xometry.eu\/pl\/certyfikaty-raporty-kontrolne\/","og_locale":"pl_PL","og_type":"article","og_title":"Certyfikaty i raporty kontrolne","og_description":"Aby pom\u00f3c Ci spe\u0142ni\u0107 specyficzne wymagania projektowe, oferujemy szereg dokument\u00f3w odnosz\u0105cych si\u0119 do jako\u015bci, w tym szczeg\u00f3\u0142owe raporty kontrolne.","og_url":"https:\/\/xometry.eu\/pl\/certyfikaty-raporty-kontrolne\/","og_site_name":"Xometry Europe","article_modified_time":"2026-03-12T15:40:10+00:00","twitter_card":"summary_large_image","schema":{"@context":"https:\/\/schema.org","@graph":[{"@type":"WebPage","@id":"https:\/\/xometry.eu\/pl\/certyfikaty-raporty-kontrolne\/","url":"https:\/\/xometry.eu\/pl\/certyfikaty-raporty-kontrolne\/","name":"Certyfikaty i raporty kontrolne | Xometry Europe","isPartOf":{"@id":"https:\/\/xometry.eu\/pl\/#website"},"datePublished":"2024-10-17T12:52:26+00:00","dateModified":"2026-03-12T15:40:10+00:00","description":"Aby pom\u00f3c Ci spe\u0142ni\u0107 specyficzne wymagania projektowe, oferujemy szereg dokument\u00f3w odnosz\u0105cych si\u0119 do jako\u015bci, w tym szczeg\u00f3\u0142owe raporty kontrolne.","breadcrumb":{"@id":"https:\/\/xometry.eu\/pl\/certyfikaty-raporty-kontrolne\/#breadcrumb"},"inLanguage":"pl-PL","potentialAction":[{"@type":"ReadAction","target":["https:\/\/xometry.eu\/pl\/certyfikaty-raporty-kontrolne\/"]}]},{"@type":"BreadcrumbList","@id":"https:\/\/xometry.eu\/pl\/certyfikaty-raporty-kontrolne\/#breadcrumb","itemListElement":[{"@type":"ListItem","position":1,"name":"Home","item":"https:\/\/xometry.eu\/pl\/"},{"@type":"ListItem","position":2,"name":"Certyfikaty i raporty kontrolne"}]},{"@type":"WebSite","@id":"https:\/\/xometry.eu\/pl\/#website","url":"https:\/\/xometry.eu\/pl\/","name":"Xometry Europe","description":"","publisher":{"@id":"https:\/\/xometry.eu\/pl\/#organization"},"potentialAction":[{"@type":"SearchAction","target":{"@type":"EntryPoint","urlTemplate":"https:\/\/xometry.eu\/pl\/?s={search_term_string}"},"query-input":{"@type":"PropertyValueSpecification","valueRequired":true,"valueName":"search_term_string"}}],"inLanguage":"pl-PL"}]}},"_links":{"self":[{"href":"https:\/\/xometry.eu\/pl\/wp-json\/wp\/v2\/pages\/147242","targetHints":{"allow":["GET"]}}],"collection":[{"href":"https:\/\/xometry.eu\/pl\/wp-json\/wp\/v2\/pages"}],"about":[{"href":"https:\/\/xometry.eu\/pl\/wp-json\/wp\/v2\/types\/page"}],"author":[{"embeddable":true,"href":"https:\/\/xometry.eu\/pl\/wp-json\/wp\/v2\/users\/10"}],"replies":[{"embeddable":true,"href":"https:\/\/xometry.eu\/pl\/wp-json\/wp\/v2\/comments?post=147242"}],"version-history":[{"count":0,"href":"https:\/\/xometry.eu\/pl\/wp-json\/wp\/v2\/pages\/147242\/revisions"}],"wp:attachment":[{"href":"https:\/\/xometry.eu\/pl\/wp-json\/wp\/v2\/media?parent=147242"}],"curies":[{"name":"wp","href":"https:\/\/api.w.org\/{rel}","templated":true}]}}