{"id":131299,"date":"2023-07-27T14:12:43","date_gmt":"2023-07-27T12:12:43","guid":{"rendered":"https:\/\/xometry.eu\/medical-industry\/"},"modified":"2024-02-09T13:38:26","modified_gmt":"2024-02-09T11:38:26","slug":"medycyna","status":"publish","type":"page","link":"https:\/\/xometry.eu\/pl\/medycyna\/","title":{"rendered":"Medical Industry"},"content":{"rendered":"","protected":false},"excerpt":{"rendered":"","protected":false},"author":14,"featured_media":0,"parent":0,"menu_order":0,"comment_status":"closed","ping_status":"closed","template":"","meta":{"_acf_changed":false,"inline_featured_image":false,"footnotes":""},"class_list":["post-131299","page","type-page","status-publish","hentry"],"acf":[],"yoast_head":"<!-- This site is optimized with the Yoast SEO Premium plugin v20.5 (Yoast SEO v27.1.1) - https:\/\/yoast.com\/product\/yoast-seo-premium-wordpress\/ -->\n<title>Prototypy i cz\u0119\u015bci produkcyjne dla przemys\u0142u medycznego | Xometry<\/title>\n<meta name=\"description\" content=\"Wprowadzaj innowacje szybciej dzi\u0119ki natychmiastowemu dost\u0119powi do du\u017cych mocy produkcyjnych, sieci i wiedzy specjalistycznej Xometry w bran\u017cy medycznej.\" \/>\n<meta name=\"robots\" content=\"index, follow, max-snippet:-1, max-image-preview:large, max-video-preview:-1\" \/>\n<link rel=\"canonical\" href=\"https:\/\/xometry.eu\/pl\/medycyna\/\" \/>\n<meta property=\"og:locale\" content=\"pl_PL\" \/>\n<meta property=\"og:type\" content=\"article\" \/>\n<meta property=\"og:title\" content=\"Medical Industry\" \/>\n<meta property=\"og:description\" content=\"Wprowadzaj innowacje szybciej dzi\u0119ki natychmiastowemu dost\u0119powi do du\u017cych mocy produkcyjnych, sieci i wiedzy specjalistycznej Xometry w bran\u017cy medycznej.\" \/>\n<meta property=\"og:url\" content=\"https:\/\/xometry.eu\/pl\/medycyna\/\" \/>\n<meta property=\"og:site_name\" content=\"Xometry Europe\" \/>\n<meta property=\"article:modified_time\" content=\"2024-02-09T11:38:26+00:00\" \/>\n<meta name=\"twitter:card\" content=\"summary_large_image\" \/>\n<script type=\"application\/ld+json\" class=\"yoast-schema-graph\">{\"@context\":\"https:\/\/schema.org\",\"@graph\":[{\"@type\":\"WebPage\",\"@id\":\"https:\/\/xometry.eu\/pl\/medycyna\/\",\"url\":\"https:\/\/xometry.eu\/pl\/medycyna\/\",\"name\":\"Prototypy i cz\u0119\u015bci produkcyjne dla przemys\u0142u medycznego | Xometry\",\"isPartOf\":{\"@id\":\"https:\/\/xometry.eu\/pl\/#website\"},\"datePublished\":\"2023-07-27T12:12:43+00:00\",\"dateModified\":\"2024-02-09T11:38:26+00:00\",\"description\":\"Wprowadzaj innowacje szybciej dzi\u0119ki natychmiastowemu dost\u0119powi do du\u017cych mocy produkcyjnych, sieci i wiedzy specjalistycznej Xometry w bran\u017cy medycznej.\",\"breadcrumb\":{\"@id\":\"https:\/\/xometry.eu\/pl\/medycyna\/#breadcrumb\"},\"inLanguage\":\"pl-PL\",\"potentialAction\":[{\"@type\":\"ReadAction\",\"target\":[\"https:\/\/xometry.eu\/pl\/medycyna\/\"]}]},{\"@type\":\"BreadcrumbList\",\"@id\":\"https:\/\/xometry.eu\/pl\/medycyna\/#breadcrumb\",\"itemListElement\":[{\"@type\":\"ListItem\",\"position\":1,\"name\":\"Home\",\"item\":\"https:\/\/xometry.eu\/pl\/\"},{\"@type\":\"ListItem\",\"position\":2,\"name\":\"Medical Industry\"}]},{\"@type\":\"WebSite\",\"@id\":\"https:\/\/xometry.eu\/pl\/#website\",\"url\":\"https:\/\/xometry.eu\/pl\/\",\"name\":\"Xometry Europe\",\"description\":\"\",\"publisher\":{\"@id\":\"https:\/\/xometry.eu\/pl\/#organization\"},\"potentialAction\":[{\"@type\":\"SearchAction\",\"target\":{\"@type\":\"EntryPoint\",\"urlTemplate\":\"https:\/\/xometry.eu\/pl\/?s={search_term_string}\"},\"query-input\":{\"@type\":\"PropertyValueSpecification\",\"valueRequired\":true,\"valueName\":\"search_term_string\"}}],\"inLanguage\":\"pl-PL\"}]}<\/script>\n<!-- \/ Yoast SEO Premium plugin. -->","yoast_head_json":{"title":"Prototypy i cz\u0119\u015bci produkcyjne dla przemys\u0142u medycznego | Xometry","description":"Wprowadzaj innowacje szybciej dzi\u0119ki natychmiastowemu dost\u0119powi do du\u017cych mocy produkcyjnych, sieci i wiedzy specjalistycznej Xometry w bran\u017cy medycznej.","robots":{"index":"index","follow":"follow","max-snippet":"max-snippet:-1","max-image-preview":"max-image-preview:large","max-video-preview":"max-video-preview:-1"},"canonical":"https:\/\/xometry.eu\/pl\/medycyna\/","og_locale":"pl_PL","og_type":"article","og_title":"Medical Industry","og_description":"Wprowadzaj innowacje szybciej dzi\u0119ki natychmiastowemu dost\u0119powi do du\u017cych mocy produkcyjnych, sieci i wiedzy specjalistycznej Xometry w bran\u017cy medycznej.","og_url":"https:\/\/xometry.eu\/pl\/medycyna\/","og_site_name":"Xometry Europe","article_modified_time":"2024-02-09T11:38:26+00:00","twitter_card":"summary_large_image","schema":{"@context":"https:\/\/schema.org","@graph":[{"@type":"WebPage","@id":"https:\/\/xometry.eu\/pl\/medycyna\/","url":"https:\/\/xometry.eu\/pl\/medycyna\/","name":"Prototypy i cz\u0119\u015bci produkcyjne dla przemys\u0142u medycznego | Xometry","isPartOf":{"@id":"https:\/\/xometry.eu\/pl\/#website"},"datePublished":"2023-07-27T12:12:43+00:00","dateModified":"2024-02-09T11:38:26+00:00","description":"Wprowadzaj innowacje szybciej dzi\u0119ki natychmiastowemu dost\u0119powi do du\u017cych mocy produkcyjnych, sieci i wiedzy specjalistycznej Xometry w bran\u017cy medycznej.","breadcrumb":{"@id":"https:\/\/xometry.eu\/pl\/medycyna\/#breadcrumb"},"inLanguage":"pl-PL","potentialAction":[{"@type":"ReadAction","target":["https:\/\/xometry.eu\/pl\/medycyna\/"]}]},{"@type":"BreadcrumbList","@id":"https:\/\/xometry.eu\/pl\/medycyna\/#breadcrumb","itemListElement":[{"@type":"ListItem","position":1,"name":"Home","item":"https:\/\/xometry.eu\/pl\/"},{"@type":"ListItem","position":2,"name":"Medical Industry"}]},{"@type":"WebSite","@id":"https:\/\/xometry.eu\/pl\/#website","url":"https:\/\/xometry.eu\/pl\/","name":"Xometry Europe","description":"","publisher":{"@id":"https:\/\/xometry.eu\/pl\/#organization"},"potentialAction":[{"@type":"SearchAction","target":{"@type":"EntryPoint","urlTemplate":"https:\/\/xometry.eu\/pl\/?s={search_term_string}"},"query-input":{"@type":"PropertyValueSpecification","valueRequired":true,"valueName":"search_term_string"}}],"inLanguage":"pl-PL"}]}},"_links":{"self":[{"href":"https:\/\/xometry.eu\/pl\/wp-json\/wp\/v2\/pages\/131299","targetHints":{"allow":["GET"]}}],"collection":[{"href":"https:\/\/xometry.eu\/pl\/wp-json\/wp\/v2\/pages"}],"about":[{"href":"https:\/\/xometry.eu\/pl\/wp-json\/wp\/v2\/types\/page"}],"author":[{"embeddable":true,"href":"https:\/\/xometry.eu\/pl\/wp-json\/wp\/v2\/users\/14"}],"replies":[{"embeddable":true,"href":"https:\/\/xometry.eu\/pl\/wp-json\/wp\/v2\/comments?post=131299"}],"version-history":[{"count":0,"href":"https:\/\/xometry.eu\/pl\/wp-json\/wp\/v2\/pages\/131299\/revisions"}],"wp:attachment":[{"href":"https:\/\/xometry.eu\/pl\/wp-json\/wp\/v2\/media?parent=131299"}],"curies":[{"name":"wp","href":"https:\/\/api.w.org\/{rel}","templated":true}]}}