{"id":111084,"date":"2023-06-26T11:33:07","date_gmt":"2023-06-26T09:33:07","guid":{"rendered":"https:\/\/xometry.eu\/?page_id=111084"},"modified":"2025-04-18T11:35:21","modified_gmt":"2025-04-18T09:35:21","slug":"autodesk-fusion-360","status":"publish","type":"page","link":"https:\/\/xometry.eu\/pl\/autodesk-fusion-360\/","title":{"rendered":"Dodatek Xometry do Autodesk Fusion 360"},"content":{"rendered":"","protected":false},"excerpt":{"rendered":"","protected":false},"author":10,"featured_media":0,"parent":0,"menu_order":0,"comment_status":"closed","ping_status":"closed","template":"","meta":{"_acf_changed":false,"inline_featured_image":false,"footnotes":""},"class_list":["post-111084","page","type-page","status-publish","hentry"],"acf":[],"yoast_head":"<!-- This site is optimized with the Yoast SEO Premium plugin v20.5 (Yoast SEO v27.3) - https:\/\/yoast.com\/product\/yoast-seo-premium-wordpress\/ -->\n<title>Dodatek Xometry do Autodesk Fusion 360 | Xometry Europe<\/title>\n<meta name=\"description\" content=\"Aplikacja Xometry dla Autodesk Fusion 360 jest dost\u0119pna dla u\u017cytkownik\u00f3w w Europie i gwarantuje natychmiastow\u0105 wycen\u0119.\" \/>\n<meta name=\"robots\" content=\"index, follow, max-snippet:-1, max-image-preview:large, max-video-preview:-1\" \/>\n<link rel=\"canonical\" href=\"https:\/\/xometry.eu\/pl\/autodesk-fusion-360\/\" \/>\n<meta property=\"og:locale\" content=\"pl_PL\" \/>\n<meta property=\"og:type\" content=\"article\" \/>\n<meta property=\"og:title\" content=\"Dodatek Xometry do Autodesk Fusion 360\" \/>\n<meta property=\"og:description\" content=\"Aplikacja Xometry dla Autodesk Fusion 360 jest dost\u0119pna dla u\u017cytkownik\u00f3w w Europie i gwarantuje natychmiastow\u0105 wycen\u0119.\" \/>\n<meta property=\"og:url\" content=\"https:\/\/xometry.eu\/pl\/autodesk-fusion-360\/\" \/>\n<meta property=\"og:site_name\" content=\"Xometry Europe\" \/>\n<meta property=\"article:modified_time\" content=\"2025-04-18T09:35:21+00:00\" \/>\n<meta name=\"twitter:card\" content=\"summary_large_image\" \/>\n<script type=\"application\/ld+json\" class=\"yoast-schema-graph\">{\"@context\":\"https:\\\/\\\/schema.org\",\"@graph\":[{\"@type\":\"WebPage\",\"@id\":\"https:\\\/\\\/xometry.eu\\\/pl\\\/autodesk-fusion-360\\\/\",\"url\":\"https:\\\/\\\/xometry.eu\\\/pl\\\/autodesk-fusion-360\\\/\",\"name\":\"Dodatek Xometry do Autodesk Fusion 360 | Xometry Europe\",\"isPartOf\":{\"@id\":\"https:\\\/\\\/xometry.eu\\\/pl\\\/#website\"},\"datePublished\":\"2023-06-26T09:33:07+00:00\",\"dateModified\":\"2025-04-18T09:35:21+00:00\",\"description\":\"Aplikacja Xometry dla Autodesk Fusion 360 jest dost\u0119pna dla u\u017cytkownik\u00f3w w Europie i gwarantuje natychmiastow\u0105 wycen\u0119.\",\"breadcrumb\":{\"@id\":\"https:\\\/\\\/xometry.eu\\\/pl\\\/autodesk-fusion-360\\\/#breadcrumb\"},\"inLanguage\":\"pl-PL\",\"potentialAction\":[{\"@type\":\"ReadAction\",\"target\":[\"https:\\\/\\\/xometry.eu\\\/pl\\\/autodesk-fusion-360\\\/\"]}]},{\"@type\":\"BreadcrumbList\",\"@id\":\"https:\\\/\\\/xometry.eu\\\/pl\\\/autodesk-fusion-360\\\/#breadcrumb\",\"itemListElement\":[{\"@type\":\"ListItem\",\"position\":1,\"name\":\"Home\",\"item\":\"https:\\\/\\\/xometry.eu\\\/pl\\\/\"},{\"@type\":\"ListItem\",\"position\":2,\"name\":\"Dodatek Xometry do Autodesk Fusion 360\"}]},{\"@type\":\"WebSite\",\"@id\":\"https:\\\/\\\/xometry.eu\\\/pl\\\/#website\",\"url\":\"https:\\\/\\\/xometry.eu\\\/pl\\\/\",\"name\":\"Xometry Europe\",\"description\":\"\",\"publisher\":{\"@id\":\"https:\\\/\\\/xometry.eu\\\/pl\\\/#organization\"},\"potentialAction\":[{\"@type\":\"SearchAction\",\"target\":{\"@type\":\"EntryPoint\",\"urlTemplate\":\"https:\\\/\\\/xometry.eu\\\/pl\\\/?s={search_term_string}\"},\"query-input\":{\"@type\":\"PropertyValueSpecification\",\"valueRequired\":true,\"valueName\":\"search_term_string\"}}],\"inLanguage\":\"pl-PL\"}]}<\/script>\n<!-- \/ Yoast SEO Premium plugin. -->","yoast_head_json":{"title":"Dodatek Xometry do Autodesk Fusion 360 | Xometry Europe","description":"Aplikacja Xometry dla Autodesk Fusion 360 jest dost\u0119pna dla u\u017cytkownik\u00f3w w Europie i gwarantuje natychmiastow\u0105 wycen\u0119.","robots":{"index":"index","follow":"follow","max-snippet":"max-snippet:-1","max-image-preview":"max-image-preview:large","max-video-preview":"max-video-preview:-1"},"canonical":"https:\/\/xometry.eu\/pl\/autodesk-fusion-360\/","og_locale":"pl_PL","og_type":"article","og_title":"Dodatek Xometry do Autodesk Fusion 360","og_description":"Aplikacja Xometry dla Autodesk Fusion 360 jest dost\u0119pna dla u\u017cytkownik\u00f3w w Europie i gwarantuje natychmiastow\u0105 wycen\u0119.","og_url":"https:\/\/xometry.eu\/pl\/autodesk-fusion-360\/","og_site_name":"Xometry Europe","article_modified_time":"2025-04-18T09:35:21+00:00","twitter_card":"summary_large_image","schema":{"@context":"https:\/\/schema.org","@graph":[{"@type":"WebPage","@id":"https:\/\/xometry.eu\/pl\/autodesk-fusion-360\/","url":"https:\/\/xometry.eu\/pl\/autodesk-fusion-360\/","name":"Dodatek Xometry do Autodesk Fusion 360 | Xometry Europe","isPartOf":{"@id":"https:\/\/xometry.eu\/pl\/#website"},"datePublished":"2023-06-26T09:33:07+00:00","dateModified":"2025-04-18T09:35:21+00:00","description":"Aplikacja Xometry dla Autodesk Fusion 360 jest dost\u0119pna dla u\u017cytkownik\u00f3w w Europie i gwarantuje natychmiastow\u0105 wycen\u0119.","breadcrumb":{"@id":"https:\/\/xometry.eu\/pl\/autodesk-fusion-360\/#breadcrumb"},"inLanguage":"pl-PL","potentialAction":[{"@type":"ReadAction","target":["https:\/\/xometry.eu\/pl\/autodesk-fusion-360\/"]}]},{"@type":"BreadcrumbList","@id":"https:\/\/xometry.eu\/pl\/autodesk-fusion-360\/#breadcrumb","itemListElement":[{"@type":"ListItem","position":1,"name":"Home","item":"https:\/\/xometry.eu\/pl\/"},{"@type":"ListItem","position":2,"name":"Dodatek Xometry do Autodesk Fusion 360"}]},{"@type":"WebSite","@id":"https:\/\/xometry.eu\/pl\/#website","url":"https:\/\/xometry.eu\/pl\/","name":"Xometry Europe","description":"","publisher":{"@id":"https:\/\/xometry.eu\/pl\/#organization"},"potentialAction":[{"@type":"SearchAction","target":{"@type":"EntryPoint","urlTemplate":"https:\/\/xometry.eu\/pl\/?s={search_term_string}"},"query-input":{"@type":"PropertyValueSpecification","valueRequired":true,"valueName":"search_term_string"}}],"inLanguage":"pl-PL"}]}},"_links":{"self":[{"href":"https:\/\/xometry.eu\/pl\/wp-json\/wp\/v2\/pages\/111084","targetHints":{"allow":["GET"]}}],"collection":[{"href":"https:\/\/xometry.eu\/pl\/wp-json\/wp\/v2\/pages"}],"about":[{"href":"https:\/\/xometry.eu\/pl\/wp-json\/wp\/v2\/types\/page"}],"author":[{"embeddable":true,"href":"https:\/\/xometry.eu\/pl\/wp-json\/wp\/v2\/users\/10"}],"replies":[{"embeddable":true,"href":"https:\/\/xometry.eu\/pl\/wp-json\/wp\/v2\/comments?post=111084"}],"version-history":[{"count":0,"href":"https:\/\/xometry.eu\/pl\/wp-json\/wp\/v2\/pages\/111084\/revisions"}],"wp:attachment":[{"href":"https:\/\/xometry.eu\/pl\/wp-json\/wp\/v2\/media?parent=111084"}],"curies":[{"name":"wp","href":"https:\/\/api.w.org\/{rel}","templated":true}]}}