{"id":72751,"date":"2022-08-29T11:29:17","date_gmt":"2022-08-29T09:29:17","guid":{"rendered":"https:\/\/xometry.eu\/?page_id=72751"},"modified":"2026-03-13T18:50:32","modified_gmt":"2026-03-13T16:50:32","slug":"homepage","status":"publish","type":"page","link":"https:\/\/xometry.eu\/no\/","title":{"rendered":"Homepage"},"content":{"rendered":"\n<script type=\"application\/ld+json\" class=\"schemantra\">{\n  \"@context\": \"https:\/\/schema.org\",\n  \"@type\": \"Organization\",\n  \"@id\": \"Xometry Europe\",\n  \"address\": \"Ada-Lovelace-Str. 9, 85521 Ottobrunn, Germany\",\n  \"award\": \"ISO 9001:2015\",\n  \"description\": \"Xometry\u2019s (NASDAQ: XMTR) AI-drevet markedsplass har en rekke skybaserte tjenester som digitaliserer produksjonsindustrien raskt. Xometry tilbyr produsenter kritiske ressurser til utvikling av bedriftene deres, og gir kj\u00f8perne enklere tilgang til global produksjonskapasitet og motstandsdyktige forsyningskjeder.\",\n  \"email\": \"info@xometry.eu\",\n  \"legalName\": \"Xometry Europe GmbH\",\n  \"logo\": \"https:\/\/xometry.eu\/wp-content\/uploads\/2021\/12\/Logomark_Xometry_Blue-1.svg\",\n  \"name\": \"Xometry Europe\",\n  \"sameAs\": \"[https:\/\/www.facebook.com\/xometryeurope,https:\/\/www.linkedin.com\/company\/xometry-europe\/,https:\/\/www.youtube.com\/@xometry-europe,https:\/\/twitter.com\/XometryEU]\",\n  \"slogan\": \"Where Big Ideas are Built\",\n  \"telephone\": \"+49 89-3803-4818\",\n  \"url\": \"https:\/\/xometry.eu\/no\/\",\n  \"vatID\": \"DE318027182\",\n  \"parentOrganization\": {\n    \"@context\": \"https:\/\/schema.org\",\n    \"@type\": \"Organization\",\n    \"@id\": \"Xometry\",\n    \"address\": \"6116 Executive Blvd, Ste. 800, North Bethesda, MD, 20852, United States of America\",\n    \"award\": \"[ITAR-registered,ISO 9001:2015,ISO 13485:2016,AS9100D]\",\n    \"description\": \"Xometry's (NASDAQ: XMTR) AI-powered marketplace, popular Thomasnet industrial sourcing platform and suite of cloud-based services are rapidly digitizing the $2.4 trillion manufacturing industry. Xometry provides manufacturers the critical resources they need to grow their business and makes it easy for buyers to access global manufacturing capacity and create locally resilient supply chains. The Xometry Instant Quoting Engine\u00ae leverages millions of pieces of data to quickly and effectively analyze complex parts in real-time, match buyers with the right suppliers globally and provide accurate pricing and lead times. Through its extensible marketplace, Xometry continuously scales its offerings, delivering an ever-expanding menu of manufacturing capabilities. Learn more at www.xometry.com or follow @xometry.\",\n    \"email\": \"support@xometry.com\",\n    \"legalName\": \"Xometry, Inc.\",\n    \"logo\": \"https:\/\/www.xometry.com\/condensed-wbib-logo.svg\",\n    \"name\": \"Xometry\",\n    \"sameAs\": \"[https:\/\/www.facebook.com\/xometry\/,https:\/\/www.linkedin.com\/company\/xometry,https:\/\/www.youtube.com\/@XometryHQ,https:\/\/twitter.com\/Xometry]\",\n    \"slogan\": \"Where Big Ideas are Built\",\n    \"telephone\": \"+1-800-983-1959\",\n    \"url\": \"https:\/\/www.xometry.com\"\n  }\n}<\/script>\n","protected":false},"excerpt":{"rendered":"","protected":false},"author":10,"featured_media":133617,"parent":0,"menu_order":0,"comment_status":"closed","ping_status":"closed","template":"","meta":{"_acf_changed":false,"inline_featured_image":false,"footnotes":""},"class_list":["post-72751","page","type-page","status-publish","has-post-thumbnail","hentry"],"acf":[],"yoast_head":"<!-- This site is optimized with the Yoast SEO Premium plugin v20.5 (Yoast SEO v27.3) - https:\/\/yoast.com\/product\/yoast-seo-premium-wordpress\/ -->\n<title>Xometry Europe \u2013 Produksjonstjenester: CNC, Metallplater, 3D-Printing<\/title>\n<meta name=\"description\" content=\"Xometry Europe tilbyr CNC-Maskinering, 3D-Printing, Blikk og Spr\u00f8ytest\u00f8ping tjenester online. Last opp dine filer for et tilbud n\u00e5!\" \/>\n<meta name=\"robots\" content=\"index, follow, max-snippet:-1, max-image-preview:large, max-video-preview:-1\" \/>\n<link rel=\"canonical\" href=\"https:\/\/xometry.eu\/no\/\" \/>\n<meta property=\"og:locale\" content=\"nb_NO\" \/>\n<meta property=\"og:type\" content=\"article\" \/>\n<meta property=\"og:title\" content=\"Homepage\" \/>\n<meta property=\"og:description\" content=\"Xometry Europe tilbyr CNC-Maskinering, 3D-Printing, Blikk og Spr\u00f8ytest\u00f8ping tjenester online. Last opp dine filer for et tilbud n\u00e5!\" \/>\n<meta property=\"og:url\" content=\"https:\/\/xometry.eu\/no\/\" \/>\n<meta property=\"og:site_name\" content=\"Xometry Europe\" \/>\n<meta property=\"article:modified_time\" content=\"2026-03-13T16:50:32+00:00\" \/>\n<meta property=\"og:image\" content=\"http:\/\/xometry.eu\/wp-content\/uploads\/2023\/02\/EN-Main-page-1440x738.png\" \/>\n<meta name=\"twitter:card\" content=\"summary_large_image\" \/>\n<meta name=\"twitter:label1\" content=\"Ansl. lesetid\" \/>\n\t<meta name=\"twitter:data1\" content=\"2 minutter\" \/>\n<script type=\"application\/ld+json\" class=\"yoast-schema-graph\">{\"@context\":\"https:\\\/\\\/schema.org\",\"@graph\":[{\"@type\":\"WebPage\",\"@id\":\"https:\\\/\\\/xometry.eu\\\/no\\\/\",\"url\":\"https:\\\/\\\/xometry.eu\\\/no\\\/\",\"name\":\"Xometry Europe \u2013 Produksjonstjenester: CNC, Metallplater, 3D-Printing\",\"isPartOf\":{\"@id\":\"https:\\\/\\\/xometry.eu\\\/no\\\/#website\"},\"primaryImageOfPage\":{\"@id\":\"https:\\\/\\\/xometry.eu\\\/no\\\/#primaryimage\"},\"image\":{\"@id\":\"https:\\\/\\\/xometry.eu\\\/no\\\/#primaryimage\"},\"thumbnailUrl\":\"https:\\\/\\\/xometry.eu\\\/wp-content\\\/uploads\\\/2024\\\/02\\\/NO-Homepage-service-page.jpg\",\"datePublished\":\"2022-08-29T09:29:17+00:00\",\"dateModified\":\"2026-03-13T16:50:32+00:00\",\"description\":\"Xometry Europe tilbyr CNC-Maskinering, 3D-Printing, Blikk og Spr\u00f8ytest\u00f8ping tjenester online. Last opp dine filer for et tilbud n\u00e5!\",\"breadcrumb\":{\"@id\":\"https:\\\/\\\/xometry.eu\\\/no\\\/#breadcrumb\"},\"inLanguage\":\"nb-NO\",\"potentialAction\":[{\"@type\":\"ReadAction\",\"target\":[\"https:\\\/\\\/xometry.eu\\\/no\\\/\"]}]},{\"@type\":\"ImageObject\",\"inLanguage\":\"nb-NO\",\"@id\":\"https:\\\/\\\/xometry.eu\\\/no\\\/#primaryimage\",\"url\":\"https:\\\/\\\/xometry.eu\\\/wp-content\\\/uploads\\\/2024\\\/02\\\/NO-Homepage-service-page.jpg\",\"contentUrl\":\"https:\\\/\\\/xometry.eu\\\/wp-content\\\/uploads\\\/2024\\\/02\\\/NO-Homepage-service-page.jpg\",\"width\":2400,\"height\":1230},{\"@type\":\"BreadcrumbList\",\"@id\":\"https:\\\/\\\/xometry.eu\\\/no\\\/#breadcrumb\",\"itemListElement\":[{\"@type\":\"ListItem\",\"position\":1,\"name\":\"Home\",\"item\":\"https:\\\/\\\/xometry.eu\\\/no\\\/\"},{\"@type\":\"ListItem\",\"position\":2,\"name\":\"Homepage\"}]},{\"@type\":\"WebSite\",\"@id\":\"https:\\\/\\\/xometry.eu\\\/no\\\/#website\",\"url\":\"https:\\\/\\\/xometry.eu\\\/no\\\/\",\"name\":\"Xometry Europe\",\"description\":\"\",\"publisher\":{\"@id\":\"https:\\\/\\\/xometry.eu\\\/no\\\/#organization\"},\"potentialAction\":[{\"@type\":\"SearchAction\",\"target\":{\"@type\":\"EntryPoint\",\"urlTemplate\":\"https:\\\/\\\/xometry.eu\\\/no\\\/?s={search_term_string}\"},\"query-input\":{\"@type\":\"PropertyValueSpecification\",\"valueRequired\":true,\"valueName\":\"search_term_string\"}}],\"inLanguage\":\"nb-NO\"}]}<\/script>\n<!-- \/ Yoast SEO Premium plugin. -->","yoast_head_json":{"title":"Xometry Europe \u2013 Produksjonstjenester: CNC, Metallplater, 3D-Printing","description":"Xometry Europe tilbyr CNC-Maskinering, 3D-Printing, Blikk og Spr\u00f8ytest\u00f8ping tjenester online. Last opp dine filer for et tilbud n\u00e5!","robots":{"index":"index","follow":"follow","max-snippet":"max-snippet:-1","max-image-preview":"max-image-preview:large","max-video-preview":"max-video-preview:-1"},"canonical":"https:\/\/xometry.eu\/no\/","og_locale":"nb_NO","og_type":"article","og_title":"Homepage","og_description":"Xometry Europe tilbyr CNC-Maskinering, 3D-Printing, Blikk og Spr\u00f8ytest\u00f8ping tjenester online. Last opp dine filer for et tilbud n\u00e5!","og_url":"https:\/\/xometry.eu\/no\/","og_site_name":"Xometry Europe","article_modified_time":"2026-03-13T16:50:32+00:00","og_image":[{"url":"http:\/\/xometry.eu\/wp-content\/uploads\/2023\/02\/EN-Main-page-1440x738.png","type":"","width":"","height":""}],"twitter_card":"summary_large_image","twitter_misc":{"Ansl. lesetid":"2 minutter"},"schema":{"@context":"https:\/\/schema.org","@graph":[{"@type":"WebPage","@id":"https:\/\/xometry.eu\/no\/","url":"https:\/\/xometry.eu\/no\/","name":"Xometry Europe \u2013 Produksjonstjenester: CNC, Metallplater, 3D-Printing","isPartOf":{"@id":"https:\/\/xometry.eu\/no\/#website"},"primaryImageOfPage":{"@id":"https:\/\/xometry.eu\/no\/#primaryimage"},"image":{"@id":"https:\/\/xometry.eu\/no\/#primaryimage"},"thumbnailUrl":"https:\/\/xometry.eu\/wp-content\/uploads\/2024\/02\/NO-Homepage-service-page.jpg","datePublished":"2022-08-29T09:29:17+00:00","dateModified":"2026-03-13T16:50:32+00:00","description":"Xometry Europe tilbyr CNC-Maskinering, 3D-Printing, Blikk og Spr\u00f8ytest\u00f8ping tjenester online. Last opp dine filer for et tilbud n\u00e5!","breadcrumb":{"@id":"https:\/\/xometry.eu\/no\/#breadcrumb"},"inLanguage":"nb-NO","potentialAction":[{"@type":"ReadAction","target":["https:\/\/xometry.eu\/no\/"]}]},{"@type":"ImageObject","inLanguage":"nb-NO","@id":"https:\/\/xometry.eu\/no\/#primaryimage","url":"https:\/\/xometry.eu\/wp-content\/uploads\/2024\/02\/NO-Homepage-service-page.jpg","contentUrl":"https:\/\/xometry.eu\/wp-content\/uploads\/2024\/02\/NO-Homepage-service-page.jpg","width":2400,"height":1230},{"@type":"BreadcrumbList","@id":"https:\/\/xometry.eu\/no\/#breadcrumb","itemListElement":[{"@type":"ListItem","position":1,"name":"Home","item":"https:\/\/xometry.eu\/no\/"},{"@type":"ListItem","position":2,"name":"Homepage"}]},{"@type":"WebSite","@id":"https:\/\/xometry.eu\/no\/#website","url":"https:\/\/xometry.eu\/no\/","name":"Xometry Europe","description":"","publisher":{"@id":"https:\/\/xometry.eu\/no\/#organization"},"potentialAction":[{"@type":"SearchAction","target":{"@type":"EntryPoint","urlTemplate":"https:\/\/xometry.eu\/no\/?s={search_term_string}"},"query-input":{"@type":"PropertyValueSpecification","valueRequired":true,"valueName":"search_term_string"}}],"inLanguage":"nb-NO"}]}},"_links":{"self":[{"href":"https:\/\/xometry.eu\/no\/wp-json\/wp\/v2\/pages\/72751","targetHints":{"allow":["GET"]}}],"collection":[{"href":"https:\/\/xometry.eu\/no\/wp-json\/wp\/v2\/pages"}],"about":[{"href":"https:\/\/xometry.eu\/no\/wp-json\/wp\/v2\/types\/page"}],"author":[{"embeddable":true,"href":"https:\/\/xometry.eu\/no\/wp-json\/wp\/v2\/users\/10"}],"replies":[{"embeddable":true,"href":"https:\/\/xometry.eu\/no\/wp-json\/wp\/v2\/comments?post=72751"}],"version-history":[{"count":0,"href":"https:\/\/xometry.eu\/no\/wp-json\/wp\/v2\/pages\/72751\/revisions"}],"wp:featuredmedia":[{"embeddable":true,"href":"https:\/\/xometry.eu\/no\/wp-json\/wp\/v2\/media\/133617"}],"wp:attachment":[{"href":"https:\/\/xometry.eu\/no\/wp-json\/wp\/v2\/media?parent=72751"}],"curies":[{"name":"wp","href":"https:\/\/api.w.org\/{rel}","templated":true}]}}