{"id":72689,"date":"2022-08-26T16:33:19","date_gmt":"2022-08-26T14:33:19","guid":{"rendered":"https:\/\/xometry.eu\/?page_id=72689"},"modified":"2023-06-19T08:52:06","modified_gmt":"2023-06-19T06:52:06","slug":"personvernpolicy","status":"publish","type":"page","link":"https:\/\/xometry.eu\/no\/personvernpolicy\/","title":{"rendered":"Personvernpolicy"},"content":{"rendered":"\n<p><strong>Xometry Europe GmbH, Ada-Lovelace-Str. 9, 85521 Ottobrunn, Germany<\/strong><\/p>\n\n\n\n<p>De ansvarlige i betydningen av \u00a7\u00a7 3 Para. 7 og 4 Para. 3 av Personopplysningsloven [Bundesdatenschutzgesetz] er Xometry Europe GmbH, representert av dets Administrerende direkt\u00f8rer, Mr Albert Belousov og Mr Dmitry Kafidov, Ada-Lovelace-Str. 9, 85521 Ottobrunn, Germany.<\/p>\n\n\n\n<p>Vi innhenter og registrerer data mottatt fra v\u00e5re kunder og leverand\u00f8rer. Disse dataene omfatter personopplysninger til kunder og\/eller data til et selskap vi har et forretningsforhold til. Dette kan ogs\u00e5 inkludere bruksdata som IP-adresser.<\/p>\n\n\n\n<p>Disse dataene hjelper oss med \u00e5 oppfylle bestillinger mottatt fra v\u00e5re kunder til deres fordel. Det er n\u00f8dvendig at data fra kundene deles med bedriftene som utf\u00f8rer bestillinger p\u00e5 v\u00e5re vegne. Dette gjelder spesielt overf\u00f8ring av tegninger og\/eller konstruksjonsdiagram, samt objektbeskrivelser.<\/p>\n\n\n\n<p>Bortsett fra utf\u00f8ring av bestillinger, bruker vi ogs\u00e5 kundedata i forbindelse med tredjeparter som utf\u00f8rer oppdrag som levering av pakker, behandling av betaling, osv. I den grad slike tredjeparter mottar personopplysninger fra kunder og\/eller selskaper, vil denne informasjonen ikke spres videre.&nbsp;<\/p>\n\n\n\n<p>Kunden og\/eller selskapet har rett til \u00e5 motta, til enhver tid, uten spesiell \u00e5rsak, informasjon om deres data oppbevart i v\u00e5re systemer. Kunden og\/eller selskapet kan til enhver tid kreve blokkering, korrigering eller sletting av data innhentet av oss. Samtykkeerkl\u00e6ringen gitt til oss for innsamling av brukerdata kan trekkes tilbake n\u00e5r som helst, uten spesifikke \u00e5rsaker, ved \u00e5 kontakte den ansvarlige enheten.<\/p>\n\n\n\n<p>Vi har tatt omfattende tekniske- og drifts- sikkerhetstiltak for \u00e5 beskytte dine personopplysninger vi oppbevarer mot uautorisert tilgang og misbruk. V\u00e5re sikkerhetsprosedyrer for \u00e5 beskytte mot skade, \u00f8deleggelse og uautorisert tilgang evalueres regelmessig, og oppdateres i henhold til den nyeste teknologien.<\/p>\n\n\n\n<p>Vi lagrer kontrakt teksten og sender bestillingsinformasjon via e-post. Vilk\u00e5r og Betingelser kan vises n\u00e5r som helst p\u00e5 www.xometry.eu\/en\/conditions.<\/p>\n\n\n\n<p>Dette nettstedet inneholder lenker til eksterne sider. Hvis du klikker p\u00e5 disse lenkene, vil vanligvis IP-adressen ogs\u00e5 vises i tilgangsloggene til disse nettsidene. Denne databeskyttelseserkl\u00e6ringen er kun gyldig for dette nettstedet, og ikke for nettsted som tilh\u00f8rer tredjeparter.&nbsp;<\/p>\n\n\n\n<p>En cookie er et stykke data som lagres p\u00e5 brukerens datamaskin knyttet til informasjon om brukeren. Dette nettstedet kan bruke b\u00e5de \u00f8kt-ID cookies og vedvarende cookies. \u00d8kt-ID cookies vil slettes n\u00e5r du har lukket nettleseren og logget ut. For vedvarende cookies vil en liten tekstfil lagres p\u00e5 din datamaskins harddisk i en lengre periode. Hjelpefilen i nettleseren din inneholder informasjon og instruksjoner om hvordan du kan fjerne vedvarende cookies.<\/p>\n\n\n\n<h2 class=\"wp-block-heading\" id=\"h-google-analytics\"><strong>Google Analytics<\/strong><\/h2>\n\n\n\n<p>Dette nettstedet bruker Google Analytics, en webanalyse-tjeneste fra Google, Inc. (Google). Google Analytics bruker cookies, som er tekstfiler lagret p\u00e5 din datamaskin, for \u00e5 hjelpe nettstedet \u00e5 analysere hvordan brukere bruker siden. Informasjonen generert av cookies om din bruk av nettstedet (inkludert din IP-adresse), vil bli overf\u00f8rt til og lagret av Google\u2019s servere i USA. I tilfelle aktivering av IP-adresse-anonymisering, vil Google avkorte\/anonymisere den siste delen av IP-adressen for medlemsland i EU, i tillegg til andre parter i avtalen med europeiske \u00f8konomiske samarbeidsomr\u00e5det (EFTA). Kun i unntakstilfeller sendes hele IP-adressen og forkortes av Google sine servere i USA. P\u00e5 vegne av nettstedsleverand\u00f8ren vil Google bruke denne informasjonen for vurdering av ditt bruk av nettsiden, f\u00f8re rapporter om aktivitet p\u00e5 nettstedet for operat\u00f8rer, og andre tjenester relatert til nettstedsaktivitet og internettbruk til nettstedsleverand\u00f8ren. Google vil ikke assosiere din IP-adresse med annen data oppbevart av Google. Du kan avvise bruk av cookies ved \u00e5 velge dette i innstillingene i din nettleser. V\u00e6r imidlertid oppmerksom p\u00e5 at dersom du gj\u00f8r dette, kan det v\u00e6re at du ikke f\u00e5r bruke alle funksjoner p\u00e5 nettstedet. Du kan ogs\u00e5 forhindre Googles innsamling og bruk av data (cookies og IP-adresse) ved \u00e5 laste ned browser plug-in tilgjengelig p\u00e5 https:\/\/tools.google.com\/dlpage\/gaoptout?hl=en-GB.<\/p>\n\n\n\n<p>For mer informasjon om vilk\u00e5r og betingelser og personvern finner du p\u00e5 http:\/\/www.google.com\/analytics\/terms\/gb.html. Vennligst merk at p\u00e5 dette nettstedet er Google Analytics-koden supplementert med gat._anonymizeIp(); for \u00e5 sikre en anonym innsamling av IP-adresse (ogs\u00e5 kjent som IP-masking). Kilde (http:\/\/www.datenschutzbeauftragter-info.de)<\/p>\n\n\n\n<h2 class=\"wp-block-heading\" id=\"h-amplitude\"><strong>Amplitude<\/strong><\/h2>\n\n\n\n<p>En spesifikk del av denne nettsiden ( \u201cPartners Area\u201d ) bruker Amplitude web analytics levert av Amplitude, Inc., 501 2nd Street, Suite 100, San Francisco, CA 94107, USA (heretter referert til som \u201cAmplitude\u201d).<\/p>\n\n\n\n<p>Amplitude bruker \u201ccookies\u201d, sm\u00e5 tekstfiler lagret p\u00e5 brukerens datamaskin for \u00e5 analysere brukeraktivitet. Informasjonen samles kun inn i \u201cPartners Area\u201d hvor alle brukere autoriseres med deres innlogging og passord. Identiteten din (selskapets navn, brukernavn og e-postadresse) lagres sammen med dine handlinger i \u201cPartners Area\u201d delen av nettsiden, for \u00e5 kunne unders\u00f8ke UX og forbedre v\u00e5rt nettsteds ytelse.&nbsp;<\/p>\n\n\n\n<p>Informasjonen om ditt bruk av nettsiden innsamlet av cookies sendes til Amplitude og lagres p\u00e5 deres servere i EU og USA. Amplitude behandler denne informasjonen for \u00e5 analysere hvordan du bruker nettsiden, utf\u00f8re rapporter om driften av nettstedet v\u00e5rt, og tilby andre tjenester. Amplitude behandler denne informasjonen som spesifisert i Vilk\u00e5rene for Bruk for Amplitude Service.&nbsp;<\/p>\n\n\n\n<p>Ingen andre deler av nettstedet v\u00e5rt, bortsett fra Partners Area, innhenter noe data med Amplitude Service. Ved \u00e5 bruke Partners Area-delen av dette nettstedet, godtar du at Amplitude kan behandle din data p\u00e5 ovennevnte m\u00e5te og form\u00e5l.&nbsp;<\/p>\n\n\n\n<h2 class=\"wp-block-heading\" id=\"h-lead-forensics\"><strong>Lead Forensics<\/strong><\/h2>\n\n\n\n<p>Vi bruker en tredjeparts cookie, kalt _lfuuid. Informasjonskapselen aksepteres eller avvises i samtykke-banneren som popper opp n\u00e5r du f\u00f8rst bes\u00f8ker v\u00e5rt nettsted. Cookies lar et nettsted spore bes\u00f8kendes atferd p\u00e5 siden som cookie er installert. Sporingen gj\u00f8res anonymt frem til brukeren identifiseres ved \u00e5 godkjenne og sende inn skjemaet. En Cookie er gyldig i 10 \u00e5r f\u00f8r den utl\u00f8per.<\/p>\n","protected":false},"excerpt":{"rendered":"<p>Xometry Europe GmbH, Ada-Lovelace-Str. 9, 85521 Ottobrunn, Germany De ansvarlige i betydningen av \u00a7\u00a7 3 Para. 7 og 4 Para. 3 av Personopplysningsloven [Bundesdatenschutzgesetz] er Xometry Europe GmbH, representert av dets Administrerende direkt\u00f8rer, Mr Albert Belousov og Mr Dmitry Kafidov, Ada-Lovelace-Str. 9, 85521 Ottobrunn, Germany. Vi innhenter og registrerer data mottatt fra v\u00e5re kunder og [&hellip;]<\/p>\n","protected":false},"author":10,"featured_media":56504,"parent":0,"menu_order":0,"comment_status":"closed","ping_status":"closed","template":"template-custom.php","meta":{"_acf_changed":false,"inline_featured_image":false,"footnotes":""},"class_list":["post-72689","page","type-page","status-publish","has-post-thumbnail","hentry"],"acf":[],"yoast_head":"<!-- This site is optimized with the Yoast SEO Premium plugin v20.5 (Yoast SEO v27.3) - https:\/\/yoast.com\/product\/yoast-seo-premium-wordpress\/ -->\n<title>Personvernpolicy (GDPR) | Xometry Europe<\/title>\n<meta name=\"description\" content=\"Vi innhenter og registrerer data fra v\u00e5re kunder og leverand\u00f8rer via Google Analytics, Yandex Metric, Amplitude og Lead Forensics.\" \/>\n<meta name=\"robots\" content=\"index, follow, max-snippet:-1, max-image-preview:large, max-video-preview:-1\" \/>\n<link rel=\"canonical\" href=\"https:\/\/xometry.eu\/no\/personvernpolicy\/\" \/>\n<meta property=\"og:locale\" content=\"nb_NO\" \/>\n<meta property=\"og:type\" content=\"article\" \/>\n<meta property=\"og:title\" content=\"Personvernpolicy\" \/>\n<meta property=\"og:description\" content=\"Vi innhenter og registrerer data fra v\u00e5re kunder og leverand\u00f8rer via Google Analytics, Yandex Metric, Amplitude og Lead Forensics.\" \/>\n<meta property=\"og:url\" content=\"https:\/\/xometry.eu\/no\/personvernpolicy\/\" \/>\n<meta property=\"og:site_name\" content=\"Xometry Europe\" \/>\n<meta property=\"article:modified_time\" content=\"2023-06-19T06:52:06+00:00\" \/>\n<meta property=\"og:image\" content=\"https:\/\/xometry.eu\/wp-content\/uploads\/2020\/05\/homepage-header.png\" \/>\n\t<meta property=\"og:image:width\" content=\"2880\" \/>\n\t<meta property=\"og:image:height\" content=\"1230\" \/>\n\t<meta property=\"og:image:type\" content=\"image\/png\" \/>\n<meta name=\"twitter:card\" content=\"summary_large_image\" \/>\n<meta name=\"twitter:label1\" content=\"Ansl. lesetid\" \/>\n\t<meta name=\"twitter:data1\" content=\"4 minutter\" \/>\n<script type=\"application\/ld+json\" class=\"yoast-schema-graph\">{\"@context\":\"https:\\\/\\\/schema.org\",\"@graph\":[{\"@type\":\"WebPage\",\"@id\":\"https:\\\/\\\/xometry.eu\\\/no\\\/personvernpolicy\\\/\",\"url\":\"https:\\\/\\\/xometry.eu\\\/no\\\/personvernpolicy\\\/\",\"name\":\"Personvernpolicy (GDPR) | Xometry Europe\",\"isPartOf\":{\"@id\":\"https:\\\/\\\/xometry.eu\\\/no\\\/#website\"},\"primaryImageOfPage\":{\"@id\":\"https:\\\/\\\/xometry.eu\\\/no\\\/personvernpolicy\\\/#primaryimage\"},\"image\":{\"@id\":\"https:\\\/\\\/xometry.eu\\\/no\\\/personvernpolicy\\\/#primaryimage\"},\"thumbnailUrl\":\"https:\\\/\\\/xometry.eu\\\/wp-content\\\/uploads\\\/2020\\\/05\\\/homepage-header.png\",\"datePublished\":\"2022-08-26T14:33:19+00:00\",\"dateModified\":\"2023-06-19T06:52:06+00:00\",\"description\":\"Vi innhenter og registrerer data fra v\u00e5re kunder og leverand\u00f8rer via Google Analytics, Yandex Metric, Amplitude og Lead Forensics.\",\"breadcrumb\":{\"@id\":\"https:\\\/\\\/xometry.eu\\\/no\\\/personvernpolicy\\\/#breadcrumb\"},\"inLanguage\":\"nb-NO\",\"potentialAction\":[{\"@type\":\"ReadAction\",\"target\":[\"https:\\\/\\\/xometry.eu\\\/no\\\/personvernpolicy\\\/\"]}]},{\"@type\":\"ImageObject\",\"inLanguage\":\"nb-NO\",\"@id\":\"https:\\\/\\\/xometry.eu\\\/no\\\/personvernpolicy\\\/#primaryimage\",\"url\":\"https:\\\/\\\/xometry.eu\\\/wp-content\\\/uploads\\\/2020\\\/05\\\/homepage-header.png\",\"contentUrl\":\"https:\\\/\\\/xometry.eu\\\/wp-content\\\/uploads\\\/2020\\\/05\\\/homepage-header.png\",\"width\":2880,\"height\":1230,\"caption\":\"engineer examining a metal part\"},{\"@type\":\"BreadcrumbList\",\"@id\":\"https:\\\/\\\/xometry.eu\\\/no\\\/personvernpolicy\\\/#breadcrumb\",\"itemListElement\":[{\"@type\":\"ListItem\",\"position\":1,\"name\":\"Home\",\"item\":\"https:\\\/\\\/xometry.eu\\\/no\\\/\"},{\"@type\":\"ListItem\",\"position\":2,\"name\":\"Personvernpolicy\"}]},{\"@type\":\"WebSite\",\"@id\":\"https:\\\/\\\/xometry.eu\\\/no\\\/#website\",\"url\":\"https:\\\/\\\/xometry.eu\\\/no\\\/\",\"name\":\"Xometry Europe\",\"description\":\"\",\"publisher\":{\"@id\":\"https:\\\/\\\/xometry.eu\\\/no\\\/#organization\"},\"potentialAction\":[{\"@type\":\"SearchAction\",\"target\":{\"@type\":\"EntryPoint\",\"urlTemplate\":\"https:\\\/\\\/xometry.eu\\\/no\\\/?s={search_term_string}\"},\"query-input\":{\"@type\":\"PropertyValueSpecification\",\"valueRequired\":true,\"valueName\":\"search_term_string\"}}],\"inLanguage\":\"nb-NO\"}]}<\/script>\n<!-- \/ Yoast SEO Premium plugin. -->","yoast_head_json":{"title":"Personvernpolicy (GDPR) | Xometry Europe","description":"Vi innhenter og registrerer data fra v\u00e5re kunder og leverand\u00f8rer via Google Analytics, Yandex Metric, Amplitude og Lead Forensics.","robots":{"index":"index","follow":"follow","max-snippet":"max-snippet:-1","max-image-preview":"max-image-preview:large","max-video-preview":"max-video-preview:-1"},"canonical":"https:\/\/xometry.eu\/no\/personvernpolicy\/","og_locale":"nb_NO","og_type":"article","og_title":"Personvernpolicy","og_description":"Vi innhenter og registrerer data fra v\u00e5re kunder og leverand\u00f8rer via Google Analytics, Yandex Metric, Amplitude og Lead Forensics.","og_url":"https:\/\/xometry.eu\/no\/personvernpolicy\/","og_site_name":"Xometry Europe","article_modified_time":"2023-06-19T06:52:06+00:00","og_image":[{"width":2880,"height":1230,"url":"https:\/\/xometry.eu\/wp-content\/uploads\/2020\/05\/homepage-header.png","type":"image\/png"}],"twitter_card":"summary_large_image","twitter_misc":{"Ansl. lesetid":"4 minutter"},"schema":{"@context":"https:\/\/schema.org","@graph":[{"@type":"WebPage","@id":"https:\/\/xometry.eu\/no\/personvernpolicy\/","url":"https:\/\/xometry.eu\/no\/personvernpolicy\/","name":"Personvernpolicy (GDPR) | Xometry Europe","isPartOf":{"@id":"https:\/\/xometry.eu\/no\/#website"},"primaryImageOfPage":{"@id":"https:\/\/xometry.eu\/no\/personvernpolicy\/#primaryimage"},"image":{"@id":"https:\/\/xometry.eu\/no\/personvernpolicy\/#primaryimage"},"thumbnailUrl":"https:\/\/xometry.eu\/wp-content\/uploads\/2020\/05\/homepage-header.png","datePublished":"2022-08-26T14:33:19+00:00","dateModified":"2023-06-19T06:52:06+00:00","description":"Vi innhenter og registrerer data fra v\u00e5re kunder og leverand\u00f8rer via Google Analytics, Yandex Metric, Amplitude og Lead Forensics.","breadcrumb":{"@id":"https:\/\/xometry.eu\/no\/personvernpolicy\/#breadcrumb"},"inLanguage":"nb-NO","potentialAction":[{"@type":"ReadAction","target":["https:\/\/xometry.eu\/no\/personvernpolicy\/"]}]},{"@type":"ImageObject","inLanguage":"nb-NO","@id":"https:\/\/xometry.eu\/no\/personvernpolicy\/#primaryimage","url":"https:\/\/xometry.eu\/wp-content\/uploads\/2020\/05\/homepage-header.png","contentUrl":"https:\/\/xometry.eu\/wp-content\/uploads\/2020\/05\/homepage-header.png","width":2880,"height":1230,"caption":"engineer examining a metal part"},{"@type":"BreadcrumbList","@id":"https:\/\/xometry.eu\/no\/personvernpolicy\/#breadcrumb","itemListElement":[{"@type":"ListItem","position":1,"name":"Home","item":"https:\/\/xometry.eu\/no\/"},{"@type":"ListItem","position":2,"name":"Personvernpolicy"}]},{"@type":"WebSite","@id":"https:\/\/xometry.eu\/no\/#website","url":"https:\/\/xometry.eu\/no\/","name":"Xometry Europe","description":"","publisher":{"@id":"https:\/\/xometry.eu\/no\/#organization"},"potentialAction":[{"@type":"SearchAction","target":{"@type":"EntryPoint","urlTemplate":"https:\/\/xometry.eu\/no\/?s={search_term_string}"},"query-input":{"@type":"PropertyValueSpecification","valueRequired":true,"valueName":"search_term_string"}}],"inLanguage":"nb-NO"}]}},"_links":{"self":[{"href":"https:\/\/xometry.eu\/no\/wp-json\/wp\/v2\/pages\/72689","targetHints":{"allow":["GET"]}}],"collection":[{"href":"https:\/\/xometry.eu\/no\/wp-json\/wp\/v2\/pages"}],"about":[{"href":"https:\/\/xometry.eu\/no\/wp-json\/wp\/v2\/types\/page"}],"author":[{"embeddable":true,"href":"https:\/\/xometry.eu\/no\/wp-json\/wp\/v2\/users\/10"}],"replies":[{"embeddable":true,"href":"https:\/\/xometry.eu\/no\/wp-json\/wp\/v2\/comments?post=72689"}],"version-history":[{"count":0,"href":"https:\/\/xometry.eu\/no\/wp-json\/wp\/v2\/pages\/72689\/revisions"}],"wp:featuredmedia":[{"embeddable":true,"href":"https:\/\/xometry.eu\/no\/wp-json\/wp\/v2\/media\/56504"}],"wp:attachment":[{"href":"https:\/\/xometry.eu\/no\/wp-json\/wp\/v2\/media?parent=72689"}],"curies":[{"name":"wp","href":"https:\/\/api.w.org\/{rel}","templated":true}]}}