{"id":72245,"date":"2022-08-25T14:55:21","date_gmt":"2022-08-25T12:55:21","guid":{"rendered":"https:\/\/xometry.eu\/?page_id=72245"},"modified":"2026-02-13T16:14:36","modified_gmt":"2026-02-13T14:14:36","slug":"stereolitografi-sla","status":"publish","type":"page","link":"https:\/\/xometry.eu\/no\/stereolitografi-sla\/","title":{"rendered":"Stereolitografi (SLA)"},"content":{"rendered":"","protected":false},"excerpt":{"rendered":"","protected":false},"author":10,"featured_media":133927,"parent":0,"menu_order":0,"comment_status":"closed","ping_status":"closed","template":"","meta":{"_acf_changed":false,"inline_featured_image":false,"footnotes":""},"class_list":["post-72245","page","type-page","status-publish","has-post-thumbnail","hentry"],"acf":[],"yoast_head":"<!-- This site is optimized with the Yoast SEO Premium plugin v20.5 (Yoast SEO v27.1.1) - https:\/\/yoast.com\/product\/yoast-seo-premium-wordpress\/ -->\n<title>SLA 3D-Printing Tjenester Online | Xometry Europe<\/title>\n<meta name=\"description\" content=\"F\u00f8rsteklasses Stereolitografi (SLA) 3D-Printing tjenester: prototyper og seriedeler. Last opp dine 3D-modeller og f\u00e5 et tilbud n\u00e5!\" \/>\n<meta name=\"robots\" content=\"index, follow, max-snippet:-1, max-image-preview:large, max-video-preview:-1\" \/>\n<link rel=\"canonical\" href=\"https:\/\/xometry.eu\/no\/stereolitografi-sla\/\" \/>\n<meta property=\"og:locale\" content=\"nb_NO\" \/>\n<meta property=\"og:type\" content=\"article\" \/>\n<meta property=\"og:title\" content=\"Stereolitografi (SLA)\" \/>\n<meta property=\"og:description\" content=\"F\u00f8rsteklasses Stereolitografi (SLA) 3D-Printing tjenester: prototyper og seriedeler. Last opp dine 3D-modeller og f\u00e5 et tilbud n\u00e5!\" \/>\n<meta property=\"og:url\" content=\"https:\/\/xometry.eu\/no\/stereolitografi-sla\/\" \/>\n<meta property=\"og:site_name\" content=\"Xometry Europe\" \/>\n<meta property=\"article:modified_time\" content=\"2026-02-13T14:14:36+00:00\" \/>\n<meta property=\"og:image\" content=\"http:\/\/xometry.eu\/wp-content\/uploads\/2023\/02\/EN-SLA-service-page-1440x738.jpg\" \/>\n<meta name=\"twitter:card\" content=\"summary_large_image\" \/>\n<meta name=\"twitter:image\" content=\"https:\/\/xometry.de\/wp-content\/uploads\/2020\/08\/sla-3d-printing-services.jpg\" \/>\n<script type=\"application\/ld+json\" class=\"yoast-schema-graph\">{\"@context\":\"https:\/\/schema.org\",\"@graph\":[{\"@type\":\"WebPage\",\"@id\":\"https:\/\/xometry.eu\/no\/stereolitografi-sla\/\",\"url\":\"https:\/\/xometry.eu\/no\/stereolitografi-sla\/\",\"name\":\"SLA 3D-Printing Tjenester Online | Xometry Europe\",\"isPartOf\":{\"@id\":\"https:\/\/xometry.eu\/no\/#website\"},\"primaryImageOfPage\":{\"@id\":\"https:\/\/xometry.eu\/no\/stereolitografi-sla\/#primaryimage\"},\"image\":{\"@id\":\"https:\/\/xometry.eu\/no\/stereolitografi-sla\/#primaryimage\"},\"thumbnailUrl\":\"https:\/\/xometry.eu\/wp-content\/uploads\/2024\/02\/NO-SLA-service-page.jpg\",\"datePublished\":\"2022-08-25T12:55:21+00:00\",\"dateModified\":\"2026-02-13T14:14:36+00:00\",\"description\":\"F\u00f8rsteklasses Stereolitografi (SLA) 3D-Printing tjenester: prototyper og seriedeler. Last opp dine 3D-modeller og f\u00e5 et tilbud n\u00e5!\",\"breadcrumb\":{\"@id\":\"https:\/\/xometry.eu\/no\/stereolitografi-sla\/#breadcrumb\"},\"inLanguage\":\"nb-NO\",\"potentialAction\":[{\"@type\":\"ReadAction\",\"target\":[\"https:\/\/xometry.eu\/no\/stereolitografi-sla\/\"]}]},{\"@type\":\"ImageObject\",\"inLanguage\":\"nb-NO\",\"@id\":\"https:\/\/xometry.eu\/no\/stereolitografi-sla\/#primaryimage\",\"url\":\"https:\/\/xometry.eu\/wp-content\/uploads\/2024\/02\/NO-SLA-service-page.jpg\",\"contentUrl\":\"https:\/\/xometry.eu\/wp-content\/uploads\/2024\/02\/NO-SLA-service-page.jpg\",\"width\":2400,\"height\":1230},{\"@type\":\"BreadcrumbList\",\"@id\":\"https:\/\/xometry.eu\/no\/stereolitografi-sla\/#breadcrumb\",\"itemListElement\":[{\"@type\":\"ListItem\",\"position\":1,\"name\":\"Home\",\"item\":\"https:\/\/xometry.eu\/no\/\"},{\"@type\":\"ListItem\",\"position\":2,\"name\":\"Stereolitografi (SLA)\"}]},{\"@type\":\"WebSite\",\"@id\":\"https:\/\/xometry.eu\/no\/#website\",\"url\":\"https:\/\/xometry.eu\/no\/\",\"name\":\"Xometry Europe\",\"description\":\"\",\"publisher\":{\"@id\":\"https:\/\/xometry.eu\/no\/#organization\"},\"potentialAction\":[{\"@type\":\"SearchAction\",\"target\":{\"@type\":\"EntryPoint\",\"urlTemplate\":\"https:\/\/xometry.eu\/no\/?s={search_term_string}\"},\"query-input\":{\"@type\":\"PropertyValueSpecification\",\"valueRequired\":true,\"valueName\":\"search_term_string\"}}],\"inLanguage\":\"nb-NO\"}]}<\/script>\n<!-- \/ Yoast SEO Premium plugin. -->","yoast_head_json":{"title":"SLA 3D-Printing Tjenester Online | Xometry Europe","description":"F\u00f8rsteklasses Stereolitografi (SLA) 3D-Printing tjenester: prototyper og seriedeler. Last opp dine 3D-modeller og f\u00e5 et tilbud n\u00e5!","robots":{"index":"index","follow":"follow","max-snippet":"max-snippet:-1","max-image-preview":"max-image-preview:large","max-video-preview":"max-video-preview:-1"},"canonical":"https:\/\/xometry.eu\/no\/stereolitografi-sla\/","og_locale":"nb_NO","og_type":"article","og_title":"Stereolitografi (SLA)","og_description":"F\u00f8rsteklasses Stereolitografi (SLA) 3D-Printing tjenester: prototyper og seriedeler. Last opp dine 3D-modeller og f\u00e5 et tilbud n\u00e5!","og_url":"https:\/\/xometry.eu\/no\/stereolitografi-sla\/","og_site_name":"Xometry Europe","article_modified_time":"2026-02-13T14:14:36+00:00","og_image":[{"url":"http:\/\/xometry.eu\/wp-content\/uploads\/2023\/02\/EN-SLA-service-page-1440x738.jpg","type":"","width":"","height":""}],"twitter_card":"summary_large_image","twitter_image":"https:\/\/xometry.de\/wp-content\/uploads\/2020\/08\/sla-3d-printing-services.jpg","schema":{"@context":"https:\/\/schema.org","@graph":[{"@type":"WebPage","@id":"https:\/\/xometry.eu\/no\/stereolitografi-sla\/","url":"https:\/\/xometry.eu\/no\/stereolitografi-sla\/","name":"SLA 3D-Printing Tjenester Online | Xometry Europe","isPartOf":{"@id":"https:\/\/xometry.eu\/no\/#website"},"primaryImageOfPage":{"@id":"https:\/\/xometry.eu\/no\/stereolitografi-sla\/#primaryimage"},"image":{"@id":"https:\/\/xometry.eu\/no\/stereolitografi-sla\/#primaryimage"},"thumbnailUrl":"https:\/\/xometry.eu\/wp-content\/uploads\/2024\/02\/NO-SLA-service-page.jpg","datePublished":"2022-08-25T12:55:21+00:00","dateModified":"2026-02-13T14:14:36+00:00","description":"F\u00f8rsteklasses Stereolitografi (SLA) 3D-Printing tjenester: prototyper og seriedeler. Last opp dine 3D-modeller og f\u00e5 et tilbud n\u00e5!","breadcrumb":{"@id":"https:\/\/xometry.eu\/no\/stereolitografi-sla\/#breadcrumb"},"inLanguage":"nb-NO","potentialAction":[{"@type":"ReadAction","target":["https:\/\/xometry.eu\/no\/stereolitografi-sla\/"]}]},{"@type":"ImageObject","inLanguage":"nb-NO","@id":"https:\/\/xometry.eu\/no\/stereolitografi-sla\/#primaryimage","url":"https:\/\/xometry.eu\/wp-content\/uploads\/2024\/02\/NO-SLA-service-page.jpg","contentUrl":"https:\/\/xometry.eu\/wp-content\/uploads\/2024\/02\/NO-SLA-service-page.jpg","width":2400,"height":1230},{"@type":"BreadcrumbList","@id":"https:\/\/xometry.eu\/no\/stereolitografi-sla\/#breadcrumb","itemListElement":[{"@type":"ListItem","position":1,"name":"Home","item":"https:\/\/xometry.eu\/no\/"},{"@type":"ListItem","position":2,"name":"Stereolitografi (SLA)"}]},{"@type":"WebSite","@id":"https:\/\/xometry.eu\/no\/#website","url":"https:\/\/xometry.eu\/no\/","name":"Xometry Europe","description":"","publisher":{"@id":"https:\/\/xometry.eu\/no\/#organization"},"potentialAction":[{"@type":"SearchAction","target":{"@type":"EntryPoint","urlTemplate":"https:\/\/xometry.eu\/no\/?s={search_term_string}"},"query-input":{"@type":"PropertyValueSpecification","valueRequired":true,"valueName":"search_term_string"}}],"inLanguage":"nb-NO"}]}},"_links":{"self":[{"href":"https:\/\/xometry.eu\/no\/wp-json\/wp\/v2\/pages\/72245","targetHints":{"allow":["GET"]}}],"collection":[{"href":"https:\/\/xometry.eu\/no\/wp-json\/wp\/v2\/pages"}],"about":[{"href":"https:\/\/xometry.eu\/no\/wp-json\/wp\/v2\/types\/page"}],"author":[{"embeddable":true,"href":"https:\/\/xometry.eu\/no\/wp-json\/wp\/v2\/users\/10"}],"replies":[{"embeddable":true,"href":"https:\/\/xometry.eu\/no\/wp-json\/wp\/v2\/comments?post=72245"}],"version-history":[{"count":2,"href":"https:\/\/xometry.eu\/no\/wp-json\/wp\/v2\/pages\/72245\/revisions"}],"predecessor-version":[{"id":170169,"href":"https:\/\/xometry.eu\/no\/wp-json\/wp\/v2\/pages\/72245\/revisions\/170169"}],"wp:featuredmedia":[{"embeddable":true,"href":"https:\/\/xometry.eu\/no\/wp-json\/wp\/v2\/media\/133927"}],"wp:attachment":[{"href":"https:\/\/xometry.eu\/no\/wp-json\/wp\/v2\/media?parent=72245"}],"curies":[{"name":"wp","href":"https:\/\/api.w.org\/{rel}","templated":true}]}}