{"id":72221,"date":"2022-08-25T14:09:48","date_gmt":"2022-08-25T12:09:48","guid":{"rendered":"https:\/\/xometry.eu\/?page_id=72221"},"modified":"2026-02-05T14:06:56","modified_gmt":"2026-02-05T12:06:56","slug":"fused-deposition-modeling-fdm","status":"publish","type":"page","link":"https:\/\/xometry.eu\/no\/fused-deposition-modeling-fdm\/","title":{"rendered":"Fused Deposition Modeling (FDM)"},"content":{"rendered":"","protected":false},"excerpt":{"rendered":"","protected":false},"author":10,"featured_media":133860,"parent":0,"menu_order":0,"comment_status":"closed","ping_status":"closed","template":"","meta":{"_acf_changed":false,"inline_featured_image":false,"footnotes":""},"class_list":["post-72221","page","type-page","status-publish","has-post-thumbnail","hentry"],"acf":[],"yoast_head":"<!-- This site is optimized with the Yoast SEO Premium plugin v20.5 (Yoast SEO v27.3) - https:\/\/yoast.com\/product\/yoast-seo-premium-wordpress\/ -->\n<title>FDM 3D-Printing Tjenester Online | 3 Dagers Produksjon | Xometry Europe<\/title>\n<meta name=\"description\" content=\"F\u00f8rsteklasses FDM 3D-Printing tjenester: prototyper og serier med deler. Last opp dine 3D-modeller og f\u00e5 et tilbud n\u00e5!\" \/>\n<meta name=\"robots\" content=\"index, follow, max-snippet:-1, max-image-preview:large, max-video-preview:-1\" \/>\n<link rel=\"canonical\" href=\"https:\/\/xometry.eu\/no\/fused-deposition-modeling-fdm\/\" \/>\n<meta property=\"og:locale\" content=\"nb_NO\" \/>\n<meta property=\"og:type\" content=\"article\" \/>\n<meta property=\"og:title\" content=\"Fused Deposition Modeling (FDM)\" \/>\n<meta property=\"og:description\" content=\"F\u00f8rsteklasses FDM 3D-Printing tjenester: prototyper og serier med deler. Last opp dine 3D-modeller og f\u00e5 et tilbud n\u00e5!\" \/>\n<meta property=\"og:url\" content=\"https:\/\/xometry.eu\/no\/fused-deposition-modeling-fdm\/\" \/>\n<meta property=\"og:site_name\" content=\"Xometry Europe\" \/>\n<meta property=\"article:modified_time\" content=\"2026-02-05T12:06:56+00:00\" \/>\n<meta property=\"og:image\" content=\"http:\/\/xometry.eu\/wp-content\/uploads\/2023\/02\/EN-FDM-service-page-1440x737.jpg\" \/>\n<meta name=\"twitter:card\" content=\"summary_large_image\" \/>\n<meta name=\"twitter:image\" content=\"https:\/\/xometry.de\/wp-content\/uploads\/2020\/08\/fdm-3d-printing-services.jpg\" \/>\n<script type=\"application\/ld+json\" class=\"yoast-schema-graph\">{\"@context\":\"https:\\\/\\\/schema.org\",\"@graph\":[{\"@type\":\"WebPage\",\"@id\":\"https:\\\/\\\/xometry.eu\\\/no\\\/fused-deposition-modeling-fdm\\\/\",\"url\":\"https:\\\/\\\/xometry.eu\\\/no\\\/fused-deposition-modeling-fdm\\\/\",\"name\":\"FDM 3D-Printing Tjenester Online | 3 Dagers Produksjon | Xometry Europe\",\"isPartOf\":{\"@id\":\"https:\\\/\\\/xometry.eu\\\/no\\\/#website\"},\"primaryImageOfPage\":{\"@id\":\"https:\\\/\\\/xometry.eu\\\/no\\\/fused-deposition-modeling-fdm\\\/#primaryimage\"},\"image\":{\"@id\":\"https:\\\/\\\/xometry.eu\\\/no\\\/fused-deposition-modeling-fdm\\\/#primaryimage\"},\"thumbnailUrl\":\"https:\\\/\\\/xometry.eu\\\/wp-content\\\/uploads\\\/2024\\\/02\\\/NO-FDM-service-page.jpg\",\"datePublished\":\"2022-08-25T12:09:48+00:00\",\"dateModified\":\"2026-02-05T12:06:56+00:00\",\"description\":\"F\u00f8rsteklasses FDM 3D-Printing tjenester: prototyper og serier med deler. Last opp dine 3D-modeller og f\u00e5 et tilbud n\u00e5!\",\"breadcrumb\":{\"@id\":\"https:\\\/\\\/xometry.eu\\\/no\\\/fused-deposition-modeling-fdm\\\/#breadcrumb\"},\"inLanguage\":\"nb-NO\",\"potentialAction\":[{\"@type\":\"ReadAction\",\"target\":[\"https:\\\/\\\/xometry.eu\\\/no\\\/fused-deposition-modeling-fdm\\\/\"]}]},{\"@type\":\"ImageObject\",\"inLanguage\":\"nb-NO\",\"@id\":\"https:\\\/\\\/xometry.eu\\\/no\\\/fused-deposition-modeling-fdm\\\/#primaryimage\",\"url\":\"https:\\\/\\\/xometry.eu\\\/wp-content\\\/uploads\\\/2024\\\/02\\\/NO-FDM-service-page.jpg\",\"contentUrl\":\"https:\\\/\\\/xometry.eu\\\/wp-content\\\/uploads\\\/2024\\\/02\\\/NO-FDM-service-page.jpg\",\"width\":2400,\"height\":1229},{\"@type\":\"BreadcrumbList\",\"@id\":\"https:\\\/\\\/xometry.eu\\\/no\\\/fused-deposition-modeling-fdm\\\/#breadcrumb\",\"itemListElement\":[{\"@type\":\"ListItem\",\"position\":1,\"name\":\"Home\",\"item\":\"https:\\\/\\\/xometry.eu\\\/no\\\/\"},{\"@type\":\"ListItem\",\"position\":2,\"name\":\"Fused Deposition Modeling (FDM)\"}]},{\"@type\":\"WebSite\",\"@id\":\"https:\\\/\\\/xometry.eu\\\/no\\\/#website\",\"url\":\"https:\\\/\\\/xometry.eu\\\/no\\\/\",\"name\":\"Xometry Europe\",\"description\":\"\",\"publisher\":{\"@id\":\"https:\\\/\\\/xometry.eu\\\/no\\\/#organization\"},\"potentialAction\":[{\"@type\":\"SearchAction\",\"target\":{\"@type\":\"EntryPoint\",\"urlTemplate\":\"https:\\\/\\\/xometry.eu\\\/no\\\/?s={search_term_string}\"},\"query-input\":{\"@type\":\"PropertyValueSpecification\",\"valueRequired\":true,\"valueName\":\"search_term_string\"}}],\"inLanguage\":\"nb-NO\"}]}<\/script>\n<!-- \/ Yoast SEO Premium plugin. -->","yoast_head_json":{"title":"FDM 3D-Printing Tjenester Online | 3 Dagers Produksjon | Xometry Europe","description":"F\u00f8rsteklasses FDM 3D-Printing tjenester: prototyper og serier med deler. Last opp dine 3D-modeller og f\u00e5 et tilbud n\u00e5!","robots":{"index":"index","follow":"follow","max-snippet":"max-snippet:-1","max-image-preview":"max-image-preview:large","max-video-preview":"max-video-preview:-1"},"canonical":"https:\/\/xometry.eu\/no\/fused-deposition-modeling-fdm\/","og_locale":"nb_NO","og_type":"article","og_title":"Fused Deposition Modeling (FDM)","og_description":"F\u00f8rsteklasses FDM 3D-Printing tjenester: prototyper og serier med deler. Last opp dine 3D-modeller og f\u00e5 et tilbud n\u00e5!","og_url":"https:\/\/xometry.eu\/no\/fused-deposition-modeling-fdm\/","og_site_name":"Xometry Europe","article_modified_time":"2026-02-05T12:06:56+00:00","og_image":[{"url":"http:\/\/xometry.eu\/wp-content\/uploads\/2023\/02\/EN-FDM-service-page-1440x737.jpg","type":"","width":"","height":""}],"twitter_card":"summary_large_image","twitter_image":"https:\/\/xometry.de\/wp-content\/uploads\/2020\/08\/fdm-3d-printing-services.jpg","schema":{"@context":"https:\/\/schema.org","@graph":[{"@type":"WebPage","@id":"https:\/\/xometry.eu\/no\/fused-deposition-modeling-fdm\/","url":"https:\/\/xometry.eu\/no\/fused-deposition-modeling-fdm\/","name":"FDM 3D-Printing Tjenester Online | 3 Dagers Produksjon | Xometry Europe","isPartOf":{"@id":"https:\/\/xometry.eu\/no\/#website"},"primaryImageOfPage":{"@id":"https:\/\/xometry.eu\/no\/fused-deposition-modeling-fdm\/#primaryimage"},"image":{"@id":"https:\/\/xometry.eu\/no\/fused-deposition-modeling-fdm\/#primaryimage"},"thumbnailUrl":"https:\/\/xometry.eu\/wp-content\/uploads\/2024\/02\/NO-FDM-service-page.jpg","datePublished":"2022-08-25T12:09:48+00:00","dateModified":"2026-02-05T12:06:56+00:00","description":"F\u00f8rsteklasses FDM 3D-Printing tjenester: prototyper og serier med deler. Last opp dine 3D-modeller og f\u00e5 et tilbud n\u00e5!","breadcrumb":{"@id":"https:\/\/xometry.eu\/no\/fused-deposition-modeling-fdm\/#breadcrumb"},"inLanguage":"nb-NO","potentialAction":[{"@type":"ReadAction","target":["https:\/\/xometry.eu\/no\/fused-deposition-modeling-fdm\/"]}]},{"@type":"ImageObject","inLanguage":"nb-NO","@id":"https:\/\/xometry.eu\/no\/fused-deposition-modeling-fdm\/#primaryimage","url":"https:\/\/xometry.eu\/wp-content\/uploads\/2024\/02\/NO-FDM-service-page.jpg","contentUrl":"https:\/\/xometry.eu\/wp-content\/uploads\/2024\/02\/NO-FDM-service-page.jpg","width":2400,"height":1229},{"@type":"BreadcrumbList","@id":"https:\/\/xometry.eu\/no\/fused-deposition-modeling-fdm\/#breadcrumb","itemListElement":[{"@type":"ListItem","position":1,"name":"Home","item":"https:\/\/xometry.eu\/no\/"},{"@type":"ListItem","position":2,"name":"Fused Deposition Modeling (FDM)"}]},{"@type":"WebSite","@id":"https:\/\/xometry.eu\/no\/#website","url":"https:\/\/xometry.eu\/no\/","name":"Xometry Europe","description":"","publisher":{"@id":"https:\/\/xometry.eu\/no\/#organization"},"potentialAction":[{"@type":"SearchAction","target":{"@type":"EntryPoint","urlTemplate":"https:\/\/xometry.eu\/no\/?s={search_term_string}"},"query-input":{"@type":"PropertyValueSpecification","valueRequired":true,"valueName":"search_term_string"}}],"inLanguage":"nb-NO"}]}},"_links":{"self":[{"href":"https:\/\/xometry.eu\/no\/wp-json\/wp\/v2\/pages\/72221","targetHints":{"allow":["GET"]}}],"collection":[{"href":"https:\/\/xometry.eu\/no\/wp-json\/wp\/v2\/pages"}],"about":[{"href":"https:\/\/xometry.eu\/no\/wp-json\/wp\/v2\/types\/page"}],"author":[{"embeddable":true,"href":"https:\/\/xometry.eu\/no\/wp-json\/wp\/v2\/users\/10"}],"replies":[{"embeddable":true,"href":"https:\/\/xometry.eu\/no\/wp-json\/wp\/v2\/comments?post=72221"}],"version-history":[{"count":0,"href":"https:\/\/xometry.eu\/no\/wp-json\/wp\/v2\/pages\/72221\/revisions"}],"wp:featuredmedia":[{"embeddable":true,"href":"https:\/\/xometry.eu\/no\/wp-json\/wp\/v2\/media\/133860"}],"wp:attachment":[{"href":"https:\/\/xometry.eu\/no\/wp-json\/wp\/v2\/media?parent=72221"}],"curies":[{"name":"wp","href":"https:\/\/api.w.org\/{rel}","templated":true}]}}