{"id":71578,"date":"2022-08-25T11:57:07","date_gmt":"2022-08-25T09:57:07","guid":{"rendered":"https:\/\/xometry.eu\/?page_id=71578"},"modified":"2026-02-04T12:53:04","modified_gmt":"2026-02-04T10:53:04","slug":"vannskjaering","status":"publish","type":"page","link":"https:\/\/xometry.eu\/no\/vannskjaering\/","title":{"rendered":"Vannskj\u00e6ring"},"content":{"rendered":"","protected":false},"excerpt":{"rendered":"","protected":false},"author":10,"featured_media":133816,"parent":0,"menu_order":0,"comment_status":"closed","ping_status":"closed","template":"","meta":{"_acf_changed":false,"inline_featured_image":false,"footnotes":""},"class_list":["post-71578","page","type-page","status-publish","has-post-thumbnail","hentry"],"acf":[],"yoast_head":"<!-- This site is optimized with the Yoast SEO Premium plugin v20.5 (Yoast SEO v27.3) - https:\/\/yoast.com\/product\/yoast-seo-premium-wordpress\/ -->\n<title>Vannskj\u00e6ring Tjenester | Bestill Deler Online | Xometry Europe<\/title>\n<meta name=\"description\" content=\"Vi tilbyr CNC-vannskj\u00e6ring tjenester av h\u00f8y presisjon for b\u00e5de myke materialer, og blikk\/metallplater som aluminium, st\u00e5l og kobber.\" \/>\n<meta name=\"robots\" content=\"index, follow, max-snippet:-1, max-image-preview:large, max-video-preview:-1\" \/>\n<link rel=\"canonical\" href=\"https:\/\/xometry.eu\/no\/vannskjaering\/\" \/>\n<meta property=\"og:locale\" content=\"nb_NO\" \/>\n<meta property=\"og:type\" content=\"article\" \/>\n<meta property=\"og:title\" content=\"Vannskj\u00e6ring\" \/>\n<meta property=\"og:description\" content=\"Vi tilbyr CNC-vannskj\u00e6ring tjenester av h\u00f8y presisjon for b\u00e5de myke materialer, og blikk\/metallplater som aluminium, st\u00e5l og kobber.\" \/>\n<meta property=\"og:url\" content=\"https:\/\/xometry.eu\/no\/vannskjaering\/\" \/>\n<meta property=\"og:site_name\" content=\"Xometry Europe\" \/>\n<meta property=\"article:modified_time\" content=\"2026-02-04T10:53:04+00:00\" \/>\n<meta property=\"og:image\" content=\"http:\/\/xometry.eu\/wp-content\/uploads\/2023\/02\/EN-Waterjet-cutting-service-page-1440x738.jpg\" \/>\n<meta name=\"twitter:card\" content=\"summary_large_image\" \/>\n<meta name=\"twitter:image\" content=\"https:\/\/xometry.de\/wp-content\/uploads\/2020\/08\/waterjet-cutting-sheet-metal-services.jpg\" \/>\n<script type=\"application\/ld+json\" class=\"yoast-schema-graph\">{\"@context\":\"https:\\\/\\\/schema.org\",\"@graph\":[{\"@type\":\"WebPage\",\"@id\":\"https:\\\/\\\/xometry.eu\\\/no\\\/vannskjaering\\\/\",\"url\":\"https:\\\/\\\/xometry.eu\\\/no\\\/vannskjaering\\\/\",\"name\":\"Vannskj\u00e6ring Tjenester | Bestill Deler Online | Xometry Europe\",\"isPartOf\":{\"@id\":\"https:\\\/\\\/xometry.eu\\\/no\\\/#website\"},\"primaryImageOfPage\":{\"@id\":\"https:\\\/\\\/xometry.eu\\\/no\\\/vannskjaering\\\/#primaryimage\"},\"image\":{\"@id\":\"https:\\\/\\\/xometry.eu\\\/no\\\/vannskjaering\\\/#primaryimage\"},\"thumbnailUrl\":\"https:\\\/\\\/xometry.eu\\\/wp-content\\\/uploads\\\/2024\\\/02\\\/NO-Waterjet-cutting-service-page.jpg\",\"datePublished\":\"2022-08-25T09:57:07+00:00\",\"dateModified\":\"2026-02-04T10:53:04+00:00\",\"description\":\"Vi tilbyr CNC-vannskj\u00e6ring tjenester av h\u00f8y presisjon for b\u00e5de myke materialer, og blikk\\\/metallplater som aluminium, st\u00e5l og kobber.\",\"breadcrumb\":{\"@id\":\"https:\\\/\\\/xometry.eu\\\/no\\\/vannskjaering\\\/#breadcrumb\"},\"inLanguage\":\"nb-NO\",\"potentialAction\":[{\"@type\":\"ReadAction\",\"target\":[\"https:\\\/\\\/xometry.eu\\\/no\\\/vannskjaering\\\/\"]}]},{\"@type\":\"ImageObject\",\"inLanguage\":\"nb-NO\",\"@id\":\"https:\\\/\\\/xometry.eu\\\/no\\\/vannskjaering\\\/#primaryimage\",\"url\":\"https:\\\/\\\/xometry.eu\\\/wp-content\\\/uploads\\\/2024\\\/02\\\/NO-Waterjet-cutting-service-page.jpg\",\"contentUrl\":\"https:\\\/\\\/xometry.eu\\\/wp-content\\\/uploads\\\/2024\\\/02\\\/NO-Waterjet-cutting-service-page.jpg\",\"width\":2400,\"height\":1230},{\"@type\":\"BreadcrumbList\",\"@id\":\"https:\\\/\\\/xometry.eu\\\/no\\\/vannskjaering\\\/#breadcrumb\",\"itemListElement\":[{\"@type\":\"ListItem\",\"position\":1,\"name\":\"Home\",\"item\":\"https:\\\/\\\/xometry.eu\\\/no\\\/\"},{\"@type\":\"ListItem\",\"position\":2,\"name\":\"Vannskj\u00e6ring\"}]},{\"@type\":\"WebSite\",\"@id\":\"https:\\\/\\\/xometry.eu\\\/no\\\/#website\",\"url\":\"https:\\\/\\\/xometry.eu\\\/no\\\/\",\"name\":\"Xometry Europe\",\"description\":\"\",\"publisher\":{\"@id\":\"https:\\\/\\\/xometry.eu\\\/no\\\/#organization\"},\"potentialAction\":[{\"@type\":\"SearchAction\",\"target\":{\"@type\":\"EntryPoint\",\"urlTemplate\":\"https:\\\/\\\/xometry.eu\\\/no\\\/?s={search_term_string}\"},\"query-input\":{\"@type\":\"PropertyValueSpecification\",\"valueRequired\":true,\"valueName\":\"search_term_string\"}}],\"inLanguage\":\"nb-NO\"}]}<\/script>\n<!-- \/ Yoast SEO Premium plugin. -->","yoast_head_json":{"title":"Vannskj\u00e6ring Tjenester | Bestill Deler Online | Xometry Europe","description":"Vi tilbyr CNC-vannskj\u00e6ring tjenester av h\u00f8y presisjon for b\u00e5de myke materialer, og blikk\/metallplater som aluminium, st\u00e5l og kobber.","robots":{"index":"index","follow":"follow","max-snippet":"max-snippet:-1","max-image-preview":"max-image-preview:large","max-video-preview":"max-video-preview:-1"},"canonical":"https:\/\/xometry.eu\/no\/vannskjaering\/","og_locale":"nb_NO","og_type":"article","og_title":"Vannskj\u00e6ring","og_description":"Vi tilbyr CNC-vannskj\u00e6ring tjenester av h\u00f8y presisjon for b\u00e5de myke materialer, og blikk\/metallplater som aluminium, st\u00e5l og kobber.","og_url":"https:\/\/xometry.eu\/no\/vannskjaering\/","og_site_name":"Xometry Europe","article_modified_time":"2026-02-04T10:53:04+00:00","og_image":[{"url":"http:\/\/xometry.eu\/wp-content\/uploads\/2023\/02\/EN-Waterjet-cutting-service-page-1440x738.jpg","type":"","width":"","height":""}],"twitter_card":"summary_large_image","twitter_image":"https:\/\/xometry.de\/wp-content\/uploads\/2020\/08\/waterjet-cutting-sheet-metal-services.jpg","schema":{"@context":"https:\/\/schema.org","@graph":[{"@type":"WebPage","@id":"https:\/\/xometry.eu\/no\/vannskjaering\/","url":"https:\/\/xometry.eu\/no\/vannskjaering\/","name":"Vannskj\u00e6ring Tjenester | Bestill Deler Online | Xometry Europe","isPartOf":{"@id":"https:\/\/xometry.eu\/no\/#website"},"primaryImageOfPage":{"@id":"https:\/\/xometry.eu\/no\/vannskjaering\/#primaryimage"},"image":{"@id":"https:\/\/xometry.eu\/no\/vannskjaering\/#primaryimage"},"thumbnailUrl":"https:\/\/xometry.eu\/wp-content\/uploads\/2024\/02\/NO-Waterjet-cutting-service-page.jpg","datePublished":"2022-08-25T09:57:07+00:00","dateModified":"2026-02-04T10:53:04+00:00","description":"Vi tilbyr CNC-vannskj\u00e6ring tjenester av h\u00f8y presisjon for b\u00e5de myke materialer, og blikk\/metallplater som aluminium, st\u00e5l og kobber.","breadcrumb":{"@id":"https:\/\/xometry.eu\/no\/vannskjaering\/#breadcrumb"},"inLanguage":"nb-NO","potentialAction":[{"@type":"ReadAction","target":["https:\/\/xometry.eu\/no\/vannskjaering\/"]}]},{"@type":"ImageObject","inLanguage":"nb-NO","@id":"https:\/\/xometry.eu\/no\/vannskjaering\/#primaryimage","url":"https:\/\/xometry.eu\/wp-content\/uploads\/2024\/02\/NO-Waterjet-cutting-service-page.jpg","contentUrl":"https:\/\/xometry.eu\/wp-content\/uploads\/2024\/02\/NO-Waterjet-cutting-service-page.jpg","width":2400,"height":1230},{"@type":"BreadcrumbList","@id":"https:\/\/xometry.eu\/no\/vannskjaering\/#breadcrumb","itemListElement":[{"@type":"ListItem","position":1,"name":"Home","item":"https:\/\/xometry.eu\/no\/"},{"@type":"ListItem","position":2,"name":"Vannskj\u00e6ring"}]},{"@type":"WebSite","@id":"https:\/\/xometry.eu\/no\/#website","url":"https:\/\/xometry.eu\/no\/","name":"Xometry Europe","description":"","publisher":{"@id":"https:\/\/xometry.eu\/no\/#organization"},"potentialAction":[{"@type":"SearchAction","target":{"@type":"EntryPoint","urlTemplate":"https:\/\/xometry.eu\/no\/?s={search_term_string}"},"query-input":{"@type":"PropertyValueSpecification","valueRequired":true,"valueName":"search_term_string"}}],"inLanguage":"nb-NO"}]}},"_links":{"self":[{"href":"https:\/\/xometry.eu\/no\/wp-json\/wp\/v2\/pages\/71578","targetHints":{"allow":["GET"]}}],"collection":[{"href":"https:\/\/xometry.eu\/no\/wp-json\/wp\/v2\/pages"}],"about":[{"href":"https:\/\/xometry.eu\/no\/wp-json\/wp\/v2\/types\/page"}],"author":[{"embeddable":true,"href":"https:\/\/xometry.eu\/no\/wp-json\/wp\/v2\/users\/10"}],"replies":[{"embeddable":true,"href":"https:\/\/xometry.eu\/no\/wp-json\/wp\/v2\/comments?post=71578"}],"version-history":[{"count":0,"href":"https:\/\/xometry.eu\/no\/wp-json\/wp\/v2\/pages\/71578\/revisions"}],"wp:featuredmedia":[{"embeddable":true,"href":"https:\/\/xometry.eu\/no\/wp-json\/wp\/v2\/media\/133816"}],"wp:attachment":[{"href":"https:\/\/xometry.eu\/no\/wp-json\/wp\/v2\/media?parent=71578"}],"curies":[{"name":"wp","href":"https:\/\/api.w.org\/{rel}","templated":true}]}}