{"id":76999,"date":"2022-10-07T14:39:39","date_gmt":"2022-10-07T12:39:39","guid":{"rendered":"https:\/\/xometry.eu\/vacuum-casting\/"},"modified":"2026-02-04T12:40:17","modified_gmt":"2026-02-04T10:40:17","slug":"vacuumgieten","status":"publish","type":"page","link":"https:\/\/xometry.eu\/nl\/vacuumgieten\/","title":{"rendered":"Vacu\u00fcmgieten"},"content":{"rendered":"","protected":false},"excerpt":{"rendered":"","protected":false},"author":10,"featured_media":133485,"parent":0,"menu_order":0,"comment_status":"closed","ping_status":"closed","template":"","meta":{"_acf_changed":false,"inline_featured_image":false,"footnotes":""},"class_list":["post-76999","page","type-page","status-publish","has-post-thumbnail","hentry"],"acf":[],"yoast_head":"<!-- This site is optimized with the Yoast SEO Premium plugin v20.5 (Yoast SEO v27.3) - https:\/\/yoast.com\/product\/yoast-seo-premium-wordpress\/ -->\n<title>Vacu\u00fcmgieten | Xometry Europe<\/title>\n<meta name=\"description\" content=\"Xometry biedt vacu\u00fcmgietwerk aan, een proces dat resulteert in kosteneffici\u00ebnte gegoten urethaanonderdelen van productiekwaliteit.\" \/>\n<meta name=\"robots\" content=\"index, follow, max-snippet:-1, max-image-preview:large, max-video-preview:-1\" \/>\n<link rel=\"canonical\" href=\"https:\/\/xometry.eu\/nl\/vacuumgieten\/\" \/>\n<meta property=\"og:locale\" content=\"nl_NL\" \/>\n<meta property=\"og:type\" content=\"article\" \/>\n<meta property=\"og:title\" content=\"Vacu\u00fcmgieten\" \/>\n<meta property=\"og:description\" content=\"Xometry biedt vacu\u00fcmgietwerk aan, een proces dat resulteert in kosteneffici\u00ebnte gegoten urethaanonderdelen van productiekwaliteit.\" \/>\n<meta property=\"og:url\" content=\"https:\/\/xometry.eu\/nl\/vacuumgieten\/\" \/>\n<meta property=\"og:site_name\" content=\"Xometry Europe\" \/>\n<meta property=\"article:modified_time\" content=\"2026-02-04T10:40:17+00:00\" \/>\n<meta property=\"og:image\" content=\"http:\/\/xometry.eu\/wp-content\/uploads\/2023\/02\/EN-Vacuum-Casting-service-page-1440x738.jpg\" \/>\n<meta name=\"twitter:card\" content=\"summary_large_image\" \/>\n<script type=\"application\/ld+json\" class=\"yoast-schema-graph\">{\"@context\":\"https:\\\/\\\/schema.org\",\"@graph\":[{\"@type\":\"WebPage\",\"@id\":\"https:\\\/\\\/xometry.eu\\\/nl\\\/vacuumgieten\\\/\",\"url\":\"https:\\\/\\\/xometry.eu\\\/nl\\\/vacuumgieten\\\/\",\"name\":\"Vacu\u00fcmgieten | Xometry Europe\",\"isPartOf\":{\"@id\":\"https:\\\/\\\/xometry.eu\\\/nl\\\/#website\"},\"primaryImageOfPage\":{\"@id\":\"https:\\\/\\\/xometry.eu\\\/nl\\\/vacuumgieten\\\/#primaryimage\"},\"image\":{\"@id\":\"https:\\\/\\\/xometry.eu\\\/nl\\\/vacuumgieten\\\/#primaryimage\"},\"thumbnailUrl\":\"https:\\\/\\\/xometry.eu\\\/wp-content\\\/uploads\\\/2024\\\/02\\\/NL-Vacuum-Casting-service-page.jpg\",\"datePublished\":\"2022-10-07T12:39:39+00:00\",\"dateModified\":\"2026-02-04T10:40:17+00:00\",\"description\":\"Xometry biedt vacu\u00fcmgietwerk aan, een proces dat resulteert in kosteneffici\u00ebnte gegoten urethaanonderdelen van productiekwaliteit.\",\"breadcrumb\":{\"@id\":\"https:\\\/\\\/xometry.eu\\\/nl\\\/vacuumgieten\\\/#breadcrumb\"},\"inLanguage\":\"nl-NL\",\"potentialAction\":[{\"@type\":\"ReadAction\",\"target\":[\"https:\\\/\\\/xometry.eu\\\/nl\\\/vacuumgieten\\\/\"]}]},{\"@type\":\"ImageObject\",\"inLanguage\":\"nl-NL\",\"@id\":\"https:\\\/\\\/xometry.eu\\\/nl\\\/vacuumgieten\\\/#primaryimage\",\"url\":\"https:\\\/\\\/xometry.eu\\\/wp-content\\\/uploads\\\/2024\\\/02\\\/NL-Vacuum-Casting-service-page.jpg\",\"contentUrl\":\"https:\\\/\\\/xometry.eu\\\/wp-content\\\/uploads\\\/2024\\\/02\\\/NL-Vacuum-Casting-service-page.jpg\",\"width\":2400,\"height\":1230},{\"@type\":\"BreadcrumbList\",\"@id\":\"https:\\\/\\\/xometry.eu\\\/nl\\\/vacuumgieten\\\/#breadcrumb\",\"itemListElement\":[{\"@type\":\"ListItem\",\"position\":1,\"name\":\"Home\",\"item\":\"https:\\\/\\\/xometry.eu\\\/nl\\\/\"},{\"@type\":\"ListItem\",\"position\":2,\"name\":\"Vacu\u00fcmgieten\"}]},{\"@type\":\"WebSite\",\"@id\":\"https:\\\/\\\/xometry.eu\\\/nl\\\/#website\",\"url\":\"https:\\\/\\\/xometry.eu\\\/nl\\\/\",\"name\":\"Xometry Europe\",\"description\":\"\",\"publisher\":{\"@id\":\"https:\\\/\\\/xometry.eu\\\/nl\\\/#organization\"},\"potentialAction\":[{\"@type\":\"SearchAction\",\"target\":{\"@type\":\"EntryPoint\",\"urlTemplate\":\"https:\\\/\\\/xometry.eu\\\/nl\\\/?s={search_term_string}\"},\"query-input\":{\"@type\":\"PropertyValueSpecification\",\"valueRequired\":true,\"valueName\":\"search_term_string\"}}],\"inLanguage\":\"nl-NL\"}]}<\/script>\n<!-- \/ Yoast SEO Premium plugin. -->","yoast_head_json":{"title":"Vacu\u00fcmgieten | Xometry Europe","description":"Xometry biedt vacu\u00fcmgietwerk aan, een proces dat resulteert in kosteneffici\u00ebnte gegoten urethaanonderdelen van productiekwaliteit.","robots":{"index":"index","follow":"follow","max-snippet":"max-snippet:-1","max-image-preview":"max-image-preview:large","max-video-preview":"max-video-preview:-1"},"canonical":"https:\/\/xometry.eu\/nl\/vacuumgieten\/","og_locale":"nl_NL","og_type":"article","og_title":"Vacu\u00fcmgieten","og_description":"Xometry biedt vacu\u00fcmgietwerk aan, een proces dat resulteert in kosteneffici\u00ebnte gegoten urethaanonderdelen van productiekwaliteit.","og_url":"https:\/\/xometry.eu\/nl\/vacuumgieten\/","og_site_name":"Xometry Europe","article_modified_time":"2026-02-04T10:40:17+00:00","og_image":[{"url":"http:\/\/xometry.eu\/wp-content\/uploads\/2023\/02\/EN-Vacuum-Casting-service-page-1440x738.jpg","type":"","width":"","height":""}],"twitter_card":"summary_large_image","schema":{"@context":"https:\/\/schema.org","@graph":[{"@type":"WebPage","@id":"https:\/\/xometry.eu\/nl\/vacuumgieten\/","url":"https:\/\/xometry.eu\/nl\/vacuumgieten\/","name":"Vacu\u00fcmgieten | Xometry Europe","isPartOf":{"@id":"https:\/\/xometry.eu\/nl\/#website"},"primaryImageOfPage":{"@id":"https:\/\/xometry.eu\/nl\/vacuumgieten\/#primaryimage"},"image":{"@id":"https:\/\/xometry.eu\/nl\/vacuumgieten\/#primaryimage"},"thumbnailUrl":"https:\/\/xometry.eu\/wp-content\/uploads\/2024\/02\/NL-Vacuum-Casting-service-page.jpg","datePublished":"2022-10-07T12:39:39+00:00","dateModified":"2026-02-04T10:40:17+00:00","description":"Xometry biedt vacu\u00fcmgietwerk aan, een proces dat resulteert in kosteneffici\u00ebnte gegoten urethaanonderdelen van productiekwaliteit.","breadcrumb":{"@id":"https:\/\/xometry.eu\/nl\/vacuumgieten\/#breadcrumb"},"inLanguage":"nl-NL","potentialAction":[{"@type":"ReadAction","target":["https:\/\/xometry.eu\/nl\/vacuumgieten\/"]}]},{"@type":"ImageObject","inLanguage":"nl-NL","@id":"https:\/\/xometry.eu\/nl\/vacuumgieten\/#primaryimage","url":"https:\/\/xometry.eu\/wp-content\/uploads\/2024\/02\/NL-Vacuum-Casting-service-page.jpg","contentUrl":"https:\/\/xometry.eu\/wp-content\/uploads\/2024\/02\/NL-Vacuum-Casting-service-page.jpg","width":2400,"height":1230},{"@type":"BreadcrumbList","@id":"https:\/\/xometry.eu\/nl\/vacuumgieten\/#breadcrumb","itemListElement":[{"@type":"ListItem","position":1,"name":"Home","item":"https:\/\/xometry.eu\/nl\/"},{"@type":"ListItem","position":2,"name":"Vacu\u00fcmgieten"}]},{"@type":"WebSite","@id":"https:\/\/xometry.eu\/nl\/#website","url":"https:\/\/xometry.eu\/nl\/","name":"Xometry Europe","description":"","publisher":{"@id":"https:\/\/xometry.eu\/nl\/#organization"},"potentialAction":[{"@type":"SearchAction","target":{"@type":"EntryPoint","urlTemplate":"https:\/\/xometry.eu\/nl\/?s={search_term_string}"},"query-input":{"@type":"PropertyValueSpecification","valueRequired":true,"valueName":"search_term_string"}}],"inLanguage":"nl-NL"}]}},"_links":{"self":[{"href":"https:\/\/xometry.eu\/nl\/wp-json\/wp\/v2\/pages\/76999","targetHints":{"allow":["GET"]}}],"collection":[{"href":"https:\/\/xometry.eu\/nl\/wp-json\/wp\/v2\/pages"}],"about":[{"href":"https:\/\/xometry.eu\/nl\/wp-json\/wp\/v2\/types\/page"}],"author":[{"embeddable":true,"href":"https:\/\/xometry.eu\/nl\/wp-json\/wp\/v2\/users\/10"}],"replies":[{"embeddable":true,"href":"https:\/\/xometry.eu\/nl\/wp-json\/wp\/v2\/comments?post=76999"}],"version-history":[{"count":0,"href":"https:\/\/xometry.eu\/nl\/wp-json\/wp\/v2\/pages\/76999\/revisions"}],"wp:featuredmedia":[{"embeddable":true,"href":"https:\/\/xometry.eu\/nl\/wp-json\/wp\/v2\/media\/133485"}],"wp:attachment":[{"href":"https:\/\/xometry.eu\/nl\/wp-json\/wp\/v2\/media?parent=76999"}],"curies":[{"name":"wp","href":"https:\/\/api.w.org\/{rel}","templated":true}]}}