{"id":127485,"date":"2023-12-05T17:28:20","date_gmt":"2023-12-05T15:28:20","guid":{"rendered":"https:\/\/xometry.eu\/hs-code\/"},"modified":"2024-01-24T11:15:30","modified_gmt":"2024-01-24T09:15:30","slug":"hs-code","status":"publish","type":"page","link":"https:\/\/xometry.eu\/it\/hs-code\/","title":{"rendered":"HS Code"},"content":{"rendered":"","protected":false},"excerpt":{"rendered":"","protected":false},"author":10,"featured_media":0,"parent":0,"menu_order":0,"comment_status":"closed","ping_status":"closed","template":"","meta":{"_acf_changed":false,"inline_featured_image":false,"footnotes":""},"class_list":["post-127485","page","type-page","status-publish","hentry"],"acf":[],"yoast_head":"<!-- This site is optimized with the Yoast SEO Premium plugin v20.5 (Yoast SEO v27.1.1) - https:\/\/yoast.com\/product\/yoast-seo-premium-wordpress\/ -->\n<title>Codici HS per spedizioni internazionali | Xometry Europe<\/title>\n<meta name=\"description\" content=\"Scopri che cos\u2019\u00e8 un codice HS, come trovare quello corretto del tuo prodotto e perch\u00e9 \u00e8 essenziale quando ordini parti a livello internazionale.\" \/>\n<meta name=\"robots\" content=\"index, follow, max-snippet:-1, max-image-preview:large, max-video-preview:-1\" \/>\n<link rel=\"canonical\" href=\"https:\/\/xometry.eu\/it\/hs-code\/\" \/>\n<meta property=\"og:locale\" content=\"it_IT\" \/>\n<meta property=\"og:type\" content=\"article\" \/>\n<meta property=\"og:title\" content=\"HS Code\" \/>\n<meta property=\"og:description\" content=\"Scopri che cos\u2019\u00e8 un codice HS, come trovare quello corretto del tuo prodotto e perch\u00e9 \u00e8 essenziale quando ordini parti a livello internazionale.\" \/>\n<meta property=\"og:url\" content=\"https:\/\/xometry.eu\/it\/hs-code\/\" \/>\n<meta property=\"og:site_name\" content=\"Xometry Europe\" \/>\n<meta property=\"article:modified_time\" content=\"2024-01-24T09:15:30+00:00\" \/>\n<meta name=\"twitter:card\" content=\"summary_large_image\" \/>\n<script type=\"application\/ld+json\" class=\"yoast-schema-graph\">{\"@context\":\"https:\/\/schema.org\",\"@graph\":[{\"@type\":\"WebPage\",\"@id\":\"https:\/\/xometry.eu\/it\/hs-code\/\",\"url\":\"https:\/\/xometry.eu\/it\/hs-code\/\",\"name\":\"Codici HS per spedizioni internazionali | Xometry Europe\",\"isPartOf\":{\"@id\":\"https:\/\/xometry.eu\/it\/#website\"},\"datePublished\":\"2023-12-05T15:28:20+00:00\",\"dateModified\":\"2024-01-24T09:15:30+00:00\",\"description\":\"Scopri che cos\u2019\u00e8 un codice HS, come trovare quello corretto del tuo prodotto e perch\u00e9 \u00e8 essenziale quando ordini parti a livello internazionale.\",\"breadcrumb\":{\"@id\":\"https:\/\/xometry.eu\/it\/hs-code\/#breadcrumb\"},\"inLanguage\":\"it-IT\",\"potentialAction\":[{\"@type\":\"ReadAction\",\"target\":[\"https:\/\/xometry.eu\/it\/hs-code\/\"]}]},{\"@type\":\"BreadcrumbList\",\"@id\":\"https:\/\/xometry.eu\/it\/hs-code\/#breadcrumb\",\"itemListElement\":[{\"@type\":\"ListItem\",\"position\":1,\"name\":\"Home\",\"item\":\"https:\/\/xometry.eu\/it\/\"},{\"@type\":\"ListItem\",\"position\":2,\"name\":\"HS Code\"}]},{\"@type\":\"WebSite\",\"@id\":\"https:\/\/xometry.eu\/it\/#website\",\"url\":\"https:\/\/xometry.eu\/it\/\",\"name\":\"Xometry Europe\",\"description\":\"\",\"publisher\":{\"@id\":\"https:\/\/xometry.eu\/it\/#organization\"},\"potentialAction\":[{\"@type\":\"SearchAction\",\"target\":{\"@type\":\"EntryPoint\",\"urlTemplate\":\"https:\/\/xometry.eu\/it\/?s={search_term_string}\"},\"query-input\":{\"@type\":\"PropertyValueSpecification\",\"valueRequired\":true,\"valueName\":\"search_term_string\"}}],\"inLanguage\":\"it-IT\"}]}<\/script>\n<!-- \/ Yoast SEO Premium plugin. -->","yoast_head_json":{"title":"Codici HS per spedizioni internazionali | Xometry Europe","description":"Scopri che cos\u2019\u00e8 un codice HS, come trovare quello corretto del tuo prodotto e perch\u00e9 \u00e8 essenziale quando ordini parti a livello internazionale.","robots":{"index":"index","follow":"follow","max-snippet":"max-snippet:-1","max-image-preview":"max-image-preview:large","max-video-preview":"max-video-preview:-1"},"canonical":"https:\/\/xometry.eu\/it\/hs-code\/","og_locale":"it_IT","og_type":"article","og_title":"HS Code","og_description":"Scopri che cos\u2019\u00e8 un codice HS, come trovare quello corretto del tuo prodotto e perch\u00e9 \u00e8 essenziale quando ordini parti a livello internazionale.","og_url":"https:\/\/xometry.eu\/it\/hs-code\/","og_site_name":"Xometry Europe","article_modified_time":"2024-01-24T09:15:30+00:00","twitter_card":"summary_large_image","schema":{"@context":"https:\/\/schema.org","@graph":[{"@type":"WebPage","@id":"https:\/\/xometry.eu\/it\/hs-code\/","url":"https:\/\/xometry.eu\/it\/hs-code\/","name":"Codici HS per spedizioni internazionali | Xometry Europe","isPartOf":{"@id":"https:\/\/xometry.eu\/it\/#website"},"datePublished":"2023-12-05T15:28:20+00:00","dateModified":"2024-01-24T09:15:30+00:00","description":"Scopri che cos\u2019\u00e8 un codice HS, come trovare quello corretto del tuo prodotto e perch\u00e9 \u00e8 essenziale quando ordini parti a livello internazionale.","breadcrumb":{"@id":"https:\/\/xometry.eu\/it\/hs-code\/#breadcrumb"},"inLanguage":"it-IT","potentialAction":[{"@type":"ReadAction","target":["https:\/\/xometry.eu\/it\/hs-code\/"]}]},{"@type":"BreadcrumbList","@id":"https:\/\/xometry.eu\/it\/hs-code\/#breadcrumb","itemListElement":[{"@type":"ListItem","position":1,"name":"Home","item":"https:\/\/xometry.eu\/it\/"},{"@type":"ListItem","position":2,"name":"HS Code"}]},{"@type":"WebSite","@id":"https:\/\/xometry.eu\/it\/#website","url":"https:\/\/xometry.eu\/it\/","name":"Xometry Europe","description":"","publisher":{"@id":"https:\/\/xometry.eu\/it\/#organization"},"potentialAction":[{"@type":"SearchAction","target":{"@type":"EntryPoint","urlTemplate":"https:\/\/xometry.eu\/it\/?s={search_term_string}"},"query-input":{"@type":"PropertyValueSpecification","valueRequired":true,"valueName":"search_term_string"}}],"inLanguage":"it-IT"}]}},"_links":{"self":[{"href":"https:\/\/xometry.eu\/it\/wp-json\/wp\/v2\/pages\/127485","targetHints":{"allow":["GET"]}}],"collection":[{"href":"https:\/\/xometry.eu\/it\/wp-json\/wp\/v2\/pages"}],"about":[{"href":"https:\/\/xometry.eu\/it\/wp-json\/wp\/v2\/types\/page"}],"author":[{"embeddable":true,"href":"https:\/\/xometry.eu\/it\/wp-json\/wp\/v2\/users\/10"}],"replies":[{"embeddable":true,"href":"https:\/\/xometry.eu\/it\/wp-json\/wp\/v2\/comments?post=127485"}],"version-history":[{"count":0,"href":"https:\/\/xometry.eu\/it\/wp-json\/wp\/v2\/pages\/127485\/revisions"}],"wp:attachment":[{"href":"https:\/\/xometry.eu\/it\/wp-json\/wp\/v2\/media?parent=127485"}],"curies":[{"name":"wp","href":"https:\/\/api.w.org\/{rel}","templated":true}]}}