{"id":167111,"date":"2025-11-20T14:58:59","date_gmt":"2025-11-20T12:58:59","guid":{"rendered":"https:\/\/xometry.eu\/black-friday\/"},"modified":"2025-11-23T19:17:50","modified_gmt":"2025-11-23T17:17:50","slug":"black-friday","status":"publish","type":"page","link":"https:\/\/xometry.eu\/hu\/black-friday\/","title":{"rendered":"Black Friday"},"content":{"rendered":"<section class=\"hero  light blue-10 printing-3d-page\" >\r\n        <img decoding=\"async\" src=\"https:\/\/xometry.eu\/wp-content\/uploads\/2025\/11\/black-friday-left.png\" alt=\"Black Friday:   15% engedm\u00e9ny az alkatr\u00e9szekre  \" class=\"hero__left-image\" \/>\r\n            <img decoding=\"async\" src=\"https:\/\/xometry.eu\/wp-content\/uploads\/2025\/11\/black-friday-right.png\" alt=\"Black Friday:   15% engedm\u00e9ny az alkatr\u00e9szekre  \" class=\"hero__right-image\" \/>\r\n        <div class=\"hero__container section container\" style=\"padding-bottom: px;\">\r\n        <div class=\"hero__title-wrapper\">\r\n            <h1 class=\"title title--01\">Black Friday: <br> <strong> 15% engedm\u00e9ny az alkatr\u00e9szekre <\/strong> <\/h1>\r\n            <div><p>K\u00e9rjen \u00e1raj\u00e1nlatot, haszn\u00e1lja a k\u00f3dot, \u00e9s takar\u00edtson meg 15%-ot az alkatr\u00e9szeken november 30-ig*. R\u00e1ad\u00e1sul rendel\u00e9si \u00e9rt\u00e9k\u00e9nek 2%-\u00e1t a Healthy Seas szervezetnek adom\u00e1nyozzuk, seg\u00edtve ezzel k\u00fcldet\u00e9s\u00fcket, hogy megtiszt\u00edts\u00e1k \u00f3ce\u00e1njainkat a m\u0171anyagokt\u00f3l \u00e9s egy\u00e9b tengeri hullad\u00e9kt\u00f3l.<\/p>\n<\/div>\r\n                    <\/div>\r\n        <div class=\"hero__cards-list\">\r\n              \r\n    <a href=\"https:\/\/get.xometry.eu\/?locale=hu\" class=\"hero__cards-item card \">\r\n        <h3 class=\"title title--03\"><\/h3>\r\n        <div class=\"hero__cards-item-text \"><p>Prom\u00f3ci\u00f3s k\u00f3d: <b data-stringify-type=\"bold\">FRIDAY2025\u00a0<\/b><\/p>\n<\/div>\r\n        <span class=\"btn btn--primary btn_wide\">\u00c1raj\u00e1nlatk\u00e9r\u00e9s most<\/span>\r\n            <\/a>\r\n        <\/div>\r\n            <\/div>\r\n<\/section>\n\n\r\n<section class=\"faq light light-to-dark-gradient\"  id=\"codes-terms\">\r\n    <div class=\"faq__container section container\">\r\n        <div class=\"faq__wrapper\">\r\n            <h2 class=\"title title--02\">Hogyan m\u0171k\u00f6dik a <strong> Black Friday? <\/strong><\/h2>\r\n            <div class=\"faq__list\">\r\n                                                                                                    <div class=\"faq__item  \">\r\n                            <div class=\"faq__item-question title title--04\">\r\n                                A megtakar\u00edt\u00e1s aktiv\u00e1l\u00e1s\u00e1nak l\u00e9p\u00e9sei                                <svg\r\n                                    xmlns=\"http:\/\/www.w3.org\/2000\/svg\"\r\n                                    width=\"28\"\r\n                                    height=\"28\"\r\n                                    viewBox=\"0 0 28 28\"\r\n                                    fill=\"none\"\r\n                                    class=\"toggle-icon\"\r\n                                >\r\n                                    <g class=\"plus\">\r\n                                    <path\r\n                                        d=\"M19.0313 13.125H14.875V8.96875C14.875 8.84844 14.7766 8.75 14.6563 8.75H13.3438C13.2234 8.75 13.125 8.84844 13.125 8.96875V13.125H8.96875C8.84844 13.125 8.75 13.2234 8.75 13.3438V14.6563C8.75 14.7766 8.84844 14.875 8.96875 14.875H13.125V19.0313C13.125 19.1516 13.2234 19.25 13.3438 19.25H14.6563C14.7766 19.25 14.875 19.1516 14.875 19.0313V14.875H19.0313C19.1516 14.875 19.25 14.7766 19.25 14.6563V13.3438C19.25 13.2234 19.1516 13.125 19.0313 13.125Z\"\r\n                                    \/>\r\n                                    <path\r\n                                        d=\"M14 1.75C7.23516 1.75 1.75 7.23516 1.75 14C1.75 20.7648 7.23516 26.25 14 26.25C20.7648 26.25 26.25 20.7648 26.25 14C26.25 7.23516 20.7648 1.75 14 1.75ZM14 24.1719C8.38359 24.1719 3.82813 19.6164 3.82813 14C3.82813 8.38359 8.38359 3.82813 14 3.82813C19.6164 3.82813 24.1719 8.38359 24.1719 14C24.1719 19.6164 19.6164 24.1719 14 24.1719Z\"\r\n                                    \/>\r\n                                    <\/g>\r\n                                    <g class=\"minus\">\r\n                                    <path\r\n                                        d=\"M19.0313 13.125H8.96875C8.84844 13.125 8.75 13.2234 8.75 13.3438V14.6563C8.75 14.7766 8.84844 14.875 8.96875 14.875H19.0313C19.1516 14.875 19.25 14.7766 19.25 14.6563V13.3438C19.25 13.2234 19.1516 13.125 19.0313 13.125Z\"\r\n                                    \/>\r\n                                    <path\r\n                                        d=\"M14 1.75C7.23516 1.75 1.75 7.23516 1.75 14C1.75 20.7648 7.23516 26.25 14 26.25C20.7648 26.25 26.25 20.7648 26.25 14C26.25 7.23516 20.7648 1.75 14 1.75ZM14 24.1719C8.38359 24.1719 3.82813 19.6164 3.82813 14C3.82813 8.38359 8.38359 3.82813 14 3.82813C19.6164 3.82813 24.1719 8.38359 24.1719 14C24.1719 19.6164 19.6164 24.1719 14 24.1719Z\"\r\n                                    \/>\r\n                                    <\/g>\r\n                                <\/svg>\r\n                            <\/div>\r\n                            <div class=\"faq__item-answer-wrapper\">\r\n                                <div class=\"faq__item-answer\">\r\n                                    <p>1. K\u00e9rjen \u00e1raj\u00e1nlatot a Xometry Azonnali \u00e1raj\u00e1nlati eszk\u00f6ze seg\u00edts\u00e9g\u00e9vel (kiv\u00e9ve c\u00e9l\u00e1ras rendel\u00e9sek \u00e9s egyedi \u00e1raj\u00e1nlatk\u00e9r\u00e9sek kiv\u00e1lasztott besz\u00e1ll\u00edt\u00f3kkal)*.<\/p>\n<p>2. Haszn\u00e1lja a<strong> FRIDAY2025<\/strong> prom\u00f3ci\u00f3s k\u00f3dot a p\u00e9nzt\u00e1rn\u00e1l november v\u00e9g\u00e9ig.<\/p>\n<p>3. R\u00e9szes\u00fclj\u00f6n 15% kedvezm\u00e9nyben az alkatr\u00e9szekre.<\/p>\n<p>4. A Xometry a kedvezm\u00e9nyes rendel\u00e9si \u00e9rt\u00e9k 2%-\u00e1t a Healthy Seas f\u0151 kezdem\u00e9nyez\u00e9seire adom\u00e1nyozza: Tiszt\u00edt\u00e1s, oktat\u00e1s, megel\u0151z\u00e9s.<\/p>\n                                <\/div>\r\n                            <\/div>\r\n                        <\/div>\r\n                                                                    <div class=\"faq__item  \">\r\n                            <div class=\"faq__item-question title title--04\">\r\n                                A Healthy Seas hat\u00e1sa                                <svg\r\n                                    xmlns=\"http:\/\/www.w3.org\/2000\/svg\"\r\n                                    width=\"28\"\r\n                                    height=\"28\"\r\n                                    viewBox=\"0 0 28 28\"\r\n                                    fill=\"none\"\r\n                                    class=\"toggle-icon\"\r\n                                >\r\n                                    <g class=\"plus\">\r\n                                    <path\r\n                                        d=\"M19.0313 13.125H14.875V8.96875C14.875 8.84844 14.7766 8.75 14.6563 8.75H13.3438C13.2234 8.75 13.125 8.84844 13.125 8.96875V13.125H8.96875C8.84844 13.125 8.75 13.2234 8.75 13.3438V14.6563C8.75 14.7766 8.84844 14.875 8.96875 14.875H13.125V19.0313C13.125 19.1516 13.2234 19.25 13.3438 19.25H14.6563C14.7766 19.25 14.875 19.1516 14.875 19.0313V14.875H19.0313C19.1516 14.875 19.25 14.7766 19.25 14.6563V13.3438C19.25 13.2234 19.1516 13.125 19.0313 13.125Z\"\r\n                                    \/>\r\n                                    <path\r\n                                        d=\"M14 1.75C7.23516 1.75 1.75 7.23516 1.75 14C1.75 20.7648 7.23516 26.25 14 26.25C20.7648 26.25 26.25 20.7648 26.25 14C26.25 7.23516 20.7648 1.75 14 1.75ZM14 24.1719C8.38359 24.1719 3.82813 19.6164 3.82813 14C3.82813 8.38359 8.38359 3.82813 14 3.82813C19.6164 3.82813 24.1719 8.38359 24.1719 14C24.1719 19.6164 19.6164 24.1719 14 24.1719Z\"\r\n                                    \/>\r\n                                    <\/g>\r\n                                    <g class=\"minus\">\r\n                                    <path\r\n                                        d=\"M19.0313 13.125H8.96875C8.84844 13.125 8.75 13.2234 8.75 13.3438V14.6563C8.75 14.7766 8.84844 14.875 8.96875 14.875H19.0313C19.1516 14.875 19.25 14.7766 19.25 14.6563V13.3438C19.25 13.2234 19.1516 13.125 19.0313 13.125Z\"\r\n                                    \/>\r\n                                    <path\r\n                                        d=\"M14 1.75C7.23516 1.75 1.75 7.23516 1.75 14C1.75 20.7648 7.23516 26.25 14 26.25C20.7648 26.25 26.25 20.7648 26.25 14C26.25 7.23516 20.7648 1.75 14 1.75ZM14 24.1719C8.38359 24.1719 3.82813 19.6164 3.82813 14C3.82813 8.38359 8.38359 3.82813 14 3.82813C19.6164 3.82813 24.1719 8.38359 24.1719 14C24.1719 19.6164 19.6164 24.1719 14 24.1719Z\"\r\n                                    \/>\r\n                                    <\/g>\r\n                                <\/svg>\r\n                            <\/div>\r\n                            <div class=\"faq__item-answer-wrapper\">\r\n                                <div class=\"faq__item-answer\">\r\n                                    <ul>\n<li>T\u00f6bb mint 1228 tonna tengeri hullad\u00e9kot t\u00e1vol\u00edtottak el 2013 \u00f3ta.<\/li>\n<li>Tev\u00e9kenys\u00e9gek a k\u00f6vetkez\u0151kben: \u00c9szaki-, F\u00f6ldk\u00f6zi-, Adriai-, Balti- \u00e9s V\u00f6r\u00f6s-tenger, valamint Csendes- \u00e9s Atlanti-\u00f3ce\u00e1n.<\/li>\n<li>3 f\u0151 pill\u00e9r: Tiszt\u00edt\u00e1s, oktat\u00e1s, megel\u0151z\u00e9s.<\/li>\n<\/ul>\n<p><img decoding=\"async\" class=\"alignnone wp-image-166957\" src=\"https:\/\/xometry.eu\/wp-content\/uploads\/2025\/11\/01_H_Standard_Regular-480x206.png\" alt=\"\" width=\"217\" height=\"93\" srcset=\"https:\/\/xometry.eu\/wp-content\/uploads\/2025\/11\/01_H_Standard_Regular-480x206.png 480w, https:\/\/xometry.eu\/wp-content\/uploads\/2025\/11\/01_H_Standard_Regular-1440x618.png 1440w, https:\/\/xometry.eu\/wp-content\/uploads\/2025\/11\/01_H_Standard_Regular-768x330.png 768w\" sizes=\"(max-width: 217px) 100vw, 217px\" \/><\/p>\n<p>&nbsp;<\/p>\n                                <\/div>\r\n                            <\/div>\r\n                        <\/div>\r\n                                                                    <div class=\"faq__item  \">\r\n                            <div class=\"faq__item-question title title--04\">\r\n                                Felhaszn\u00e1l\u00e1si felt\u00e9telek                                <svg\r\n                                    xmlns=\"http:\/\/www.w3.org\/2000\/svg\"\r\n                                    width=\"28\"\r\n                                    height=\"28\"\r\n                                    viewBox=\"0 0 28 28\"\r\n                                    fill=\"none\"\r\n                                    class=\"toggle-icon\"\r\n                                >\r\n                                    <g class=\"plus\">\r\n                                    <path\r\n                                        d=\"M19.0313 13.125H14.875V8.96875C14.875 8.84844 14.7766 8.75 14.6563 8.75H13.3438C13.2234 8.75 13.125 8.84844 13.125 8.96875V13.125H8.96875C8.84844 13.125 8.75 13.2234 8.75 13.3438V14.6563C8.75 14.7766 8.84844 14.875 8.96875 14.875H13.125V19.0313C13.125 19.1516 13.2234 19.25 13.3438 19.25H14.6563C14.7766 19.25 14.875 19.1516 14.875 19.0313V14.875H19.0313C19.1516 14.875 19.25 14.7766 19.25 14.6563V13.3438C19.25 13.2234 19.1516 13.125 19.0313 13.125Z\"\r\n                                    \/>\r\n                                    <path\r\n                                        d=\"M14 1.75C7.23516 1.75 1.75 7.23516 1.75 14C1.75 20.7648 7.23516 26.25 14 26.25C20.7648 26.25 26.25 20.7648 26.25 14C26.25 7.23516 20.7648 1.75 14 1.75ZM14 24.1719C8.38359 24.1719 3.82813 19.6164 3.82813 14C3.82813 8.38359 8.38359 3.82813 14 3.82813C19.6164 3.82813 24.1719 8.38359 24.1719 14C24.1719 19.6164 19.6164 24.1719 14 24.1719Z\"\r\n                                    \/>\r\n                                    <\/g>\r\n                                    <g class=\"minus\">\r\n                                    <path\r\n                                        d=\"M19.0313 13.125H8.96875C8.84844 13.125 8.75 13.2234 8.75 13.3438V14.6563C8.75 14.7766 8.84844 14.875 8.96875 14.875H19.0313C19.1516 14.875 19.25 14.7766 19.25 14.6563V13.3438C19.25 13.2234 19.1516 13.125 19.0313 13.125Z\"\r\n                                    \/>\r\n                                    <path\r\n                                        d=\"M14 1.75C7.23516 1.75 1.75 7.23516 1.75 14C1.75 20.7648 7.23516 26.25 14 26.25C20.7648 26.25 26.25 20.7648 26.25 14C26.25 7.23516 20.7648 1.75 14 1.75ZM14 24.1719C8.38359 24.1719 3.82813 19.6164 3.82813 14C3.82813 8.38359 8.38359 3.82813 14 3.82813C19.6164 3.82813 24.1719 8.38359 24.1719 14C24.1719 19.6164 19.6164 24.1719 14 24.1719Z\"\r\n                                    \/>\r\n                                    <\/g>\r\n                                <\/svg>\r\n                            <\/div>\r\n                            <div class=\"faq__item-answer-wrapper\">\r\n                                <div class=\"faq__item-answer\">\r\n                                    <p>* A <strong>FRIDAY2025<\/strong> k\u00f3d \u00e9rv\u00e9nyes 2025.11.30-a 23:59-ig, (k\u00f6z\u00e9p-eur\u00f3pai id\u0151 szerint). Ez az aj\u00e1nlat csak a Xometry \u00e1ltal biztos\u00edtott azonnali \u00e9s manu\u00e1lis \u00e1raj\u00e1nlatokra vonatkozik. Nem \u00e9rv\u00e9nyes m\u00e1s \u00e1raj\u00e1nlati vagy rendel\u00e9si t\u00edpusokra, ide\u00e9rtve a c\u00e9l\u00e1ras rendel\u00e9seket \u00e9s az egyedi \u00e1raj\u00e1nlatk\u00e9r\u00e9seken kereszt\u00fcl kapott \u00e1raj\u00e1nlatokat a kiv\u00e1lasztott besz\u00e1ll\u00edt\u00f3kkal. Az aj\u00e1nlat m\u00e1s aj\u00e1nlatokkal vagy kedvezm\u00e9nyekkel nem vonhat\u00f3 \u00f6ssze. A HealthySeas.org sz\u00e1m\u00e1ra juttatott tov\u00e1bbi 2%-os adom\u00e1nyt a FRIDAY2025 k\u00f3ddal bev\u00e1ltott \u00f6sszes rendel\u00e9s kedvezm\u00e9nyes \u00e9rt\u00e9ke alapj\u00e1n sz\u00e1m\u00edtjuk ki.<\/p>\n                                <\/div>\r\n                            <\/div>\r\n                        <\/div>\r\n                                                <\/div>\r\n        <\/div>\r\n            <\/div>\r\n<\/section>\n\n\r\n<section class=\"final-cta dark dark-blue-100\" >\r\n    <div class=\"final-cta__container section container\">\r\n        <h2 class=\"title title--02\">Takar\u00edtson meg 15%-ot az eg\u00e9sz h\u00e9ten.<\/h2>\r\n        <div class=\"hero__cards-list\">\r\n              \r\n    <a href=\"https:\/\/get.xometry.eu\/?locale=hu\" class=\"hero__cards-item card \">\r\n        <h3 class=\"title title--03\"><\/h3>\r\n        <div class=\"hero__cards-item-text \"><p>Haszn\u00e1lja a <strong>FRIDAY2025<\/strong> prom\u00f3ci\u00f3s k\u00f3dot.<\/p>\n<p>Sp\u00f3roljon az alkatr\u00e9szeken, \u00e9s t\u00e1mogassa a tiszt\u00e1bb \u00f3ce\u00e1nokat.<\/p>\n<\/div>\r\n        <span class=\"btn btn--primary \">Rendeljen 15% engedm\u00e9nnyel<\/span>\r\n            <\/a>\r\n        <\/div>\r\n        <div class=\"final-cta__footer-list\">\r\n                                            <\/div>\r\n    <\/div>\r\n<\/section>","protected":false},"excerpt":{"rendered":"","protected":false},"author":14,"featured_media":0,"parent":0,"menu_order":0,"comment_status":"closed","ping_status":"closed","template":"template-new-style.php","meta":{"_acf_changed":false,"inline_featured_image":false,"footnotes":""},"class_list":["post-167111","page","type-page","status-publish","hentry"],"acf":[],"yoast_head":"<!-- This site is optimized with the Yoast SEO Premium plugin v20.5 (Yoast SEO v27.3) - https:\/\/yoast.com\/product\/yoast-seo-premium-wordpress\/ -->\n<title>Black Friday | Xometry Europe<\/title>\n<meta name=\"robots\" content=\"index, follow, max-snippet:-1, max-image-preview:large, max-video-preview:-1\" \/>\n<link rel=\"canonical\" href=\"https:\/\/xometry.eu\/hu\/black-friday\/\" \/>\n<meta property=\"og:locale\" content=\"hu_HU\" \/>\n<meta property=\"og:type\" content=\"article\" \/>\n<meta property=\"og:title\" content=\"Black Friday\" \/>\n<meta property=\"og:url\" content=\"https:\/\/xometry.eu\/hu\/black-friday\/\" \/>\n<meta property=\"og:site_name\" content=\"Xometry Europe\" \/>\n<meta property=\"article:modified_time\" content=\"2025-11-23T17:17:50+00:00\" \/>\n<meta name=\"twitter:card\" content=\"summary_large_image\" \/>\n<script type=\"application\/ld+json\" class=\"yoast-schema-graph\">{\"@context\":\"https:\\\/\\\/schema.org\",\"@graph\":[{\"@type\":\"WebPage\",\"@id\":\"https:\\\/\\\/xometry.eu\\\/hu\\\/black-friday\\\/\",\"url\":\"https:\\\/\\\/xometry.eu\\\/hu\\\/black-friday\\\/\",\"name\":\"Black Friday | Xometry Europe\",\"isPartOf\":{\"@id\":\"https:\\\/\\\/xometry.eu\\\/hu\\\/#website\"},\"datePublished\":\"2025-11-20T12:58:59+00:00\",\"dateModified\":\"2025-11-23T17:17:50+00:00\",\"breadcrumb\":{\"@id\":\"https:\\\/\\\/xometry.eu\\\/hu\\\/black-friday\\\/#breadcrumb\"},\"inLanguage\":\"hu\",\"potentialAction\":[{\"@type\":\"ReadAction\",\"target\":[\"https:\\\/\\\/xometry.eu\\\/hu\\\/black-friday\\\/\"]}]},{\"@type\":\"BreadcrumbList\",\"@id\":\"https:\\\/\\\/xometry.eu\\\/hu\\\/black-friday\\\/#breadcrumb\",\"itemListElement\":[{\"@type\":\"ListItem\",\"position\":1,\"name\":\"Home\",\"item\":\"https:\\\/\\\/xometry.eu\\\/hu\\\/\"},{\"@type\":\"ListItem\",\"position\":2,\"name\":\"Black Friday\"}]},{\"@type\":\"WebSite\",\"@id\":\"https:\\\/\\\/xometry.eu\\\/hu\\\/#website\",\"url\":\"https:\\\/\\\/xometry.eu\\\/hu\\\/\",\"name\":\"Xometry Europe\",\"description\":\"\",\"publisher\":{\"@id\":\"https:\\\/\\\/xometry.eu\\\/hu\\\/#organization\"},\"potentialAction\":[{\"@type\":\"SearchAction\",\"target\":{\"@type\":\"EntryPoint\",\"urlTemplate\":\"https:\\\/\\\/xometry.eu\\\/hu\\\/?s={search_term_string}\"},\"query-input\":{\"@type\":\"PropertyValueSpecification\",\"valueRequired\":true,\"valueName\":\"search_term_string\"}}],\"inLanguage\":\"hu\"}]}<\/script>\n<!-- \/ Yoast SEO Premium plugin. -->","yoast_head_json":{"title":"Black Friday | Xometry Europe","robots":{"index":"index","follow":"follow","max-snippet":"max-snippet:-1","max-image-preview":"max-image-preview:large","max-video-preview":"max-video-preview:-1"},"canonical":"https:\/\/xometry.eu\/hu\/black-friday\/","og_locale":"hu_HU","og_type":"article","og_title":"Black Friday","og_url":"https:\/\/xometry.eu\/hu\/black-friday\/","og_site_name":"Xometry Europe","article_modified_time":"2025-11-23T17:17:50+00:00","twitter_card":"summary_large_image","schema":{"@context":"https:\/\/schema.org","@graph":[{"@type":"WebPage","@id":"https:\/\/xometry.eu\/hu\/black-friday\/","url":"https:\/\/xometry.eu\/hu\/black-friday\/","name":"Black Friday | Xometry Europe","isPartOf":{"@id":"https:\/\/xometry.eu\/hu\/#website"},"datePublished":"2025-11-20T12:58:59+00:00","dateModified":"2025-11-23T17:17:50+00:00","breadcrumb":{"@id":"https:\/\/xometry.eu\/hu\/black-friday\/#breadcrumb"},"inLanguage":"hu","potentialAction":[{"@type":"ReadAction","target":["https:\/\/xometry.eu\/hu\/black-friday\/"]}]},{"@type":"BreadcrumbList","@id":"https:\/\/xometry.eu\/hu\/black-friday\/#breadcrumb","itemListElement":[{"@type":"ListItem","position":1,"name":"Home","item":"https:\/\/xometry.eu\/hu\/"},{"@type":"ListItem","position":2,"name":"Black Friday"}]},{"@type":"WebSite","@id":"https:\/\/xometry.eu\/hu\/#website","url":"https:\/\/xometry.eu\/hu\/","name":"Xometry Europe","description":"","publisher":{"@id":"https:\/\/xometry.eu\/hu\/#organization"},"potentialAction":[{"@type":"SearchAction","target":{"@type":"EntryPoint","urlTemplate":"https:\/\/xometry.eu\/hu\/?s={search_term_string}"},"query-input":{"@type":"PropertyValueSpecification","valueRequired":true,"valueName":"search_term_string"}}],"inLanguage":"hu"}]}},"_links":{"self":[{"href":"https:\/\/xometry.eu\/hu\/wp-json\/wp\/v2\/pages\/167111","targetHints":{"allow":["GET"]}}],"collection":[{"href":"https:\/\/xometry.eu\/hu\/wp-json\/wp\/v2\/pages"}],"about":[{"href":"https:\/\/xometry.eu\/hu\/wp-json\/wp\/v2\/types\/page"}],"author":[{"embeddable":true,"href":"https:\/\/xometry.eu\/hu\/wp-json\/wp\/v2\/users\/14"}],"replies":[{"embeddable":true,"href":"https:\/\/xometry.eu\/hu\/wp-json\/wp\/v2\/comments?post=167111"}],"version-history":[{"count":0,"href":"https:\/\/xometry.eu\/hu\/wp-json\/wp\/v2\/pages\/167111\/revisions"}],"wp:attachment":[{"href":"https:\/\/xometry.eu\/hu\/wp-json\/wp\/v2\/media?parent=167111"}],"curies":[{"name":"wp","href":"https:\/\/api.w.org\/{rel}","templated":true}]}}